{"id":16,"date":"2015-11-12T13:25:18","date_gmt":"2015-11-12T13:25:18","guid":{"rendered":"http:\/\/pesquisas.face.ufmg.br\/necom\/?page_id=16"},"modified":"2015-11-12T13:27:31","modified_gmt":"2015-11-12T13:27:31","slug":"projetos-de-pesquisa","status":"publish","type":"page","link":"https:\/\/pesquisas.face.ufmg.br\/necom\/projetos-de-pesquisa\/","title":{"rendered":"Projetos de pesquisa"},"content":{"rendered":"<h3>Projeto 1: Mudan\u00e7a organizacional e suas rela\u00e7\u00f5es com o comprometimento, qualidade de vida e estresse no trabalho.<\/h3>\n<p>Vig\u00eancia: Mar\u00e7o 2008 a Fevereiro de 2011<\/p>\n<p>L\u00edder do Projeto: Professor Dr. Ant\u00f4nio Luiz Marques<\/p>\n<p>\u00d3rg\u00e3o Financiador: CNPq.<\/p>\n<p>1.1 &#8211; Alunos de Doutorado, Mestrado e Gradua\u00e7\u00e3o envolvidos no Projeto:<\/p>\n<p>Alunos de Doutorado<\/p>\n<ul>\n<li>Professora Maria Elizabete Fernandes (Funda\u00e7\u00e3o Dom Cabral)<\/li>\n<li>Renata Sim\u00f5es Guimar\u00e3es Borges (Southern Illinois University)<\/li>\n<\/ul>\n<p>Alunos de Mestrado<\/p>\n<ul>\n<li>Ariane Rocha Albergaria (Mestrado em Administra\u00e7\u00e3o)<\/li>\n<li>Jaham Dorneles (Mestrado em Administra\u00e7\u00e3o)<\/li>\n<\/ul>\n<p>Alunos de Gradua\u00e7\u00e3o &#8211; Bolsistas de Inicia\u00e7\u00e3o Cient\u00edfica<\/p>\n<ul>\n<li>L\u00edvia Asunta Fonseca Callejas &#8211; PROBIC FAPEMIG<\/li>\n<li>Mariana Soares Lacerda \u2013 CNPq<\/li>\n<li>Michelle de Souza Rocha (N\u00e3o bolsista)<\/li>\n<\/ul>\n<h3>Projeto 2: Inser\u00e7\u00e3o de pessoas com defici\u00eancia no mercado formal de trabalho: Um estudo sobre as condi\u00e7\u00f5es de trabalho, comprometimento organizacional e qualidade de vida no trabalho.<\/h3>\n<p>Vig\u00eancia: Novembro de 2007 a Novembro de 2009.<\/p>\n<p>L\u00edder do Projeto: Professor Dr. Ant\u00f4nio Luiz Marques<\/p>\n<p>\u00d3rg\u00e3o Financiador: FAPEMIG.<\/p>\n<p>2.1 \u2013 Alunos de Mestrado e Gradua\u00e7\u00e3o envolvidos no projeto<\/p>\n<ul>\n<li>Luciano In\u00e1cio Mariano da Silva &#8211; PROBIC FAPEMIG (gradua\u00e7\u00e3o em Psicologia)<\/li>\n<li>Luciana Alves Drumond Almeida (Mestrado em Sociologia)<\/li>\n<\/ul>\n<p>2.2 &#8211; Pesquisador Associado ao Projeto de Outras Institui\u00e7\u00e3o<\/p>\n<ul>\n<li>Professora Dra.\u00a0 Maria Nivalda de Carvalho Freitas (Universidade Federal de S.J.Del Rey)<\/li>\n<\/ul>\n<h3>Projeto 3: Estresse no Trabalho: estudo com gerentes que atuam em empresas mineiras de setores diversos<\/h3>\n<p>Vig\u00eancia: 2008 &#8211; 2010.<\/p>\n<p>L\u00edder do Projeto: Professor Dr. Luciano Zille Pereira<\/p>\n<p>\u00d3rg\u00e3o Financiador: FAPEMIG.<\/p>\n<p>Alunos de Mestrado envolvidos no Projeto:<\/p>\n<ul>\n<li>Carolina Riente de Andrade<\/li>\n<li>Fernanda Cristina Costa Couto Lanna<\/li>\n<li>Fabiana Santos Resende<\/li>\n<\/ul>\n","protected":false},"excerpt":{"rendered":"<p>Projeto 1: Mudan\u00e7a organizacional e suas rela\u00e7\u00f5es com o comprometimento, qualidade de vida e estresse no trabalho. Vig\u00eancia: Mar\u00e7o 2008 a Fevereiro de 2011 L\u00edder do Projeto: Professor Dr. Ant\u00f4nio &hellip; <a href=\"https:\/\/pesquisas.face.ufmg.br\/necom\/projetos-de-pesquisa\/\" class=\"more-link\">Continue reading <span class=\"screen-reader-text\">Projetos de pesquisa<\/span><\/a><\/p>\n","protected":false},"author":1,"featured_media":0,"parent":0,"menu_order":0,"comment_status":"closed","ping_status":"closed","template":"","meta":{"_crdt_document":"","_exactmetrics_skip_tracking":false,"_exactmetrics_sitenote_active":false,"_exactmetrics_sitenote_note":"","_exactmetrics_sitenote_category":0,"footnotes":""},"class_list":["post-16","page","type-page","status-publish","hentry"],"_links":{"self":[{"href":"https:\/\/pesquisas.face.ufmg.br\/necom\/wp-json\/wp\/v2\/pages\/16","targetHints":{"allow":["GET"]}}],"collection":[{"href":"https:\/\/pesquisas.face.ufmg.br\/necom\/wp-json\/wp\/v2\/pages"}],"about":[{"href":"https:\/\/pesquisas.face.ufmg.br\/necom\/wp-json\/wp\/v2\/types\/page"}],"author":[{"embeddable":true,"href":"https:\/\/pesquisas.face.ufmg.br\/necom\/wp-json\/wp\/v2\/users\/1"}],"replies":[{"embeddable":true,"href":"https:\/\/pesquisas.face.ufmg.br\/necom\/wp-json\/wp\/v2\/comments?post=16"}],"version-history":[{"count":2,"href":"https:\/\/pesquisas.face.ufmg.br\/necom\/wp-json\/wp\/v2\/pages\/16\/revisions"}],"predecessor-version":[{"id":19,"href":"https:\/\/pesquisas.face.ufmg.br\/necom\/wp-json\/wp\/v2\/pages\/16\/revisions\/19"}],"wp:attachment":[{"href":"https:\/\/pesquisas.face.ufmg.br\/necom\/wp-json\/wp\/v2\/media?parent=16"}],"curies":[{"name":"wp","href":"https:\/\/api.w.org\/{rel}","templated":true}]}}