{"id":13,"date":"2015-11-12T13:13:29","date_gmt":"2015-11-12T13:13:29","guid":{"rendered":"http:\/\/pesquisas.face.ufmg.br\/necom\/?page_id=13"},"modified":"2015-11-12T13:13:29","modified_gmt":"2015-11-12T13:13:29","slug":"linhas-de-pesquisa","status":"publish","type":"page","link":"https:\/\/pesquisas.face.ufmg.br\/necom\/linhas-de-pesquisa\/","title":{"rendered":"Linhas de Pesquisa"},"content":{"rendered":"<ul>\n<li>Temas ligados \u00e0 \u00e1rea de Comportamento Humano nas Organiza\u00e7\u00f5es tais como: Qualidade de Vida no Trabalho, Estresse Organizacional, Comprometimento Organizacional, Motiva\u00e7\u00e3o, Lideran\u00e7a, Administra\u00e7\u00e3o de Conflitos, Tomada de Decis\u00e3o;<\/li>\n<li>Temas ligados \u00e0 compreens\u00e3o das rela\u00e7\u00f5es entre Mudan\u00e7a Organizacional e as dimens\u00f5es Qualidade de Vida no Trabalho, Estresse Organizacional, Comprometimento Organizacional, Identidade e Valores Organizacionais;<\/li>\n<li>Temas ligados \u00e0 Gest\u00e3o de Pessoas, tais como: pol\u00edticas e estrat\u00e9gicas de recrutamento e sele\u00e7\u00e3o, remunera\u00e7\u00e3o, gest\u00e3o de desempenho e carreira, satisfa\u00e7\u00e3o no trabalho, treinamento e desenvolvimento, sa\u00fade e seguran\u00e7a no trabalho, inclus\u00e3o de grupos minorit\u00e1rios no mercado de trabalho.<\/li>\n<\/ul>\n","protected":false},"excerpt":{"rendered":"<p>Temas ligados \u00e0 \u00e1rea de Comportamento Humano nas Organiza\u00e7\u00f5es tais como: Qualidade de Vida no Trabalho, Estresse Organizacional, Comprometimento Organizacional, Motiva\u00e7\u00e3o, Lideran\u00e7a, Administra\u00e7\u00e3o de Conflitos, Tomada de Decis\u00e3o; Temas ligados &hellip; <a href=\"https:\/\/pesquisas.face.ufmg.br\/necom\/linhas-de-pesquisa\/\" class=\"more-link\">Continue reading <span class=\"screen-reader-text\">Linhas de Pesquisa<\/span><\/a><\/p>\n","protected":false},"author":1,"featured_media":0,"parent":0,"menu_order":0,"comment_status":"closed","ping_status":"closed","template":"","meta":{"_crdt_document":"","_exactmetrics_skip_tracking":false,"_exactmetrics_sitenote_active":false,"_exactmetrics_sitenote_note":"","_exactmetrics_sitenote_category":0,"footnotes":""},"class_list":["post-13","page","type-page","status-publish","hentry"],"_links":{"self":[{"href":"https:\/\/pesquisas.face.ufmg.br\/necom\/wp-json\/wp\/v2\/pages\/13","targetHints":{"allow":["GET"]}}],"collection":[{"href":"https:\/\/pesquisas.face.ufmg.br\/necom\/wp-json\/wp\/v2\/pages"}],"about":[{"href":"https:\/\/pesquisas.face.ufmg.br\/necom\/wp-json\/wp\/v2\/types\/page"}],"author":[{"embeddable":true,"href":"https:\/\/pesquisas.face.ufmg.br\/necom\/wp-json\/wp\/v2\/users\/1"}],"replies":[{"embeddable":true,"href":"https:\/\/pesquisas.face.ufmg.br\/necom\/wp-json\/wp\/v2\/comments?post=13"}],"version-history":[{"count":1,"href":"https:\/\/pesquisas.face.ufmg.br\/necom\/wp-json\/wp\/v2\/pages\/13\/revisions"}],"predecessor-version":[{"id":15,"href":"https:\/\/pesquisas.face.ufmg.br\/necom\/wp-json\/wp\/v2\/pages\/13\/revisions\/15"}],"wp:attachment":[{"href":"https:\/\/pesquisas.face.ufmg.br\/necom\/wp-json\/wp\/v2\/media?parent=13"}],"curies":[{"name":"wp","href":"https:\/\/api.w.org\/{rel}","templated":true}]}}