{"id":25,"date":"2015-11-11T15:27:12","date_gmt":"2015-11-11T15:27:12","guid":{"rendered":"http:\/\/pesquisas.face.ufmg.br\/necc\/?page_id=25"},"modified":"2015-11-11T15:29:19","modified_gmt":"2015-11-11T15:29:19","slug":"participantes","status":"publish","type":"page","link":"https:\/\/pesquisas.face.ufmg.br\/necc\/participantes\/","title":{"rendered":"Participantes"},"content":{"rendered":"<h3>Coordenador<\/h3>\n<p>Prof. Ricardo Teixeira Veiga<\/p>\n<h3>Pesquisadores<\/h3>\n<p>Alexis Thadeu Braga<br \/>\n\u00c1urea Helena Puga Ribeiro<br \/>\nCarlos Aberto Gon\u00e7alves<br \/>\nChristianne Luce Gomes<br \/>\nH\u00e9lder Ferreira Isayama<br \/>\nJos\u00e9 Edson Lara<br \/>\nJos\u00e9 Eust\u00e1quio Diniz Alves<br \/>\nM\u00e1rcio Augusto Gon\u00e7alves<br \/>\nMarlusa Gosling<br \/>\nRicardo Teixeira Veiga<\/p>\n<h3>Estudantes<\/h3>\n<p>Alexis Thadeu Braga<br \/>\nJuliana Maria Magalh\u00e3es Christino<br \/>\nJuliane de Almeida Ribeiro<br \/>\nLuiz Rodrigo Cunha Moura<br \/>\nMarco Ant\u00f4nio Machado<br \/>\nPl\u00ednio Rafael Reis Monteiro<br \/>\nSarah Ituass\u00fa de Souza<\/p>\n<h3>T\u00e9cnicos<\/h3>\n<p>Craig Downie Dunbar \u2013 Mestrado \u2013 Psic\u00f3logo<br \/>\nTales Sarmento Lacerda \u2013 Mestrado \u2013 Analista Estat\u00edstico<\/p>\n<h3>CEPEAD\/UFMG<\/h3>\n<p>Prof. Carlos Alberto Gon\u00e7alves<br \/>\nProf. Jos\u00e9 Edson Lara<br \/>\nProf. M\u00e1rcio Augusto Gon\u00e7alves<br \/>\nProfa Marlusa Gosling<br \/>\nProf. Ricardo Teixeira Veiga<\/p>\n<p>Doutoranda Juliana Maria Magalh\u00e3es Christino<br \/>\nDoutorando Luiz Rodrigo Cunha Moura<br \/>\nDoutorando Marco Ant\u00f4nio Machado<\/p>\n<p>Mestranda Deborah de Oliveira Santos<br \/>\nMestranda Juliane de Almeida Ribeiro<\/p>\n<h3>EEFFTO\/UFMG<\/h3>\n<p>Profa Christianne Luce Gomes<br \/>\nProf. H\u00e9lder Ferreira Isayama<\/p>\n<h3>FDC (Funda\u00e7\u00e3o Dom Cabral)<\/h3>\n<p>Profa \u00c1urea Helena Puga Ribeiro<\/p>\n<h3>IBGE<\/h3>\n<p>Prof. Jos\u00e9 Eust\u00e1quio Diniz Alves<\/p>\n<h3>PPGA\/UFRGS<\/h3>\n<p>Doutorando Celso Augusto de Matos<\/p>\n<h3>Outras Institui\u00e7\u00f5es<\/h3>\n<p>Prof. Craig Downie Dunbar<br \/>\nProf. Pl\u00ednio Rafael Reis Monteiro<br \/>\nProf. Wanderley Ramalho<\/p>\n","protected":false},"excerpt":{"rendered":"<p>Coordenador Prof. Ricardo Teixeira Veiga Pesquisadores Alexis Thadeu Braga \u00c1urea Helena Puga Ribeiro Carlos Aberto Gon\u00e7alves Christianne Luce Gomes H\u00e9lder Ferreira Isayama Jos\u00e9 Edson Lara Jos\u00e9 Eust\u00e1quio Diniz Alves M\u00e1rcio &hellip; <a href=\"https:\/\/pesquisas.face.ufmg.br\/necc\/participantes\/\" class=\"more-link\">Continue reading <span class=\"screen-reader-text\">Participantes<\/span><\/a><\/p>\n","protected":false},"author":1,"featured_media":0,"parent":0,"menu_order":0,"comment_status":"closed","ping_status":"closed","template":"","meta":{"_crdt_document":"","_exactmetrics_skip_tracking":false,"_exactmetrics_sitenote_active":false,"_exactmetrics_sitenote_note":"","_exactmetrics_sitenote_category":0,"footnotes":""},"class_list":["post-25","page","type-page","status-publish","hentry"],"_links":{"self":[{"href":"https:\/\/pesquisas.face.ufmg.br\/necc\/wp-json\/wp\/v2\/pages\/25","targetHints":{"allow":["GET"]}}],"collection":[{"href":"https:\/\/pesquisas.face.ufmg.br\/necc\/wp-json\/wp\/v2\/pages"}],"about":[{"href":"https:\/\/pesquisas.face.ufmg.br\/necc\/wp-json\/wp\/v2\/types\/page"}],"author":[{"embeddable":true,"href":"https:\/\/pesquisas.face.ufmg.br\/necc\/wp-json\/wp\/v2\/users\/1"}],"replies":[{"embeddable":true,"href":"https:\/\/pesquisas.face.ufmg.br\/necc\/wp-json\/wp\/v2\/comments?post=25"}],"version-history":[{"count":3,"href":"https:\/\/pesquisas.face.ufmg.br\/necc\/wp-json\/wp\/v2\/pages\/25\/revisions"}],"predecessor-version":[{"id":29,"href":"https:\/\/pesquisas.face.ufmg.br\/necc\/wp-json\/wp\/v2\/pages\/25\/revisions\/29"}],"wp:attachment":[{"href":"https:\/\/pesquisas.face.ufmg.br\/necc\/wp-json\/wp\/v2\/media?parent=25"}],"curies":[{"name":"wp","href":"https:\/\/api.w.org\/{rel}","templated":true}]}}