{"id":22,"date":"2015-11-11T13:07:33","date_gmt":"2015-11-11T13:07:33","guid":{"rendered":"http:\/\/pesquisas.face.ufmg.br\/necc\/?page_id=22"},"modified":"2015-11-11T13:07:33","modified_gmt":"2015-11-11T13:07:33","slug":"atividades","status":"publish","type":"page","link":"https:\/\/pesquisas.face.ufmg.br\/necc\/atividades\/","title":{"rendered":"Atividades"},"content":{"rendered":"<h3>T\u00f3picos de Interesse para Projetos<\/h3>\n<ul>\n<li>Determinantes individuais, sociais, culturais, econ\u00f4micos e legais do comportamento do consumidor.<\/li>\n<li>Processo decis\u00f3rio, comportamento de compra e influ\u00eancias situacionais.<\/li>\n<li>Comportamento do consumidor e estrat\u00e9gia de marketing.<\/li>\n<li>Difus\u00e3o de inova\u00e7\u00f5es.<\/li>\n<li>Rela\u00e7\u00e3o entre consumo e sistemas sociais.<\/li>\n<li>Aspectos \u00e9ticos do comportamento do consumidor<\/li>\n<li>Movimentos de defesa do consumidor<\/li>\n<li>Comportamentos de consumo patol\u00f3gicos.<\/li>\n<li>Aspectos simb\u00f3licos do consumo<\/li>\n<li>Consumo e ecologia. <\/li>\n<li>Lazer e consumo.<\/li>\n<li>Mercados consumidores globais.<\/li>\n<\/ul>\n","protected":false},"excerpt":{"rendered":"<p>T\u00f3picos de Interesse para Projetos Determinantes individuais, sociais, culturais, econ\u00f4micos e legais do comportamento do consumidor. Processo decis\u00f3rio, comportamento de compra e influ\u00eancias situacionais. Comportamento do consumidor e estrat\u00e9gia de &hellip; <a href=\"https:\/\/pesquisas.face.ufmg.br\/necc\/atividades\/\" class=\"more-link\">Continue reading <span class=\"screen-reader-text\">Atividades<\/span><\/a><\/p>\n","protected":false},"author":1,"featured_media":0,"parent":0,"menu_order":0,"comment_status":"closed","ping_status":"closed","template":"","meta":{"_crdt_document":"","_exactmetrics_skip_tracking":false,"_exactmetrics_sitenote_active":false,"_exactmetrics_sitenote_note":"","_exactmetrics_sitenote_category":0,"footnotes":""},"class_list":["post-22","page","type-page","status-publish","hentry"],"_links":{"self":[{"href":"https:\/\/pesquisas.face.ufmg.br\/necc\/wp-json\/wp\/v2\/pages\/22","targetHints":{"allow":["GET"]}}],"collection":[{"href":"https:\/\/pesquisas.face.ufmg.br\/necc\/wp-json\/wp\/v2\/pages"}],"about":[{"href":"https:\/\/pesquisas.face.ufmg.br\/necc\/wp-json\/wp\/v2\/types\/page"}],"author":[{"embeddable":true,"href":"https:\/\/pesquisas.face.ufmg.br\/necc\/wp-json\/wp\/v2\/users\/1"}],"replies":[{"embeddable":true,"href":"https:\/\/pesquisas.face.ufmg.br\/necc\/wp-json\/wp\/v2\/comments?post=22"}],"version-history":[{"count":1,"href":"https:\/\/pesquisas.face.ufmg.br\/necc\/wp-json\/wp\/v2\/pages\/22\/revisions"}],"predecessor-version":[{"id":24,"href":"https:\/\/pesquisas.face.ufmg.br\/necc\/wp-json\/wp\/v2\/pages\/22\/revisions\/24"}],"wp:attachment":[{"href":"https:\/\/pesquisas.face.ufmg.br\/necc\/wp-json\/wp\/v2\/media?parent=22"}],"curies":[{"name":"wp","href":"https:\/\/api.w.org\/{rel}","templated":true}]}}