{"id":2,"date":"2015-11-05T18:18:56","date_gmt":"2015-11-05T18:18:56","guid":{"rendered":"http:\/\/pesquisas.face.ufmg.br\/necc\/?page_id=2"},"modified":"2015-11-11T12:21:30","modified_gmt":"2015-11-11T12:21:30","slug":"o-nucleo","status":"publish","type":"page","link":"https:\/\/pesquisas.face.ufmg.br\/necc\/","title":{"rendered":"O N\u00facleo"},"content":{"rendered":"<p>Em 2006, com a cria\u00e7\u00e3o do campo tem\u00e1tico \u201cComportamento do Consumidor\u201d na linha de pesquisa Mercadologia e Administra\u00e7\u00e3o Estrat\u00e9gica do CEPEAD, tornou-se oportuna a cria\u00e7\u00e3o de um n\u00facleo de pesquisa para investigar em profundidade os determinantes e condicionantes do comportamento do consumidor e das rela\u00e7\u00f5es entre consumo, sociedade e meio ambiente. Surgiu assim, ainda em 2006, o NECC \u2013 N\u00facleo de Estudos do Comportamento do Consumidor \u2013 atuando predominantemente na \u00e1rea de Ci\u00eancias Sociais Aplicadas \/ Administra\u00e7\u00e3o.<\/p>\n<p>O NECC tem como miss\u00e3o desenvolver atividades de pesquisa, ensino e extens\u00e3o sobre comportamento do consumidor, visando a excel\u00eancia cient\u00edfica e a aplica\u00e7\u00e3o gerencial do conhecimento produzido.<\/p>\n","protected":false},"excerpt":{"rendered":"<p>Em 2006, com a cria\u00e7\u00e3o do campo tem\u00e1tico \u201cComportamento do Consumidor\u201d na linha de pesquisa Mercadologia e Administra\u00e7\u00e3o Estrat\u00e9gica do CEPEAD, tornou-se oportuna a cria\u00e7\u00e3o de um n\u00facleo de pesquisa &hellip; <a href=\"https:\/\/pesquisas.face.ufmg.br\/necc\/\" class=\"more-link\">Continue reading <span class=\"screen-reader-text\">O N\u00facleo<\/span><\/a><\/p>\n","protected":false},"author":1,"featured_media":0,"parent":0,"menu_order":0,"comment_status":"closed","ping_status":"closed","template":"page-templates\/front-page.php","meta":{"_crdt_document":"","_exactmetrics_skip_tracking":false,"_exactmetrics_sitenote_active":false,"_exactmetrics_sitenote_note":"","_exactmetrics_sitenote_category":0,"footnotes":""},"class_list":["post-2","page","type-page","status-publish","hentry"],"_links":{"self":[{"href":"https:\/\/pesquisas.face.ufmg.br\/necc\/wp-json\/wp\/v2\/pages\/2","targetHints":{"allow":["GET"]}}],"collection":[{"href":"https:\/\/pesquisas.face.ufmg.br\/necc\/wp-json\/wp\/v2\/pages"}],"about":[{"href":"https:\/\/pesquisas.face.ufmg.br\/necc\/wp-json\/wp\/v2\/types\/page"}],"author":[{"embeddable":true,"href":"https:\/\/pesquisas.face.ufmg.br\/necc\/wp-json\/wp\/v2\/users\/1"}],"replies":[{"embeddable":true,"href":"https:\/\/pesquisas.face.ufmg.br\/necc\/wp-json\/wp\/v2\/comments?post=2"}],"version-history":[{"count":2,"href":"https:\/\/pesquisas.face.ufmg.br\/necc\/wp-json\/wp\/v2\/pages\/2\/revisions"}],"predecessor-version":[{"id":9,"href":"https:\/\/pesquisas.face.ufmg.br\/necc\/wp-json\/wp\/v2\/pages\/2\/revisions\/9"}],"wp:attachment":[{"href":"https:\/\/pesquisas.face.ufmg.br\/necc\/wp-json\/wp\/v2\/media?parent=2"}],"curies":[{"name":"wp","href":"https:\/\/api.w.org\/{rel}","templated":true}]}}