{"id":19,"date":"2015-11-11T13:01:15","date_gmt":"2015-11-11T13:01:15","guid":{"rendered":"http:\/\/pesquisas.face.ufmg.br\/necc\/?page_id=19"},"modified":"2015-11-11T13:05:42","modified_gmt":"2015-11-11T13:05:42","slug":"trabalhos-academicos","status":"publish","type":"page","link":"https:\/\/pesquisas.face.ufmg.br\/necc\/trabalhos-academicos\/","title":{"rendered":"Trabalhos acad\u00eamicos"},"content":{"rendered":"<h3>Projetos em Andamento<\/h3>\n<ul>\n<li>Personalidade e Consumo Ecol\u00f3gico<br \/>\nCoordenador: Prof. Ricardo Teixeira Veiga<br \/>\nPer\u00edodo: 2008-2010<br \/>\nNatureza: projeto desenvolvido com recursos pr\u00f3prios<\/li>\n<li>Lazer e Turismo como Possibilidade de Forma\u00e7\u00e3o Acad\u00eamica no N\u00edvel de P\u00f3s-gradua\u00e7\u00e3o Stricto Sensu<br \/>\nCoordenadora: Profa Christianne Luce Gomes<br \/>\nPer\u00edodo: 2006<br \/>\nNatureza: projeto de rec\u00e9m-doutora apoiado pela Escola de Educa\u00e7\u00e3o F\u00edsica<\/li>\n<\/ul>\n<h3>Alguns Projetos Conclu\u00eddos<\/h3>\n<ul>\n<li>Teorias da A\u00e7\u00e3o no Estudo do Comportamento do Consumidor Brasileiro<br \/>\nCoordenador: Prof. Ricardo Teixeira Veiga<br \/>\nPer\u00edodo: 2005-2008<br \/>\nNatureza: projeto apoiado pelo CNPq (bolsa de produtividade em pesquisa)<\/li>\n<li>Teste da Teoria do Comportamento Planejado a partir de Respostas do Consumidor Brasileiro a A\u00e7\u00f5es de Marketing Social<br \/>\nCoordenador: Prof. Ricardo Teixeira Veiga<br \/>\nPer\u00edodo: 2003-2005<br \/>\nNatureza: projeto apoiado pelo CNPq (bolsa de produtividade em pesquisa)<\/li>\n<\/ul>\n<h3>Teses e Disserta\u00e7\u00f5es (CEPEAD\/UFMG)<\/h3>\n<h4>Tese<\/h4>\n<ul>\n<li>Modelos de Atitude em Mercados de Novos Entrantes: uma an\u00e1lise com medicamentos gen\u00e9ricos, contribui\u00e7\u00f5es te\u00f3ricas e valida\u00e7\u00e3o nomol\u00f3gica<br \/>\nAutor: Wanderley Ramalho<br \/>\nOrientador: Prof. Carlos Alberto Gon\u00e7alves<br \/>\nCo-orientador: Prof. Ricardo Teixeira Veiga<br \/>\nSitua\u00e7\u00e3o: defendida em junho de 2006<\/li>\n<\/ul>\n<h4>Disserta\u00e7\u00f5es<\/h4>\n<ul>\n<li>A Inten\u00e7\u00e3o de Uso de Preservativo: Um Estudo de Adolescentes Comparando G\u00eaneros e Classes Sociais<br \/>\nAutor: Eliane Bragan\u00e7a de Matos<br \/>\nOrientador: Prof. Ricardo Teixeira Veiga<br \/>\nSitua\u00e7\u00e3o: abril de 2008<\/li>\n<li>Teorias da A\u00e7\u00e3o e o Comportamento Passado: um Estudo do Consumidor no Com\u00e9rcio Eletr\u00f4nico<br \/>\nAutor: Tales Sarmento Lacerda<br \/>\nOrientador: Prof. Ricardo Teixeira Veiga<br \/>\nSitua\u00e7\u00e3o: defendida em 28\/02\/2007<\/li>\n<li>Uso do Modelo 3M de Motiva\u00e7\u00e3o e Personalidade para Estudar Comportamentos de Compra Compulsiva e Inova\u00e7\u00e3o em Moda Feminina<br \/>\nAutor: Pl\u00ednio Rafael Reis Monteiro<br \/>\nOrientador: Prof. Ricardo Teixeira Veiga<br \/>\nSitua\u00e7\u00e3o: defendida em mar\u00e7o de 2006<\/li>\n<li>Compara\u00e7\u00e3o de Teorias da A\u00e7\u00e3o para Explicar Inten\u00e7\u00f5es Comportamentais e Comportamentos Reais Correspondentes<br \/>\nAutor: Otto Herman Pedreira Goecking<br \/>\nOrientador: Prof. Ricardo Teixeira Veiga<br \/>\nSitua\u00e7\u00e3o: defendida em abril de 2006<\/li>\n<\/ul>\n<h4>Publica\u00e7\u00f5es Recentes Relacionadas ao NECC<\/h4>\n<p>MATOS, C. A.; ROSSI, C. A. V. ; VEIGA, R. T. ; VIEIRA, V. A. . Consumer Reaction to Service Failure and Recovery: the moderating role of attitude toward complaining. Journal of Services Marketing, 2009.<br \/>\nMONTEIRO, P. R. R. ; VEIGA, R. T.; GOSLING, M. ;. Personalidade e Consumo Ecologicamente Respons\u00e1vel. Revista Faces (FACE\/FUMEC), 2008.<br \/>\nVEIGA, R. T.; SANTOS, D. O.; LACERDA, T. S. Antecedentes da Inten\u00e7\u00e3o de Consumo de Cosm\u00e9ticos Ecol\u00f3gicos. Anais Eletr\u00f4nicos do II EMA\/Anpad, 2006.<br \/>\nMONTEIRO, P. R.; VEIGA, R. T. Inten\u00e7\u00e3o de Parar de Fumar: Compara\u00e7\u00e3o entre Homens e Mulheres segundo a Teoria do Comportamento Planejado. Anais Eletr\u00f4nicos do II EMA\/Anpad, 2006.<br \/>\nMATOS, C, A.; VEIGA, R. T.\u00a0 How to Deal with Negative Publicity: the importance of consumer involvement. Revista de Administra\u00e7\u00e3o Contempor\u00e2nea, Rio de Janeiro, v. 9, p. 77-99, 2005.<br \/>\nVEIGA, R. T.; MONTEIRO, P. R. Antecedentes Comportamentais da Inten\u00e7\u00e3o de Parar de Fumar segundo a Teoria do Comportamento Planejado. Anais Eletr\u00f4nicos do XXIX Enanpad, 2005.<br \/>\nVEIGA, R. T.; SANTOS, D. O. Antecedentes da Inten\u00e7\u00e3o de Consumo de Cosm\u00e9ticos Ecol\u00f3gicos. Anais do XL Asamblea Cladea, 2005.<\/p>\n","protected":false},"excerpt":{"rendered":"<p>Projetos em Andamento Personalidade e Consumo Ecol\u00f3gico Coordenador: Prof. Ricardo Teixeira Veiga Per\u00edodo: 2008-2010 Natureza: projeto desenvolvido com recursos pr\u00f3prios Lazer e Turismo como Possibilidade de Forma\u00e7\u00e3o Acad\u00eamica no N\u00edvel &hellip; <a href=\"https:\/\/pesquisas.face.ufmg.br\/necc\/trabalhos-academicos\/\" class=\"more-link\">Continue reading <span class=\"screen-reader-text\">Trabalhos acad\u00eamicos<\/span><\/a><\/p>\n","protected":false},"author":1,"featured_media":0,"parent":0,"menu_order":0,"comment_status":"closed","ping_status":"closed","template":"","meta":{"_crdt_document":"","_exactmetrics_skip_tracking":false,"_exactmetrics_sitenote_active":false,"_exactmetrics_sitenote_note":"","_exactmetrics_sitenote_category":0,"footnotes":""},"class_list":["post-19","page","type-page","status-publish","hentry"],"_links":{"self":[{"href":"https:\/\/pesquisas.face.ufmg.br\/necc\/wp-json\/wp\/v2\/pages\/19","targetHints":{"allow":["GET"]}}],"collection":[{"href":"https:\/\/pesquisas.face.ufmg.br\/necc\/wp-json\/wp\/v2\/pages"}],"about":[{"href":"https:\/\/pesquisas.face.ufmg.br\/necc\/wp-json\/wp\/v2\/types\/page"}],"author":[{"embeddable":true,"href":"https:\/\/pesquisas.face.ufmg.br\/necc\/wp-json\/wp\/v2\/users\/1"}],"replies":[{"embeddable":true,"href":"https:\/\/pesquisas.face.ufmg.br\/necc\/wp-json\/wp\/v2\/comments?post=19"}],"version-history":[{"count":1,"href":"https:\/\/pesquisas.face.ufmg.br\/necc\/wp-json\/wp\/v2\/pages\/19\/revisions"}],"predecessor-version":[{"id":21,"href":"https:\/\/pesquisas.face.ufmg.br\/necc\/wp-json\/wp\/v2\/pages\/19\/revisions\/21"}],"wp:attachment":[{"href":"https:\/\/pesquisas.face.ufmg.br\/necc\/wp-json\/wp\/v2\/media?parent=19"}],"curies":[{"name":"wp","href":"https:\/\/api.w.org\/{rel}","templated":true}]}}