{"id":16,"date":"2015-11-11T12:56:16","date_gmt":"2015-11-11T12:56:16","guid":{"rendered":"http:\/\/pesquisas.face.ufmg.br\/necc\/?page_id=16"},"modified":"2015-11-11T12:56:16","modified_gmt":"2015-11-11T12:56:16","slug":"linhas-de-pesquisa","status":"publish","type":"page","link":"https:\/\/pesquisas.face.ufmg.br\/necc\/linhas-de-pesquisa\/","title":{"rendered":"Linhas de Pesquisa"},"content":{"rendered":"<h3>Consumo e sociedade<\/h3>\n<p>Determinantes e condicionantes do comportamento do consumidor e das rela\u00e7\u00f5es entre consumo, sociedade e meio ambiente. Consumo sob uma perspectiva macro e interdisciplinar.<\/p>\n<h3>Comportamento do consumidor e estrat\u00e9gia de marketing<\/h3>\n<p>Rea\u00e7\u00f5es individuais dos consumidores aos elementos das estrat\u00e9gias de marketing. Aspectos cognitivos, afetivos, sociais e culturais do comportamento do consumidor, numa perspectiva micro.<\/p>\n","protected":false},"excerpt":{"rendered":"<p>Consumo e sociedade Determinantes e condicionantes do comportamento do consumidor e das rela\u00e7\u00f5es entre consumo, sociedade e meio ambiente. Consumo sob uma perspectiva macro e interdisciplinar. Comportamento do consumidor e &hellip; <a href=\"https:\/\/pesquisas.face.ufmg.br\/necc\/linhas-de-pesquisa\/\" class=\"more-link\">Continue reading <span class=\"screen-reader-text\">Linhas de Pesquisa<\/span><\/a><\/p>\n","protected":false},"author":1,"featured_media":0,"parent":0,"menu_order":0,"comment_status":"closed","ping_status":"closed","template":"","meta":{"_crdt_document":"","_exactmetrics_skip_tracking":false,"_exactmetrics_sitenote_active":false,"_exactmetrics_sitenote_note":"","_exactmetrics_sitenote_category":0,"footnotes":""},"class_list":["post-16","page","type-page","status-publish","hentry"],"_links":{"self":[{"href":"https:\/\/pesquisas.face.ufmg.br\/necc\/wp-json\/wp\/v2\/pages\/16","targetHints":{"allow":["GET"]}}],"collection":[{"href":"https:\/\/pesquisas.face.ufmg.br\/necc\/wp-json\/wp\/v2\/pages"}],"about":[{"href":"https:\/\/pesquisas.face.ufmg.br\/necc\/wp-json\/wp\/v2\/types\/page"}],"author":[{"embeddable":true,"href":"https:\/\/pesquisas.face.ufmg.br\/necc\/wp-json\/wp\/v2\/users\/1"}],"replies":[{"embeddable":true,"href":"https:\/\/pesquisas.face.ufmg.br\/necc\/wp-json\/wp\/v2\/comments?post=16"}],"version-history":[{"count":1,"href":"https:\/\/pesquisas.face.ufmg.br\/necc\/wp-json\/wp\/v2\/pages\/16\/revisions"}],"predecessor-version":[{"id":18,"href":"https:\/\/pesquisas.face.ufmg.br\/necc\/wp-json\/wp\/v2\/pages\/16\/revisions\/18"}],"wp:attachment":[{"href":"https:\/\/pesquisas.face.ufmg.br\/necc\/wp-json\/wp\/v2\/media?parent=16"}],"curies":[{"name":"wp","href":"https:\/\/api.w.org\/{rel}","templated":true}]}}