{"id":13,"date":"2015-11-11T12:24:46","date_gmt":"2015-11-11T12:24:46","guid":{"rendered":"http:\/\/pesquisas.face.ufmg.br\/necc\/?page_id=13"},"modified":"2015-11-11T12:54:18","modified_gmt":"2015-11-11T12:54:18","slug":"objetivos-e-atuacao","status":"publish","type":"page","link":"https:\/\/pesquisas.face.ufmg.br\/necc\/objetivos-e-atuacao\/","title":{"rendered":"Objetivos e atua\u00e7\u00e3o"},"content":{"rendered":"<ul>\n<li>Gerar conhecimentos inovadores, relevantes e abrangentes sobre comportamento do consumidor e suas implica\u00e7\u00f5es gerenciais.<\/li>\n<li>Desenvolver novas tecnologias e m\u00e9todos de pesquisa.<\/li>\n<li>Formar pesquisadores de alto n\u00edvel para a realiza\u00e7\u00e3o de estudos na \u00e1rea.<\/li>\n<li>Realizar atividades de extens\u00e3o e divulga\u00e7\u00e3o cient\u00edfica.<\/li>\n<li>Desenvolver interc\u00e2mbio cient\u00edfico e tecnol\u00f3gico com comunidades de pesquisadores, organiza\u00e7\u00f5es sem fins lucrativos, empresas e entidades governamentais sobre temas relacionados ao comportamento do consumidor.<\/li>\n<li>Promover a educa\u00e7\u00e3o para o consumo consciente e equilibrado, baseada numa perspectiva cr\u00edtica sobre os malef\u00edcios resultantes do materialismo e do consumismo.<\/li>\n<li>Orientar a cria\u00e7\u00e3o de produtos e servi\u00e7os com perspectiva ecol\u00f3gica, visando eliminar ou reduzir os impactos ambientais negativos.<\/li>\n<\/ul>\n","protected":false},"excerpt":{"rendered":"<p>Gerar conhecimentos inovadores, relevantes e abrangentes sobre comportamento do consumidor e suas implica\u00e7\u00f5es gerenciais. Desenvolver novas tecnologias e m\u00e9todos de pesquisa. Formar pesquisadores de alto n\u00edvel para a realiza\u00e7\u00e3o de &hellip; <a href=\"https:\/\/pesquisas.face.ufmg.br\/necc\/objetivos-e-atuacao\/\" class=\"more-link\">Continue reading <span class=\"screen-reader-text\">Objetivos e atua\u00e7\u00e3o<\/span><\/a><\/p>\n","protected":false},"author":1,"featured_media":0,"parent":0,"menu_order":0,"comment_status":"closed","ping_status":"closed","template":"","meta":{"_crdt_document":"","_exactmetrics_skip_tracking":false,"_exactmetrics_sitenote_active":false,"_exactmetrics_sitenote_note":"","_exactmetrics_sitenote_category":0,"footnotes":""},"class_list":["post-13","page","type-page","status-publish","hentry"],"_links":{"self":[{"href":"https:\/\/pesquisas.face.ufmg.br\/necc\/wp-json\/wp\/v2\/pages\/13","targetHints":{"allow":["GET"]}}],"collection":[{"href":"https:\/\/pesquisas.face.ufmg.br\/necc\/wp-json\/wp\/v2\/pages"}],"about":[{"href":"https:\/\/pesquisas.face.ufmg.br\/necc\/wp-json\/wp\/v2\/types\/page"}],"author":[{"embeddable":true,"href":"https:\/\/pesquisas.face.ufmg.br\/necc\/wp-json\/wp\/v2\/users\/1"}],"replies":[{"embeddable":true,"href":"https:\/\/pesquisas.face.ufmg.br\/necc\/wp-json\/wp\/v2\/comments?post=13"}],"version-history":[{"count":1,"href":"https:\/\/pesquisas.face.ufmg.br\/necc\/wp-json\/wp\/v2\/pages\/13\/revisions"}],"predecessor-version":[{"id":15,"href":"https:\/\/pesquisas.face.ufmg.br\/necc\/wp-json\/wp\/v2\/pages\/13\/revisions\/15"}],"wp:attachment":[{"href":"https:\/\/pesquisas.face.ufmg.br\/necc\/wp-json\/wp\/v2\/media?parent=13"}],"curies":[{"name":"wp","href":"https:\/\/api.w.org\/{rel}","templated":true}]}}