{"id":68,"date":"2018-08-22T16:34:05","date_gmt":"2018-08-22T19:34:05","guid":{"rendered":"http:\/\/pesquisas.face.ufmg.br\/jeanmonnet\/?page_id=68"},"modified":"2023-12-26T10:32:29","modified_gmt":"2023-12-26T13:32:29","slug":"ensino","status":"publish","type":"page","link":"https:\/\/pesquisas.face.ufmg.br\/jeanmonnet\/ensino\/","title":{"rendered":"Ensino"},"content":{"rendered":"\n<p class=\"wp-block-paragraph\">A equipe da C\u00e1tedra Jean Monnet vem oferecendo desde o segundo semestre de 2017 uma s\u00e9rie de cursos na \u00e1rea de estudos da integra\u00e7\u00e3o europeia, visando promover uma forma\u00e7\u00e3o ampla e continuada no tema para os alunos da UFMG, tendo como base para suas atividades os cursos de gradua\u00e7\u00e3o em Rela\u00e7\u00f5es Econ\u00f4micas Internacionais e em Economia da FACE\/UFMG, assim como a o Programa de P\u00f3s-gradua\u00e7\u00e3o em Economia do Cedeplar\/UFMG&nbsp;<\/p>\n\n\n\n<p class=\"wp-block-paragraph\"><\/p>\n\n\n\n<p class=\"wp-block-paragraph\">Foram produzidos tamb\u00e9m dois blocos de v\u00eddeo-aulas (em portugu\u00eas) que est\u00e3o dispon\u00edveis abaixo para acesso gratuito no Youtube.<\/p>\n\n\n\n<p class=\"wp-block-paragraph\"><\/p>\n\n\n\n<p class=\"wp-block-paragraph\"><strong>Hist\u00f3ria da Integra\u00e7\u00e3o Europeia &#8211; Panorama geral (C\u00e1tedra Jean Monnet EPEbEIP &#8211; 2017-2020)<\/strong><\/p>\n\n\n\n<figure class=\"wp-block-embed is-type-rich is-provider-incorporar-manipulador wp-block-embed-incorporar-manipulador wp-embed-aspect-16-9 wp-has-aspect-ratio\"><div class=\"wp-block-embed__wrapper\">\n<iframe loading=\"lazy\" title=\"Integrac\u0327a\u0303o Europeia - Intro\" width=\"760\" height=\"428\" src=\"https:\/\/www.youtube.com\/embed\/YqqQK2LgRVY?feature=oembed\" frameborder=\"0\" allow=\"accelerometer; autoplay; clipboard-write; encrypted-media; gyroscope; picture-in-picture; web-share\" allowfullscreen><\/iframe>\n<\/div><figcaption class=\"wp-element-caption\">Temporada 1 &#8211; Integra\u00e7\u00e3o Europeia &#8211; Apresenta\u00e7\u00e3o<\/figcaption><\/figure>\n\n\n\n<figure class=\"wp-block-embed is-type-rich is-provider-incorporar-manipulador wp-block-embed-incorporar-manipulador wp-embed-aspect-16-9 wp-has-aspect-ratio\"><div class=\"wp-block-embed__wrapper\">\n<iframe loading=\"lazy\" title=\"Integra\u00e7\u00e3o Europeia - Aula #1\" width=\"760\" height=\"428\" src=\"https:\/\/www.youtube.com\/embed\/GPmXs3BQ34k?feature=oembed\" frameborder=\"0\" allow=\"accelerometer; autoplay; clipboard-write; encrypted-media; gyroscope; picture-in-picture; web-share\" allowfullscreen><\/iframe>\n<\/div><figcaption class=\"wp-element-caption\">Temporada 1 &#8211; Integra\u00e7\u00e3o Europeia Aula #1<\/figcaption><\/figure>\n\n\n\n<figure class=\"wp-block-embed is-type-rich is-provider-incorporar-manipulador wp-block-embed-incorporar-manipulador wp-embed-aspect-16-9 wp-has-aspect-ratio\"><div class=\"wp-block-embed__wrapper\">\n<iframe loading=\"lazy\" title=\"Integra\u00e7\u00e3o Europeia   Aula #2\" width=\"760\" height=\"428\" src=\"https:\/\/www.youtube.com\/embed\/BuP9EqA_xyI?feature=oembed\" frameborder=\"0\" allow=\"accelerometer; autoplay; clipboard-write; encrypted-media; gyroscope; picture-in-picture; web-share\" allowfullscreen><\/iframe>\n<\/div><figcaption class=\"wp-element-caption\">Temporada 1 &#8211; Integra\u00e7\u00e3o Europeia Aula #2<\/figcaption><\/figure>\n\n\n\n<figure class=\"wp-block-embed is-type-rich is-provider-incorporar-manipulador wp-block-embed-incorporar-manipulador wp-embed-aspect-16-9 wp-has-aspect-ratio\"><div class=\"wp-block-embed__wrapper\">\n<iframe loading=\"lazy\" title=\"Integra\u00e7\u00e3o Europeia   Aula #3\" width=\"760\" height=\"428\" src=\"https:\/\/www.youtube.com\/embed\/Fs0PNSeUvgI?feature=oembed\" frameborder=\"0\" allow=\"accelerometer; autoplay; clipboard-write; encrypted-media; gyroscope; picture-in-picture; web-share\" allowfullscreen><\/iframe>\n<\/div><figcaption class=\"wp-element-caption\">Temporada 1 &#8211; Integra\u00e7\u00e3o Europeia Aula #3<\/figcaption><\/figure>\n\n\n\n<p class=\"wp-block-paragraph\"><\/p>\n\n\n\n<p class=\"wp-block-paragraph\"><strong>Hist\u00f3ria da Integra\u00e7\u00e3o Europeia &#8211; T\u00f3picos (C\u00e1tedra Jean Monnet PostPan &#8211; 2021-2024)<\/strong><\/p>\n\n\n\n<figure class=\"wp-block-embed is-type-video is-provider-youtube wp-block-embed-youtube wp-embed-aspect-16-9 wp-has-aspect-ratio\"><div class=\"wp-block-embed__wrapper\">\n<iframe loading=\"lazy\" title=\"Apresenta\u00e7\u00e3o - T\u00f3picos em Hist\u00f3ria da Integra\u00e7\u00e3o Europeia\" width=\"760\" height=\"428\" src=\"https:\/\/www.youtube.com\/embed\/jXYbqjdvENc?feature=oembed\" frameborder=\"0\" allow=\"accelerometer; autoplay; clipboard-write; encrypted-media; gyroscope; picture-in-picture; web-share\" allowfullscreen><\/iframe>\n<\/div><figcaption class=\"wp-element-caption\">Temporada 2 &#8211; Apresenta\u00e7\u00e3o<\/figcaption><\/figure>\n\n\n\n<figure class=\"wp-block-embed is-type-video is-provider-youtube wp-block-embed-youtube wp-embed-aspect-16-9 wp-has-aspect-ratio\"><div class=\"wp-block-embed__wrapper\">\n<iframe loading=\"lazy\" title=\"Aula #1 (Institui\u00e7\u00f5es Europeias) - T\u00f3picos em Hist\u00f3ria da Integra\u00e7\u00e3o Europeia\" width=\"760\" height=\"428\" src=\"https:\/\/www.youtube.com\/embed\/uPCQw-8nwD0?feature=oembed\" frameborder=\"0\" allow=\"accelerometer; autoplay; clipboard-write; encrypted-media; gyroscope; picture-in-picture; web-share\" allowfullscreen><\/iframe>\n<\/div><figcaption class=\"wp-element-caption\">Temporada 2 &#8211; Aula #1 (Institui\u00e7\u00f5es Europeias)<\/figcaption><\/figure>\n\n\n\n<figure class=\"wp-block-embed is-type-video is-provider-youtube wp-block-embed-youtube wp-embed-aspect-16-9 wp-has-aspect-ratio\"><div class=\"wp-block-embed__wrapper\">\n<iframe loading=\"lazy\" title=\"Aula #2 (Comunidade Econ\u00f4mica do Carv\u00e3o e do A\u00e7o) - T\u00f3picos em Hist\u00f3ria da Integra\u00e7\u00e3o Europeia\" width=\"760\" height=\"428\" src=\"https:\/\/www.youtube.com\/embed\/3e-Yd9XgS3Y?feature=oembed\" frameborder=\"0\" allow=\"accelerometer; autoplay; clipboard-write; encrypted-media; gyroscope; picture-in-picture; web-share\" allowfullscreen><\/iframe>\n<\/div><figcaption class=\"wp-element-caption\">Temporada 2 &#8211; Aula #2 (Comunidade Econ\u00f4mica do Carv\u00e3o e do A\u00e7o)  <\/figcaption><\/figure>\n\n\n\n<figure class=\"wp-block-embed is-type-video is-provider-youtube wp-block-embed-youtube wp-embed-aspect-16-9 wp-has-aspect-ratio\"><div class=\"wp-block-embed__wrapper\">\n<iframe loading=\"lazy\" title=\"Aula #3 (Supranacionalismo e Intergovernamentalismo) - T\u00f3picos em Hist\u00f3ria da Integra\u00e7\u00e3o Europeia\" width=\"760\" height=\"428\" src=\"https:\/\/www.youtube.com\/embed\/zKK9Ft9FW3w?feature=oembed\" frameborder=\"0\" allow=\"accelerometer; autoplay; clipboard-write; encrypted-media; gyroscope; picture-in-picture; web-share\" allowfullscreen><\/iframe>\n<\/div><figcaption class=\"wp-element-caption\">Tempora 2 &#8211; Aula #3 (Supranacionalismo e Intergovernamentalismo)<\/figcaption><\/figure>\n\n\n\n<figure class=\"wp-block-embed is-type-video is-provider-youtube wp-block-embed-youtube wp-embed-aspect-16-9 wp-has-aspect-ratio\"><div class=\"wp-block-embed__wrapper\">\n<iframe loading=\"lazy\" title=\"Aula #4 (A crise da &quot;Cadeira Vazia&quot;) - T\u00f3picos em Hist\u00f3ria da Integra\u00e7\u00e3o Europeia\" width=\"760\" height=\"428\" src=\"https:\/\/www.youtube.com\/embed\/aYPAV8LhkQk?feature=oembed\" frameborder=\"0\" allow=\"accelerometer; autoplay; clipboard-write; encrypted-media; gyroscope; picture-in-picture; web-share\" allowfullscreen><\/iframe>\n<\/div><figcaption class=\"wp-element-caption\">Temporada 2 &#8211; Aula #4 (A crise da &#8220;Cadeira Vazia&#8221;)<\/figcaption><\/figure>\n\n\n\n<p class=\"wp-block-paragraph\"><\/p>\n\n\n\n<p class=\"wp-block-paragraph\"><strong>Alguns dos cursos presenciais atualmente oferecidos (ou j\u00e1 ofertado) na FACE\/UFMG s\u00e3o os seguintes:<\/strong><\/p>\n\n\n\n<p class=\"wp-block-paragraph\"><strong>Disciplina: ECN208 &#8211; Leitura dirigida em Hist\u00f3ria Econ\u00f4mica e Hist\u00f3ria do Pensamento Econ\u00f4mico: Hist\u00f3ria e Pol\u00edtica da Integra\u00e7\u00e3o Europeia<br><\/strong>Professor: Alexandre Mendes Cunha<br>Carga-hor\u00e1ria: 60 horas aula<\/p>\n\n\n\n<p class=\"wp-block-paragraph\"><strong>Disciplina: ECN094 &#8211; Blocos Econ\u00f4micos e Integra\u00e7\u00e3o Regional<strong><\/strong><\/strong><br>Professora: Patr\u00edcia Carvalho<br>Carga-hor\u00e1ria: 60 horas aula<br><\/p>\n\n\n\n<p class=\"wp-block-paragraph\"><strong>Disciplina: ECN240 &#8211; Historia Politica e Desafios Recentes do Processo de Integra\u00e7\u00e3o Europeia<br><\/strong>Professor: Alexandre Mendes Cunha<br>Carga-hor\u00e1ria: 60 horas aula<\/p>\n\n\n\n<p class=\"wp-block-paragraph\"><strong>Disciplina: <\/strong><strong>ECN240 &#8211; ECN240 &#8211; Uni\u00e3o Europeia: desafios recentes<br><\/strong>Professor: Alexandre Mendes Cunha<br>Carga-hor\u00e1ria: 60 horas aula<\/p>\n\n\n\n<p class=\"wp-block-paragraph\"><\/p>\n\n\n\n<p class=\"wp-block-paragraph\"><strong>Disciplina: ECN929 &#8211; T\u00d3PICOS ESPECIAIS EM ECONOMIA POL\u00cdTICA: &nbsp;European Economic Thought in the Inter-War Period (P\u00f3s-gradua\u00e7\u00e3o)<\/strong><br>Professor: Alexandre Mendes Cunha (respons\u00e1vel)<br>Carga-hor\u00e1ria: 30 horas aula<\/p>\n\n\n\n<p class=\"wp-block-paragraph\"><\/p>\n\n\n\n<p class=\"wp-block-paragraph\"><strong>Disciplina: ECN094 &#8211; Blocos Econ\u00f4micos e Integra\u00e7\u00e3o Regional<\/strong><br>Professora: Patr\u00edcia Carvalho<br>Carga-hor\u00e1ria: 60 horas aula<br><br><\/p>\n\n\n\n<p class=\"wp-block-paragraph\"><strong><\/strong><\/p>\n\n\n\n<p class=\"wp-block-paragraph\"><br><\/p>\n\n\n\n<p class=\"wp-block-paragraph\"><\/p>\n","protected":false},"excerpt":{"rendered":"<p>A equipe da C\u00e1tedra Jean Monnet vem oferecendo desde o segundo semestre de 2017 uma s\u00e9rie de cursos na \u00e1rea de estudos da integra\u00e7\u00e3o europeia, visando promover uma forma\u00e7\u00e3o ampla [&hellip;]<\/p>\n","protected":false},"author":25,"featured_media":0,"parent":0,"menu_order":0,"comment_status":"closed","ping_status":"closed","template":"","meta":{"_crdt_document":"","_exactmetrics_skip_tracking":false,"_exactmetrics_sitenote_active":false,"_exactmetrics_sitenote_note":"","_exactmetrics_sitenote_category":0,"footnotes":""},"class_list":["post-68","page","type-page","status-publish","hentry"],"_links":{"self":[{"href":"https:\/\/pesquisas.face.ufmg.br\/jeanmonnet\/wp-json\/wp\/v2\/pages\/68","targetHints":{"allow":["GET"]}}],"collection":[{"href":"https:\/\/pesquisas.face.ufmg.br\/jeanmonnet\/wp-json\/wp\/v2\/pages"}],"about":[{"href":"https:\/\/pesquisas.face.ufmg.br\/jeanmonnet\/wp-json\/wp\/v2\/types\/page"}],"author":[{"embeddable":true,"href":"https:\/\/pesquisas.face.ufmg.br\/jeanmonnet\/wp-json\/wp\/v2\/users\/25"}],"replies":[{"embeddable":true,"href":"https:\/\/pesquisas.face.ufmg.br\/jeanmonnet\/wp-json\/wp\/v2\/comments?post=68"}],"version-history":[{"count":3,"href":"https:\/\/pesquisas.face.ufmg.br\/jeanmonnet\/wp-json\/wp\/v2\/pages\/68\/revisions"}],"predecessor-version":[{"id":314,"href":"https:\/\/pesquisas.face.ufmg.br\/jeanmonnet\/wp-json\/wp\/v2\/pages\/68\/revisions\/314"}],"wp:attachment":[{"href":"https:\/\/pesquisas.face.ufmg.br\/jeanmonnet\/wp-json\/wp\/v2\/media?parent=68"}],"curies":[{"name":"wp","href":"https:\/\/api.w.org\/{rel}","templated":true}]}}