{"id":22,"date":"2018-08-20T20:27:56","date_gmt":"2018-08-20T23:27:56","guid":{"rendered":"http:\/\/pesquisas.face.ufmg.br\/jeanmonnet\/?page_id=22"},"modified":"2019-02-02T10:03:26","modified_gmt":"2019-02-02T12:03:26","slug":"objetivos","status":"publish","type":"page","link":"https:\/\/pesquisas.face.ufmg.br\/jeanmonnet\/objetivos\/","title":{"rendered":"Objetivos"},"content":{"rendered":"\n<p class=\"wp-block-paragraph\">A forma\u00e7\u00e3o da Uni\u00e3o Europeia pode ser vista como o resultado da a\u00e7\u00e3o simult\u00e2nea de uma ampla gama de for\u00e7as: agendas pol\u00edticas, restri\u00e7\u00f5es institucionais, interesses econ\u00f4micos e tamb\u00e9m perspectivas intelectuais. Para avaliar adequadamente a din\u00e2mica da integra\u00e7\u00e3o europeia ao longo do s\u00e9culo XX, e assim lan\u00e7ar alguma luz sobre as encruzilhadas em que a UE se encontra hoje, as atividades de pesquisa da C\u00e1tedra se concentram na reavalia\u00e7\u00e3o da complexa matriz de ideias e perspectivas que est\u00e3o na origem do processo de integra\u00e7\u00e3o europeu. O projeto pretende assim recuperar as ra\u00edzes intelectuais da integra\u00e7\u00e3o europeia no per\u00edodo entre-guerras e no p\u00f3s-guerra imediato, dando \u00eanfase especial ao papel desempenhado pelos economistas nesse processo. Os economistas europeus estavam muito envolvidos em debates sobre pol\u00edtica internacional, como nos casos de Robbins, Myrdal, Perroux, Eucken e Keynes, para citar apenas alguns. Ao reconectar esses t\u00f3picos, o projeto mostrar\u00e1 como a perspectiva revivida e ampliada da economia pol\u00edtica pode iluminar alguns dos desafios atualmente enfrentados pela UE. A equipe internacional reunida para a proposta, congregando renomados especialistas em hist\u00f3ria da economia, direito e pol\u00edtica internacional, \u00e9 particularmente adequada para a tarefa proposta.<\/p>\n\n\n\n<p class=\"wp-block-paragraph\">Com base nas iniciativas desenvolvidas no \u00e2mbito do <a href=\"https:\/\/pesquisas.face.ufmg.br\/jeanmonnet\/modulo-jm-2015-2018\/\">M\u00f3dulo JM (2015-18)<\/a> e atividades j\u00e1 implementadas no \u00e2mbito do curso de <a href=\"http:\/\/www.face.ufmg.br\/graduacao\/relacoes-economicas-internacionais\/o-curso.html\">Rela\u00e7\u00f5es Econ\u00f4micas Internacionais<\/a> da FACE\/UFMG, o nosso objetivo \u00e9 dar corpo a uma integra\u00e7\u00e3o de atividades de ensino e pesquisa no campo dos Estudos Europeus, promovendo assim a excel\u00eancia nos estudos sobre a UE dentro da UFMG. Isso vem sendo feito por meio de ofertas de cursos dispon\u00edveis para toda a nossa comunidade acad\u00eamica, a promo\u00e7\u00e3o de eventos com importantes acad\u00eamicos (incluindo workshops destinados a formuladores de pol\u00edticas) e o incentivo a publica\u00e7\u00f5es especializadas.<\/p>\n\n\n\n<p class=\"wp-block-paragraph\">Isso tamb\u00e9m cumpre um papel na amplia\u00e7\u00e3o do escopo e da profundidade das a\u00e7\u00f5es desenvolvidas pelo <a href=\"https:\/\/www.ufmg.br\/dri\/centros-de-internacionalizacao-e-redes\/centro-de-estudos-brasil-europa\/\">Centro de Estudos Europeus<\/a> da UFMG, que por sua vez oferece uma base s\u00f3lida para as atividades Jean Monnet na UFMG.<\/p>\n\n\n\n<p class=\"wp-block-paragraph\"><br><\/p>\n","protected":false},"excerpt":{"rendered":"<p>A forma\u00e7\u00e3o da Uni\u00e3o Europeia pode ser vista como o resultado da a\u00e7\u00e3o simult\u00e2nea de uma ampla gama de for\u00e7as: agendas pol\u00edticas, restri\u00e7\u00f5es institucionais, interesses econ\u00f4micos e tamb\u00e9m perspectivas intelectuais. [&hellip;]<\/p>\n","protected":false},"author":25,"featured_media":0,"parent":0,"menu_order":0,"comment_status":"closed","ping_status":"closed","template":"","meta":{"_crdt_document":"","_exactmetrics_skip_tracking":false,"_exactmetrics_sitenote_active":false,"_exactmetrics_sitenote_note":"","_exactmetrics_sitenote_category":0,"footnotes":""},"class_list":["post-22","page","type-page","status-publish","hentry"],"_links":{"self":[{"href":"https:\/\/pesquisas.face.ufmg.br\/jeanmonnet\/wp-json\/wp\/v2\/pages\/22","targetHints":{"allow":["GET"]}}],"collection":[{"href":"https:\/\/pesquisas.face.ufmg.br\/jeanmonnet\/wp-json\/wp\/v2\/pages"}],"about":[{"href":"https:\/\/pesquisas.face.ufmg.br\/jeanmonnet\/wp-json\/wp\/v2\/types\/page"}],"author":[{"embeddable":true,"href":"https:\/\/pesquisas.face.ufmg.br\/jeanmonnet\/wp-json\/wp\/v2\/users\/25"}],"replies":[{"embeddable":true,"href":"https:\/\/pesquisas.face.ufmg.br\/jeanmonnet\/wp-json\/wp\/v2\/comments?post=22"}],"version-history":[{"count":5,"href":"https:\/\/pesquisas.face.ufmg.br\/jeanmonnet\/wp-json\/wp\/v2\/pages\/22\/revisions"}],"predecessor-version":[{"id":174,"href":"https:\/\/pesquisas.face.ufmg.br\/jeanmonnet\/wp-json\/wp\/v2\/pages\/22\/revisions\/174"}],"wp:attachment":[{"href":"https:\/\/pesquisas.face.ufmg.br\/jeanmonnet\/wp-json\/wp\/v2\/media?parent=22"}],"curies":[{"name":"wp","href":"https:\/\/api.w.org\/{rel}","templated":true}]}}