{"id":20,"date":"2018-08-20T20:26:03","date_gmt":"2018-08-20T23:26:03","guid":{"rendered":"http:\/\/pesquisas.face.ufmg.br\/jeanmonnet\/?page_id=20"},"modified":"2023-12-26T21:26:17","modified_gmt":"2023-12-27T00:26:17","slug":"apresentacao","status":"publish","type":"page","link":"https:\/\/pesquisas.face.ufmg.br\/jeanmonnet\/","title":{"rendered":"Apresenta\u00e7\u00e3o"},"content":{"rendered":"<div class=\"wp-block-image\">\n<figure class=\"alignright size-large\"><img loading=\"lazy\" decoding=\"async\" width=\"1024\" height=\"226\" src=\"https:\/\/pesquisas.face.ufmg.br\/jeanmonnet\/wp-content\/uploads\/sites\/25\/2020\/12\/logosbeneficaireserasmusleft_withthesupportof-1024x226.jpg\" alt=\"\" class=\"wp-image-221\" srcset=\"https:\/\/pesquisas.face.ufmg.br\/jeanmonnet\/wp-content\/uploads\/sites\/25\/2020\/12\/logosbeneficaireserasmusleft_withthesupportof-1024x226.jpg 1024w, https:\/\/pesquisas.face.ufmg.br\/jeanmonnet\/wp-content\/uploads\/sites\/25\/2020\/12\/logosbeneficaireserasmusleft_withthesupportof-300x66.jpg 300w, https:\/\/pesquisas.face.ufmg.br\/jeanmonnet\/wp-content\/uploads\/sites\/25\/2020\/12\/logosbeneficaireserasmusleft_withthesupportof-768x169.jpg 768w, https:\/\/pesquisas.face.ufmg.br\/jeanmonnet\/wp-content\/uploads\/sites\/25\/2020\/12\/logosbeneficaireserasmusleft_withthesupportof.jpg 1135w\" sizes=\"auto, (max-width: 1024px) 100vw, 1024px\" \/><\/figure>\n<\/div>\n\n\n<p class=\"wp-block-paragraph\">Bem vindo \u00e0 C\u00e1tedra Jean Monnet da <a href=\"http:\/\/www.face.ufmg.br\/\">Faculdade de Ci\u00eancias Econ\u00f4micas<\/a>&nbsp;da UFMG!<\/p>\n\n\n\n<p class=\"wp-block-paragraph\">Em direta colabora\u00e7\u00e3o com&nbsp;<a href=\"https:\/\/www.ufmg.br\/dri\/centros-de-internacionalizacao-e-redes\/centro-de-estudos-brasil-europa\/\">Centro de Estudos Europeus<\/a> e tendo como n\u00facleo principal de suas atividades a <a href=\"http:\/\/www.face.ufmg.br\">FACE\/UFMG<\/a>&nbsp;e o Centro de Desenvolvimento e Planejamento Regional <a href=\"https:\/\/cedeplar.ufmg.br\">(Cedeplar)<\/a>, a presente C\u00e1tedra Jean Monnet d\u00e1 continuidade \u00e0s atividades desenvolvidas no \u00e2mbito de uma outra C\u00e1tedra Jean Monnet (<a href=\"https:\/\/erasmus-plus.ec.europa.eu\/projects\/search\/details\/587558-EPP-1-2017-1-BR-EPPJMO-CHAIR\">EPEbEIP<\/a>)&nbsp;2017-2020 e de um M\u00f3dulo Jean Monnet <a href=\"https:\/\/pesquisas.face.ufmg.br\/jeanmonnet\/modulo-jm-2015-2018\/\">(<\/a><a href=\"https:\/\/erasmus-plus.ec.europa.eu\/projects\/search\/details\/565337-EPP-1-2015-1-BR-EPPJMO-MODULE\" data-type=\"URL\" data-id=\"https:\/\/erasmus-plus.ec.europa.eu\/projects\/search\/details\/565337-EPP-1-2015-1-BR-EPPJMO-MODULE\">ThePoEU<\/a><a href=\"https:\/\/pesquisas.face.ufmg.br\/jeanmonnet\/modulo-jm-2015-2018\/\">)<\/a> 2015-2018, todos co-financiados pelo <a href=\"http:\/\/ec.europa.eu\/programmes\/erasmus-plus\/\">Programa Erasmus+<\/a> da Uni\u00e3o Europeia. O foco \u00e9 o desenvolvimento de atividades de ensino e pesquisa no campo dos Estudos sobre Integra\u00e7\u00e3o Europeia.<\/p>\n\n\n\n<p class=\"wp-block-paragraph\">O tema geral do projeto atual \u00e9 <strong>\u201cEuropean Cooperation in a post-pandemic world: history and contemporary challenges in a global perspective\u201d (PostPan)<\/strong><\/p>\n\n\n\n<p class=\"wp-block-paragraph\">Neste site voc\u00ea encontrar\u00e1 informa\u00e7\u00f5es sobre os objetivos do projeto, os integrantes da equipe, os eventos j\u00e1 realizados e os que est\u00e3o por vir, bem como os cursos oferecidos.<\/p>\n\n\n\n<p class=\"wp-block-paragraph\">Curta nossa p\u00e1gina no <a href=\"https:\/\/www.facebook.com\/profile.php?id=100066363474561&amp;mibextid=LQQJ4d\">Facebook<\/a>!<\/p>\n\n\n\n<figure class=\"wp-block-embed is-type-rich is-provider-twitter wp-block-embed-twitter\"><div class=\"wp-block-embed__wrapper\">\n<a class=\"twitter-timeline\" data-width=\"760\" data-height=\"1000\" data-dnt=\"true\" href=\"https:\/\/twitter.com\/postpan_ufmg?ref_src=twsrc%5Etfw\">Tweets by postpan_ufmg<\/a><script async src=\"https:\/\/platform.twitter.com\/widgets.js\" charset=\"utf-8\"><\/script>\n<\/div><\/figure>\n","protected":false},"excerpt":{"rendered":"<p>Bem vindo \u00e0 C\u00e1tedra Jean Monnet da Faculdade de Ci\u00eancias Econ\u00f4micas&nbsp;da UFMG! Em direta colabora\u00e7\u00e3o com&nbsp;Centro de Estudos Europeus e tendo como n\u00facleo principal de suas atividades a FACE\/UFMG&nbsp;e o [&hellip;]<\/p>\n","protected":false},"author":25,"featured_media":0,"parent":0,"menu_order":0,"comment_status":"closed","ping_status":"closed","template":"","meta":{"_crdt_document":"","_exactmetrics_skip_tracking":false,"_exactmetrics_sitenote_active":false,"_exactmetrics_sitenote_note":"","_exactmetrics_sitenote_category":0,"footnotes":""},"class_list":["post-20","page","type-page","status-publish","hentry"],"_links":{"self":[{"href":"https:\/\/pesquisas.face.ufmg.br\/jeanmonnet\/wp-json\/wp\/v2\/pages\/20","targetHints":{"allow":["GET"]}}],"collection":[{"href":"https:\/\/pesquisas.face.ufmg.br\/jeanmonnet\/wp-json\/wp\/v2\/pages"}],"about":[{"href":"https:\/\/pesquisas.face.ufmg.br\/jeanmonnet\/wp-json\/wp\/v2\/types\/page"}],"author":[{"embeddable":true,"href":"https:\/\/pesquisas.face.ufmg.br\/jeanmonnet\/wp-json\/wp\/v2\/users\/25"}],"replies":[{"embeddable":true,"href":"https:\/\/pesquisas.face.ufmg.br\/jeanmonnet\/wp-json\/wp\/v2\/comments?post=20"}],"version-history":[{"count":16,"href":"https:\/\/pesquisas.face.ufmg.br\/jeanmonnet\/wp-json\/wp\/v2\/pages\/20\/revisions"}],"predecessor-version":[{"id":331,"href":"https:\/\/pesquisas.face.ufmg.br\/jeanmonnet\/wp-json\/wp\/v2\/pages\/20\/revisions\/331"}],"wp:attachment":[{"href":"https:\/\/pesquisas.face.ufmg.br\/jeanmonnet\/wp-json\/wp\/v2\/media?parent=20"}],"curies":[{"name":"wp","href":"https:\/\/api.w.org\/{rel}","templated":true}]}}