{"id":139,"date":"2018-10-22T14:53:10","date_gmt":"2018-10-22T16:53:10","guid":{"rendered":"http:\/\/pesquisas.face.ufmg.br\/jeanmonnet\/?page_id=139"},"modified":"2023-12-26T10:32:01","modified_gmt":"2023-12-26T13:32:01","slug":"teaching","status":"publish","type":"page","link":"https:\/\/pesquisas.face.ufmg.br\/jeanmonnet\/en\/teaching\/","title":{"rendered":"Teaching"},"content":{"rendered":"\n<p class=\"wp-block-paragraph\">Since the second half of 2017, the Jean Monnet Chair team has been offering a series of courses in the area of European integration studies, with the aim of promoting broad and continuous training in the subject for UFMG students, based on the undergraduate courses in International Economic Relations and Economics at FACE\/UFMG, as well as the Postgraduate Program in Economics at Cedeplar\/UFMG.<\/p>\n\n\n\n<p class=\"wp-block-paragraph\">Two blocks of video lessons (in Portuguese) were also produced and are available below for free access on Youtube.<\/p>\n\n\n\n<p class=\"wp-block-paragraph\"><\/p>\n\n\n\n<p class=\"wp-block-paragraph\"><strong>History of European Integration &#8211; Overview (Jean Monnet Chair EPEbEIP &#8211; 2017-2020)<\/strong><\/p>\n\n\n\n<figure class=\"wp-block-embed is-type-rich is-provider-incorporar-manipulador wp-block-embed-incorporar-manipulador wp-embed-aspect-16-9 wp-has-aspect-ratio\"><div class=\"wp-block-embed__wrapper\">\n<iframe loading=\"lazy\" title=\"Integrac\u0327a\u0303o Europeia - Intro\" width=\"760\" height=\"428\" src=\"https:\/\/www.youtube.com\/embed\/YqqQK2LgRVY?feature=oembed\" frameborder=\"0\" allow=\"accelerometer; autoplay; clipboard-write; encrypted-media; gyroscope; picture-in-picture; web-share\" allowfullscreen><\/iframe>\n<\/div><figcaption class=\"wp-element-caption\">Season 1 &#8211; European Integration &#8211; Presentation<\/figcaption><\/figure>\n\n\n\n<figure class=\"wp-block-embed is-type-rich is-provider-incorporar-manipulador wp-block-embed-incorporar-manipulador wp-embed-aspect-16-9 wp-has-aspect-ratio\"><div class=\"wp-block-embed__wrapper\">\n<iframe loading=\"lazy\" title=\"Integra\u00e7\u00e3o Europeia - Aula #1\" width=\"760\" height=\"428\" src=\"https:\/\/www.youtube.com\/embed\/GPmXs3BQ34k?feature=oembed\" frameborder=\"0\" allow=\"accelerometer; autoplay; clipboard-write; encrypted-media; gyroscope; picture-in-picture; web-share\" allowfullscreen><\/iframe>\n<\/div><figcaption class=\"wp-element-caption\">Season 1 &#8211; European Integration Lesson #1<\/figcaption><\/figure>\n\n\n\n<figure class=\"wp-block-embed is-type-rich is-provider-incorporar-manipulador wp-block-embed-incorporar-manipulador wp-embed-aspect-16-9 wp-has-aspect-ratio\"><div class=\"wp-block-embed__wrapper\">\n<iframe loading=\"lazy\" title=\"Integra\u00e7\u00e3o Europeia   Aula #2\" width=\"760\" height=\"428\" src=\"https:\/\/www.youtube.com\/embed\/BuP9EqA_xyI?feature=oembed\" frameborder=\"0\" allow=\"accelerometer; autoplay; clipboard-write; encrypted-media; gyroscope; picture-in-picture; web-share\" allowfullscreen><\/iframe>\n<\/div><figcaption class=\"wp-element-caption\">Season 1 &#8211; European Integration Lesson #2<\/figcaption><\/figure>\n\n\n\n<figure class=\"wp-block-embed is-type-rich is-provider-incorporar-manipulador wp-block-embed-incorporar-manipulador wp-embed-aspect-16-9 wp-has-aspect-ratio\"><div class=\"wp-block-embed__wrapper\">\n<iframe loading=\"lazy\" title=\"Integra\u00e7\u00e3o Europeia   Aula #3\" width=\"760\" height=\"428\" src=\"https:\/\/www.youtube.com\/embed\/Fs0PNSeUvgI?feature=oembed\" frameborder=\"0\" allow=\"accelerometer; autoplay; clipboard-write; encrypted-media; gyroscope; picture-in-picture; web-share\" allowfullscreen><\/iframe>\n<\/div><figcaption class=\"wp-element-caption\">Season 1 &#8211; European Integration Lesson #3<\/figcaption><\/figure>\n\n\n\n<p class=\"wp-block-paragraph\"><\/p>\n\n\n\n<p class=\"wp-block-paragraph\"><strong>History of European Integration &#8211; Topics (Jean Monnet Chair PostPan &#8211; 2021-2024)<\/strong><\/p>\n\n\n\n<figure class=\"wp-block-embed is-type-video is-provider-youtube wp-block-embed-youtube wp-embed-aspect-16-9 wp-has-aspect-ratio\"><div class=\"wp-block-embed__wrapper\">\n<iframe loading=\"lazy\" title=\"Apresenta\u00e7\u00e3o - T\u00f3picos em Hist\u00f3ria da Integra\u00e7\u00e3o Europeia\" width=\"760\" height=\"428\" src=\"https:\/\/www.youtube.com\/embed\/jXYbqjdvENc?feature=oembed\" frameborder=\"0\" allow=\"accelerometer; autoplay; clipboard-write; encrypted-media; gyroscope; picture-in-picture; web-share\" allowfullscreen><\/iframe>\n<\/div><figcaption class=\"wp-element-caption\">Season 2 &#8211; Presentation<\/figcaption><\/figure>\n\n\n\n<figure class=\"wp-block-embed is-type-video is-provider-youtube wp-block-embed-youtube wp-embed-aspect-16-9 wp-has-aspect-ratio\"><div class=\"wp-block-embed__wrapper\">\n<iframe loading=\"lazy\" title=\"Aula #1 (Institui\u00e7\u00f5es Europeias) - T\u00f3picos em Hist\u00f3ria da Integra\u00e7\u00e3o Europeia\" width=\"760\" height=\"428\" src=\"https:\/\/www.youtube.com\/embed\/uPCQw-8nwD0?feature=oembed\" frameborder=\"0\" allow=\"accelerometer; autoplay; clipboard-write; encrypted-media; gyroscope; picture-in-picture; web-share\" allowfullscreen><\/iframe>\n<\/div><figcaption class=\"wp-element-caption\">Season 2 &#8211; Lesson #1 (European Institutions)<\/figcaption><\/figure>\n\n\n\n<figure class=\"wp-block-embed is-type-video is-provider-youtube wp-block-embed-youtube wp-embed-aspect-16-9 wp-has-aspect-ratio\"><div class=\"wp-block-embed__wrapper\">\n<iframe loading=\"lazy\" title=\"Aula #2 (Comunidade Econ\u00f4mica do Carv\u00e3o e do A\u00e7o) - T\u00f3picos em Hist\u00f3ria da Integra\u00e7\u00e3o Europeia\" width=\"760\" height=\"428\" src=\"https:\/\/www.youtube.com\/embed\/3e-Yd9XgS3Y?feature=oembed\" frameborder=\"0\" allow=\"accelerometer; autoplay; clipboard-write; encrypted-media; gyroscope; picture-in-picture; web-share\" allowfullscreen><\/iframe>\n<\/div><figcaption class=\"wp-element-caption\">Season 2 &#8211; Lesson #1 (European Institutions)<\/figcaption><\/figure>\n\n\n\n<figure class=\"wp-block-embed is-type-video is-provider-youtube wp-block-embed-youtube wp-embed-aspect-16-9 wp-has-aspect-ratio\"><div class=\"wp-block-embed__wrapper\">\n<iframe loading=\"lazy\" title=\"Aula #3 (Supranacionalismo e Intergovernamentalismo) - T\u00f3picos em Hist\u00f3ria da Integra\u00e7\u00e3o Europeia\" width=\"760\" height=\"428\" src=\"https:\/\/www.youtube.com\/embed\/zKK9Ft9FW3w?feature=oembed\" frameborder=\"0\" allow=\"accelerometer; autoplay; clipboard-write; encrypted-media; gyroscope; picture-in-picture; web-share\" allowfullscreen><\/iframe>\n<\/div><figcaption class=\"wp-element-caption\">Season 2 &#8211; Lesson #3 (Supranationalism and Intergovernmentalism)<\/figcaption><\/figure>\n\n\n\n<figure class=\"wp-block-embed is-type-video is-provider-youtube wp-block-embed-youtube wp-embed-aspect-16-9 wp-has-aspect-ratio\"><div class=\"wp-block-embed__wrapper\">\n<iframe loading=\"lazy\" title=\"Aula #4 (A crise da &quot;Cadeira Vazia&quot;) - T\u00f3picos em Hist\u00f3ria da Integra\u00e7\u00e3o Europeia\" width=\"760\" height=\"428\" src=\"https:\/\/www.youtube.com\/embed\/aYPAV8LhkQk?feature=oembed\" frameborder=\"0\" allow=\"accelerometer; autoplay; clipboard-write; encrypted-media; gyroscope; picture-in-picture; web-share\" allowfullscreen><\/iframe>\n<\/div><figcaption class=\"wp-element-caption\">Season 2 &#8211; Lesson #4 (The &#8220;Empty Chair&#8221; crisis)<\/figcaption><\/figure>\n\n\n\n<p class=\"wp-block-paragraph\"><\/p>\n\n\n\n<p class=\"wp-block-paragraph\"><strong>Some of the in-person courses at FACE\/UFMG currently offered or already offered are as follows:<\/strong><\/p>\n\n\n\n<p class=\"wp-block-paragraph\"><strong>ECN208 \u2013 Readings in Economic History and History of Economic Thought: History and Politics of European Integration \/ 60 hours<\/strong><\/p>\n\n\n\n<p class=\"wp-block-paragraph\">Professor: Alexandre Mendes Cunha<\/p>\n\n\n\n<p class=\"wp-block-paragraph\"><strong>ECN094 \u2013 Economic Blocks and Regional Integration \/ 60 hours<\/strong><\/p>\n\n\n\n<p class=\"wp-block-paragraph\">Professor: Patr\u00edcia Carvalho<\/p>\n\n\n\n<p class=\"wp-block-paragraph\"><strong>ECN240 \u2013 Political History and Recent Challenges of the European Integration Process \/ 60 hours<\/strong><\/p>\n\n\n\n<p class=\"wp-block-paragraph\">Professor: Alexandre Mendes Cunha<\/p>\n\n\n\n<p class=\"wp-block-paragraph\"><strong>ECN240 \u2013 European Union: recent challenges \/ 60 hours<\/strong><\/p>\n\n\n\n<p class=\"wp-block-paragraph\">Professor: Alexandre Mendes Cunha<\/p>\n\n\n\n<p class=\"wp-block-paragraph\"><strong>ECN929 \u2013 SPECIAL TOPICS IN POLITICAL ECONOMY: European Economic Thought in the Inter-War Period \/ 30 hours (Postgraduate)<\/strong><\/p>\n\n\n\n<p class=\"wp-block-paragraph\">Professor: Alexandre Mendes Cunha<\/p>\n\n\n\n<p class=\"wp-block-paragraph\"><strong>ECN094 \u2013 Economic Blocks and Regional Integration \/ 60 hours<\/strong><\/p>\n\n\n\n<p class=\"wp-block-paragraph\">Professor: Patr\u00edcia Carvalho<\/p>\n\n\n\n<p class=\"wp-block-paragraph\"><\/p>\n\n\n\n<p class=\"wp-block-paragraph\"><strong><\/strong><\/p>\n\n\n\n<p class=\"wp-block-paragraph\"><br><\/p>\n\n\n\n<p class=\"wp-block-paragraph\"><\/p>\n","protected":false},"excerpt":{"rendered":"<p>Since the second half of 2017, the Jean Monnet Chair team has been offering a series of courses in the area of European integration studies, with the aim of promoting [&hellip;]<\/p>\n","protected":false},"author":25,"featured_media":0,"parent":0,"menu_order":0,"comment_status":"closed","ping_status":"closed","template":"","meta":{"_crdt_document":"","_exactmetrics_skip_tracking":false,"_exactmetrics_sitenote_active":false,"_exactmetrics_sitenote_note":"","_exactmetrics_sitenote_category":0,"footnotes":""},"class_list":["post-139","page","type-page","status-publish","hentry"],"_links":{"self":[{"href":"https:\/\/pesquisas.face.ufmg.br\/jeanmonnet\/wp-json\/wp\/v2\/pages\/139","targetHints":{"allow":["GET"]}}],"collection":[{"href":"https:\/\/pesquisas.face.ufmg.br\/jeanmonnet\/wp-json\/wp\/v2\/pages"}],"about":[{"href":"https:\/\/pesquisas.face.ufmg.br\/jeanmonnet\/wp-json\/wp\/v2\/types\/page"}],"author":[{"embeddable":true,"href":"https:\/\/pesquisas.face.ufmg.br\/jeanmonnet\/wp-json\/wp\/v2\/users\/25"}],"replies":[{"embeddable":true,"href":"https:\/\/pesquisas.face.ufmg.br\/jeanmonnet\/wp-json\/wp\/v2\/comments?post=139"}],"version-history":[{"count":10,"href":"https:\/\/pesquisas.face.ufmg.br\/jeanmonnet\/wp-json\/wp\/v2\/pages\/139\/revisions"}],"predecessor-version":[{"id":313,"href":"https:\/\/pesquisas.face.ufmg.br\/jeanmonnet\/wp-json\/wp\/v2\/pages\/139\/revisions\/313"}],"wp:attachment":[{"href":"https:\/\/pesquisas.face.ufmg.br\/jeanmonnet\/wp-json\/wp\/v2\/media?parent=139"}],"curies":[{"name":"wp","href":"https:\/\/api.w.org\/{rel}","templated":true}]}}