{"id":802,"date":"2018-10-16T16:46:21","date_gmt":"2018-10-16T19:46:21","guid":{"rendered":"http:\/\/pesquisas.face.ufmg.br\/gppd\/?page_id=802"},"modified":"2018-11-27T16:29:28","modified_gmt":"2018-11-27T18:29:28","slug":"cooperacao-internacional-e-desenvolvimento","status":"publish","type":"page","link":"https:\/\/pesquisas.face.ufmg.br\/gppd\/projetos\/cooperacao-internacional-e-desenvolvimento\/","title":{"rendered":"Coopera\u00e7\u00e3o Internacional e Desenvolvimento"},"content":{"rendered":"\n<p class=\"has-text-color has-very-dark-gray-color wp-block-paragraph\">O campo da <em>Coopera\u00e7\u00e3o Internacional para o Desenvolvimento<\/em>&nbsp;(CID)&nbsp;tem experimentado&nbsp;profundas transforma\u00e7\u00f5es&nbsp;em suas pr\u00e1ticas, ao mesmo tempo em que preserva importantes elementos da sua arquitetura institucional.&nbsp;Por um lado,&nbsp;observa-se a emerg\u00eancia de uma variedade de agentes&nbsp;operando no campo,&nbsp;como&nbsp;bancos multilaterais, ag\u00eancias governamentais, organiza\u00e7\u00f5es internacionais, ONGs e empresas transnacionais que cooperam e competem por&nbsp;recursos e&nbsp;projetos de desenvolvimento. A multiplica\u00e7\u00e3o de agentes&nbsp;\u00e9 acompanhada pela redefini\u00e7\u00e3o dos seus pap\u00e9is e suas formas de atua\u00e7\u00e3o, impactando diretamente a formula\u00e7\u00e3o e implementa\u00e7\u00e3o de pol\u00edticas p\u00fablicas nos pa\u00edses benefici\u00e1rios da ajuda internacional.<\/p>\n\n\n\n<p class=\"has-text-color has-very-dark-gray-color wp-block-paragraph\">Por outro lado, o campo mant\u00e9m um conte\u00fado normativo praticamente&nbsp;intacto&nbsp;desde a sua cria\u00e7\u00e3o, pautado no princ\u00edpio da transfer\u00eancia de capital e conhecimento t\u00e9cnico das economias avan\u00e7adas para as economias menos desenvolvidas. Esse arranjo institucional, constru\u00eddo&nbsp;sob os ausp\u00edcios da&nbsp;hegemonia&nbsp;estadunidense,&nbsp;resistiu a diferentes contesta\u00e7\u00f5es ao longo da sua hist\u00f3ria, sendo a principal delas a demanda por uma \u201cNova Ordem Econ\u00f4mica Internacional\u201d, articulada pelos pa\u00edses perif\u00e9ricos, no auge da Guerra Fria. No s\u00e9culo XXI, a CID encara uma nova onda de contesta\u00e7\u00e3o, dessa vez, pelas possibilidades de redefini\u00e7\u00e3o da agenda de desenvolvimento internacional estimulada pela ascens\u00e3o das economias emergentes&nbsp;e pelas crises econ\u00f4micas e pol\u00edticas vivenciadas pelas economias avan\u00e7adas.<\/p>\n\n\n\n<p class=\"has-text-color has-very-dark-gray-color wp-block-paragraph\">Essa linha de pesquisa busca compreender o momento atual do campo da coopera\u00e7\u00e3o internacional para o desenvolvimento, tendo como foco os desafios conceituais e pr\u00e1ticos colocados pela nova conjuntura da economia pol\u00edtica internacional. Especificamente, ela estuda as estrat\u00e9gias de promo\u00e7\u00e3o do desenvolvimento no \u00e2mbito global e suas articula\u00e7\u00f5es com a formula\u00e7\u00e3o de pol\u00edticas p\u00fablicas no \u00e2mbito dom\u00e9stico. Inevitavelmente, a an\u00e1lise da CID&nbsp;conecta com as din\u00e2micas observadas nas esferas da produ\u00e7\u00e3o, do com\u00e9rcio e das finan\u00e7as, uma vez que os entraves ao desenvolvimento est\u00e3o enraizados n\u00e3o somente em quest\u00f5es instrucionais,&nbsp;mas, sobretudo, estruturais.<\/p>\n\n\n\n<p class=\"has-text-color has-very-dark-gray-color wp-block-paragraph\">A linha de pesquisa em\u00a0<em>Coopera\u00e7\u00e3o Internacional e Desenvolvimento\u00a0<\/em>\u00e9 composta pelos professores <em>Fernanda Cimini<\/em> (Coordenadora) e <em>Jo\u00e3o Romero<\/em>.<\/p>\n","protected":false},"excerpt":{"rendered":"<p>O campo da Coopera\u00e7\u00e3o Internacional para o Desenvolvimento&nbsp;(CID)&nbsp;tem experimentado&nbsp;profundas transforma\u00e7\u00f5es&nbsp;em suas pr\u00e1ticas, ao mesmo tempo em que preserva importantes elementos da sua arquitetura institucional.&nbsp;Por um lado,&nbsp;observa-se a emerg\u00eancia de uma&hellip; <br \/> <a class=\"read-more\" href=\"https:\/\/pesquisas.face.ufmg.br\/gppd\/projetos\/cooperacao-internacional-e-desenvolvimento\/\">Leia mais<\/a><\/p>\n","protected":false},"author":24,"featured_media":0,"parent":19,"menu_order":0,"comment_status":"closed","ping_status":"closed","template":"","meta":{"_crdt_document":"","_exactmetrics_skip_tracking":false,"_exactmetrics_sitenote_active":false,"_exactmetrics_sitenote_note":"","_exactmetrics_sitenote_category":0,"footnotes":""},"class_list":["post-802","page","type-page","status-publish","hentry"],"_links":{"self":[{"href":"https:\/\/pesquisas.face.ufmg.br\/gppd\/wp-json\/wp\/v2\/pages\/802","targetHints":{"allow":["GET"]}}],"collection":[{"href":"https:\/\/pesquisas.face.ufmg.br\/gppd\/wp-json\/wp\/v2\/pages"}],"about":[{"href":"https:\/\/pesquisas.face.ufmg.br\/gppd\/wp-json\/wp\/v2\/types\/page"}],"author":[{"embeddable":true,"href":"https:\/\/pesquisas.face.ufmg.br\/gppd\/wp-json\/wp\/v2\/users\/24"}],"replies":[{"embeddable":true,"href":"https:\/\/pesquisas.face.ufmg.br\/gppd\/wp-json\/wp\/v2\/comments?post=802"}],"version-history":[{"count":34,"href":"https:\/\/pesquisas.face.ufmg.br\/gppd\/wp-json\/wp\/v2\/pages\/802\/revisions"}],"predecessor-version":[{"id":2181,"href":"https:\/\/pesquisas.face.ufmg.br\/gppd\/wp-json\/wp\/v2\/pages\/802\/revisions\/2181"}],"up":[{"embeddable":true,"href":"https:\/\/pesquisas.face.ufmg.br\/gppd\/wp-json\/wp\/v2\/pages\/19"}],"wp:attachment":[{"href":"https:\/\/pesquisas.face.ufmg.br\/gppd\/wp-json\/wp\/v2\/media?parent=802"}],"curies":[{"name":"wp","href":"https:\/\/api.w.org\/{rel}","templated":true}]}}