{"id":80,"date":"2018-08-28T18:04:38","date_gmt":"2018-08-28T21:04:38","guid":{"rendered":"http:\/\/pesquisas.face.ufmg.br\/gppd\/?page_id=80"},"modified":"2019-12-19T17:13:37","modified_gmt":"2019-12-19T20:13:37","slug":"analise-de-conjuntura","status":"publish","type":"page","link":"https:\/\/pesquisas.face.ufmg.br\/gppd\/projetos\/analise-de-conjuntura\/","title":{"rendered":"An\u00e1lise de Conjuntura"},"content":{"rendered":"\n<p class=\"has-text-color has-regular-font-size has-very-dark-gray-color wp-block-paragraph\">As pesquisas em <em>An\u00e1lise de Conjuntura<\/em> apresentam como objetivo o estudo do desempenho dos principais indicadores de conjuntura econ\u00f4mica de Minas Gerais, a fim de promover, de maneira organizada, a divulga\u00e7\u00e3o de informa\u00e7\u00f5es acerca das condi\u00e7\u00f5es econ\u00f4micas do estado para diversos segmentos da sociedade. A elabora\u00e7\u00e3o semanal de conte\u00fados \u00e9 feita pelo Grupo de An\u00e1lise da Conjuntura Mineira (GAC) \u2013 iniciativa do Cedeplar (FACE\/UFMG). Assim, a pesquisa se baseia na necessidade de fornecer, em um \u00fanico produto, uma an\u00e1lise sobre a conjuntura macroecon\u00f4mica mineira e compartilhar recursos, <em>expertise<\/em> e diferentes vis\u00f5es sobre o tema, ampliando o campo de an\u00e1lise dos problemas mineiros.<\/p>\n\n\n\n<p class=\"has-text-color has-very-dark-gray-color wp-block-paragraph\">A linha de pesquisa em\u00a0<em>An\u00e1lise de Conjuntura<\/em>\u00a0\u00e9 composta pelos professores\u00a0<em>Fabr\u00edcio Missio<\/em>\u00a0(Coordenador),\u00a0<em>Rafael Ribeiro<\/em>\u00a0(Sub-Coordenador) e <em>Jo\u00e3o Romero<\/em>, al\u00e9m dos alunos de gradua\u00e7\u00e3o<em> Alisson Giffoni, Filipe Ara\u00fajo, Francesco Brand\u00e3o, Guilherme Carvalho, Isabella Siqueira, Laura Maciel, Luiz Felipe Portelinha, Mateus Guilherme e Rafael Campanharo. <\/em><\/p>\n\n\n\n<p class=\"has-normal-font-size wp-block-paragraph\"><a rel=\"noreferrer noopener\" href=\"https:\/\/pesquisas.face.ufmg.br\/gppd\/projetos\/analise-de-conjuntura\/cartas-de-conjuntura\/\" target=\"_blank\">Boletins de conjuntura<\/a><\/p>\n\n\n\n<p class=\"has-normal-font-size wp-block-paragraph\"><a href=\"https:\/\/pesquisas.face.ufmg.br\/gppd\/projetos\/analise-de-conjuntura\/relatorios-de-conjuntura\/\" target=\"_blank\" rel=\"noreferrer noopener\" aria-label=\" (opens in a new tab)\">Relat\u00f3rios&nbsp;de&nbsp;conjuntura<\/a><\/p>\n\n\n\n<p class=\"has-normal-font-size wp-block-paragraph\"><a rel=\"noreferrer noopener\" aria-label=\" (abre em uma nova aba)\" href=\"https:\/\/pesquisas.face.ufmg.br\/gppd\/publicacoes-2\/relatorios-de-previsao\/\" target=\"_blank\">Relat\u00f3rios&nbsp;de previs\u00e3o<\/a><\/p>\n\n\n\n<p class=\"has-normal-font-size wp-block-paragraph\"><a href=\"https:\/\/www.facebook.com\/GACUFMG\/\" target=\"_blank\" rel=\"noreferrer noopener\">Facebook<\/a><\/p>\n\n\n\n<p class=\"has-text-color has-normal-font-size has-very-dark-gray-color wp-block-paragraph\">E-mail:&nbsp;gacufmg@gmail.com<\/p>\n\n\n\n<p class=\"has-text-color has-normal-font-size has-very-dark-gray-color wp-block-paragraph\">Telefone:&nbsp;(31) 3409-7213&nbsp;<\/p>\n","protected":false},"excerpt":{"rendered":"<p>As pesquisas em An\u00e1lise de Conjuntura apresentam como objetivo o estudo do desempenho dos principais indicadores de conjuntura econ\u00f4mica de Minas Gerais, a fim de promover, de maneira organizada, a&hellip; <br \/> <a class=\"read-more\" href=\"https:\/\/pesquisas.face.ufmg.br\/gppd\/projetos\/analise-de-conjuntura\/\">Leia mais<\/a><\/p>\n","protected":false},"author":24,"featured_media":0,"parent":19,"menu_order":0,"comment_status":"closed","ping_status":"closed","template":"","meta":{"_crdt_document":"","_exactmetrics_skip_tracking":false,"_exactmetrics_sitenote_active":false,"_exactmetrics_sitenote_note":"","_exactmetrics_sitenote_category":0,"footnotes":""},"class_list":["post-80","page","type-page","status-publish","hentry"],"_links":{"self":[{"href":"https:\/\/pesquisas.face.ufmg.br\/gppd\/wp-json\/wp\/v2\/pages\/80","targetHints":{"allow":["GET"]}}],"collection":[{"href":"https:\/\/pesquisas.face.ufmg.br\/gppd\/wp-json\/wp\/v2\/pages"}],"about":[{"href":"https:\/\/pesquisas.face.ufmg.br\/gppd\/wp-json\/wp\/v2\/types\/page"}],"author":[{"embeddable":true,"href":"https:\/\/pesquisas.face.ufmg.br\/gppd\/wp-json\/wp\/v2\/users\/24"}],"replies":[{"embeddable":true,"href":"https:\/\/pesquisas.face.ufmg.br\/gppd\/wp-json\/wp\/v2\/comments?post=80"}],"version-history":[{"count":158,"href":"https:\/\/pesquisas.face.ufmg.br\/gppd\/wp-json\/wp\/v2\/pages\/80\/revisions"}],"predecessor-version":[{"id":3601,"href":"https:\/\/pesquisas.face.ufmg.br\/gppd\/wp-json\/wp\/v2\/pages\/80\/revisions\/3601"}],"up":[{"embeddable":true,"href":"https:\/\/pesquisas.face.ufmg.br\/gppd\/wp-json\/wp\/v2\/pages\/19"}],"wp:attachment":[{"href":"https:\/\/pesquisas.face.ufmg.br\/gppd\/wp-json\/wp\/v2\/media?parent=80"}],"curies":[{"name":"wp","href":"https:\/\/api.w.org\/{rel}","templated":true}]}}