{"id":3510,"date":"2019-10-31T11:07:40","date_gmt":"2019-10-31T13:07:40","guid":{"rendered":"http:\/\/pesquisas.face.ufmg.br\/gppd\/?page_id=3510"},"modified":"2020-01-06T14:30:26","modified_gmt":"2020-01-06T17:30:26","slug":"relatorios-de-previsao","status":"publish","type":"page","link":"https:\/\/pesquisas.face.ufmg.br\/gppd\/publicacoes-2\/relatorios-de-previsao\/","title":{"rendered":"Relat\u00f3rios de Previs\u00e3o"},"content":{"rendered":"\n<p class=\"wp-block-paragraph\"><strong><span style=\"color: #000000\">Novembro\/2019<\/span><\/strong><\/p>\n\n\n\n<p class=\"wp-block-paragraph\"><span style=\"color: #000000\"><em>01.11 &#8211;<\/em><\/span> <a href=\"http:\/\/pesquisas.face.ufmg.br\/gppd\/wp-content\/uploads\/sites\/24\/2019\/10\/Proje\u00e7\u00f5es-Econom\u00e9tricas-novembro.19.pdf\" target=\"_blank\" rel=\"noopener noreferrer\">Proje\u00e7\u00f5es econom\u00e9tricas: Brasil e Minas Gerais<\/a><\/p>\n","protected":false},"excerpt":{"rendered":"<p>Novembro\/2019 01.11 &#8211; Proje\u00e7\u00f5es econom\u00e9tricas: Brasil e Minas Gerais<\/p>\n","protected":false},"author":24,"featured_media":0,"parent":2997,"menu_order":0,"comment_status":"closed","ping_status":"closed","template":"","meta":{"_crdt_document":"","_exactmetrics_skip_tracking":false,"_exactmetrics_sitenote_active":false,"_exactmetrics_sitenote_note":"","_exactmetrics_sitenote_category":0,"footnotes":""},"class_list":["post-3510","page","type-page","status-publish","hentry"],"_links":{"self":[{"href":"https:\/\/pesquisas.face.ufmg.br\/gppd\/wp-json\/wp\/v2\/pages\/3510","targetHints":{"allow":["GET"]}}],"collection":[{"href":"https:\/\/pesquisas.face.ufmg.br\/gppd\/wp-json\/wp\/v2\/pages"}],"about":[{"href":"https:\/\/pesquisas.face.ufmg.br\/gppd\/wp-json\/wp\/v2\/types\/page"}],"author":[{"embeddable":true,"href":"https:\/\/pesquisas.face.ufmg.br\/gppd\/wp-json\/wp\/v2\/users\/24"}],"replies":[{"embeddable":true,"href":"https:\/\/pesquisas.face.ufmg.br\/gppd\/wp-json\/wp\/v2\/comments?post=3510"}],"version-history":[{"count":2,"href":"https:\/\/pesquisas.face.ufmg.br\/gppd\/wp-json\/wp\/v2\/pages\/3510\/revisions"}],"predecessor-version":[{"id":3607,"href":"https:\/\/pesquisas.face.ufmg.br\/gppd\/wp-json\/wp\/v2\/pages\/3510\/revisions\/3607"}],"up":[{"embeddable":true,"href":"https:\/\/pesquisas.face.ufmg.br\/gppd\/wp-json\/wp\/v2\/pages\/2997"}],"wp:attachment":[{"href":"https:\/\/pesquisas.face.ufmg.br\/gppd\/wp-json\/wp\/v2\/media?parent=3510"}],"curies":[{"name":"wp","href":"https:\/\/api.w.org\/{rel}","templated":true}]}}