{"id":3092,"date":"2019-06-01T07:26:45","date_gmt":"2019-06-01T10:26:45","guid":{"rendered":"http:\/\/pesquisas.face.ufmg.br\/gppd\/?page_id=3092"},"modified":"2020-10-16T14:36:02","modified_gmt":"2020-10-16T17:36:02","slug":"artigos-de-jornal","status":"publish","type":"page","link":"https:\/\/pesquisas.face.ufmg.br\/gppd\/publicacoes-2\/artigos-de-jornal\/","title":{"rendered":"Artigos de Jornal"},"content":{"rendered":"\n<p class=\"wp-block-paragraph\"><strong><em><a rel=\"noreferrer noopener\" href=\"https:\/\/diplomatique.org.br\/em-terra-de-ciclopes-reflexoes-sobre-cultura-e-barbarie-no-brasil-de-hoje\/\" target=\"_blank\">Em Terra de Ciclopes: reflex\u00f5es sobre cultura e barb\u00e1rie no Brasil de hoje.<\/a><\/em><\/strong><span style=\"color: #000000\"> 10 de setembro de 2020. Artigo do professor Rafael Ribeiro no <em>Le Monde Diplomatique Brasil<\/em>. <em> <\/em><\/span><\/p>\n\n\n\n<p class=\"wp-block-paragraph\"><strong><em><a href=\"https:\/\/theintercept.com\/2019\/12\/19\/agenda-ultraliberal-paulo-guedes-produtividade\/?fbclid=IwAR0IiQYx_uRROlR-I8gAt31VoTcs8wENKl0yHMojiMkL_irRT8XQpRoMmT8\" target=\"_blank\" rel=\"noopener noreferrer\">Agenda de Paulo Guedes faz produtividade encolher<\/a><\/em><\/strong>.<span style=\"color: #000000\"> 19 de dezembro de 2019. Artigo do professor Jo\u00e3o Prates Romero no <em>The Intercept Brasil.<\/em><\/span><\/p>\n\n\n\n<p class=\"wp-block-paragraph\"><strong><em><a href=\"https:\/\/www1.folha.uol.com.br\/mercado\/2019\/10\/as-receitas-para-sair-da-crise.shtml?fbclid=IwAR0bAsYchQ99uJtLNVMDm_eF2d5a_B9LZvZAof2SrgUaOYenpEtBb69ahYM\" target=\"_blank\" rel=\"noopener noreferrer\">As receitas para sair da crise<\/a><\/em><\/strong>.<span style=\"color: #000000\"> 01 de outubro de 2019. Artigo do professor Jo\u00e3o Prates Romero na <em>Folha de S\u00e3o Paulo.<\/em><\/span><\/p>\n\n\n\n<p class=\"wp-block-paragraph\"><strong><em><a href=\"https:\/\/valor.globo.com\/opiniao\/coluna\/o-que-esperar-do-acordo-comercial-mercosul-ue.ghtml\" target=\"_blank\" rel=\"noopener noreferrer\">O que esperar do acordo comercial Mercosul-UE<\/a><\/em><\/strong>.<span style=\"color: #000000\"> 05 de agosto de 2019. Artigo do professor Jo\u00e3o Prates Romero no jornal <em>Valor Econ\u00f4mico.<\/em><\/span><\/p>\n\n\n\n<p class=\"wp-block-paragraph\"><strong><em><a href=\"https:\/\/diplomatique.org.br\/brasil-o-desenvolvimento-interditado\/\" target=\"_blank\" rel=\"noopener noreferrer\">Brasil: o desenvolvimento interditado<\/a><\/em><\/strong>.<span style=\"color: #000000\"> 11 de janeiro de 2019. Artigo do professor Jo\u00e3o Prates Romero na edi\u00e7\u00e3o brasileira do jornal <em>Le Monde Diplomatique.<\/em><\/span><\/p>\n\n\n\n<p class=\"wp-block-paragraph\"><em><strong><a href=\"https:\/\/www.valor.com.br\/sites\/default\/files\/infograficos\/pdf\/CepalEnsaio2_03012019.pdf\" target=\"_blank\" rel=\"noopener noreferrer\">Investimento em infraestrutura: uma estrada para o desenvolvimento<\/a><\/strong><\/em><span style=\"color: #000000\">.<\/span> <span style=\"color: #000000\">07 de janeiro de 2019. Ensaio produzido pelo professor Rafael Ribeiro em conjunto com Victor Medeiros (mestrando pelo Cedeplar\/UFMG). Trabalho vencedor <a href=\"https:\/\/www.valor.com.br\/brasil\/6051637\/concurso-do-valor-e-da-cepal-tem-dois-vencedores?fbclid=IwAR118Z1GAgbF4viGzOjdrSs7LITfNwmA0XnUkJoyDmw9FZlC4qYOE3bZSww#\" target=\"_blank\" rel=\"noopener noreferrer\">do concurso de ensaios<\/a> promovido pelo jornal <em>Valor Econ\u00f4mico<\/em> e pela Comiss\u00e3o Econ\u00f4mica para a Am\u00e9rica Latina e o Caribe (Cepal).<\/span><\/p>\n\n\n\n<p class=\"wp-block-paragraph\"><strong><em><a href=\"https:\/\/www.valor.com.br\/opiniao\/5705607\/e-preciso-rever-o-teto-de-gastos\" target=\"_blank\" rel=\"noopener noreferrer\">\u00c9 preciso rever o teto de gastos<\/a><\/em><\/strong>.<span style=\"color: #000000\"> 02 de agosto de 2018. Artigo do professor Jo\u00e3o Prates Romero no jornal <em>Valor Econ\u00f4mico<\/em><em>.<\/em><\/span><\/p>\n\n\n\n<p class=\"wp-block-paragraph\"><\/p>\n","protected":false},"excerpt":{"rendered":"<p>Em Terra de Ciclopes: reflex\u00f5es sobre cultura e barb\u00e1rie no Brasil de hoje. 10 de setembro de 2020. Artigo do professor Rafael Ribeiro no Le Monde Diplomatique Brasil. Agenda de&hellip; <br \/> <a class=\"read-more\" href=\"https:\/\/pesquisas.face.ufmg.br\/gppd\/publicacoes-2\/artigos-de-jornal\/\">Leia mais<\/a><\/p>\n","protected":false},"author":24,"featured_media":0,"parent":2997,"menu_order":0,"comment_status":"closed","ping_status":"closed","template":"","meta":{"_crdt_document":"","_exactmetrics_skip_tracking":false,"_exactmetrics_sitenote_active":false,"_exactmetrics_sitenote_note":"","_exactmetrics_sitenote_category":0,"footnotes":""},"class_list":["post-3092","page","type-page","status-publish","hentry"],"_links":{"self":[{"href":"https:\/\/pesquisas.face.ufmg.br\/gppd\/wp-json\/wp\/v2\/pages\/3092","targetHints":{"allow":["GET"]}}],"collection":[{"href":"https:\/\/pesquisas.face.ufmg.br\/gppd\/wp-json\/wp\/v2\/pages"}],"about":[{"href":"https:\/\/pesquisas.face.ufmg.br\/gppd\/wp-json\/wp\/v2\/types\/page"}],"author":[{"embeddable":true,"href":"https:\/\/pesquisas.face.ufmg.br\/gppd\/wp-json\/wp\/v2\/users\/24"}],"replies":[{"embeddable":true,"href":"https:\/\/pesquisas.face.ufmg.br\/gppd\/wp-json\/wp\/v2\/comments?post=3092"}],"version-history":[{"count":19,"href":"https:\/\/pesquisas.face.ufmg.br\/gppd\/wp-json\/wp\/v2\/pages\/3092\/revisions"}],"predecessor-version":[{"id":3666,"href":"https:\/\/pesquisas.face.ufmg.br\/gppd\/wp-json\/wp\/v2\/pages\/3092\/revisions\/3666"}],"up":[{"embeddable":true,"href":"https:\/\/pesquisas.face.ufmg.br\/gppd\/wp-json\/wp\/v2\/pages\/2997"}],"wp:attachment":[{"href":"https:\/\/pesquisas.face.ufmg.br\/gppd\/wp-json\/wp\/v2\/media?parent=3092"}],"curies":[{"name":"wp","href":"https:\/\/api.w.org\/{rel}","templated":true}]}}