{"id":3063,"date":"2019-05-31T18:20:38","date_gmt":"2019-05-31T21:20:38","guid":{"rendered":"http:\/\/pesquisas.face.ufmg.br\/gppd\/?page_id=3063"},"modified":"2019-07-30T12:46:01","modified_gmt":"2019-07-30T15:46:01","slug":"noticias","status":"publish","type":"page","link":"https:\/\/pesquisas.face.ufmg.br\/gppd\/noticias\/","title":{"rendered":"Not\u00edcias"},"content":{"rendered":"<ul>\n<li><a href=\"https:\/\/www.cedeplar.ufmg.br\/noticias\/1149-workshop-on-development-lock-ins-traps-and-catch-up-india-china-south-africa-south-korea-and-latin-america\" target=\"_blank\" rel=\"noreferrer noopener\" aria-label=\" (opens in a new tab)\">08\/07\/19 a 10\/07\/19 \u2013 Cedeplar anuncia a realiza\u00e7\u00e3o do \u201cWorkshop on Development, Lock-Ins, Traps and Catch Up: India, China, South Africa, South Korea and Latin America\u201d<\/a><\/li>\n<\/ul>\n<p><img loading=\"lazy\" decoding=\"async\" class=\" wp-image-1001 alignleft\" src=\"http:\/\/pesquisas.face.ufmg.br\/gppd\/wp-content\/uploads\/sites\/24\/2018\/10\/FACE-7-300x225.jpg\" alt=\"\" width=\"229\" height=\"172\" srcset=\"https:\/\/pesquisas.face.ufmg.br\/gppd\/wp-content\/uploads\/sites\/24\/2018\/10\/FACE-7-300x225.jpg 300w, https:\/\/pesquisas.face.ufmg.br\/gppd\/wp-content\/uploads\/sites\/24\/2018\/10\/FACE-7-768x576.jpg 768w, https:\/\/pesquisas.face.ufmg.br\/gppd\/wp-content\/uploads\/sites\/24\/2018\/10\/FACE-7-500x375.jpg 500w, https:\/\/pesquisas.face.ufmg.br\/gppd\/wp-content\/uploads\/sites\/24\/2018\/10\/FACE-7.jpg 960w\" sizes=\"auto, (max-width: 229px) 100vw, 229px\" \/><\/p>\n<p class=\"has-text-color has-very-dark-gray-color\">O workshop ser\u00e1 realizado nos dias 8, 9 e 10 de julho na Faculdade de Ci\u00eancias Econ\u00f4micas da UFMG (Bloco de Audit\u00f3rios, Audit\u00f3rio 1).<\/p>\n<p class=\"has-text-color has-very-dark-gray-color\">O evento, que conta com a participa\u00e7\u00e3o de professores do Cedeplar (dentre eles Fernanda Cimini, Frederico Gonzaga e Gustavo Britto) e de convidados renomados nacional e internacionalmente, ir\u00e1 abordar tem\u00e1ticas importantes para o debate acerca do desenvolvimento econ\u00f4mico.<\/p>\n<p>&nbsp;<\/p>\n<ul>\n<li><a href=\"https:\/\/www.almg.gov.br\/acompanhe\/noticias\/arquivos\/2019\/05\/24_comissao_desenvolvimento_economico_lei_kandir.html?fbclid=IwAR3cDdrctL5_SgAtuKiZypotrYI74hzddhlxytRfqR591AnM9gL2TzEKsf0\" target=\"_blank\" rel=\"noopener noreferrer\">24\/05\/19 &#8211; Professor Jo\u00e3o Romero participa de audi\u00eancia p\u00fablica na Assembleia Legislativa de Minas Gerais<\/a><\/li>\n<\/ul>\n<p><img loading=\"lazy\" decoding=\"async\" class=\"wp-image-3099 alignright\" src=\"http:\/\/pesquisas.face.ufmg.br\/gppd\/wp-content\/uploads\/sites\/24\/2019\/06\/Audi\u00eancia-p\u00fablica-300x200.jpg\" alt=\"\" width=\"256\" height=\"170\" srcset=\"https:\/\/pesquisas.face.ufmg.br\/gppd\/wp-content\/uploads\/sites\/24\/2019\/06\/Audi\u00eancia-p\u00fablica-300x200.jpg 300w, https:\/\/pesquisas.face.ufmg.br\/gppd\/wp-content\/uploads\/sites\/24\/2019\/06\/Audi\u00eancia-p\u00fablica-500x334.jpg 500w, https:\/\/pesquisas.face.ufmg.br\/gppd\/wp-content\/uploads\/sites\/24\/2019\/06\/Audi\u00eancia-p\u00fablica-272x182.jpg 272w, https:\/\/pesquisas.face.ufmg.br\/gppd\/wp-content\/uploads\/sites\/24\/2019\/06\/Audi\u00eancia-p\u00fablica.jpg 640w\" sizes=\"auto, (max-width: 256px) 100vw, 256px\" \/><\/p>\n<p><span style=\"color: #000000\">No dia 24 de maio de 2019, o professor Jo\u00e3o Prates Romero participou de audi\u00eancia p\u00fablica na ALMG. O intuito da reuni\u00e3o foi discutir alternativas para a crise fiscal de Minas Gerais. <\/span><\/p>\n<p><span style=\"color: #000000\">Em sua participa\u00e7\u00e3o, o pesquisador defendeu que a sa\u00edda para a crise de Minas Gerais requer uma combina\u00e7\u00e3o de pol\u00edticas: elevar impostos, aumentar investimentos p\u00fablicos e reduzir o ritmo de crescimento dos gastos. O evento contou com a participa\u00e7\u00e3o dos deputados Rog\u00e9rio Correia (PT-MG), Reginaldo Lopes (PT-MG) e J\u00falio Delgado (PSB-MG).<\/span><\/p>\n<ul>\n<li><a href=\"https:\/\/lasaweb.org\/pt\/\" target=\"_blank\" rel=\"noreferrer noopener\" aria-label=\"24\/05\/19 - Lan\u00e7amento do livro Elites Empresariais, estado e mercado na Am\u00e9rica Latina no Congresso do Latin American Studies Association (LASA) (opens in a new tab)\">24\/05\/19 \u2013 Lan\u00e7amento do livro&nbsp;<em>Elites empresariais, estado e mercado na Am\u00e9rica Latina<\/em>&nbsp;no Congresso do&nbsp;<em>Latin American Studies Association (LASA)<\/em><\/a><\/li>\n<\/ul>\n<p><img loading=\"lazy\" decoding=\"async\" class=\"wp-image-3118  alignleft\" src=\"http:\/\/pesquisas.face.ufmg.br\/gppd\/wp-content\/uploads\/sites\/24\/2019\/06\/unnamed-300x225.jpg\" alt=\"\" width=\"265\" height=\"199\" srcset=\"https:\/\/pesquisas.face.ufmg.br\/gppd\/wp-content\/uploads\/sites\/24\/2019\/06\/unnamed-300x225.jpg 300w, https:\/\/pesquisas.face.ufmg.br\/gppd\/wp-content\/uploads\/sites\/24\/2019\/06\/unnamed-500x375.jpg 500w, https:\/\/pesquisas.face.ufmg.br\/gppd\/wp-content\/uploads\/sites\/24\/2019\/06\/unnamed.jpg 640w\" sizes=\"auto, (max-width: 265px) 100vw, 265px\" \/><\/p>\n<p class=\"has-text-color has-very-dark-gray-color\" style=\"text-align: left\">Entre os dias 24 e 27 de maio de 2019, na cidade de Boston (EUA), ocorrer\u00e1 o&nbsp;<em>Congresso Lasa 2019 \u2013 Nuestra Am\u00e9rica: Justice and Inclusion.<\/em>&nbsp;No evento, ocorrer\u00e1 o lan\u00e7amento do livro \u201cElites empresariais, estado e mercado na Am\u00e9rica Latina\u201d, obra que conta com a professora do Cedeplar Fernanda Cimini como uma das organizadoras.<\/p>\n<p class=\"has-text-color has-very-dark-gray-color\" style=\"text-align: left\">O livro, que foi lan\u00e7ado pela Cole\u00e7\u00e3o Popula\u00e7\u00e3o &amp; Economia em 2018, traz a discuss\u00e3o a respeito do desenvolvimento nos pa\u00edses latino-americanos sob uma perspectiva comparada da rela\u00e7\u00e3o entre as elites empresariais, o mercado e os agentes estatais.<\/p>\n<p>&nbsp;<\/p>\n<ul>\n<li><a href=\"https:\/\/ufmg.br\/comunicacao\/noticias\/perda-do-status-diferenciado-do-brasil-na-omc-pode-prejudicar-exportacoes-brasileiras?fbclid=IwAR1h0WhIPJ90SsPuTSKTdu-YBYW2gwJF1ggxXkRJKmno_QQTlOY9YG6D4GI\" target=\"_blank\" rel=\"noreferrer noopener\" aria-label=\" (opens in a new tab)\">26\/03\/19 \u2013 Professor Jo\u00e3o Prates Romero concede entrevista \u00e0 R\u00e1dio UFMG Educativa<\/a><\/li>\n<\/ul>\n<p><span style=\"color: #000000\"><img loading=\"lazy\" decoding=\"async\" class=\"wp-image-3103 aligncenter\" src=\"http:\/\/pesquisas.face.ufmg.br\/gppd\/wp-content\/uploads\/sites\/24\/2019\/06\/Jo\u00e3o-200x300.jpg\" alt=\"\" width=\"148\" height=\"222\" srcset=\"https:\/\/pesquisas.face.ufmg.br\/gppd\/wp-content\/uploads\/sites\/24\/2019\/06\/Jo\u00e3o-200x300.jpg 200w, https:\/\/pesquisas.face.ufmg.br\/gppd\/wp-content\/uploads\/sites\/24\/2019\/06\/Jo\u00e3o.jpg 333w\" sizes=\"auto, (max-width: 148px) 100vw, 148px\" \/><\/span><\/p>\n<p><span style=\"color: #000000\">Em entrevista \u00e0 R\u00e1dio UFMG Educativa, o professor do Cedeplar Jo\u00e3o Romero analisou brevemente os poss\u00edveis impactos do abandono do tratamento diferenciado do Brasil na OMC.<\/span><\/p>\n<ul>\n<li><a href=\"http:\/\/www.sebrae.com.br\/sites\/PortalSebrae\/ufs\/mg\/cursos_eventos\/seminario-de-inteligencia-para-o-desenvolvimento-economico-local22217,88a3535764557610VgnVCM1000004c00210aRCRD?origem=estadual&amp;codUf=14&amp;cursos=true\" target=\"_blank\" rel=\"noreferrer noopener\">05\/12\/18 \u2013 Professores do Cedeplar participam do&nbsp;<em>Semin\u00e1rio de Intelig\u00eancia para o Desenvolvimento Local<\/em><\/a><\/li>\n<\/ul>\n<p><img loading=\"lazy\" decoding=\"async\" class=\"size-medium wp-image-2264 alignright\" src=\"http:\/\/pesquisas.face.ufmg.br\/gppd\/wp-content\/uploads\/sites\/24\/2018\/12\/Semin\u00e1rio-Sebrae-MG-300x111.png\" alt=\"\" width=\"300\" height=\"111\" srcset=\"https:\/\/pesquisas.face.ufmg.br\/gppd\/wp-content\/uploads\/sites\/24\/2018\/12\/Semin\u00e1rio-Sebrae-MG-300x111.png 300w, https:\/\/pesquisas.face.ufmg.br\/gppd\/wp-content\/uploads\/sites\/24\/2018\/12\/Semin\u00e1rio-Sebrae-MG-500x185.png 500w, https:\/\/pesquisas.face.ufmg.br\/gppd\/wp-content\/uploads\/sites\/24\/2018\/12\/Semin\u00e1rio-Sebrae-MG.png 688w\" sizes=\"auto, (max-width: 300px) 100vw, 300px\" \/><\/p>\n<p class=\"has-text-color has-very-dark-gray-color\">O Semin\u00e1rio sobre&nbsp;<em>Intelig\u00eancia para o Desenvolvimento Local<\/em>, promovido pelo Sebrae\/MG, apresentar\u00e1 discuss\u00f5es a respeito de metodologias, indicadores e informa\u00e7\u00f5es que sustentam a\u00e7\u00f5es e estrat\u00e9gias de promo\u00e7\u00e3o do desenvolvimento econ\u00f4mico nos territ\u00f3rios. O professor Jo\u00e3o Prates Romero participar\u00e1 do painel sobre&nbsp;<em>M\u00e9todos Aplicados ao Desenvolvimento Econ\u00f4mico,&nbsp;<\/em>discutindo sobre&nbsp;<em>Indicadores de Complexidade como Instrumentos de Pol\u00edtica P\u00fablica,&nbsp;<\/em>juntamente com o professor Frederico Gonzaga Jayme Junior, diretor do Cedeplar e com Carla Aguilar, professora da Funda\u00e7\u00e3o Jo\u00e3o Pinheiro.<\/p>\n<ul>\n<li><a href=\"https:\/\/www.cedeplar.ufmg.br\/publicacoes\/colecao-populacao-economia\/1099-elites-empresariais-estado-e-mercado-na-america-latina\" target=\"_blank\" rel=\"noreferrer noopener\">05\/11\/18 \u2013 Elites empresariais latino-americanas comp\u00f5em tema de novo livro organizado por professores do Cedeplar<\/a><\/li>\n<\/ul>\n<p><img loading=\"lazy\" decoding=\"async\" class=\"wp-image-1863 alignleft\" src=\"http:\/\/pesquisas.face.ufmg.br\/gppd\/wp-content\/uploads\/sites\/24\/2018\/11\/livro_elites-empresariais-e1541527006347-1-222x300.png\" alt=\"\" width=\"207\" height=\"280\" srcset=\"https:\/\/pesquisas.face.ufmg.br\/gppd\/wp-content\/uploads\/sites\/24\/2018\/11\/livro_elites-empresariais-e1541527006347-1-222x300.png 222w, https:\/\/pesquisas.face.ufmg.br\/gppd\/wp-content\/uploads\/sites\/24\/2018\/11\/livro_elites-empresariais-e1541527006347-1-500x675.png 500w, https:\/\/pesquisas.face.ufmg.br\/gppd\/wp-content\/uploads\/sites\/24\/2018\/11\/livro_elites-empresariais-e1541527006347-1.png 578w\" sizes=\"auto, (max-width: 207px) 100vw, 207px\" \/><\/p>\n<p class=\"has-text-color has-very-dark-gray-color\">O livro&nbsp;<em>Elite empresariais, estado e mercado na Am\u00e9rica Latina<\/em>&nbsp;\u00e9 mais um dos lan\u00e7amentos que fazem parte da Cole\u00e7\u00e3o Popula\u00e7\u00e3o &amp; Economia, organizada pelos professores do Cedeplar. Nesta edi\u00e7\u00e3o, os autores relacionam as estrat\u00e9gias de desenvolvimento seguidas pelos pa\u00edses da regi\u00e3o com a forma de intera\u00e7\u00e3o entre as elites empresariais latino-americanas e os diversos atores estatais.<\/p>\n<p class=\"has-text-color has-very-dark-gray-color\">As professoras Fernanda Cimini e Roberta Rodrigues, juntamente com o professor&nbsp;Juan Bachiller, formam a equipe de organizadores do&nbsp;<em>e-book<\/em>. Al\u00e9m deles, h\u00e1 tamb\u00e9m contribui\u00e7\u00f5es in\u00e9ditas de especialistas latino-americanos que analisam a trajet\u00f3ria de um pa\u00eds ou de um grupo de pa\u00edses da regi\u00e3o, abordando de forma comparada as v\u00e1rias formas de conex\u00e3o entre elites empresariais, estado e mercado na Am\u00e9rica Latina.<\/p>\n<p>&nbsp;<\/p>\n<p>&nbsp;<\/p>\n<ul>\n<li class=\"has-text-color has-very-dark-gray-color\"><a href=\"https:\/\/www.youtube.com\/watch?v=IXYAmHm4iPg\" target=\"_blank\" rel=\"noreferrer noopener\">29\/10\/18 \u2013 Professor do Cedeplar participa de programa que faz an\u00e1lise sobre as elei\u00e7\u00f5es de 2018<\/a><\/li>\n<\/ul>\n<p><img loading=\"lazy\" decoding=\"async\" class=\"size-medium wp-image-1331 alignright\" src=\"http:\/\/pesquisas.face.ufmg.br\/gppd\/wp-content\/uploads\/sites\/24\/2018\/10\/programa-voz-ativa_29-10-300x146.jpg\" alt=\"\" width=\"300\" height=\"146\" srcset=\"https:\/\/pesquisas.face.ufmg.br\/gppd\/wp-content\/uploads\/sites\/24\/2018\/10\/programa-voz-ativa_29-10-300x146.jpg 300w, https:\/\/pesquisas.face.ufmg.br\/gppd\/wp-content\/uploads\/sites\/24\/2018\/10\/programa-voz-ativa_29-10.jpg 500w\" sizes=\"auto, (max-width: 300px) 100vw, 300px\" \/><\/p>\n<p class=\"has-text-color has-very-dark-gray-color\">O professor Rafael Ribeiro, coordenador do grupo de conjuntura da Faculdade de Ci\u00eancias Econ\u00f4micas da UFMG, foi um dos participantes da mesa de discuss\u00e3o que analisou os resultados das elei\u00e7\u00f5es presidenciais de 2018. O encontro foi organizado pelo programa Voz Ativa exibido, na \u00faltima segunda-feira (29), pela Rede Minas.<\/p>\n<p class=\"has-text-color has-very-dark-gray-color\">Apresentado pelo jornalista Florestan Fernandes Junior, o programa contou tamb\u00e9m com a presen\u00e7a de Leonardo Avritzer, cientista pol\u00edtico e professor da UFMG, Maur\u00edcio Dieter, advogado e professor da USP, Dulce Maria Pereira, professora da UFOP e Simone Pio, jornalista da Rede Minas.<\/p>\n<ul>\n<li><a href=\"https:\/\/www.cedeplar.ufmg.br\/publicacoes\/colecao-populacao-economia\/1067-alternativas-para-uma-crise-de-mu-ltiplas-dimenso-es-1-volume\" target=\"_blank\" rel=\"noreferrer noopener\">05\/09\/18 \u2013 Lan\u00e7amento do livro&nbsp;<em>Alternativas a uma Crise de M\u00faltiplas Dimens\u00f5es<\/em><\/a><\/li>\n<\/ul>\n<p><img loading=\"lazy\" decoding=\"async\" class=\"size-medium wp-image-1487 alignleft\" src=\"http:\/\/pesquisas.face.ufmg.br\/gppd\/wp-content\/uploads\/sites\/24\/2018\/11\/CAPA_LIVRO-Alternativas-para-uma-crise-de-multiplas-dimensoes-223x300.png\" alt=\"\" width=\"223\" height=\"300\" srcset=\"https:\/\/pesquisas.face.ufmg.br\/gppd\/wp-content\/uploads\/sites\/24\/2018\/11\/CAPA_LIVRO-Alternativas-para-uma-crise-de-multiplas-dimensoes-223x300.png 223w, https:\/\/pesquisas.face.ufmg.br\/gppd\/wp-content\/uploads\/sites\/24\/2018\/11\/CAPA_LIVRO-Alternativas-para-uma-crise-de-multiplas-dimensoes-768x1035.png 768w, https:\/\/pesquisas.face.ufmg.br\/gppd\/wp-content\/uploads\/sites\/24\/2018\/11\/CAPA_LIVRO-Alternativas-para-uma-crise-de-multiplas-dimensoes-760x1024.png 760w, https:\/\/pesquisas.face.ufmg.br\/gppd\/wp-content\/uploads\/sites\/24\/2018\/11\/CAPA_LIVRO-Alternativas-para-uma-crise-de-multiplas-dimensoes-500x674.png 500w, https:\/\/pesquisas.face.ufmg.br\/gppd\/wp-content\/uploads\/sites\/24\/2018\/11\/CAPA_LIVRO-Alternativas-para-uma-crise-de-multiplas-dimensoes-1024x1380.png 1024w, https:\/\/pesquisas.face.ufmg.br\/gppd\/wp-content\/uploads\/sites\/24\/2018\/11\/CAPA_LIVRO-Alternativas-para-uma-crise-de-multiplas-dimensoes-801x1080.png 801w, https:\/\/pesquisas.face.ufmg.br\/gppd\/wp-content\/uploads\/sites\/24\/2018\/11\/CAPA_LIVRO-Alternativas-para-uma-crise-de-multiplas-dimensoes.png 1052w\" sizes=\"auto, (max-width: 223px) 100vw, 223px\" \/><\/p>\n<p class=\"has-text-color has-very-dark-gray-color\">Cedeplar lan\u00e7a livro&nbsp;<em>Alternativas para uma Crise de M\u00faltiplas Dimens\u00f5es<\/em>&nbsp;que trata sobre a atual conjuntura da crise no pa\u00eds. A edi\u00e7\u00e3o foi elaborada com a ajuda coletiva dos professores da casa e marca o in\u00edcio da Cole\u00e7\u00e3o Popula\u00e7\u00e3o &amp; Economia no formato<em>&nbsp;e-book<\/em>.<\/p>\n<p class=\"has-text-color has-very-dark-gray-color\">Os 23 cap\u00edtulos dessa edi\u00e7\u00e3o tratam de diversos aspectos da crise, com enorme diversidade tem\u00e1tica e interpretativa. Resume-se em um esfor\u00e7o, que \u00e9 a contribui\u00e7\u00e3o deste livro, para combinar diagn\u00f3stico e elabora\u00e7\u00e3o de alternativas, articulando curto e longo prazo. Est\u00e3o \u00e0 frente da organiza\u00e7\u00e3o do livro os professores M\u00f4nica Viegas Vargas e Eduardo da Motta Albuquerque. A edi\u00e7\u00e3o em formato e-book est\u00e1 dispon\u00edvel para download no site do Cedeplar.<\/p>\n","protected":false},"excerpt":{"rendered":"<p>08\/07\/19 a 10\/07\/19 \u2013 Cedeplar anuncia a realiza\u00e7\u00e3o do \u201cWorkshop on Development, Lock-Ins, Traps and Catch Up: India, China, South Africa, South Korea and Latin America\u201d O workshop ser\u00e1 realizado&hellip; <br \/> <a class=\"read-more\" href=\"https:\/\/pesquisas.face.ufmg.br\/gppd\/noticias\/\">Leia mais<\/a><\/p>\n","protected":false},"author":24,"featured_media":0,"parent":0,"menu_order":5,"comment_status":"closed","ping_status":"closed","template":"","meta":{"_crdt_document":"","_exactmetrics_skip_tracking":false,"_exactmetrics_sitenote_active":false,"_exactmetrics_sitenote_note":"","_exactmetrics_sitenote_category":0,"footnotes":""},"class_list":["post-3063","page","type-page","status-publish","hentry"],"_links":{"self":[{"href":"https:\/\/pesquisas.face.ufmg.br\/gppd\/wp-json\/wp\/v2\/pages\/3063","targetHints":{"allow":["GET"]}}],"collection":[{"href":"https:\/\/pesquisas.face.ufmg.br\/gppd\/wp-json\/wp\/v2\/pages"}],"about":[{"href":"https:\/\/pesquisas.face.ufmg.br\/gppd\/wp-json\/wp\/v2\/types\/page"}],"author":[{"embeddable":true,"href":"https:\/\/pesquisas.face.ufmg.br\/gppd\/wp-json\/wp\/v2\/users\/24"}],"replies":[{"embeddable":true,"href":"https:\/\/pesquisas.face.ufmg.br\/gppd\/wp-json\/wp\/v2\/comments?post=3063"}],"version-history":[{"count":15,"href":"https:\/\/pesquisas.face.ufmg.br\/gppd\/wp-json\/wp\/v2\/pages\/3063\/revisions"}],"predecessor-version":[{"id":3345,"href":"https:\/\/pesquisas.face.ufmg.br\/gppd\/wp-json\/wp\/v2\/pages\/3063\/revisions\/3345"}],"wp:attachment":[{"href":"https:\/\/pesquisas.face.ufmg.br\/gppd\/wp-json\/wp\/v2\/media?parent=3063"}],"curies":[{"name":"wp","href":"https:\/\/api.w.org\/{rel}","templated":true}]}}