{"id":3011,"date":"2019-05-31T17:06:20","date_gmt":"2019-05-31T20:06:20","guid":{"rendered":"http:\/\/pesquisas.face.ufmg.br\/gppd\/?page_id=3011"},"modified":"2026-03-30T08:39:53","modified_gmt":"2026-03-30T11:39:53","slug":"notas-tecnicas","status":"publish","type":"page","link":"https:\/\/pesquisas.face.ufmg.br\/gppd\/publicacoes-2\/notas-tecnicas\/","title":{"rendered":"Notas T\u00e9cnicas"},"content":{"rendered":"\n<p class=\"wp-block-paragraph\"><\/p>\n\n\n\n<p class=\"has-very-dark-gray-color has-text-color wp-block-paragraph\"><strong>2026<\/strong><\/p>\n\n\n\n<p class=\"wp-block-paragraph\"><em>30.03<\/em> &#8211; <a href=\"http:\/\/pesquisas.face.ufmg.br\/gppd\/wp-content\/uploads\/sites\/24\/2026\/03\/NT_2026-1.pdf\">Uma avalia\u00e7\u00e3o dos gastos tribut\u00e1rios associados ao Programa Emergencial de Retomada do Setor de Eventos (PERSE)<\/a><\/p>\n\n\n\n<p class=\"has-very-dark-gray-color has-text-color wp-block-paragraph\"><strong>2025<\/strong><\/p>\n\n\n\n<p class=\"wp-block-paragraph\"><em>29.12<\/em> &#8211; <a href=\"http:\/\/pesquisas.face.ufmg.br\/gppd\/wp-content\/uploads\/sites\/24\/2025\/12\/ObD_NT-2025-4.pdf\">Fundos Constitucionais de Financiamento e o Desenvolvimento Regional no Brasil<\/a><\/p>\n\n\n\n<p class=\"wp-block-paragraph\"><em>30.09<\/em> &#8211; <a href=\"http:\/\/pesquisas.face.ufmg.br\/gppd\/wp-content\/uploads\/sites\/24\/2025\/09\/ObD_NT_2025-3.pdf\">Evolu\u00e7\u00e3o das Exporta\u00e7\u00f5es Brasileiras de Produtos Verdes entre 2016-2024<\/a><\/p>\n\n\n\n<p class=\"wp-block-paragraph\"><em>27.07<\/em> &#8211; <a href=\"http:\/\/pesquisas.face.ufmg.br\/gppd\/wp-content\/uploads\/sites\/24\/2025\/07\/ObD_NT-02-2025.pdf\">Ajuste de Rota Rumo ao Desenvolvimento Sustent\u00e1vel? Mudan\u00e7as na Pauta de Exporta\u00e7\u00f5es Brasileiras entre 2020 e 2024<\/a><\/p>\n\n\n\n<p class=\"wp-block-paragraph\"><em>28.05<\/em> &#8211; <a href=\"http:\/\/pesquisas.face.ufmg.br\/gppd\/wp-content\/uploads\/sites\/24\/2025\/05\/NT-2025-1.pdf\">Especializa\u00e7\u00e3o regressiva e a rela\u00e7\u00e3o Brasil e China no com\u00e9rcio internacional<\/a><\/p>\n\n\n<p><span style=\"color: #000000\"><strong>2024<\/strong><\/span><\/p>\n\n\n<p class=\"wp-block-paragraph\"><em>15.10 &#8211; <\/em><a href=\"http:\/\/pesquisas.face.ufmg.br\/gppd\/wp-content\/uploads\/sites\/24\/2024\/10\/NT-2024-2.pdf\">BNDES-EXIM: Uma an\u00e1lise do financiamento e da complexidade das exporta\u00e7\u00f5es de bens e servi\u00e7os entre 2002 e 2023<\/a><\/p>\n\n\n\n<p class=\"wp-block-paragraph\"><em>21.01<\/em> &#8211; <a href=\"http:\/\/pesquisas.face.ufmg.br\/gppd\/wp-content\/uploads\/sites\/24\/2024\/01\/NT_Setores_Desonerados_v7.pdf\" data-type=\"link\" data-id=\"http:\/\/pesquisas.face.ufmg.br\/gppd\/wp-content\/uploads\/sites\/24\/2024\/01\/NT_Setores_Desonerados_v7.pdf\">Desonera\u00e7\u00e3o da folha salarial: uma caracteriza\u00e7\u00e3o setorial a partir dos dados da RAIS e das Contas Nacionais<\/a><\/p>\n\n\n\n<p class=\"has-very-dark-gray-color has-text-color wp-block-paragraph\"><strong>2023<\/strong><\/p>\n\n\n\n<p class=\"wp-block-paragraph\"><em>20.12<\/em> &#8211; <a href=\"http:\/\/pesquisas.face.ufmg.br\/gppd\/wp-content\/uploads\/sites\/24\/2023\/12\/NT_UE_Brasil_v6.pdf\">Efeitos potenciais do acordo Mercosul-Uni\u00e3o Europeia sobre a complexidade brasileira<\/a><\/p>\n\n\n\n<p class=\"wp-block-paragraph\"><em><span style=\"color: #000000\">19.06 &#8211;<\/span>&nbsp;<\/em><a href=\"http:\/\/pesquisas.face.ufmg.br\/gppd\/wp-content\/uploads\/sites\/24\/2023\/06\/NT-2023_2.pdf\" target=\"_blank\" rel=\"noreferrer noopener\">Identifica\u00e7\u00e3o de mercados potenciais para exporta\u00e7\u00f5es brasileiras: uma aplica\u00e7\u00e3o para o setor de motores el\u00e9tricos<\/a><\/p>\n\n\n\n<p class=\"wp-block-paragraph\"><em><span style=\"color: #000000\">21.04 &#8211;<\/span>&nbsp;<\/em><a href=\"http:\/\/pesquisas.face.ufmg.br\/gppd\/wp-content\/uploads\/sites\/24\/2023\/04\/NT-01_2023.pdf\" target=\"_blank\" rel=\"noreferrer noopener\">Uma an\u00e1lise regionalizada dos desembolsos do BNDES por n\u00edvel de complexidade das atividades e regi\u00f5es<\/a><\/p>\n\n\n\n<p class=\"has-very-dark-gray-color has-text-color wp-block-paragraph\"><strong>2022<\/strong><\/p>\n\n\n\n<p class=\"wp-block-paragraph\"><em><span style=\"color: #000000\">21.10 &#8211;<\/span>&nbsp;<\/em><a rel=\"noreferrer noopener\" href=\"http:\/\/pesquisas.face.ufmg.br\/gppd\/wp-content\/uploads\/sites\/24\/2022\/10\/NT-01_2022.pdf\" target=\"_blank\">C<\/a><a rel=\"noreferrer noopener\" href=\"http:\/\/pesquisas.face.ufmg.br\/gppd\/wp-content\/uploads\/sites\/24\/2022\/10\/NT-01_2022.pdf\" target=\"_blank\">o<\/a><a rel=\"noreferrer noopener\" href=\"http:\/\/pesquisas.face.ufmg.br\/gppd\/wp-content\/uploads\/sites\/24\/2022\/10\/NT-01_2022.pdf\" target=\"_blank\">m<\/a><a rel=\"noreferrer noopener\" href=\"http:\/\/pesquisas.face.ufmg.br\/gppd\/wp-content\/uploads\/sites\/24\/2022\/10\/NT-01_2022.pdf\" target=\"_blank\">p<\/a><a rel=\"noreferrer noopener\" href=\"http:\/\/pesquisas.face.ufmg.br\/gppd\/wp-content\/uploads\/sites\/24\/2022\/10\/NT-01_2022.pdf\" target=\"_blank\">l<\/a><a rel=\"noreferrer noopener\" href=\"http:\/\/pesquisas.face.ufmg.br\/gppd\/wp-content\/uploads\/sites\/24\/2022\/10\/NT-01_2022.pdf\" target=\"_blank\">e<\/a><a rel=\"noreferrer noopener\" href=\"http:\/\/pesquisas.face.ufmg.br\/gppd\/wp-content\/uploads\/sites\/24\/2022\/10\/NT-01_2022.pdf\" target=\"_blank\">x<\/a><a rel=\"noreferrer noopener\" href=\"http:\/\/pesquisas.face.ufmg.br\/gppd\/wp-content\/uploads\/sites\/24\/2022\/10\/NT-01_2022.pdf\" target=\"_blank\">i<\/a><a rel=\"noreferrer noopener\" href=\"http:\/\/pesquisas.face.ufmg.br\/gppd\/wp-content\/uploads\/sites\/24\/2022\/10\/NT-01_2022.pdf\" target=\"_blank\">d<\/a><a rel=\"noreferrer noopener\" href=\"http:\/\/pesquisas.face.ufmg.br\/gppd\/wp-content\/uploads\/sites\/24\/2022\/10\/NT-01_2022.pdf\" target=\"_blank\">a<\/a><a rel=\"noreferrer noopener\" href=\"http:\/\/pesquisas.face.ufmg.br\/gppd\/wp-content\/uploads\/sites\/24\/2022\/10\/NT-01_2022.pdf\" target=\"_blank\">d<\/a><a rel=\"noreferrer noopener\" href=\"http:\/\/pesquisas.face.ufmg.br\/gppd\/wp-content\/uploads\/sites\/24\/2022\/10\/NT-01_2022.pdf\" target=\"_blank\">e<\/a><a rel=\"noreferrer noopener\" href=\"http:\/\/pesquisas.face.ufmg.br\/gppd\/wp-content\/uploads\/sites\/24\/2022\/10\/NT-01_2022.pdf\" target=\"_blank\"> <\/a><a rel=\"noreferrer noopener\" href=\"http:\/\/pesquisas.face.ufmg.br\/gppd\/wp-content\/uploads\/sites\/24\/2022\/10\/NT-01_2022.pdf\" target=\"_blank\">e<\/a><a rel=\"noreferrer noopener\" href=\"http:\/\/pesquisas.face.ufmg.br\/gppd\/wp-content\/uploads\/sites\/24\/2022\/10\/NT-01_2022.pdf\" target=\"_blank\"> <\/a><a rel=\"noreferrer noopener\" href=\"http:\/\/pesquisas.face.ufmg.br\/gppd\/wp-content\/uploads\/sites\/24\/2022\/10\/NT-01_2022.pdf\" target=\"_blank\">e<\/a><a rel=\"noreferrer noopener\" href=\"http:\/\/pesquisas.face.ufmg.br\/gppd\/wp-content\/uploads\/sites\/24\/2022\/10\/NT-01_2022.pdf\" target=\"_blank\">m<\/a><a rel=\"noreferrer noopener\" href=\"http:\/\/pesquisas.face.ufmg.br\/gppd\/wp-content\/uploads\/sites\/24\/2022\/10\/NT-01_2022.pdf\" target=\"_blank\">p<\/a><a rel=\"noreferrer noopener\" href=\"http:\/\/pesquisas.face.ufmg.br\/gppd\/wp-content\/uploads\/sites\/24\/2022\/10\/NT-01_2022.pdf\" target=\"_blank\">r<\/a><a rel=\"noreferrer noopener\" href=\"http:\/\/pesquisas.face.ufmg.br\/gppd\/wp-content\/uploads\/sites\/24\/2022\/10\/NT-01_2022.pdf\" target=\"_blank\">e<\/a><a rel=\"noreferrer noopener\" href=\"http:\/\/pesquisas.face.ufmg.br\/gppd\/wp-content\/uploads\/sites\/24\/2022\/10\/NT-01_2022.pdf\" target=\"_blank\">g<\/a><a rel=\"noreferrer noopener\" href=\"http:\/\/pesquisas.face.ufmg.br\/gppd\/wp-content\/uploads\/sites\/24\/2022\/10\/NT-01_2022.pdf\" target=\"_blank\">o no Brasil entre 2006-2020: evid\u00eancia da regress\u00e3o produtiva<\/a><\/p>\n\n\n\n<p class=\"has-very-dark-gray-color has-text-color wp-block-paragraph\"><strong>2021<\/strong><\/p>\n\n\n\n<p class=\"wp-block-paragraph\"><em><span style=\"color: #000000\">28.07 &#8211;<\/span>&nbsp;<\/em><a href=\"http:\/\/pesquisas.face.ufmg.br\/gppd\/wp-content\/uploads\/sites\/24\/2021\/08\/NT-01_2021.pdf\" target=\"_blank\" rel=\"noreferrer noopener\">Mudan\u00e7as no padr\u00e3o de exporta\u00e7\u00f5es brasileiras entre 2016-2020: o Brasil na contram\u00e3o do mundo<\/a><\/p>\n\n\n\n<p class=\"has-very-dark-gray-color has-text-color wp-block-paragraph\"><strong>2020<\/strong><\/p>\n\n\n\n<p><em><span style=\"color: #000000\">13.04 &#8211;<\/span>&nbsp;<\/em><a rel=\"noreferrer noopener\" href=\"http:\/\/pesquisas.face.ufmg.br\/gppd\/wp-content\/uploads\/sites\/24\/2020\/04\/13.04-Proje\u00e7\u00f5es-de-infecc\u00e7\u00e3o-pelo-COVID-19-Nota-T\u00e9cnica-4.pdf\" target=\"_blank\">Proje\u00e7\u00f5es a partir do modelo epidemiol\u00f3gico SIR para os casos de infec\u00e7\u00e3o pelo COVID-19: uma aplica\u00e7\u00e3o para os estados brasileiros<\/a><\/p>\n\n\n\n<p><em><span style=\"color: #000000\">05.04 &#8211;<\/span>&nbsp;<\/em><a rel=\"noreferrer noopener\" href=\"http:\/\/pesquisas.face.ufmg.br\/gppd\/wp-content\/uploads\/sites\/24\/2020\/04\/05.04-Proje\u00e7\u00f5es-de-infecc\u00e7\u00e3o-pelo-COVID-19-Nota-T\u00e9cnica-3.pdf\" target=\"_blank\">Proje\u00e7\u00f5es a partir do modelo epidemiol\u00f3gico SIR para os casos de infec\u00e7\u00e3o pelo COVID-19: uma aplica\u00e7\u00e3o para os estados brasileiros<\/a><\/p>\n\n\n\n<p class=\"wp-block-paragraph\"><em><span style=\"color: #000000\">30.03 &#8211;<\/span>&nbsp;<\/em><a rel=\"noreferrer noopener\" aria-label=\" (abre em uma nova aba)\" href=\"http:\/\/pesquisas.face.ufmg.br\/gppd\/wp-content\/uploads\/sites\/24\/2020\/03\/30.03-Previs\u00f5es-de-infecc\u00e7\u00e3o-pelo-COVID-19-Aplica\u00e7\u00e3o-para-os-Estados-Brasileiros.pdf\" target=\"_blank\">Previs\u00f5es a partir do modelo epidemiol\u00f3gico SIR para os casos de infec\u00e7\u00e3o pelo COVID-19: uma aplica\u00e7\u00e3o para os estados brasileiros<\/a><\/p>\n\n\n\n<p class=\"wp-block-paragraph\"><em><span style=\"color: #000000\">28.03 &#8211;<\/span>&nbsp;<\/em><a href=\"http:\/\/pesquisas.face.ufmg.br\/gppd\/wp-content\/uploads\/sites\/24\/2020\/03\/28.03-Previs\u00f5es-de-infecc\u00e7\u00e3o-pelo-COVID-19.pdf\" target=\"_blank\" rel=\"noreferrer noopener\" aria-label=\" (abre em uma nova aba)\">Previs\u00f5es a partir do modelo epidemiol\u00f3gico SIR para os casos de infec\u00e7\u00e3o pelo COVID-19: uma aplica\u00e7\u00e3o para os estados de SP, MG, RJ, DF e CE<\/a><\/p>\n","protected":false},"excerpt":{"rendered":"<p>2026 30.03 &#8211; Uma avalia\u00e7\u00e3o dos gastos tribut\u00e1rios associados ao Programa Emergencial de Retomada do Setor de Eventos (PERSE) 2025 29.12 &#8211; Fundos Constitucionais de Financiamento e o Desenvolvimento Regional&hellip; <br \/> <a class=\"read-more\" href=\"https:\/\/pesquisas.face.ufmg.br\/gppd\/publicacoes-2\/notas-tecnicas\/\">Leia mais<\/a><\/p>\n","protected":false},"author":24,"featured_media":0,"parent":2997,"menu_order":0,"comment_status":"closed","ping_status":"closed","template":"","meta":{"_crdt_document":"","_exactmetrics_skip_tracking":false,"_exactmetrics_sitenote_active":false,"_exactmetrics_sitenote_note":"","_exactmetrics_sitenote_category":0,"footnotes":""},"class_list":["post-3011","page","type-page","status-publish","hentry"],"_links":{"self":[{"href":"https:\/\/pesquisas.face.ufmg.br\/gppd\/wp-json\/wp\/v2\/pages\/3011","targetHints":{"allow":["GET"]}}],"collection":[{"href":"https:\/\/pesquisas.face.ufmg.br\/gppd\/wp-json\/wp\/v2\/pages"}],"about":[{"href":"https:\/\/pesquisas.face.ufmg.br\/gppd\/wp-json\/wp\/v2\/types\/page"}],"author":[{"embeddable":true,"href":"https:\/\/pesquisas.face.ufmg.br\/gppd\/wp-json\/wp\/v2\/users\/24"}],"replies":[{"embeddable":true,"href":"https:\/\/pesquisas.face.ufmg.br\/gppd\/wp-json\/wp\/v2\/comments?post=3011"}],"version-history":[{"count":41,"href":"https:\/\/pesquisas.face.ufmg.br\/gppd\/wp-json\/wp\/v2\/pages\/3011\/revisions"}],"predecessor-version":[{"id":3771,"href":"https:\/\/pesquisas.face.ufmg.br\/gppd\/wp-json\/wp\/v2\/pages\/3011\/revisions\/3771"}],"up":[{"embeddable":true,"href":"https:\/\/pesquisas.face.ufmg.br\/gppd\/wp-json\/wp\/v2\/pages\/2997"}],"wp:attachment":[{"href":"https:\/\/pesquisas.face.ufmg.br\/gppd\/wp-json\/wp\/v2\/media?parent=3011"}],"curies":[{"name":"wp","href":"https:\/\/api.w.org\/{rel}","templated":true}]}}