{"id":2885,"date":"2019-05-16T13:21:58","date_gmt":"2019-05-16T16:21:58","guid":{"rendered":"http:\/\/pesquisas.face.ufmg.br\/gppd\/?page_id=2885"},"modified":"2021-07-23T09:29:35","modified_gmt":"2021-07-23T12:29:35","slug":"quem-somos-2","status":"publish","type":"page","link":"https:\/\/pesquisas.face.ufmg.br\/gppd\/quem-somos-2\/","title":{"rendered":"Sobre"},"content":{"rendered":"<p><span style=\"color: #000000\">Conhe\u00e7a mais sobre o grupo de pesquisa em <em>Pol\u00edticas P\u00fablicas e Desenvolvimento<\/em>. <\/span><\/p>\n<p><span style=\"color: #000000\">Al\u00e9m do conte\u00fado, voc\u00ea pode saber mais<\/span> <em><a href=\"https:\/\/pesquisas.face.ufmg.br\/gppd\/quem-somos\/sobre\/\">sobre o<\/a><a href=\"https:\/\/pesquisas.face.ufmg.br\/gppd\/quem-somos\/sobre\/\"> grupo<\/a><\/em> <span style=\"color: #000000\">e conhecer os<\/span> <em><a href=\"https:\/\/pesquisas.face.ufmg.br\/gppd\/quem-somos-2\/contatos\/\">pesquisadores<\/a><\/em><a href=\"https:\/\/pesquisas.face.ufmg.br\/gppd\/quem-somos-2\/pesquisadores-associados\/\"><em>&nbsp;<\/em><\/a><span style=\"color: #000000\">e os<\/span> <em><a href=\"https:\/\/pesquisas.face.ufmg.br\/gppd\/quem-somos\/alunos\/\">alunos<\/a><\/em> <span style=\"color: #000000\">envolvidos no projeto. O grupo de pesquisa \u00e9 uma iniciativa do Centro de Desenvolvimento e Planejamento Regional da UFMG (Cedeplar) e os seus pesquisadores e estudantes integram a Faculdade de Ci\u00eancias Econ\u00f4micas (FACE). <\/span><\/p>\n","protected":false},"excerpt":{"rendered":"<p>Conhe\u00e7a mais sobre o grupo de pesquisa em Pol\u00edticas P\u00fablicas e Desenvolvimento. Al\u00e9m do conte\u00fado, voc\u00ea pode saber mais sobre o grupo e conhecer os pesquisadores&nbsp;e os alunos envolvidos no&hellip; <br \/> <a class=\"read-more\" href=\"https:\/\/pesquisas.face.ufmg.br\/gppd\/quem-somos-2\/\">Leia mais<\/a><\/p>\n","protected":false},"author":24,"featured_media":0,"parent":0,"menu_order":1,"comment_status":"closed","ping_status":"closed","template":"","meta":{"_crdt_document":"","_exactmetrics_skip_tracking":false,"_exactmetrics_sitenote_active":false,"_exactmetrics_sitenote_note":"","_exactmetrics_sitenote_category":0,"footnotes":""},"class_list":["post-2885","page","type-page","status-publish","hentry"],"_links":{"self":[{"href":"https:\/\/pesquisas.face.ufmg.br\/gppd\/wp-json\/wp\/v2\/pages\/2885","targetHints":{"allow":["GET"]}}],"collection":[{"href":"https:\/\/pesquisas.face.ufmg.br\/gppd\/wp-json\/wp\/v2\/pages"}],"about":[{"href":"https:\/\/pesquisas.face.ufmg.br\/gppd\/wp-json\/wp\/v2\/types\/page"}],"author":[{"embeddable":true,"href":"https:\/\/pesquisas.face.ufmg.br\/gppd\/wp-json\/wp\/v2\/users\/24"}],"replies":[{"embeddable":true,"href":"https:\/\/pesquisas.face.ufmg.br\/gppd\/wp-json\/wp\/v2\/comments?post=2885"}],"version-history":[{"count":10,"href":"https:\/\/pesquisas.face.ufmg.br\/gppd\/wp-json\/wp\/v2\/pages\/2885\/revisions"}],"predecessor-version":[{"id":3684,"href":"https:\/\/pesquisas.face.ufmg.br\/gppd\/wp-json\/wp\/v2\/pages\/2885\/revisions\/3684"}],"wp:attachment":[{"href":"https:\/\/pesquisas.face.ufmg.br\/gppd\/wp-json\/wp\/v2\/media?parent=2885"}],"curies":[{"name":"wp","href":"https:\/\/api.w.org\/{rel}","templated":true}]}}