{"id":26,"date":"2018-08-28T16:16:09","date_gmt":"2018-08-28T19:16:09","guid":{"rendered":"http:\/\/pesquisas.face.ufmg.br\/gppd\/?page_id=26"},"modified":"2020-03-02T11:31:57","modified_gmt":"2020-03-02T14:31:57","slug":"contatos","status":"publish","type":"page","link":"https:\/\/pesquisas.face.ufmg.br\/gppd\/quem-somos-2\/contatos\/","title":{"rendered":"Pesquisadores"},"content":{"rendered":"<p><strong><span style=\"color: #000000\">Pesquisadores do Cedeplar<\/span><\/strong><\/p>\n<p style=\"text-align: left\"><img loading=\"lazy\" decoding=\"async\" class=\"alignleft\" src=\"http:\/\/pesquisas.face.ufmg.br\/gppd\/wp-content\/uploads\/sites\/24\/2018\/10\/Perfil-4-300x300.jpeg\" alt=\"\" width=\"164\" height=\"164\">&nbsp;<a href=\"https:\/\/docentes.face.ufmg.br\/jpromero\/\" target=\"_blank\" rel=\"noopener noreferrer\">Jo\u00e3o R<\/a><a href=\"https:\/\/docentes.face.ufmg.br\/jpromero\/\">omero<\/a>&nbsp;<span style=\"color: #000000\">(Coordenador)<\/span><\/p>\n<p style=\"text-align: left\"><span style=\"color: #000000\">Ph.D. em Economia, Universidade de Cambridge,&nbsp;2015.&nbsp;Professor Adjunto do Departamento de Ci\u00eancias Econ\u00f4micas da UFMG.&nbsp;\u00c1reas de interesse: desenvolvimento; crescimento econ\u00f4mico; com\u00e9rcio internacional; economia aplicada.<br \/>\n<\/span><\/p>\n<p>&nbsp;<\/p>\n<p>&nbsp;<\/p>\n<p><img loading=\"lazy\" decoding=\"async\" class=\"size-medium wp-image-1031 alignleft\" src=\"http:\/\/pesquisas.face.ufmg.br\/gppd\/wp-content\/uploads\/sites\/24\/2018\/10\/Perfil-1-300x252.jpg\" alt=\"\" width=\"164\" height=\"164\" srcset=\"https:\/\/pesquisas.face.ufmg.br\/gppd\/wp-content\/uploads\/sites\/24\/2018\/10\/Perfil-1-150x150.jpg 150w, https:\/\/pesquisas.face.ufmg.br\/gppd\/wp-content\/uploads\/sites\/24\/2018\/10\/Perfil-1-300x300.jpg 300w\" sizes=\"auto, (max-width: 164px) 100vw, 164px\" \/><\/p>\n<p style=\"text-align: left\"><a href=\"https:\/\/docentes.face.ufmg.br\/fjmissio\/\" target=\"_blank\" rel=\"noopener noreferrer\">Fabr\u00edcio Missio<\/a>&nbsp;<span style=\"color: #000000\">(Sub-Coordenador)&nbsp;<\/span><\/p>\n<p style=\"text-align: left\"><span style=\"color: #000000\">Ph.D. em Economia, Universidade Federal de Minas Gerais, 2012. Professor Adjunto do Departamento de Ci\u00eancias Econ\u00f4micas da UFMG.&nbsp; \u00c1reas de interesse: crescimento e desenvolvimento econ\u00f4mico; teoria monet\u00e1ria e financeira.<\/span><\/p>\n<p>&nbsp;<\/p>\n<p>&nbsp;<\/p>\n<p><img loading=\"lazy\" decoding=\"async\" class=\"size-medium wp-image-1028 alignleft\" src=\"http:\/\/pesquisas.face.ufmg.br\/gppd\/wp-content\/uploads\/sites\/24\/2018\/10\/Perfil-300x300.jpg\" alt=\"\" width=\"164\" height=\"164\" srcset=\"https:\/\/pesquisas.face.ufmg.br\/gppd\/wp-content\/uploads\/sites\/24\/2018\/10\/Perfil-300x300.jpg 300w, https:\/\/pesquisas.face.ufmg.br\/gppd\/wp-content\/uploads\/sites\/24\/2018\/10\/Perfil-150x150.jpg 150w, https:\/\/pesquisas.face.ufmg.br\/gppd\/wp-content\/uploads\/sites\/24\/2018\/10\/Perfil-768x768.jpg 768w, https:\/\/pesquisas.face.ufmg.br\/gppd\/wp-content\/uploads\/sites\/24\/2018\/10\/Perfil-1024x1024.jpg 1024w, https:\/\/pesquisas.face.ufmg.br\/gppd\/wp-content\/uploads\/sites\/24\/2018\/10\/Perfil-500x500.jpg 500w, https:\/\/pesquisas.face.ufmg.br\/gppd\/wp-content\/uploads\/sites\/24\/2018\/10\/Perfil-1080x1080.jpg 1080w\" sizes=\"auto, (max-width: 164px) 100vw, 164px\" \/><\/p>\n<p style=\"text-align: left\"><span style=\"color: #000000\">Gustavo Britto<\/span><\/p>\n<p style=\"text-align: left\"><span style=\"color: #000000\">Ph.D. em Economia, Universidade de Cambridge,&nbsp;2008. Professor Adjunto do Departamento de Ci\u00eancias Econ\u00f4micas da UFMG. \u00c1reas de interesse: desenvolvimento econ\u00f4mico; economia regional; economia da ci\u00eancia e da tecnologia.<\/span><\/p>\n<p>&nbsp;<\/p>\n<p>&nbsp;<\/p>\n<p><img loading=\"lazy\" decoding=\"async\" class=\"size-medium wp-image-1432 alignleft\" src=\"http:\/\/pesquisas.face.ufmg.br\/gppd\/wp-content\/uploads\/sites\/24\/2018\/11\/IMG_5553_3-300x272.jpg\" alt=\"\" width=\"164\" height=\"164\" srcset=\"https:\/\/pesquisas.face.ufmg.br\/gppd\/wp-content\/uploads\/sites\/24\/2018\/11\/IMG_5553_3-150x150.jpg 150w, https:\/\/pesquisas.face.ufmg.br\/gppd\/wp-content\/uploads\/sites\/24\/2018\/11\/IMG_5553_3-300x300.jpg 300w\" sizes=\"auto, (max-width: 164px) 100vw, 164px\" \/><\/p>\n<p style=\"text-align: left\"><a href=\"https:\/\/docentes.face.ufmg.br\/fcimini\/\" target=\"_blank\" rel=\"noopener noreferrer\">Fernanda Cimini<\/a><\/p>\n<p style=\"text-align: left\"><span style=\"color: #000000\">Ph.D. em Sociologia, Universidade Federal do Rio de Janeiro, 2015. Professora Adjunta do Departamento de Ci\u00eancias Econ\u00f4micas da UFMG. \u00c1reas de interesse: economia pol\u00edtica; rela\u00e7\u00f5es internacionais.<\/span><\/p>\n<p>&nbsp;<\/p>\n<p>&nbsp;<\/p>\n<p><img loading=\"lazy\" decoding=\"async\" class=\"size-medium wp-image-2395 alignleft\" src=\"http:\/\/pesquisas.face.ufmg.br\/gppd\/wp-content\/uploads\/sites\/24\/2019\/01\/Fred-282x300.jpg\" alt=\"\" width=\"164\" height=\"164\" srcset=\"https:\/\/pesquisas.face.ufmg.br\/gppd\/wp-content\/uploads\/sites\/24\/2019\/01\/Fred-150x150.jpg 150w, https:\/\/pesquisas.face.ufmg.br\/gppd\/wp-content\/uploads\/sites\/24\/2019\/01\/Fred-300x300.jpg 300w\" sizes=\"auto, (max-width: 164px) 100vw, 164px\" \/><\/p>\n<p style=\"text-align: left\"><a href=\"https:\/\/docentes.face.ufmg.br\/gonzaga\/\" target=\"_blank\" rel=\"noopener noreferrer\">Frederico Gonzaga Jayme Junior<\/a><\/p>\n<p style=\"text-align: left\"><span style=\"color: #000000\">Ph.D. em Economia, New School for Social Research, 2001. Professor Associado do Departamento de Ci\u00eancias Econ\u00f4micas da UFMG. Diretor do Cedeplar. \u00c1reas de interesse: macroeconomia; economia internacional; desenvolvimento econ\u00f4mico.<\/span><\/p>\n<p>&nbsp;<\/p>\n<p>&nbsp;<\/p>\n<p><img loading=\"lazy\" decoding=\"async\" class=\"size-medium wp-image-1033 alignleft\" src=\"http:\/\/pesquisas.face.ufmg.br\/gppd\/wp-content\/uploads\/sites\/24\/2018\/10\/Perfil-2-252x300.jpg\" alt=\"\" width=\"164\" height=\"164\" srcset=\"https:\/\/pesquisas.face.ufmg.br\/gppd\/wp-content\/uploads\/sites\/24\/2018\/10\/Perfil-2-150x150.jpg 150w, https:\/\/pesquisas.face.ufmg.br\/gppd\/wp-content\/uploads\/sites\/24\/2018\/10\/Perfil-2-300x300.jpg 300w\" sizes=\"auto, (max-width: 164px) 100vw, 164px\" \/><\/p>\n<p style=\"text-align: left\"><a href=\"https:\/\/docentes.face.ufmg.br\/rsmribeiro\/\" target=\"_blank\" rel=\"noopener noreferrer\">Rafael Ribeiro<\/a><\/p>\n<p style=\"text-align: left\"><span style=\"color: #000000\">Ph.D. em Economia, Universidade de Cambridge, 2016. Professor Adjunto do Departamento de Ci\u00eancias Econ\u00f4micas da UFMG. \u00c1reas de interesse: modelos de crescimento e distribui\u00e7\u00e3o de renda; infla\u00e7\u00e3o e conflito distributivo.<\/span><\/p>\n<p>&nbsp;<\/p>\n<p>&nbsp;<\/p>\n<p><img loading=\"lazy\" decoding=\"async\" class=\"wp-image-3621 size-medium alignleft\" src=\"http:\/\/pesquisas.face.ufmg.br\/gppd\/wp-content\/uploads\/sites\/24\/2020\/03\/D\u00e9bora-277x300.jpg\" alt=\"\" width=\"164\" height=\"164\" srcset=\"https:\/\/pesquisas.face.ufmg.br\/gppd\/wp-content\/uploads\/sites\/24\/2020\/03\/D\u00e9bora-150x150.jpg 150w, https:\/\/pesquisas.face.ufmg.br\/gppd\/wp-content\/uploads\/sites\/24\/2020\/03\/D\u00e9bora-300x300.jpg 300w\" sizes=\"auto, (max-width: 164px) 100vw, 164px\" \/><\/p>\n<p><span style=\"color: #000000\">D\u00e9bora Cardoso<\/span><\/p>\n<p><span style=\"color: #000000\">Doutora em Economia, Universidade Federal de Minas Gerais, 2017. Professora Adjunta do Departamento de Ci\u00eancias Econ\u00f4micas da UFMG. \u00c1reas de Interesse: economia do setor p\u00fablico; m\u00e9todos de an\u00e1lise regional; modelos de equil\u00edbrio geral comput\u00e1vel.<br \/>\n<\/span><\/p>\n<p>&nbsp;<\/p>\n<p>&nbsp;<\/p>\n<p><img loading=\"lazy\" decoding=\"async\" class=\"size-medium wp-image-3038 alignleft\" src=\"http:\/\/pesquisas.face.ufmg.br\/gppd\/wp-content\/uploads\/sites\/24\/2019\/05\/Ricardo-Ruiz-300x300.jpg\" alt=\"\" width=\"164\" height=\"164\" srcset=\"https:\/\/pesquisas.face.ufmg.br\/gppd\/wp-content\/uploads\/sites\/24\/2019\/05\/Ricardo-Ruiz-300x300.jpg 300w, https:\/\/pesquisas.face.ufmg.br\/gppd\/wp-content\/uploads\/sites\/24\/2019\/05\/Ricardo-Ruiz-150x150.jpg 150w, https:\/\/pesquisas.face.ufmg.br\/gppd\/wp-content\/uploads\/sites\/24\/2019\/05\/Ricardo-Ruiz-500x500.jpg 500w, https:\/\/pesquisas.face.ufmg.br\/gppd\/wp-content\/uploads\/sites\/24\/2019\/05\/Ricardo-Ruiz.jpg 552w\" sizes=\"auto, (max-width: 164px) 100vw, 164px\" \/> <span style=\"color: #000000\">Ricardo Ruiz<\/span><\/p>\n<p><span style=\"color: #000000\">Ph.D. em Economia, New School University, 2003. Professor Associado do Departamento de Ci\u00eancias Econ\u00f4micas da UFMG. \u00c1reas de interesse: economia industrial; economia regional.<\/span><\/p>\n<p>&nbsp;<\/p>\n<p>&nbsp;<\/p>\n<p><img loading=\"lazy\" decoding=\"async\" class=\"size-full wp-image-3061 alignleft\" src=\"http:\/\/pesquisas.face.ufmg.br\/gppd\/wp-content\/uploads\/sites\/24\/2019\/05\/Marco-Crocco.jpg\" alt=\"\" width=\"164\" height=\"164\"><span style=\"color: #000000\">Marco Aur\u00e9lio Crocco Afonso<\/span><\/p>\n<p><span style=\"color: #000000\">Ph.D. em Economia, University of London, 1999. Professor Titular do Departamento de Ci\u00eancias Econ\u00f4micas da UFMG. \u00c1reas de interesse: economia institucional; macroeconomia p\u00f3s-Keynesiana; sistemas financeiros.<\/span><\/p>\n<p>&nbsp;<\/p>\n<p>&nbsp;<\/p>\n<p><strong><span style=\"color: #000000\">Pesquisadores Associados<\/span><\/strong><\/p>\n<p><img loading=\"lazy\" decoding=\"async\" class=\"size-medium wp-image-1553 alignleft\" src=\"http:\/\/pesquisas.face.ufmg.br\/gppd\/wp-content\/uploads\/sites\/24\/2018\/11\/Untitled01-255x300.png\" alt=\"\" width=\"164\" height=\"164\" srcset=\"https:\/\/pesquisas.face.ufmg.br\/gppd\/wp-content\/uploads\/sites\/24\/2018\/11\/Untitled01-150x150.png 150w, https:\/\/pesquisas.face.ufmg.br\/gppd\/wp-content\/uploads\/sites\/24\/2018\/11\/Untitled01-300x300.png 300w\" sizes=\"auto, (max-width: 164px) 100vw, 164px\" \/><\/p>\n<p style=\"text-align: left\"><span style=\"color: #000000\">Fabr\u00edcio Silveira<\/span><\/p>\n<p style=\"text-align: left\"><span style=\"color: #000000\">Doutor em Economia, Universidade de Cambridge, 2019. \u00c1reas de interesse: crescimento e desenvolvimento econ\u00f4mico; economia internacional; economia industrial.<\/span><\/p>\n<p>&nbsp;<\/p>\n<p>&nbsp;<\/p>\n<p><img loading=\"lazy\" decoding=\"async\" class=\"alignnone size-medium wp-image-1508 alignleft\" src=\"http:\/\/pesquisas.face.ufmg.br\/gppd\/wp-content\/uploads\/sites\/24\/2018\/11\/Perfil-5-300x300.jpg\" alt=\"\" width=\"164\" height=\"164\" srcset=\"https:\/\/pesquisas.face.ufmg.br\/gppd\/wp-content\/uploads\/sites\/24\/2018\/11\/Perfil-5-300x300.jpg 300w, https:\/\/pesquisas.face.ufmg.br\/gppd\/wp-content\/uploads\/sites\/24\/2018\/11\/Perfil-5-150x150.jpg 150w, https:\/\/pesquisas.face.ufmg.br\/gppd\/wp-content\/uploads\/sites\/24\/2018\/11\/Perfil-5.jpg 355w\" sizes=\"auto, (max-width: 164px) 100vw, 164px\" \/><\/p>\n<p style=\"text-align: left\"><span style=\"color: #000000\">Elton Freitas<\/span><\/p>\n<p style=\"text-align: left\"><span style=\"color: #000000\">Doutor em Economia, Universidade Federal de Minas Gerais, 2019. \u00c1reas de interesse: economia regional e urbana; complexidade; m\u00e9todos quantitativos.<\/span><\/p>\n","protected":false},"excerpt":{"rendered":"<p>Pesquisadores do Cedeplar &nbsp;Jo\u00e3o Romero&nbsp;(Coordenador) Ph.D. em Economia, Universidade de Cambridge,&nbsp;2015.&nbsp;Professor Adjunto do Departamento de Ci\u00eancias Econ\u00f4micas da UFMG.&nbsp;\u00c1reas de interesse: desenvolvimento; crescimento econ\u00f4mico; com\u00e9rcio internacional; economia aplicada. &nbsp; &nbsp;&hellip; <br \/> <a class=\"read-more\" href=\"https:\/\/pesquisas.face.ufmg.br\/gppd\/quem-somos-2\/contatos\/\">Leia mais<\/a><\/p>\n","protected":false},"author":24,"featured_media":0,"parent":2885,"menu_order":2,"comment_status":"closed","ping_status":"closed","template":"","meta":{"_crdt_document":"","_exactmetrics_skip_tracking":false,"_exactmetrics_sitenote_active":false,"_exactmetrics_sitenote_note":"","_exactmetrics_sitenote_category":0,"footnotes":""},"class_list":["post-26","page","type-page","status-publish","hentry"],"_links":{"self":[{"href":"https:\/\/pesquisas.face.ufmg.br\/gppd\/wp-json\/wp\/v2\/pages\/26","targetHints":{"allow":["GET"]}}],"collection":[{"href":"https:\/\/pesquisas.face.ufmg.br\/gppd\/wp-json\/wp\/v2\/pages"}],"about":[{"href":"https:\/\/pesquisas.face.ufmg.br\/gppd\/wp-json\/wp\/v2\/types\/page"}],"author":[{"embeddable":true,"href":"https:\/\/pesquisas.face.ufmg.br\/gppd\/wp-json\/wp\/v2\/users\/24"}],"replies":[{"embeddable":true,"href":"https:\/\/pesquisas.face.ufmg.br\/gppd\/wp-json\/wp\/v2\/comments?post=26"}],"version-history":[{"count":320,"href":"https:\/\/pesquisas.face.ufmg.br\/gppd\/wp-json\/wp\/v2\/pages\/26\/revisions"}],"predecessor-version":[{"id":3623,"href":"https:\/\/pesquisas.face.ufmg.br\/gppd\/wp-json\/wp\/v2\/pages\/26\/revisions\/3623"}],"up":[{"embeddable":true,"href":"https:\/\/pesquisas.face.ufmg.br\/gppd\/wp-json\/wp\/v2\/pages\/2885"}],"wp:attachment":[{"href":"https:\/\/pesquisas.face.ufmg.br\/gppd\/wp-json\/wp\/v2\/media?parent=26"}],"curies":[{"name":"wp","href":"https:\/\/api.w.org\/{rel}","templated":true}]}}