{"id":2192,"date":"2018-11-27T17:21:31","date_gmt":"2018-11-27T19:21:31","guid":{"rendered":"http:\/\/pesquisas.face.ufmg.br\/gppd\/?page_id=2192"},"modified":"2020-10-23T09:24:11","modified_gmt":"2020-10-23T12:24:11","slug":"alunos","status":"publish","type":"page","link":"https:\/\/pesquisas.face.ufmg.br\/gppd\/quem-somos-2\/alunos\/","title":{"rendered":"Alunos"},"content":{"rendered":"\n<p class=\"has-very-dark-gray-color has-text-color wp-block-paragraph\">Alisson Giffoni (Economia\/UFMG)<\/p>\n\n\n\n<p class=\"has-very-dark-gray-color has-text-color wp-block-paragraph\">Beatriz Neves (Rela\u00e7\u00f5es Econ\u00f4micas Internacionais\/UFMG)<span style=\"color: #000000\"><\/span><\/p>\n\n\n\n<p class=\"has-very-dark-gray-color has-text-color wp-block-paragraph\">Ciro Lopes (Economia\/UFMG)<\/p>\n\n\n\n<p class=\"has-very-dark-gray-color has-text-color wp-block-paragraph\">Eduarda Moura (Economia\/UFMG)<\/p>\n\n\n\n<p class=\"has-very-dark-gray-color has-text-color wp-block-paragraph\">Filipe Ara\u00fajo (Economia\/UFMG)<\/p>\n\n\n\n<p class=\"has-very-dark-gray-color has-text-color wp-block-paragraph\">Francesco Brand\u00e3o (Economia\/UFMG)<\/p>\n\n\n\n<p class=\"has-very-dark-gray-color has-text-color wp-block-paragraph\">Guilherme Carvalho (Economia\/UFMG)<\/p>\n\n\n\n<p class=\"has-very-dark-gray-color has-text-color wp-block-paragraph\">Laura Maciel (Economia\/UFMG)<\/p>\n\n\n\n<p class=\"has-very-dark-gray-color has-text-color wp-block-paragraph\">Luiz Felipe Portelinha (Economia\/UFMG)<\/p>\n\n\n\n<p class=\"has-very-dark-gray-color has-text-color wp-block-paragraph\">Ma\u00edra Miranda (Rela\u00e7\u00f5es Econ\u00f4micas Internacionais\/UFMG)<span style=\"color: #000000\"><\/span><\/p>\n\n\n\n<p class=\"has-very-dark-gray-color has-text-color wp-block-paragraph\">Rafael Campanharo (Rela\u00e7\u00f5es Econ\u00f4micas Internacionais\/UFMG)<\/p>\n","protected":false},"excerpt":{"rendered":"<p>Alisson Giffoni (Economia\/UFMG) Beatriz Neves (Rela\u00e7\u00f5es Econ\u00f4micas Internacionais\/UFMG) Ciro Lopes (Economia\/UFMG) Eduarda Moura (Economia\/UFMG) Filipe Ara\u00fajo (Economia\/UFMG) Francesco Brand\u00e3o (Economia\/UFMG) Guilherme Carvalho (Economia\/UFMG) Laura Maciel (Economia\/UFMG) Luiz Felipe Portelinha (Economia\/UFMG)&hellip; <br \/> <a class=\"read-more\" href=\"https:\/\/pesquisas.face.ufmg.br\/gppd\/quem-somos-2\/alunos\/\">Leia mais<\/a><\/p>\n","protected":false},"author":24,"featured_media":0,"parent":2885,"menu_order":0,"comment_status":"closed","ping_status":"closed","template":"","meta":{"_crdt_document":"","_exactmetrics_skip_tracking":false,"_exactmetrics_sitenote_active":false,"_exactmetrics_sitenote_note":"","_exactmetrics_sitenote_category":0,"footnotes":""},"class_list":["post-2192","page","type-page","status-publish","hentry"],"_links":{"self":[{"href":"https:\/\/pesquisas.face.ufmg.br\/gppd\/wp-json\/wp\/v2\/pages\/2192","targetHints":{"allow":["GET"]}}],"collection":[{"href":"https:\/\/pesquisas.face.ufmg.br\/gppd\/wp-json\/wp\/v2\/pages"}],"about":[{"href":"https:\/\/pesquisas.face.ufmg.br\/gppd\/wp-json\/wp\/v2\/types\/page"}],"author":[{"embeddable":true,"href":"https:\/\/pesquisas.face.ufmg.br\/gppd\/wp-json\/wp\/v2\/users\/24"}],"replies":[{"embeddable":true,"href":"https:\/\/pesquisas.face.ufmg.br\/gppd\/wp-json\/wp\/v2\/comments?post=2192"}],"version-history":[{"count":23,"href":"https:\/\/pesquisas.face.ufmg.br\/gppd\/wp-json\/wp\/v2\/pages\/2192\/revisions"}],"predecessor-version":[{"id":3680,"href":"https:\/\/pesquisas.face.ufmg.br\/gppd\/wp-json\/wp\/v2\/pages\/2192\/revisions\/3680"}],"up":[{"embeddable":true,"href":"https:\/\/pesquisas.face.ufmg.br\/gppd\/wp-json\/wp\/v2\/pages\/2885"}],"wp:attachment":[{"href":"https:\/\/pesquisas.face.ufmg.br\/gppd\/wp-json\/wp\/v2\/media?parent=2192"}],"curies":[{"name":"wp","href":"https:\/\/api.w.org\/{rel}","templated":true}]}}