{"id":2123,"date":"2018-11-23T11:58:31","date_gmt":"2018-11-23T13:58:31","guid":{"rendered":"http:\/\/pesquisas.face.ufmg.br\/gppd\/?page_id=2123"},"modified":"2019-05-31T17:03:54","modified_gmt":"2019-05-31T20:03:54","slug":"sobre","status":"publish","type":"page","link":"https:\/\/pesquisas.face.ufmg.br\/gppd\/quem-somos-2\/sobre\/","title":{"rendered":"Sobre o grupo"},"content":{"rendered":"\n<p class=\"wp-block-paragraph\"><span style=\"color: #000000\">O<\/span> <a href=\"http:\/\/dgp.cnpq.br\/dgp\/espelhogrupo\/3985333436700415\" target=\"_blank\" rel=\"noopener noreferrer\">Grupo de Pesquisa em Pol\u00edticas P\u00fablicas e Desenvolvimento (PPD)<\/a> <span style=\"color: #000000\">foi criado visando integrar diversas linhas de pesquisa aplicadas e te\u00f3ricas, desenvolvidas por professores do Cedeplar\/UFMG. Dois eixos fundamentais unem os diversos temas abordados pelas diferentes linhas de pesquisa do grupo:<\/span><\/p>\n\n\n\n<ul class=\"wp-block-list\"><li><span style=\"color: #000000\">Reconhecimento da necessidade de an\u00e1lise sistem\u00e1tica de dados emp\u00edricos relacionados \u00e0s din\u00e2micas macroecon\u00f4mica (curto prazo) e de desenvolvimento (longo prazo) nos diversos pa\u00edses do mundo.<\/span><\/li><li><span style=\"color: #000000\">Elabora\u00e7\u00e3o e avalia\u00e7\u00e3o de pol\u00edticas p\u00fablicas voltadas a fomentar o crescimento, a estabilidade macroecon\u00f4mica e o desenvolvimento ao redor do globo.&nbsp;<\/span><\/li><\/ul>\n","protected":false},"excerpt":{"rendered":"<p>O Grupo de Pesquisa em Pol\u00edticas P\u00fablicas e Desenvolvimento (PPD) foi criado visando integrar diversas linhas de pesquisa aplicadas e te\u00f3ricas, desenvolvidas por professores do Cedeplar\/UFMG. Dois eixos fundamentais unem&hellip; <br \/> <a class=\"read-more\" href=\"https:\/\/pesquisas.face.ufmg.br\/gppd\/quem-somos-2\/sobre\/\">Leia mais<\/a><\/p>\n","protected":false},"author":24,"featured_media":0,"parent":2885,"menu_order":0,"comment_status":"closed","ping_status":"closed","template":"","meta":{"_crdt_document":"","_exactmetrics_skip_tracking":false,"_exactmetrics_sitenote_active":false,"_exactmetrics_sitenote_note":"","_exactmetrics_sitenote_category":0,"footnotes":""},"class_list":["post-2123","page","type-page","status-publish","hentry"],"_links":{"self":[{"href":"https:\/\/pesquisas.face.ufmg.br\/gppd\/wp-json\/wp\/v2\/pages\/2123","targetHints":{"allow":["GET"]}}],"collection":[{"href":"https:\/\/pesquisas.face.ufmg.br\/gppd\/wp-json\/wp\/v2\/pages"}],"about":[{"href":"https:\/\/pesquisas.face.ufmg.br\/gppd\/wp-json\/wp\/v2\/types\/page"}],"author":[{"embeddable":true,"href":"https:\/\/pesquisas.face.ufmg.br\/gppd\/wp-json\/wp\/v2\/users\/24"}],"replies":[{"embeddable":true,"href":"https:\/\/pesquisas.face.ufmg.br\/gppd\/wp-json\/wp\/v2\/comments?post=2123"}],"version-history":[{"count":15,"href":"https:\/\/pesquisas.face.ufmg.br\/gppd\/wp-json\/wp\/v2\/pages\/2123\/revisions"}],"predecessor-version":[{"id":3006,"href":"https:\/\/pesquisas.face.ufmg.br\/gppd\/wp-json\/wp\/v2\/pages\/2123\/revisions\/3006"}],"up":[{"embeddable":true,"href":"https:\/\/pesquisas.face.ufmg.br\/gppd\/wp-json\/wp\/v2\/pages\/2885"}],"wp:attachment":[{"href":"https:\/\/pesquisas.face.ufmg.br\/gppd\/wp-json\/wp\/v2\/media?parent=2123"}],"curies":[{"name":"wp","href":"https:\/\/api.w.org\/{rel}","templated":true}]}}