{"id":2005,"date":"2018-11-22T12:31:02","date_gmt":"2018-11-22T14:31:02","guid":{"rendered":"http:\/\/pesquisas.face.ufmg.br\/gppd\/?page_id=2005"},"modified":"2020-10-23T13:39:27","modified_gmt":"2020-10-23T16:39:27","slug":"publicacoes","status":"publish","type":"page","link":"https:\/\/pesquisas.face.ufmg.br\/gppd\/publicacoes-2\/publicacoes\/","title":{"rendered":"Artigos Cient\u00edficos"},"content":{"rendered":"\n<p class=\"has-very-dark-gray-color has-text-color wp-block-paragraph\"><em><strong>COMPLEXIDADE ECON\u00d4MICA<\/strong><\/em><\/p>\n\n\n\n<p class=\"wp-block-paragraph\"><span style=\"color: #000000\">Romero, J. P.; Silveira, F. <em>Mudan\u00e7a estrutural e complexidade econ\u00f4mica: identificando setores promissores para o desenvolvimento dos estados brasileiros<\/em>. In: Marcos Vinicius Chialliato Leite (Org.). <a rel=\"noreferrer noopener\" aria-label=\" (opens in a new tab)\" href=\"https:\/\/repositorio.cepal.org\/handle\/11362\/44616\" target=\"_blank\">Alternativas para o desenvolvimento brasileiro: novos horizontes para a mudan\u00e7a estrutural com igualdade<\/a>.<\/span> <span style=\"color: #000000\">201ed. Santiago: Na\u00e7\u00f5es Unidas, Comiss\u00e3o Econ\u00f4mica para a Am\u00e9rica Latina e o Caribe (CEPAL), 2019, 252p., p. 137-160.<\/span><\/p>\n\n\n\n<p class=\"wp-block-paragraph\"><span style=\"color: #000000\">Romero, J. P.; Freitas, E. <em>Setores promissores para o desenvolvimento do Brasil: complexidade e espa\u00e7o do produto como instrumentos de pol\u00edtica<\/em>. In: M\u00f4nica Viegas, Eduardo Albuquerque (Org.). <a rel=\"noreferrer noopener\" aria-label=\" (opens in a new tab)\" href=\"https:\/\/www.cedeplar.ufmg.br\/publicacoes\/colecao-populacao-economia\/1067-alternativas-para-uma-crise-de-mu-ltiplas-dimenso-es-1-volume\" target=\"_blank\">Alternativas para uma crise de m\u00faltiplas dimens\u00f5es<\/a>.<\/span> <span style=\"color: #000000\">1ed. Belo Horizonte: Cedeplar-UFMG, 2018, v. 1, p. 358-374.<\/span><\/p>\n\n\n\n<p class=\"wp-block-paragraph\"><span style=\"color: #000000\">Britto, G.; Romero, J. P.; Freitas, E.; Coelho, C.<\/span>  <a rel=\"noreferrer noopener\" aria-label=\" (opens in a new tab)\" href=\"https:\/\/www.cepal.org\/es\/publicaciones\/44579-la-gran-brecha-complejidad-economica-trayectorias-desarrollo-brasil-la-republica\" target=\"_blank\">La gran brecha: complejidad econ\u00f3mica y trayectorias de desarrollo del Brasil y la Rep\u00fablica de Corea<\/a><span style=\"color: #000000\">. Cepal Review, v. 127, p. 217-241, 2018.<\/span><\/p>\n\n\n\n<p class=\"wp-block-paragraph\"><span style=\"color: #000000\">Missio, F. J.; Gabriel, L. F.<\/span> <a rel=\"noreferrer noopener\" aria-label=\" (opens in a new tab)\" href=\"https:\/\/ojs.uniroma1.it\/index.php\/PSLQuarterlyReview\/article\/view\/14581\" target=\"_blank\">Real&nbsp;exchange&nbsp;rate&nbsp;and&nbsp;economic&nbsp;complexity&nbsp;in&nbsp;a&nbsp;north-south&nbsp;structuralist&nbsp;BopG&nbsp;model<\/a><span style=\"color: #000000\">. PSL Quarterly Review, 71 (287): 439-465, 2018.<\/span><\/p>\n\n\n\n<p class=\"wp-block-paragraph\"><span style=\"color: #000000\">Cimini, F.; Rocha, Elisa M. P.; Villefort, I.<\/span> <a rel=\"noreferrer noopener\" href=\"http:\/\/www.scielo.br\/scielo.php?script=sci_abstract&amp;pid=S1415-98482017000300202&amp;lng=en&amp;nrm=iso&amp;tlng=pt\" target=\"_blank\">Encurtando as dist\u00e2ncias: o uso da plataforma DataViva para identificar oportunidades de sofistica\u00e7\u00e3o econ\u00f4mica em Minas Gerais<\/a><span style=\"color: #000000\">. Revista de Economia Contempor\u00e2nea, v. 21, p. 1-31, 2018.<\/span><\/p>\n\n\n\n<p class=\"wp-block-paragraph\"><span style=\"color: #000000\">Gala, P.; Camargo, J.;&nbsp;Freitas, E.<\/span> <a rel=\"noreferrer noopener\" href=\"https:\/\/academic.oup.com\/cje\/article\/42\/3\/633\/4107563\" target=\"_blank\">The Economic Commission for Latin America and the Caribbean (ECLAC) was right: scale-free complex networks and core-periphery patterns in world trade<\/a><span style=\"color: #000000\">. Cambridge Journal of Economics,&nbsp;v. 42, p. 633-651, 2017.<\/span><\/p>\n\n\n\n<p class=\"wp-block-paragraph\"><span style=\"color: #000000\">Cimini, F.; Rocha, Elisa M. P.; Villefort, I.; Vasconcelos, F.<\/span> <a rel=\"noreferrer noopener\" href=\"https:\/\/periodicos.sbu.unicamp.br\/ojs\/index.php\/rbi\/article\/view\/8650857\" target=\"_blank\">A armadilha da baixa complexidade em Minas Gerais: o desafio da sofistica\u00e7\u00e3o econ\u00f4mica em um estado exportador de commodities<\/a><span style=\"color: #000000\">. Revista Brasileira de Inova\u00e7\u00e3o, v. 17, p. 33-62, 2017.<\/span><\/p>\n\n\n\n<p class=\"wp-block-paragraph\"><span style=\"color: #000000\">Freitas, E.;&nbsp;Paiva, E.<\/span> <a rel=\"noreferrer noopener\" href=\"https:\/\/ren.emnuvens.com.br\/ren\/article\/view\/261\" target=\"_blank\">Diversifica\u00e7\u00e3o e sofistica\u00e7\u00e3o das exporta\u00e7\u00f5es: uma aplica\u00e7\u00e3o do <em>Product Space<\/em> aos dados do Brasil<\/a>. <span style=\"color: #000000\">Revista Econ\u00f4mica do Nordeste, v. 46, p. 79-98, 2015.<\/span><\/p>\n\n\n\n<p class=\"wp-block-paragraph\"><span style=\"color: #000000\">Britto, G.; Freitas, E.;&nbsp;Romero, J. P. <em>Competitividade industrial e inova\u00e7\u00e3o na abordagem da complexidade: uma an\u00e1lise do caso brasileiro<\/em>. In: Nelson Barbosa; Nelson Marconi; Mauricio Can\u00eado Pinheiro; Laura Carvalho. (Org.).<\/span> <a href=\"https:\/\/www.loja.elsevier.com.br\/industria-e-desenvolvimento-produtivo-no-brasil-9788535284232.html\" target=\"_blank\" rel=\"noreferrer noopener\">Ind\u00fastria e Desenvolvimento Produtivo no Brasil<\/a>. <span style=\"color: #000000\">1ed. Rio de Janeiro: Elsevier, p. 417-440, 2015.<\/span><\/p>\n\n\n\n<p class=\"wp-block-paragraph\"><span style=\"color: #000000\">Britto, G.;&nbsp;Romero, J.P.;&nbsp;Freitas, E.; Tonon, M.; Coelho, C. <em>Competitividade industrial, complexidade e intensidade tecnol\u00f3gica em Portugal.<\/em> In: Allan Claudius Queiroz Barbosa, Cl\u00e1udia Cristina Bitencourt, Joaquim Ramos Silva. (Org.).<\/span> <a href=\"http:\/\/www.edi-colibri.pt\/Detalhes.aspx?ItemID=1976\">Inova\u00e7\u00e3o, co<\/a><a href=\"http:\/\/www.edi-colibri.pt\/Detalhes.aspx?ItemID=1976\" target=\"_blank\" rel=\"noreferrer noopener\">n<\/a><a href=\"http:\/\/www.edi-colibri.pt\/Detalhes.aspx?ItemID=1976\">hecimento e tecnologia: uma perspectiva luso-brasileira<\/a>. <span style=\"color: #000000\">1ed. Lisboa: Edi\u00e7\u00f5es Colibri, 2015, v. 1, p. 135-156.<\/span><\/p>\n\n\n\n<p class=\"has-very-dark-gray-color has-text-color wp-block-paragraph\"><strong><em>COOPERA\u00c7\u00c3O INTERNACIONAL E DESENVOLVIMENTO<\/em><\/strong><\/p>\n\n\n\n<p class=\"wp-block-paragraph\"><span style=\"color: #000000\"> Cimini, F. <em>Converg\u00eancia e Diverg\u00eancia Institucional no Policy Making Europeu<\/em>. In: Cunha, A. <\/span><a rel=\"noreferrer noopener\" href=\"http:\/\/www.finotracoeditora.com.br\/livros\/000555\/9786599013737\/e-book-uma-introducao-a-uniao-europeia-historia-politica-e-economia.html\" target=\"_blank\">Uma Introdu\u00e7\u00e3o a Uni\u00e3o Europeia: hist\u00f3ria, pol\u00edtica e economia<\/a>. <span style=\"color: #000000\">Belo Horizonte: Fino Tra\u00e7o, 2019, v. 1, p. 131-166.<\/span><\/p>\n\n\n\n<p class=\"wp-block-paragraph\"><span style=\"color: #000000\">Leite, I. C.; Gon\u00e7alves, P. T.; Castro, A. C.; Cimini, F.<\/span> <a href=\"http:\/\/www.periodicos.ufpb.br\/index.php\/rppi\/article\/view\/41115\">Apresenta\u00e7\u00e3o do dossi\u00ea: a coopera\u00e7\u00e3o internacional para o desenvolvimento:&nbsp;debates e pr\u00e1ticas<\/a>. <span style=\"color: #000000\">Jo\u00e3o Pessoa, 2018. (Pref\u00e1cio, P\u00f3sfacio\/Apresenta\u00e7\u00e3o).<\/span><\/p>\n\n\n\n<p class=\"wp-block-paragraph\"><span style=\"color: #000000\">Cimini, F.; Daibert, L. S.<\/span>&nbsp;<a href=\"http:\/\/revistas.usal.es\/index.php\/1130-2887\/article\/view\/alh201878127147\" target=\"_blank\" rel=\"noreferrer noopener\">Multilateralismo o bilateralismo: diferencias en los patrones de inserci\u00f3n de Argentina y Chile enel comercio internacional.<\/a> <span style=\"color: #000000\">Am\u00e9rica Latina Hoy, v. 78, p. 127-147, 2018.<\/span><\/p>\n\n\n\n<p class=\"wp-block-paragraph\"><span style=\"color: #000000\">Cimini, F.<\/span> <a href=\"https:\/\/cartainternacional.abri.org.br\/Carta\/article\/view\/478\">A nova face das pol\u00edticas de desenvolvimento do Banco Mundial: do ajuste estrutural para a boa governan\u00e7a<\/a>.&nbsp;<span style=\"color: #000000\">Carta Internacional (USP), v. 11, p. 99-125, 2016<\/span>.<\/p>\n\n\n\n<p class=\"wp-block-paragraph\"><span style=\"color: #000000\">Cimini, F.<\/span> <a rel=\"noreferrer noopener\" href=\"http:\/\/www.scielo.br\/scielo.php?pid=S0102-85292015000200347&amp;script=sci_abstract&amp;tlng=pt\" target=\"_blank\">O papel da ONU e do Banco Mundial na consolida\u00e7\u00e3o do campo internacional de desenvolvimento.<\/a> <span style=\"color: #000000\">Contexto Internacional (PUCRJ. Impresso), v. 37, p. 347-373, 2015.<\/span><\/p>\n\n\n\n<p class=\"wp-block-paragraph\"><span style=\"color: #000000\">Prado, M. M.; Cimini, F.<\/span> <a rel=\"noreferrer noopener\" href=\"https:\/\/www.jstor.org\/stable\/43239731?seq=1#page_scan_tab_contents\" target=\"_blank\">The Brics Bank&#8217;s potential to challenge thefield of development cooperation.<\/a> <span style=\"color: #000000\">Verfassung und Recht in Ubersee, v. 2,p. 147-197, 2014.<\/span><\/p>\n\n\n\n<p class=\"wp-block-paragraph\"><span style=\"color: #000000\">Cimini, F.; Vieira, S. G.<\/span> <a href=\"https:\/\/dialnet.unirioja.es\/servlet\/articulo?codigo=4786976\" target=\"_blank\" rel=\"noreferrer noopener\">La capacidad depoder de los gobiernos locales en el campo del desarrollo: un an\u00e1lisis de laposici\u00f3n de Minas Gerais a partir de 2003.<\/a> <span style=\"color: #000000\">Apuntes, Revista de CienciasSociales, v. XLI, p. 169-195, 2014.<\/span><\/p>\n\n\n\n<p class=\"has-very-dark-gray-color has-text-color wp-block-paragraph\"><strong><em>ESTRUTURA PRODUTIVA, COM\u00c9RCIO E CRESCIMENTO<\/em><\/strong><\/p>\n\n\n\n<p class=\"wp-block-paragraph\"><span style=\"color: #000000\"> Medeiros, V.; Ribeiro, R. S. M.<\/span> <a rel=\"noreferrer noopener\" href=\"https:\/\/www.sciencedirect.com\/science\/article\/pii\/S0305750X2030245X\" target=\"_blank\">Infrastructure and household poverty in Brazil: a regional approach using multilevels models.<\/a> <span style=\"color: #000000\">World Development, 2021.<\/span><\/p>\n\n\n\n<p class=\"wp-block-paragraph\"><span style=\"color: #000000\"> Yemba, B. M.; Ribeiro, R. S. M. e Medeiros, V.<\/span> <a rel=\"noreferrer noopener\" href=\"https:\/\/ojs.uniroma1.it\/index.php\/PSLQuarterlyReview\/article\/view\/17122\" target=\"_blank\">Infrastructure and manufacturing in Sub-Saharan Africa: An empirical analysis using dynamic panel data models.<\/a> <span style=\"color: #000000\">PSL Quarterly Review, 2020.<\/span><\/p>\n\n\n\n<p class=\"wp-block-paragraph\"><span style=\"color: #000000\"> Medeiros, V.; Ribeiro, R. S. M.<\/span> <a href=\"https:\/\/www.sciencedirect.com\/science\/article\/abs\/pii\/S0301421520304602\" target=\"_blank\" rel=\"noreferrer noopener\">Power infrastructure and income inequality: Evidence from Brazilian state-level data using dynamic panel data models.<\/a> <span style=\"color: #000000\">Energy Policy, 2020.<\/span><\/p>\n\n\n\n<p class=\"wp-block-paragraph\"><span style=\"color: #000000\">Ribeiro, R. S. M.; Neto, A. S. M.<\/span>  <a href=\"https:\/\/www.elgaronline.com\/abstract\/journals\/roke\/7-3\/roke.2019.03.02.xml?fbclid=IwAR3dvDEzNEjeykkV8DuCBF5Wt85qWG6iwdhA20wfhwfoT3YiVVdEuA5Cixw\" target=\"_blank\" rel=\"noreferrer noopener\" aria-label=\" (opens in a new tab)\">A Neo-Kaleckian model of skill-biased technological change and income distribution<\/a>. <span style=\"color: #000000\">Review of Keynesian Economics, v. 7, p. 292-307,<\/span> <span style=\"color: #000000\">2019.<\/span><\/p>\n\n\n\n<p class=\"wp-block-paragraph\"><span style=\"color: #000000\">Ribeiro, R. S. M. <em>Balance-of-payments constrained growth model: the brazilian case over the period 1980-2011<\/em>. In: Elias Grivoyannis (Org.). <a rel=\"noreferrer noopener\" aria-label=\" (opens in a new tab)\" href=\"https:\/\/link.springer.com\/book\/10.1057\/978-1-137-46260-2?fbclid=IwAR3R9kkjcWNmw1xsMlB2kz6F4uGHwtCf497-YQoGvQyco1Suu_tZ_l4YjH4\" target=\"_blank\">International Integration of the Brazilian Economy<\/a>.<\/span> <span style=\"color: #000000\">1ed. Palgrave Macmillan, New York, p. 265-288, 2019.<\/span><\/p>\n\n\n\n<p class=\"wp-block-paragraph\"><span style=\"color: #000000\">Ribeiro, R. S. M.; McCombie, J. S. L.; Lima, G. T.<\/span> <a rel=\"noreferrer noopener\" aria-label=\" (opens in a new tab)\" href=\"https:\/\/www.sciencedirect.com\/science\/article\/abs\/pii\/S0954349X18301292?via%3Dihub&amp;fbclid=IwAR01m28qHLsQEumcJLbDdTjKbR7MsYRQRpnsaMziaP4PCGJlqyECLlIJFYs\" target=\"_blank\">Does real exchange rate undervaluation really promote economic growth?<\/a> <span style=\"color: #000000\">Structural Change and Economic Dynamics, 2019.<\/span><\/p>\n\n\n\n<p class=\"wp-block-paragraph\"><span style=\"color: #000000\">Romero, J. P.<\/span> <a rel=\"noreferrer noopener\" aria-label=\" (opens in a new tab)\" href=\"https:\/\/academic.oup.com\/cje\/advance-article\/doi\/10.1093\/cje\/bez003\/5381887?guestAccessKey=21526b7b-41fd-4aba-97e9-14be49f46d8a\" target=\"_blank\">A Kaldor-Schumpeter model of cumulative growth<\/a>. <span style=\"color: #000000\">Cambridge Journal of Economics, 2019.<\/span><\/p>\n\n\n\n<p class=\"wp-block-paragraph\"><span style=\"color: #000000\">Missio, F. J.; Barbosa, L. O. S.; Jayme Jr., F. G.<\/span> <a rel=\"noreferrer noopener\" aria-label=\" (opens in a new tab)\" href=\"https:\/\/www.tandfonline.com\/doi\/full\/10.1080\/01603477.2018.1486209\" target=\"_blank\">Managing&nbsp;real&nbsp;exchange&nbsp;rate&nbsp;for&nbsp;economic&nbsp;development:&nbsp;empirical&nbsp;evidences&nbsp;from&nbsp;developing&nbsp;countries<\/a>. <span style=\"color: #000000\">Journal of Post Keynesian Economics, vol. 41, Issue 4, pp. 598-619, 2018<span style=\"color: #000000\">.<\/span><\/span><\/p>\n\n\n\n<p class=\"has-normal-font-size wp-block-paragraph\"><span style=\"color: #000000\">Carvalho, A. R.;&nbsp;Ribeiro, R. S. M.; Marques, A. M.<\/span>&nbsp;<a href=\"https:\/\/www.tandfonline.com\/doi\/full\/10.1080\/02692171.2017.1351531\" target=\"_blank\" rel=\"noreferrer noopener\">Economic development and inflation: a theoretical and empirical analysis<\/a>.&nbsp;<span style=\"color: #000000\"><em>International Review of Applied Economics,&nbsp;<\/em>v. 32, p. 546-565, 2018.<\/span><\/p>\n\n\n\n<p class=\"wp-block-paragraph\"><span style=\"color: #000000\">Romero, J. P.; McCombie, J. S. L.<\/span>&nbsp;<a href=\"http:\/\/onlinelibrary.wiley.com\/doi\/10.1111\/meca.12185\/full\" target=\"_blank\" rel=\"noreferrer noopener\">Thirlwall\u2019s law and the specification of export and import functions<\/a>. <span style=\"color: #000000\">Metroeconomica,&nbsp;v. 69, p. 366-395, 2018.<\/span><\/p>\n\n\n\n<p class=\"wp-block-paragraph\"><span style=\"color: #000000\">Missio, F. J.; Ara\u00fajo, R. A.; Jayme Jr., F. G.<\/span> <a rel=\"noreferrer noopener\" href=\"https:\/\/www.sciencedirect.com\/science\/article\/pii\/S0954349X17301777\" target=\"_blank\">Endogenous elasticities and the impact of the real exchange rate on structural economic dynamics<\/a>. <span style=\"color: #000000\">Structural Change and Economic Dynamics, v. 42, p. 67-75, 2017.<\/span><\/p>\n\n\n\n<p class=\"wp-block-paragraph\"><span style=\"color: #000000\">Romero, J. P.; Britto, G.<\/span>&nbsp;<a href=\"https:\/\/academic.oup.com\/cje\/article\/41\/2\/391\/2625401\/Increasing-returns-to-scale-technological-catch-up\" target=\"_blank\" rel=\"noreferrer noopener\">Increasing returns to scale, technological catch-up and research intensity: endogenising the Verdoorn coefficient<\/a>.<span style=\"color: #000000\"> Cambridge Journal of Economics, v. 41, p. 391-412, 2017.<\/span><\/p>\n\n\n\n<p class=\"wp-block-paragraph\"><span style=\"color: #000000\">Ribeiro, R. S. M.; McCombie, J. S. L.; Lima, G. T.<\/span>&nbsp;&nbsp;<a rel=\"noreferrer noopener\" href=\"https:\/\/www.repository.cam.ac.uk\/handle\/1810\/256866\" target=\"_blank\">Exchange rate, income distribution and technical change in a balance-of-payments constrained growth model<\/a>.&nbsp;<span style=\"color: #000000\">Review of Political Economy, v. 28, p. 545-565, 2016.<\/span><\/p>\n\n\n\n<p class=\"wp-block-paragraph\"><span style=\"color: #000000\">Romero, J. P.; McCombie, J. S. L.<\/span>&nbsp;<a href=\"http:\/\/www.tandfonline.com\/doi\/abs\/10.1080\/02692171.2015.1102207?journalCode=cira20\" target=\"_blank\" rel=\"noreferrer noopener\">The Multi-Sectoral Thirlwall\u2019s Law: evidence from 14 developed European countries using product-level data<\/a>. <span style=\"color: #000000\">International Review of Applied Economics, v. 30, p. 301-325, 2016.<\/span><\/p>\n\n\n\n<p class=\"wp-block-paragraph\"><span style=\"color: #000000\">Oreiro, J. L.; Jayme Jr., F. G.; Gabriel, L. F.<\/span>&nbsp;<a rel=\"noreferrer noopener\" aria-label=\" (opens in a new tab)\" href=\"https:\/\/www.sciencedirect.com\/science\/article\/abs\/pii\/S0954349X16000084#!\" target=\"_blank\">A&nbsp;North-South&nbsp;model&nbsp;of&nbsp;economic&nbsp;growth,&nbsp;technological&nbsp;gap,&nbsp;structural&nbsp;change&nbsp;and&nbsp;real&nbsp;exchange&nbsp;rate.<\/a> <span style=\"color: #000000\">Structural Change and Economic Dynamics, v. 38, pp. 83-94, 2016.<\/span><\/p>\n\n\n\n<p class=\"wp-block-paragraph\"><span style=\"color: #000000\">Romero, J. P.; McCombie, J.S.L.<\/span>&nbsp;<a href=\"http:\/\/www.emeraldinsight.com\/doi\/full\/10.1108\/JES-03-2015-0045\" target=\"_blank\" rel=\"noreferrer noopener\">Differences in increasing returns between technological sectors<\/a>. <span style=\"color: #000000\">Journal of Economic Studies, v. 43, p. 863-878, 2016.<\/span><\/p>\n\n\n\n<p class=\"wp-block-paragraph\"><span style=\"color: #000000\">Oreiro, J. L.;&nbsp;Missio, F. J.;&nbsp;Jayme Jr., F. G.<\/span>&nbsp;<a rel=\"noreferrer noopener\" href=\"https:\/\/panoeconomicus.org\/index.php\/jorunal\/article\/view\/395\" target=\"_blank\">Capital accumulation, structural change and real exchange rate in a keynesian-structuralist growth model.<\/a> <span style=\"color: #000000\">Panoeconomicus, v. 62, p. 237-256, 2015.<\/span><\/p>\n","protected":false},"excerpt":{"rendered":"<p>COMPLEXIDADE ECON\u00d4MICA Romero, J. P.; Silveira, F. Mudan\u00e7a estrutural e complexidade econ\u00f4mica: identificando setores promissores para o desenvolvimento dos estados brasileiros. In: Marcos Vinicius Chialliato Leite (Org.). Alternativas para o&hellip; <br \/> <a class=\"read-more\" href=\"https:\/\/pesquisas.face.ufmg.br\/gppd\/publicacoes-2\/publicacoes\/\">Leia mais<\/a><\/p>\n","protected":false},"author":24,"featured_media":0,"parent":2997,"menu_order":6,"comment_status":"closed","ping_status":"closed","template":"","meta":{"_crdt_document":"","_exactmetrics_skip_tracking":false,"_exactmetrics_sitenote_active":false,"_exactmetrics_sitenote_note":"","_exactmetrics_sitenote_category":0,"footnotes":""},"class_list":["post-2005","page","type-page","status-publish","hentry"],"_links":{"self":[{"href":"https:\/\/pesquisas.face.ufmg.br\/gppd\/wp-json\/wp\/v2\/pages\/2005","targetHints":{"allow":["GET"]}}],"collection":[{"href":"https:\/\/pesquisas.face.ufmg.br\/gppd\/wp-json\/wp\/v2\/pages"}],"about":[{"href":"https:\/\/pesquisas.face.ufmg.br\/gppd\/wp-json\/wp\/v2\/types\/page"}],"author":[{"embeddable":true,"href":"https:\/\/pesquisas.face.ufmg.br\/gppd\/wp-json\/wp\/v2\/users\/24"}],"replies":[{"embeddable":true,"href":"https:\/\/pesquisas.face.ufmg.br\/gppd\/wp-json\/wp\/v2\/comments?post=2005"}],"version-history":[{"count":81,"href":"https:\/\/pesquisas.face.ufmg.br\/gppd\/wp-json\/wp\/v2\/pages\/2005\/revisions"}],"predecessor-version":[{"id":3682,"href":"https:\/\/pesquisas.face.ufmg.br\/gppd\/wp-json\/wp\/v2\/pages\/2005\/revisions\/3682"}],"up":[{"embeddable":true,"href":"https:\/\/pesquisas.face.ufmg.br\/gppd\/wp-json\/wp\/v2\/pages\/2997"}],"wp:attachment":[{"href":"https:\/\/pesquisas.face.ufmg.br\/gppd\/wp-json\/wp\/v2\/media?parent=2005"}],"curies":[{"name":"wp","href":"https:\/\/api.w.org\/{rel}","templated":true}]}}