{"id":1979,"date":"2018-11-22T12:03:00","date_gmt":"2018-11-22T14:03:00","guid":{"rendered":"http:\/\/pesquisas.face.ufmg.br\/gppd\/?page_id=1979"},"modified":"2020-10-16T14:25:29","modified_gmt":"2020-10-16T17:25:29","slug":"videos","status":"publish","type":"page","link":"https:\/\/pesquisas.face.ufmg.br\/gppd\/videos\/","title":{"rendered":"V\u00eddeos"},"content":{"rendered":"\n<p class=\"wp-block-paragraph\"><\/p>\n\n\n\n<p class=\"has-very-dark-gray-color has-text-color wp-block-paragraph\" style=\"font-size:18px\"><strong>Professor Fabr\u00edcio Missio discute a pauta econ\u00f4mica no governo Bolsonaro <\/strong><\/p>\n\n\n\n<p class=\"has-text-align-left wp-block-paragraph\" style=\"font-size:15px\"><a rel=\"noreferrer noopener\" href=\"https:\/\/www.youtube.com\/watch?v=iRWbic2IbMw\" target=\"_blank\">No programa <em>Mundo Pol\u00edtico<\/em> do canal da Assembleia de Minas Gerais<\/a><span style=\"color: #000000\">, no dia 14 de agosto, o professor do Cedeplar Fabr\u00edcio Missio analisou pontos importantes na condu\u00e7\u00e3o da pol\u00edtica econ\u00f4mica por parte do governo de Jair Bolsonaro. Dentre outros assuntos, ele aborda temas como a reforma administrativa, a revis\u00e3o do teto dos gastos, o aux\u00edlio emergencial, a atua\u00e7\u00e3o do Banco Central e a organiza\u00e7\u00e3o ministerial por parte de Paulo Guedes<\/span>.<span style=\"color: #000000\"><\/span><\/p>\n\n\n\n<p class=\"has-very-dark-gray-color has-text-color wp-block-paragraph\" style=\"font-size:18px\"><strong>Professor Rafael Ribeiro volta ao programa <em>Opini\u00e3o Minas<\/em> para falar sobre a regra do teto dos gastos <\/strong><\/p>\n\n\n\n<p class=\"has-text-align-left wp-block-paragraph\" style=\"font-size:15px\"><a rel=\"noreferrer noopener\" aria-label=\" (abre em uma nova aba)\" href=\"https:\/\/www.youtube.com\/watch?v=EcwEFR1EiL0&amp;fbclid=IwAR3gZ7hyK7nysvBHU2d9PtrFXyts02mWAxUeol3zjXw3ayqELY5gSc9semw\" target=\"_blank\">Ao programa <em>Opini\u00e3o Minas<\/em> da TV Rede Minas<\/a><span style=\"color: #000000\">, no dia 09 de setembro, o economista do Cedeplar Rafael Ribeiro falou sobre a gest\u00e3o or\u00e7ament\u00e1ria do atual governo. Dentro da tem\u00e1tica, o professor discutiu a regra do teto de gastos. Ele compara a regra brasileira com as boas pr\u00e1ticas adotadas em outros pa\u00edses, a fim de mostrar que h\u00e1 alternativas e que mudan\u00e7as na regra atual s\u00e3o urgentes e necess\u00e1rias.<\/span><span style=\"color: #000000\"><\/span><\/p>\n\n\n\n<p class=\"has-very-dark-gray-color has-text-color wp-block-paragraph\" style=\"font-size:18px\"><strong>Economista Rafael Ribeiro participa do programa <em>Opini\u00e3o Minas<\/em> da TV Rede Minas<\/strong><\/p>\n\n\n\n<p class=\"has-text-align-left wp-block-paragraph\" style=\"font-size:15px\"><a rel=\"noreferrer noopener\" aria-label=\" (opens in a new tab)\" href=\"https:\/\/www.youtube.com\/watch?v=9awcUTTAVCc&amp;fbclid=IwAR0AwGPUjJAtBSu14ySo13kkCI7DtX2s5le8R5fEV5S384X3-AH5GFLQyJI\" target=\"_blank\">No programa <em>Opini\u00e3o Minas<\/em> da TV Rede Minas<\/a><span style=\"color: #000000\">, o professor Rafael Ribeiro discutiu quest\u00f5es relativas \u00e0 estagna\u00e7\u00e3o econ\u00f4mica do Brasil.  O economista defendeu a libera\u00e7\u00e3o dos saques do FGTS, mas pontuou os limites dessa estrat\u00e9gia para o crescimento econ\u00f4mico. Segundo ele, a sa\u00edda para a crise requer investimentos em infraestrutura.<\/span><span style=\"color: #000000\"><\/span><\/p>\n\n\n\n<p class=\"has-very-dark-gray-color has-text-color wp-block-paragraph\" style=\"font-size:18px\"><strong>Professor do Cedeplar fala sobre os impactos da Reforma da Previd\u00eancia em programa da TV Assembleia MG<\/strong><\/p>\n\n\n\n<p class=\"has-text-align-left wp-block-paragraph\" style=\"font-size:15px\"><a rel=\"noreferrer noopener\" aria-label=\" (opens in a new tab)\" href=\"https:\/\/www.youtube.com\/watch?v=yjKjRZ09L-0&amp;fbclid=IwAR37UoJJUaCHakc9EXQDX0oO6cfitiWPKN_mYhJhe28CC65fC0Ils2dIFUk\" target=\"_blank\">Ao programa <em>Mundo Pol\u00edtico<\/em> da TV Assembleia MG<\/a><span style=\"color: #000000\">, o professor Rafael Ribeiro falou sobre os impactos econ\u00f4micos e sociais da Reforma da Previd\u00eancia. Al\u00e9m de discutir a respeito dos impactos positivos e negativos da reforma do ponto de vista distributivo, Rafael ressaltou que a reforma, por si s\u00f3, \u00e9 incapaz de tirar o pa\u00eds da recess\u00e3o.<\/span><span style=\"color: #000000\"><\/span><\/p>\n\n\n\n<p class=\"has-very-dark-gray-color has-text-color wp-block-paragraph\" style=\"font-size:18px\"><strong>Workshop on Development, Lock-Ins, Traps and Catch Up: India, China, South Africa, South Korea and Latin America<\/strong> <\/p>\n\n\n\n<p class=\"wp-block-paragraph\" style=\"font-size:15px\"><span style=\"color: #000000\">No dia 10 de julho de 2019, a professora Fernanda Cimini realizou uma apresenta\u00e7\u00e3o<\/span> <em><a rel=\"noreferrer noopener\" aria-label=\" (opens in a new tab)\" href=\"https:\/\/www.youtube.com\/watch?v=ii7TMr7uJcM\" target=\"_blank\">com a tem\u00e1tica &#8220;Latin America and the Middle-Income Trap&#8221;<\/a><\/em><span style=\"color: #000000\"> no <em>&#8220;Workshop on Development: Lock-ins, Traps and Catch-Up&#8221;<\/em>. O evento, que foi promovido pelo Cedeplar, ocorreu nos dias 8, 9 e 10 de julho na Faculdade de Ci\u00eancias Econ\u00f4micas da UFMG<\/span>.<span style=\"color: #000000\"> Al\u00e9m da professora, a apresenta\u00e7\u00e3o contou com a presen\u00e7a de Javier Vadell (PUC-MG), Pedro Loureiro (Cambridge University, UK), Jorge Britto (UFF, Brasil) e KJ Joseph (CDS, India). <em>A participa\u00e7\u00e3o da professora come\u00e7a no minuto 31:07.<\/em><\/span><span style=\"color: #000000\"><\/span><\/p>\n\n\n\n<p class=\"has-very-dark-gray-color has-text-color wp-block-paragraph\" style=\"font-size:18px\"><strong>Audi\u00eancia P\u00fablica &#8211; Comiss\u00e3o de Desenvolvimento Econ\u00f4mico da Assembleia Legislativa de Minas Gerais<\/strong><\/p>\n\n\n\n<p class=\"wp-block-paragraph\" style=\"font-size:15px\"><span style=\"color: #000000\">No dia 24 de maio de 2019, o professor Jo\u00e3o Prates Romero participou da<\/span> <em><a rel=\"noreferrer noopener\" aria-label=\" (opens in a new tab)\" href=\"https:\/\/www.youtube.com\/watch?v=PWtFFK44X4I&amp;fbclid=IwAR0be1zHBCbK5esvAZNLyh1yNked_LiGkEWqNakMmbVhy3Qkf4bgPOz7BYQ\" target=\"_blank\">audi\u00eancia p\u00fablica da Comiss\u00e3o de Desenvolvimento Econ\u00f4mico da ALMG<\/a><\/em><span style=\"color: #000000\"> sobre alternativas para a crise fiscal de Minas Gerais. A audi\u00eancia contou com a presen\u00e7a dos deputados Rog\u00e9rio Correia (PT-MG), Reginaldo Lopes (PT-MG) e J\u00falio Delgado (PSB-MG). <em>A participa\u00e7\u00e3o do professor come\u00e7a no minuto 51:50<\/em>.<\/span><\/p>\n\n\n\n<p class=\"has-very-dark-gray-color has-text-color wp-block-paragraph\" style=\"font-size:18px\"><strong>Semin\u00e1rio &#8211; Agentes do Desenvolvimento na Am\u00e9rica Latina e no Brasil: Estado, Empresa e Universidades<\/strong><\/p>\n\n\n\n<p class=\"wp-block-paragraph\" style=\"font-size:15px\"><span style=\"color: #000000\">No dia 30 de outubro de 2018, o Cedeplar promoveu o semin\u00e1rio<\/span> <em><a href=\"https:\/\/www.youtube.com\/watch?v=MwoCK5HPgqo\" target=\"_blank\" rel=\"noreferrer noopener\">Agentes do Desenvolvimento na Am\u00e9rica Latina e no Brasil: Estado, Empresa e Universidades<\/a><\/em><span style=\"color: #000000\">, com o lan\u00e7amento de dois livros da Cole\u00e7\u00e3o Popula\u00e7\u00e3o e Economia: <em>&#8220;Estudos de Caso da Intera\u00e7\u00e3o universidade-empresa no Brasil&#8221;<\/em>, organizado por Renato Garcia, M\u00e1rcia Rapini e Silvio Cario, e <em>&#8220;Elites Empresariais, Estado e Mercado na Am\u00e9rica Latina&#8221;,<\/em> organizado por Fernanda Cimini, Juan Cabria e Roberta Rodrigues. <em>Inicia no minuto 13:53.<\/em><\/span><\/p>\n\n\n\n<p class=\"has-very-dark-gray-color has-text-color wp-block-paragraph\" style=\"font-size:18px\"><strong>Professor Rafael Ribeiro participa de programa que prop\u00f5e uma an\u00e1lise sobre as elei\u00e7\u00f5es de 2018<\/strong><\/p>\n\n\n\n<p class=\"wp-block-paragraph\" style=\"font-size:15px\"><span style=\"color: #000000\">No dia 29 de outubro de 2018, o professor Rafael Ribeiro participou,<\/span> <span style=\"color: #000000\">no<\/span> <a href=\"https:\/\/www.youtube.com\/watch?v=IXYAmHm4iPg\" target=\"_blank\" rel=\"noreferrer noopener\">programa&nbsp;Voz Ativa da Rede Minas<\/a><span style=\"color: #000000\">, de uma mesa de discuss\u00e3o que analisou os resultados das elei\u00e7\u00f5es presidenciais de 2018. O debate, apresentado por Florestan Fernandes Junior, ainda contou com a participa\u00e7\u00e3o de&nbsp;Leonardo Avritzer, cientista pol\u00edtico e professor da UFMG, Maur\u00edcio Dieter, advogado e professor da USP, Dulce Maria Pereira, professora da UFOP, e Simone Pio, jornalista da Rede Minas<\/span>.<\/p>\n\n\n\n<p class=\"has-very-dark-gray-color has-text-color wp-block-paragraph\" style=\"font-size:18px\"><strong>Professora Fernanda Cimini participa de semin\u00e1rio internacional promovido pelo <\/strong><em><strong>Centro de Estudos<\/strong><\/em><strong> <em>Latino-Americanos (CELA)<\/em><\/strong><\/p>\n\n\n\n<p class=\"wp-block-paragraph\" style=\"font-size:15px\"><span style=\"color: #000000\">No dia 16 de outubro de 2018, a professora Fernanda Cimini participou, juntamente com o professor Alexandre Queiroz Guimar\u00e3es (Funda\u00e7\u00e3o Jo\u00e3o Pinheiro), do semin\u00e1rio intitulado<\/span> <em><a rel=\"noreferrer noopener\" aria-label=\" (abre em uma nova aba)\" href=\"https:\/\/www.youtube.com\/watch?v=sAbxdaoB1OA\" target=\"_blank\">Depend\u00eancia, Institui\u00e7\u00f5es e a Economia Pol\u00edtica do Desenvolvimento na Am\u00e9rica Latina<\/a><\/em><span style=\"color: #000000\">. O evento foi promovido pelo <em>Centro de Estudos Latino-Americanos (CELA)<\/em> para o programa de p\u00f3s-gradua\u00e7\u00e3o em Ci\u00eancia Pol\u00edtica (UFMG). <em>A participa\u00e7\u00e3o da professora se inicia em 1:27:46<\/em><\/span><em>.<\/em><\/p>\n\n\n\n<p class=\"has-very-dark-gray-color has-text-color wp-block-paragraph\" style=\"font-size:18px\"><strong>Professor Jo\u00e3o Romero participa de debate no programa <\/strong><em><strong>Foco no que Conta<\/strong><\/em><strong>&nbsp;da&nbsp;TV BH News<\/strong><\/p>\n\n\n\n<p class=\"wp-block-paragraph\" style=\"font-size:15px\"><span style=\"color: #000000\">O programa <em>Foco no que Conta<\/em>, apresentado pela jornalista Ros\u00e1lia Dayrell, debateu o tema da <em>Reforma Tribut\u00e1ria <\/em>com alguns convidados, dentre eles o professor do Cedeplar Jo\u00e3o Romero, Rosa Maria Abreu Barros, Presidente do CRC MG, e Nelson Machado, Ex-Ministro do Planejamento e da Previd\u00eancia Social. Disponibilizado no canal do&nbsp;<em>Youtube<\/em>&nbsp;da TV BH News, o programa foi dividido em dois blocos; os links se encontram a seguir.<\/span> <a href=\"https:\/\/www.youtube.com\/watch?v=bHEY8uAGVnw\" target=\"_blank\" rel=\"noreferrer noopener\">Primeiro bloco<\/a>. <a href=\"https:\/\/www.youtube.com\/watch?time_continue=2&amp;v=cYK-5fHYEpY\" target=\"_blank\" rel=\"noreferrer noopener\">Segundo bloco<\/a>.<\/p>\n\n\n\n<p class=\"has-very-dark-gray-color has-text-color wp-block-paragraph\" style=\"font-size:18px\"><strong>Semin\u00e1rio Internacional &#8211; Olhar para o Futuro: Big Data, Pol\u00edticas P\u00fablicas e Desenvolvimento<\/strong><\/p>\n\n\n\n<p class=\"wp-block-paragraph\" style=\"font-size:15px\"><span style=\"color: #000000\">Os Semin\u00e1rios Internacionais foram promovidos para celebrar os 50 anos do Centro de Desenvolvimento e Planejamento Regional da UFMG. A&nbsp;mesa que apresenta a discuss\u00e3o a respeito de<\/span>&nbsp;<em><a href=\"https:\/\/www.youtube.com\/watch?v=Eu7heIl0Z4E\" target=\"_blank\" rel=\"noreferrer noopener\">Big data, Pol\u00edticas P\u00fablicas e Desenvolvimento<\/a><\/em>&nbsp;<span style=\"color: #000000\">foi coordenada pelo professor Jo\u00e3o Romero e contou com a presen\u00e7a de acad\u00eamicos internacionais, como Dominik Hartmann&nbsp;<em>(University of Leipzig|University of Hohenheim|Fraunhofer IMW)<\/em> e Cesar Hidalgo&nbsp;<em>(MIT Media Lab).<\/em>&nbsp;<em>Inicia no minuto 22:13.&nbsp;<\/em><\/span><\/p>\n\n\n\n<p class=\"has-very-dark-gray-color has-text-color wp-block-paragraph\" style=\"font-size:18px\"><strong>Economista Fabr\u00edcio Missio participa do programa&nbsp;<\/strong><em><strong>Mundo Pol\u00edtico&nbsp;<\/strong><\/em><strong>da Assembleia Legislativa de Minas Gerais<\/strong><\/p>\n\n\n\n<p class=\"wp-block-paragraph\" style=\"font-size:15px\"><span style=\"color: #000000\">O <a rel=\"noreferrer noopener\" aria-label=\"O programa&nbsp;Mundo Pol\u00edtico, exibido no dia 14 de fevereiro de 2017, recebeu o professor Fabr\u00edcio Missio para debater o cen\u00e1rio econ\u00f4mico brasileiro e avaliar as perspectivas para o ano de 2017, al\u00e9m de comentar a situa\u00e7\u00e3o financeira de Minas Gerais, (opens in a new tab)\" href=\"https:\/\/www.youtube.com\/watch?v=ie6n1wOOtWY\" target=\"_blank\">programa<\/a><\/span><a rel=\"noreferrer noopener\" aria-label=\"O programa&nbsp;Mundo Pol\u00edtico, exibido no dia 14 de fevereiro de 2017, recebeu o professor Fabr\u00edcio Missio para debater o cen\u00e1rio econ\u00f4mico brasileiro e avaliar as perspectivas para o ano de 2017, al\u00e9m de comentar a situa\u00e7\u00e3o financeira de Minas Gerais, (opens in a new tab)\" href=\"https:\/\/www.youtube.com\/watch?v=ie6n1wOOtWY\" target=\"_blank\">&nbsp;<\/a><em><a rel=\"noreferrer noopener\" aria-label=\"O programa&nbsp;Mundo Pol\u00edtico, exibido no dia 14 de fevereiro de 2017, recebeu o professor Fabr\u00edcio Missio para debater o cen\u00e1rio econ\u00f4mico brasileiro e avaliar as perspectivas para o ano de 2017, al\u00e9m de comentar a situa\u00e7\u00e3o financeira de Minas Gerais, (opens in a new tab)\" href=\"https:\/\/www.youtube.com\/watch?v=ie6n1wOOtWY\" target=\"_blank\">Mundo Pol\u00edtico<\/a><\/em><span style=\"color: #000000\">, exibido no dia 14 de fevereiro de 2017, recebeu o professor Fabr\u00edcio Missio para debater o cen\u00e1rio econ\u00f4mico brasileiro e avaliar as perspectivas para o ano de 2017, al\u00e9m de comentar a situa\u00e7\u00e3o financeira de Minas Gerais.<\/span><\/p>\n\n\n\n<p class=\"has-very-dark-gray-color has-text-color wp-block-paragraph\" style=\"font-size:18px\"><strong>Professor do Cedeplar participa de palestra no Itamaraty<\/strong><\/p>\n\n\n\n<p class=\"wp-block-paragraph\" style=\"font-size:15px\"><span style=\"color: #000000\">O professor Jo\u00e3o Prates Romero participou da mesa-redonda<\/span> <em><a href=\"https:\/\/www.youtube.com\/watch?v=V-OKmKsPMTs\" target=\"_blank\" rel=\"noreferrer noopener\">&#8220;O Brasil, o BRICS e a Agenda Internacional&#8221;<\/a><\/em> <span style=\"color: #000000\">no Pal\u00e1cio Itamaraty.&nbsp;O evento, composto por quatro pain\u00e9is, discutiu a inser\u00e7\u00e3o do agrupamento dos&nbsp;<em>BRICS<\/em> na pol\u00edtica externa brasileira. <em>Inicia no minuto 2:46.<\/em><\/span><\/p>\n\n\n\n<p class=\"has-very-dark-gray-color has-text-color wp-block-paragraph\" style=\"font-size:18px\"><strong>Professor Fabr\u00edcio Missio debate a PEC 241<\/strong><\/p>\n\n\n\n<p class=\"wp-block-paragraph\" style=\"font-size:15px\"><span style=\"color: #000000\">No&nbsp;<a rel=\"noreferrer noopener\" aria-label=\"O programa&nbsp;Mundo Pol\u00edtico, exibido no dia 14 de fevereiro de 2017, recebeu o professor Fabr\u00edcio Missio para debater o cen\u00e1rio econ\u00f4mico brasileiro e avaliar as perspectivas para o ano de 2017, al\u00e9m de comentar a situa\u00e7\u00e3o financeira de Minas Gerais. (opens in a new tab)\" href=\"https:\/\/www.youtube.com\/watch?v=R0-cPQdZRNc&amp;t=7s\" target=\"_blank\">programa<\/a><\/span><a rel=\"noreferrer noopener\" aria-label=\"O programa&nbsp;Mundo Pol\u00edtico, exibido no dia 14 de fevereiro de 2017, recebeu o professor Fabr\u00edcio Missio para debater o cen\u00e1rio econ\u00f4mico brasileiro e avaliar as perspectivas para o ano de 2017, al\u00e9m de comentar a situa\u00e7\u00e3o financeira de Minas Gerais. (opens in a new tab)\" href=\"https:\/\/www.youtube.com\/watch?v=R0-cPQdZRNc&amp;t=7s\" target=\"_blank\">&nbsp;<\/a><em><a rel=\"noreferrer noopener\" aria-label=\"O programa&nbsp;Mundo Pol\u00edtico, exibido no dia 14 de fevereiro de 2017, recebeu o professor Fabr\u00edcio Missio para debater o cen\u00e1rio econ\u00f4mico brasileiro e avaliar as perspectivas para o ano de 2017, al\u00e9m de comentar a situa\u00e7\u00e3o financeira de Minas Gerais. (opens in a new tab)\" href=\"https:\/\/www.youtube.com\/watch?v=R0-cPQdZRNc&amp;t=7s\" target=\"_blank\">Mundo Pol\u00edtico<\/a><\/em><span style=\"color: #000000\">, exibido pela TV da Assembleia Legislativa de Minas Gerais, Fabr\u00edcio Missio participou de entrevista na qual discutiu os principais efeitos da PEC 241 na economia brasileira. Al\u00e9m de discorrer sobre os impactos da proposta, Missio apresentou os principais pontos e poss\u00edveis alternativas que poderiam ser implementadas para agir sobre a quest\u00e3o fiscal do governo.<\/span><\/p>\n","protected":false},"excerpt":{"rendered":"<p>Professor Fabr\u00edcio Missio discute a pauta econ\u00f4mica no governo Bolsonaro No programa Mundo Pol\u00edtico do canal da Assembleia de Minas Gerais, no dia 14 de agosto, o professor do Cedeplar&hellip; <br \/> <a class=\"read-more\" href=\"https:\/\/pesquisas.face.ufmg.br\/gppd\/videos\/\">Leia mais<\/a><\/p>\n","protected":false},"author":24,"featured_media":0,"parent":0,"menu_order":6,"comment_status":"closed","ping_status":"closed","template":"","meta":{"_crdt_document":"","_exactmetrics_skip_tracking":false,"_exactmetrics_sitenote_active":false,"_exactmetrics_sitenote_note":"","_exactmetrics_sitenote_category":0,"footnotes":""},"class_list":["post-1979","page","type-page","status-publish","hentry"],"_links":{"self":[{"href":"https:\/\/pesquisas.face.ufmg.br\/gppd\/wp-json\/wp\/v2\/pages\/1979","targetHints":{"allow":["GET"]}}],"collection":[{"href":"https:\/\/pesquisas.face.ufmg.br\/gppd\/wp-json\/wp\/v2\/pages"}],"about":[{"href":"https:\/\/pesquisas.face.ufmg.br\/gppd\/wp-json\/wp\/v2\/types\/page"}],"author":[{"embeddable":true,"href":"https:\/\/pesquisas.face.ufmg.br\/gppd\/wp-json\/wp\/v2\/users\/24"}],"replies":[{"embeddable":true,"href":"https:\/\/pesquisas.face.ufmg.br\/gppd\/wp-json\/wp\/v2\/comments?post=1979"}],"version-history":[{"count":117,"href":"https:\/\/pesquisas.face.ufmg.br\/gppd\/wp-json\/wp\/v2\/pages\/1979\/revisions"}],"predecessor-version":[{"id":3662,"href":"https:\/\/pesquisas.face.ufmg.br\/gppd\/wp-json\/wp\/v2\/pages\/1979\/revisions\/3662"}],"wp:attachment":[{"href":"https:\/\/pesquisas.face.ufmg.br\/gppd\/wp-json\/wp\/v2\/media?parent=1979"}],"curies":[{"name":"wp","href":"https:\/\/api.w.org\/{rel}","templated":true}]}}