{"id":19,"date":"2018-08-28T16:11:19","date_gmt":"2018-08-28T19:11:19","guid":{"rendered":"http:\/\/pesquisas.face.ufmg.br\/gppd\/?page_id=19"},"modified":"2021-07-23T09:30:03","modified_gmt":"2021-07-23T12:30:03","slug":"projetos","status":"publish","type":"page","link":"https:\/\/pesquisas.face.ufmg.br\/gppd\/projetos\/","title":{"rendered":"Linhas"},"content":{"rendered":"\n<p class=\"wp-block-paragraph\" style=\"font-size:18px\"><a href=\"https:\/\/pesquisas.face.ufmg.br\/gppd\/projetos\/analise-de-conjuntura\/\"><em>An\u00e1lise de Conjuntura<\/em><\/a><br><\/p>\n\n\n\n<p class=\"wp-block-paragraph\" style=\"font-size:18px\"><a href=\"https:\/\/pesquisas.face.ufmg.br\/gppd\/projetos\/complexidade-economica-desenvolvimento-e-politica-industrial\/\"><em>Complexidade Econ\u00f4mica, Desenvolvimento e Pol\u00edtica Industrial<\/em><\/a><\/p>\n\n\n\n<p class=\"wp-block-paragraph\" style=\"font-size:18px\"><a href=\"https:\/\/pesquisas.face.ufmg.br\/gppd\/projetos\/cooperacao-internacional-e-desenvolvimento\/\"><em>Coopera\u00e7\u00e3o Internacional e Desenvolvimento<\/em><\/a><\/p>\n\n\n\n<p class=\"wp-block-paragraph\" style=\"font-size:18px\"><a href=\"https:\/\/pesquisas.face.ufmg.br\/gppd\/projetos\/mudanca-estrutural-e-crescimento\/\"><em>Estrutura Produtiva, Com\u00e9rcio e Crescimento<\/em><\/a><\/p>\n","protected":false},"excerpt":{"rendered":"<p>An\u00e1lise de Conjuntura Complexidade Econ\u00f4mica, Desenvolvimento e Pol\u00edtica Industrial Coopera\u00e7\u00e3o Internacional e Desenvolvimento Estrutura Produtiva, Com\u00e9rcio e Crescimento<\/p>\n","protected":false},"author":24,"featured_media":0,"parent":0,"menu_order":2,"comment_status":"closed","ping_status":"closed","template":"","meta":{"_crdt_document":"","_exactmetrics_skip_tracking":false,"_exactmetrics_sitenote_active":false,"_exactmetrics_sitenote_note":"","_exactmetrics_sitenote_category":0,"footnotes":""},"class_list":["post-19","page","type-page","status-publish","hentry"],"_links":{"self":[{"href":"https:\/\/pesquisas.face.ufmg.br\/gppd\/wp-json\/wp\/v2\/pages\/19","targetHints":{"allow":["GET"]}}],"collection":[{"href":"https:\/\/pesquisas.face.ufmg.br\/gppd\/wp-json\/wp\/v2\/pages"}],"about":[{"href":"https:\/\/pesquisas.face.ufmg.br\/gppd\/wp-json\/wp\/v2\/types\/page"}],"author":[{"embeddable":true,"href":"https:\/\/pesquisas.face.ufmg.br\/gppd\/wp-json\/wp\/v2\/users\/24"}],"replies":[{"embeddable":true,"href":"https:\/\/pesquisas.face.ufmg.br\/gppd\/wp-json\/wp\/v2\/comments?post=19"}],"version-history":[{"count":33,"href":"https:\/\/pesquisas.face.ufmg.br\/gppd\/wp-json\/wp\/v2\/pages\/19\/revisions"}],"predecessor-version":[{"id":3686,"href":"https:\/\/pesquisas.face.ufmg.br\/gppd\/wp-json\/wp\/v2\/pages\/19\/revisions\/3686"}],"wp:attachment":[{"href":"https:\/\/pesquisas.face.ufmg.br\/gppd\/wp-json\/wp\/v2\/media?parent=19"}],"curies":[{"name":"wp","href":"https:\/\/api.w.org\/{rel}","templated":true}]}}