{"id":1115,"date":"2018-10-29T16:25:50","date_gmt":"2018-10-29T18:25:50","guid":{"rendered":"http:\/\/pesquisas.face.ufmg.br\/gppd\/?page_id=1115"},"modified":"2019-11-20T09:21:07","modified_gmt":"2019-11-20T11:21:07","slug":"cartas-de-conjuntura","status":"publish","type":"page","link":"https:\/\/pesquisas.face.ufmg.br\/gppd\/publicacoes-2\/cartas-de-conjuntura\/","title":{"rendered":"Boletins de Conjuntura"},"content":{"rendered":"\n<p class=\"has-text-color has-very-dark-gray-color wp-block-paragraph\"><strong>Novembro\/2019<\/strong><\/p>\n\n\n\n<p class=\"wp-block-paragraph\"><em><span style=\"color: #000000\">18.11 &#8211;<\/span>\u00a0<\/em><a href=\"http:\/\/pesquisas.face.ufmg.br\/gppd\/wp-content\/uploads\/sites\/24\/2019\/11\/18.11-Previd\u00eancia-nos-estados-brasileiros.pdf\" target=\"_blank\" rel=\"noreferrer noopener\" aria-label=\" (abre em uma nova aba)\">Previd\u00eancia nos estados brasileiros<\/a><\/p>\n\n\n\n<p class=\"wp-block-paragraph\"><em><span style=\"color: #000000\">12.11 &#8211;<\/span>&nbsp;<\/em><a href=\"http:\/\/pesquisas.face.ufmg.br\/gppd\/wp-content\/uploads\/sites\/24\/2019\/11\/12.11-Novo-cen\u00e1rio-para-a-conjuntura-econ\u00f4mica-juros-baixos-pol\u00edtica-fiscal-e-in\u00edcio-da-retomada.pdf\" target=\"_blank\" rel=\"noreferrer noopener\" aria-label=\" (abre em uma nova aba)\">Novo cen\u00e1rio para a conjuntura econ\u00f4mica: juros baixos, pol\u00edticas fiscal e in\u00edcio da retomada<\/a><\/p>\n\n\n\n<p class=\"has-text-color has-very-dark-gray-color wp-block-paragraph\"><strong>Outubro\/2019<\/strong><\/p>\n\n\n\n<p class=\"wp-block-paragraph\"><em><span style=\"color: #000000\">25.10 &#8211;<\/span>&nbsp;<\/em><a href=\"http:\/\/pesquisas.face.ufmg.br\/gppd\/wp-content\/uploads\/sites\/24\/2019\/11\/25.10-IBC-Br-recupera\u00e7\u00e3o-lenta-e-previs\u00f5es.pdf\" target=\"_blank\" rel=\"noreferrer noopener\" aria-label=\" (abre em uma nova aba)\">IBC-Br: recupera\u00e7\u00e3o lenta da economia e previs\u00f5es<\/a><\/p>\n\n\n\n<p class=\"wp-block-paragraph\"><em><span style=\"color: #000000\">07.10 &#8211;<\/span>&nbsp;<\/em><a href=\"http:\/\/pesquisas.face.ufmg.br\/gppd\/wp-content\/uploads\/sites\/24\/2019\/10\/07.10-Taxa-de-desocupa\u00e7\u00e3o-e-rendimento-m\u00e9dio-da-popula\u00e7\u00e3o.pdf\" target=\"_blank\" rel=\"noreferrer noopener\" aria-label=\" (abre em uma nova aba)\">Taxa de desocupa\u00e7\u00e3o e rendimento m\u00e9dio da popula\u00e7\u00e3o<\/a><\/p>\n\n\n\n<p class=\"has-text-color has-very-dark-gray-color wp-block-paragraph\"><strong>Setembro\/2019<\/strong><\/p>\n\n\n\n<p class=\"wp-block-paragraph\"><em><span style=\"color: #000000\">30.09 &#8211;<\/span>&nbsp;<\/em><a href=\"http:\/\/pesquisas.face.ufmg.br\/gppd\/wp-content\/uploads\/sites\/24\/2019\/10\/30.09-A-CPMF.pdf\" target=\"_blank\" rel=\"noreferrer noopener\" aria-label=\" (abre em uma nova aba)\">A CPMF<\/a><\/p>\n\n\n\n<p class=\"wp-block-paragraph\"><em><span style=\"color: #000000\">17.09 &#8211;<\/span>&nbsp;<\/em><a href=\"http:\/\/pesquisas.face.ufmg.br\/gppd\/wp-content\/uploads\/sites\/24\/2019\/09\/17.09-Choques-de-oferta-e-demanda-agregada-fraca-atrasam-retomada.pdf\" target=\"_blank\" rel=\"noreferrer noopener\" aria-label=\" (abre em uma nova aba)\">Choques de oferta e demanda agregada fraca atrasam recupera\u00e7\u00e3o<\/a><\/p>\n\n\n\n<p class=\"has-text-color has-very-dark-gray-color wp-block-paragraph\"><strong>Julho\/2019<\/strong><\/p>\n\n\n\n<p class=\"wp-block-paragraph\"><em><span style=\"color: #000000\">02.07 &#8211;<\/span>&nbsp;<\/em><a rel=\"noreferrer noopener\" aria-label=\" (opens in a new tab)\" href=\"http:\/\/pesquisas.face.ufmg.br\/gppd\/wp-content\/uploads\/sites\/24\/2019\/07\/02.07-Agropecu\u00e1ria-MG.pdf\" target=\"_blank\">Agropecu\u00e1ria em Minas Gerais<\/a><\/p>\n\n\n\n<p class=\"has-text-color has-very-dark-gray-color wp-block-paragraph\"><strong>Junho\/2019<\/strong><\/p>\n\n\n\n<p class=\"wp-block-paragraph\"><em><span style=\"color: #000000\">18.06 &#8211;<\/span>&nbsp;<\/em><a rel=\"noreferrer noopener\" aria-label=\" (opens in a new tab)\" href=\"http:\/\/pesquisas.face.ufmg.br\/gppd\/wp-content\/uploads\/sites\/24\/2019\/07\/18.06-Mercado-reduz-a-expectativa-da-Selic.pdf\" target=\"_blank\">Mercado reduz expectativa da Selic<\/a><\/p>\n\n\n\n<p class=\"wp-block-paragraph\"><em><span style=\"color: #000000\">11.06 &#8211;<\/span>&nbsp;<\/em><a href=\"http:\/\/pesquisas.face.ufmg.br\/gppd\/wp-content\/uploads\/sites\/24\/2019\/06\/11.06-Retra\u00e7\u00e3o-na-economia-marca-resultados-do-primeiro-trimestre.pdf\" target=\"_blank\" rel=\"noreferrer noopener\" aria-label=\" (opens in a new tab)\">Retra\u00e7\u00e3o na economia marca resultados no primeiro trimestre<\/a><\/p>\n\n\n\n<p class=\"wp-block-paragraph\"><em><span style=\"color: #000000\">07.06 &#8211;<\/span>&nbsp;<\/em><a href=\"https:\/\/pesquisas.face.ufmg.br\/gppd\/wp-content\/uploads\/sites\/24\/2019\/06\/07.06-Saldo-na-gera%C3%A7%C3%A3o-de-emprego-formal-em-Minas-Gerais.pdf\" target=\"_blank\" rel=\"noreferrer noopener\" aria-label=\" (opens in a new tab)\">Saldo na gera\u00e7\u00e3o de emprego formal em Minas Gerais<\/a><\/p>\n\n\n\n<p class=\"has-text-color has-very-dark-gray-color wp-block-paragraph\"><strong>Maio\/2019<\/strong><\/p>\n\n\n\n<p class=\"wp-block-paragraph\"><em><span style=\"color: #000000\">30.05 &#8211;<\/span>&nbsp;<\/em><a href=\"http:\/\/pesquisas.face.ufmg.br\/gppd\/wp-content\/uploads\/sites\/24\/2019\/06\/30.05-Queda-de-confian\u00e7a-do-empres\u00e1rio-e-do-consumidor.pdf\" target=\"_blank\" rel=\"noreferrer noopener\" aria-label=\" (opens in a new tab)\">Queda de confian\u00e7a do empres\u00e1rio e do consumidor<\/a><\/p>\n\n\n\n<p class=\"wp-block-paragraph\"><em><span style=\"color: #000000\">17.05 &#8211;<\/span>&nbsp;<\/em><a href=\"http:\/\/pesquisas.face.ufmg.br\/gppd\/wp-content\/uploads\/sites\/24\/2019\/05\/17.05-Crise-fiscal-e-os-munic\u00edpios-mineiros.pdf\" target=\"_blank\" rel=\"noreferrer noopener\" aria-label=\"Crise fiscal e os munic\u00edpios mineiros (opens in a new tab)\">Crise fiscal e os munic\u00edpios mineiros<\/a><\/p>\n\n\n\n<p class=\"wp-block-paragraph\"><em><span style=\"color: #000000\">07.05 &#8211;<\/span>&nbsp;<\/em><a href=\"http:\/\/pesquisas.face.ufmg.br\/gppd\/wp-content\/uploads\/sites\/24\/2019\/05\/07.05-Taxa-de-desocupa\u00e7\u00e3o-\u00e9-de-127-no-trimestre-encerrado-em-mar\u00e7o.pdf\" target=\"_blank\" rel=\"noreferrer noopener\" aria-label=\" (opens in a new tab)\">Taxa de desocupa\u00e7\u00e3o<\/a><\/p>\n\n\n\n<p class=\"wp-block-paragraph\"><em><span style=\"color: #000000\">03.05 &#8211;<\/span>&nbsp;<\/em><a href=\"http:\/\/pesquisas.face.ufmg.br\/gppd\/wp-content\/uploads\/sites\/24\/2019\/05\/03.05-ICMS-em-Minas-Gerais.pdf\" target=\"_blank\" rel=\"noreferrer noopener\" aria-label=\" (opens in a new tab)\">ICMS em Minas Gerais<\/a><\/p>\n\n\n\n<p class=\"has-text-color has-very-dark-gray-color wp-block-paragraph\"><strong>Abril\/2019<\/strong><\/p>\n\n\n\n<p class=\"wp-block-paragraph\"><em><span style=\"color: #000000\">24.04 &#8211;<\/span>&nbsp;<\/em><a href=\"http:\/\/pesquisas.face.ufmg.br\/gppd\/wp-content\/uploads\/sites\/24\/2019\/04\/24.04-Dados-setoriais-da-economia-mineira.pdf\" target=\"_blank\" rel=\"noreferrer noopener\" aria-label=\" (opens in a new tab)\">Dados setoriais da economia mineira<\/a><\/p>\n\n\n\n<p class=\"wp-block-paragraph\"><em><span style=\"color: #000000\">16.04 &#8211;<\/span>&nbsp;<\/em><a href=\"http:\/\/pesquisas.face.ufmg.br\/gppd\/wp-content\/uploads\/sites\/24\/2019\/04\/16.04-Evolu\u00e7\u00e3o-mercado-de-trabalho.pdf\" target=\"_blank\" rel=\"noreferrer noopener\" aria-label=\" (opens in a new tab)\">Evolu\u00e7\u00e3o do mercado de trabalho<\/a><\/p>\n\n\n\n<p class=\"wp-block-paragraph\"><em><span style=\"color: #000000\">02.04 &#8211;<\/span>&nbsp;<\/em><a href=\"http:\/\/pesquisas.face.ufmg.br\/gppd\/wp-content\/uploads\/sites\/24\/2019\/04\/02.04-Mercado-espera-Selic-menor-para-2019-e-2020.pdf\" target=\"_blank\" rel=\"noreferrer noopener\" aria-label=\" (opens in a new tab)\">Mercado espera Selic menor para 2019 e 2020<\/a><\/p>\n\n\n\n<p class=\"wp-block-paragraph\"><em><span style=\"color: #000000\">02.04 &#8211;<\/span>&nbsp;<\/em><a href=\"http:\/\/pesquisas.face.ufmg.br\/gppd\/wp-content\/uploads\/sites\/24\/2019\/04\/02.04-Panorama-Q1.2019.pdf\" target=\"_blank\" rel=\"noreferrer noopener\" aria-label=\" (opens in a new tab)\">Panorama econ\u00f4mico Q1\/2019<\/a><\/p>\n\n\n\n<p class=\"has-text-color has-very-dark-gray-color wp-block-paragraph\"><strong>Mar\u00e7o\/2019<\/strong><\/p>\n\n\n\n<p class=\"wp-block-paragraph\"><em><span style=\"color: #000000\">26.03 &#8211;<\/span>&nbsp;<\/em><a href=\"http:\/\/pesquisas.face.ufmg.br\/gppd\/wp-content\/uploads\/sites\/24\/2019\/03\/26.03-Exporta\u00e7\u00f5es-crescem-e-melhoram-o-resultado-da-Balan\u00e7a-comercial.pdf\" target=\"_blank\" rel=\"noreferrer noopener\" aria-label=\" (opens in a new tab)\">Exporta\u00e7\u00f5es crescem e melhoram o resultado da Balan\u00e7a Comercial de MG<\/a><\/p>\n\n\n\n<p class=\"wp-block-paragraph\"><em><span style=\"color: #000000\">20.03 &#8211;<\/span>&nbsp;<\/em><a href=\"http:\/\/pesquisas.face.ufmg.br\/gppd\/wp-content\/uploads\/sites\/24\/2019\/03\/20.03-Crise-fiscal-em-Minas.pdf\" target=\"_blank\" rel=\"noreferrer noopener\" aria-label=\"Crise fiscal em Minas (opens in a new tab)\">Crise fiscal em Minas<\/a><\/p>\n\n\n\n<p class=\"wp-block-paragraph\"><em><span style=\"color: #000000\">12.03 &#8211;<\/span>&nbsp;<\/em><a href=\"http:\/\/pesquisas.face.ufmg.br\/gppd\/wp-content\/uploads\/sites\/24\/2019\/03\/12.03-Desemprego-em-alta.pdf\" target=\"_blank\" rel=\"noreferrer noopener\" aria-label=\" (opens in a new tab)\">Desemprego em alta<\/a><\/p>\n\n\n\n<p class=\"has-text-color has-very-dark-gray-color wp-block-paragraph\"><strong>Fevereiro\/2019<\/strong><\/p>\n\n\n\n<p class=\"wp-block-paragraph\"><em><span style=\"color: #000000\">26.02 &#8211;<\/span>&nbsp;<\/em><a href=\"http:\/\/pesquisas.face.ufmg.br\/gppd\/wp-content\/uploads\/sites\/24\/2019\/03\/26.02-Estabilidade-no-cambio-e-perda-de-investimentos.pdf\" target=\"_blank\" rel=\"noreferrer noopener\" aria-label=\" (opens in a new tab)\">Estabilidade cambial e perda de investimentos<\/a><\/p>\n\n\n\n<p class=\"wp-block-paragraph\"><em><span style=\"color: #000000\">19.02 &#8211;<\/span>&nbsp;<\/em><a href=\"http:\/\/pesquisas.face.ufmg.br\/gppd\/wp-content\/uploads\/sites\/24\/2019\/02\/19.02-Melhora-no-desempenho-agr\u00edcola.pdf\" target=\"_blank\" rel=\"noreferrer noopener\" aria-label=\" (opens in a new tab)\">Melhora no desempenho da produ\u00e7\u00e3o agr\u00edcola<\/a><\/p>\n\n\n\n<p class=\"wp-block-paragraph\"><em><span style=\"color: #000000\">12.02 &#8211;<\/span>&nbsp;<\/em><a href=\"https:\/\/pesquisas.face.ufmg.br\/gppd\/wp-content\/uploads\/sites\/24\/2019\/02\/12.02-In%C3%ADcio-de-ano-turbulento.pdf\" target=\"_blank\" rel=\"noreferrer noopener\" aria-label=\" (opens in a new tab)\">In\u00edcio&nbsp;de&nbsp;ano&nbsp;turbulento<\/a><\/p>\n\n\n\n<p class=\"has-text-color has-very-dark-gray-color wp-block-paragraph\"><strong>Dezembro\/2018<\/strong><\/p>\n\n\n\n<p class=\"wp-block-paragraph\"><em><span style=\"color: #000000\">13.12 &#8211;<\/span>&nbsp;<\/em><a rel=\"noreferrer noopener\" aria-label=\" (opens in a new tab)\" href=\"http:\/\/pesquisas.face.ufmg.br\/gppd\/wp-content\/uploads\/sites\/24\/2019\/01\/13.12-Queda-do-desemprego-nacional-e-mineiro.pdf\" target=\"_blank\">Queda&nbsp;do&nbsp;desemprego&nbsp;nacional&nbsp;e&nbsp;mineiro<\/a><\/p>\n\n\n\n<div class=\"wp-block-file\"><em><span style=\"color: #000000\">05.12 &#8211;&nbsp;<\/span><\/em><a href=\"http:\/\/pesquisas.face.ufmg.br\/gppd\/wp-content\/uploads\/sites\/24\/2018\/12\/05.12-Confian\u00e7a-do-consumidor.pdf\" target=\"_blank\" rel=\"noopener noreferrer\">Confian\u00e7a do consumidor<\/a><\/div>\n\n\n\n<p class=\"has-text-color has-very-dark-gray-color wp-block-paragraph\"><strong>Novembro\/2018<\/strong><\/p>\n\n\n\n<p class=\"wp-block-paragraph\"><em><span style=\"color: #000000\">27.11 &#8211;<\/span>&nbsp;<\/em><a href=\"http:\/\/pesquisas.face.ufmg.br\/gppd\/wp-content\/uploads\/sites\/24\/2018\/11\/27.11-Juros-do-cart\u00e3o-de-cr\u00e9dito.pdf\" target=\"_blank\" rel=\"noopener noreferrer\">Juros do cart\u00e3o de cr\u00e9dito<\/a><\/p>\n\n\n\n<p class=\"wp-block-paragraph\"><span style=\"color: #000000\"><em>21.11 &#8211;<\/em><\/span>&nbsp;<a href=\"http:\/\/pesquisas.face.ufmg.br\/gppd\/wp-content\/uploads\/sites\/24\/2018\/11\/21.11-Queda-no-com%C3%A9rcio-varejista.pdf\" target=\"_blank\" rel=\"noreferrer noopener\">Queda no com\u00e9rcio varejista<\/a><\/p>\n\n\n\n<p class=\"has-normal-font-size wp-block-paragraph\"><em><span style=\"color: #000000\">13.11 &#8211;<\/span>&nbsp;<\/em><a href=\"http:\/\/pesquisas.face.ufmg.br\/gppd\/wp-content\/uploads\/sites\/24\/2018\/11\/Ind\u00fastria-de-Transforma\u00e7\u00e3o.pdf\" target=\"_blank\" rel=\"noreferrer noopener\">Ind\u00fastria de transforma\u00e7\u00e3o<\/a><\/p>\n\n\n\n<p class=\"wp-block-paragraph\"><span style=\"color: #000000\"><em>06.11 &#8211;<\/em><\/span>&nbsp;<a href=\"http:\/\/pesquisas.face.ufmg.br\/gppd\/wp-content\/uploads\/sites\/24\/2018\/11\/06.11-Leve-recupera\u00e7\u00e3o-do-saldo-de-empregos-mineiro.pdf\" target=\"_blank\" rel=\"noopener noreferrer\">Leve recupera\u00e7\u00e3o do saldo de empregos mineiro<\/a><\/p>\n\n\n\n<p class=\"has-text-color has-very-dark-gray-color wp-block-paragraph\"><strong>Outubro\/2018<\/strong><\/p>\n\n\n\n<p class=\"has-normal-font-size wp-block-paragraph\"><span style=\"color: #000000\"><em>30.10<\/em>&nbsp;&#8211;<\/span>&nbsp;<a href=\"https:\/\/pesquisas.face.ufmg.br\/gppd\/wp-content\/uploads\/sites\/24\/2018\/11\/30.10-Infla%C3%A7%C3%A3o-e-expectativas-dos-empres%C3%A1rios-industriais.pdf\" target=\"_blank\" rel=\"noreferrer noopener\">Infla\u00e7\u00e3o e expectativas dos empres\u00e1rios industriais<\/a>&nbsp;<\/p>\n\n\n\n<p class=\"has-normal-font-size wp-block-paragraph\"><span style=\"color: #000000\"><em>23.10<\/em> &#8211;<\/span> <a href=\"https:\/\/pesquisas.face.ufmg.br\/gppd\/wp-content\/uploads\/sites\/24\/2018\/10\/23.10-O-problema-fiscal-brasileiro.pdf\" target=\"_blank\" rel=\"noreferrer noopener\">O problema fiscal brasileiro<\/a><\/p>\n\n\n\n<p class=\"wp-block-paragraph\"><span style=\"color: #000000\"><em>16.10&nbsp;<\/em>&#8211;<\/span>&nbsp;<a href=\"https:\/\/pesquisas.face.ufmg.br\/gppd\/wp-content\/uploads\/sites\/24\/2018\/10\/16.10-Varia%C3%A7%C3%A3o-da-infla%C3%A7%C3%A3o-e-remunera%C3%A7%C3%A3o-do-capital.pdf\" target=\"_blank\" rel=\"noreferrer noopener\">Varia\u00e7\u00e3o da infla\u00e7\u00e3o e remunera\u00e7\u00e3o do capital<\/a><\/p>\n\n\n\n<p class=\"wp-block-paragraph\"><span style=\"color: #000000\"><em>12.10<\/em>&nbsp;&#8211;<\/span>&nbsp;<a href=\"https:\/\/pesquisas.face.ufmg.br\/gppd\/wp-content\/uploads\/sites\/24\/2018\/10\/12.10-Alta-nas-vendas-de-ve%C3%ADculos-em-Minas-Gerais-1.pdf\" target=\"_blank\" rel=\"noreferrer noopener\">Alta nas vendas de ve\u00edculos em Minas Gerais<\/a><\/p>\n","protected":false},"excerpt":{"rendered":"<p>Novembro\/2019 18.11 &#8211;\u00a0Previd\u00eancia nos estados brasileiros 12.11 &#8211;&nbsp;Novo cen\u00e1rio para a conjuntura econ\u00f4mica: juros baixos, pol\u00edticas fiscal e in\u00edcio da retomada Outubro\/2019 25.10 &#8211;&nbsp;IBC-Br: recupera\u00e7\u00e3o lenta da economia e previs\u00f5es&hellip; <br \/> <a class=\"read-more\" href=\"https:\/\/pesquisas.face.ufmg.br\/gppd\/publicacoes-2\/cartas-de-conjuntura\/\">Leia mais<\/a><\/p>\n","protected":false},"author":24,"featured_media":0,"parent":2997,"menu_order":0,"comment_status":"closed","ping_status":"closed","template":"","meta":{"_crdt_document":"","_exactmetrics_skip_tracking":false,"_exactmetrics_sitenote_active":false,"_exactmetrics_sitenote_note":"","_exactmetrics_sitenote_category":0,"footnotes":""},"class_list":["post-1115","page","type-page","status-publish","hentry"],"_links":{"self":[{"href":"https:\/\/pesquisas.face.ufmg.br\/gppd\/wp-json\/wp\/v2\/pages\/1115","targetHints":{"allow":["GET"]}}],"collection":[{"href":"https:\/\/pesquisas.face.ufmg.br\/gppd\/wp-json\/wp\/v2\/pages"}],"about":[{"href":"https:\/\/pesquisas.face.ufmg.br\/gppd\/wp-json\/wp\/v2\/types\/page"}],"author":[{"embeddable":true,"href":"https:\/\/pesquisas.face.ufmg.br\/gppd\/wp-json\/wp\/v2\/users\/24"}],"replies":[{"embeddable":true,"href":"https:\/\/pesquisas.face.ufmg.br\/gppd\/wp-json\/wp\/v2\/comments?post=1115"}],"version-history":[{"count":68,"href":"https:\/\/pesquisas.face.ufmg.br\/gppd\/wp-json\/wp\/v2\/pages\/1115\/revisions"}],"predecessor-version":[{"id":3602,"href":"https:\/\/pesquisas.face.ufmg.br\/gppd\/wp-json\/wp\/v2\/pages\/1115\/revisions\/3602"}],"up":[{"embeddable":true,"href":"https:\/\/pesquisas.face.ufmg.br\/gppd\/wp-json\/wp\/v2\/pages\/2997"}],"wp:attachment":[{"href":"https:\/\/pesquisas.face.ufmg.br\/gppd\/wp-json\/wp\/v2\/media?parent=1115"}],"curies":[{"name":"wp","href":"https:\/\/api.w.org\/{rel}","templated":true}]}}