{"id":84,"date":"2018-06-23T12:39:08","date_gmt":"2018-06-23T15:39:08","guid":{"rendered":"http:\/\/pesquisas.face.ufmg.br\/gems\/?page_id=84"},"modified":"2018-06-23T21:17:29","modified_gmt":"2018-06-24T00:17:29","slug":"dados","status":"publish","type":"page","link":"https:\/\/pesquisas.face.ufmg.br\/gems\/dados\/","title":{"rendered":"Dados e Links"},"content":{"rendered":"<h2>Bases de Dados de Mortalidade e Sa\u00fade:<\/h2>\n<p>&nbsp;<\/p>\n<ul>\n<li><strong>The Human Mortality Database<\/strong> &#8211;\u00a0<a href=\"http:\/\/www.mortality.org\/\">http:\/\/www.mortality.org\/<\/a><\/li>\n<\/ul>\n<p style=\"text-align: justify;padding-left: 90px\">A Human Mortality Database (HMD) foi criada para fornecer dados detalhados de popula\u00e7\u00e3o e mortalidade, contendo os c\u00e1lculos originais das taxas de mortalidade e tabelas de vida, bem como os dados usados na constru\u00e7\u00e3o dessas tabelas. Os dados originais consistem em contagens de \u00f3bitos de estat\u00edsticas vitais, al\u00e9m de contagens de censos, contagens de nascimentos e estimativas populacionais de diversas fontes.<\/p>\n<ul>\n<li><strong>Latin American Human Mortality Database<\/strong> &#8211; <a href=\"http:\/\/www.lamortalidad.org\/\">http:\/\/www.lamortalidad.org\/<\/a><\/li>\n<\/ul>\n<p style=\"padding-left: 90px;text-align: justify\">Atualmente, o banco de dados da\u00a0Latin American Human Mortality Database cont\u00e9m informa\u00e7\u00f5es detalhadas sobre a mortalidade de cinco pa\u00edses da Am\u00e9rica Latina: Argentina, Brasil, Col\u00f4mbia, Equador, M\u00e9xico e Peru. Todas as informa\u00e7\u00f5es s\u00e3o divididas por idade, sexo, regi\u00e3o e causa da morte, bem como as mesmas categorias por regi\u00e3o dentro de cada pa\u00eds desde 1980 at\u00e9 o \u00faltimo ano dispon\u00edvel. Apresenta tamb\u00e9m contagens populacionais de censos em n\u00edvel nacional e, sempre que poss\u00edvel, em n\u00edvel regional.<\/p>\n<ul>\n<li><strong><em>LAMBdA<\/em><\/strong>\u00a0&#8211;\u00a0<a href=\"https:\/\/www.ssc.wisc.edu\/cdha\/latinmortality\/\">https:\/\/www.ssc.wisc.edu\/cdha\/latinmortality\/<\/a><\/li>\n<\/ul>\n<p style=\"padding-left: 90px;text-align: justify\">A Latin American Mortality Database (<em>LAMBdA<\/em>) cobre o per\u00edodo entre 1848 e 2014, contendo dados sobre: (a) informa\u00e7\u00f5es censit\u00e1rias e estat\u00edsticas vitais (come\u00e7ando em 1841) e contagens de mortes (a partir de 1900) e at\u00e9 2014 para 19 pa\u00edses; (b) tabelas de vida ajustadas; (c) taxas de mortalidade por causas de morte a partir de 1945; e (d) tabelas de vida de coorte reconstru\u00eddas para coortes de nascimentos nascidas de 1850 em diante.<\/p>\n<ul>\n<li><strong>Institute for Health Metrics and Evaluation<\/strong> &#8211; <a href=\"http:\/\/ghdx.healthdata.org\/ihme_data\">http:\/\/ghdx.healthdata.org\/<\/a><\/li>\n<\/ul>\n<p style=\"padding-left: 90px;text-align: justify\">Compreende um cat\u00e1logo abrangente quanto a pesquisas, censos, estat\u00edsticas vitais e outros dados relacionados \u00e0 sa\u00fade. O objetivo \u00e9 ajudar as pessoas a localizar dados catalogando informa\u00e7\u00f5es sobre dados, incluindo os t\u00f3picos abordados, fornecendo links para provedores de dados ou explicando como adquirir os dados e, nos casos em que temos permiss\u00e3o, fornecendo os dados diretamente para download.<\/p>\n<ul>\n<li><strong>Global Health Observatory<\/strong> &#8211;\u00a0<a href=\"http:\/\/www.who.int\/gho\/en\/\">http:\/\/www.who.int\/gho\/en\/<\/a><\/li>\n<\/ul>\n<p style=\"padding-left: 90px;text-align: justify\">O Global Health Observatory (GHO) \u00e9 o banco de dados da OMS para estat\u00edsticas relacionadas \u00e0 sa\u00fade de seus 194 Estados Membros. Os dados\u00a0 incluem todas as estat\u00edsticas dos pa\u00edses e perfis de sa\u00fade dispon\u00edveis na OMS. O GHO publica relat\u00f3rios anal\u00edticos sobre quest\u00f5es priorit\u00e1rias de sa\u00fade, incluindo a publica\u00e7\u00e3o anual de Estat\u00edsticas da Sa\u00fade Mundial, que compila estat\u00edsticas para indicadores-chave de sa\u00fade.<\/p>\n<ul>\n<li><strong>DATASUS<\/strong> &#8211; <a href=\"http:\/\/datasus.saude.gov.br\/informacoes-de-saude\/tabnet\/estatisticas-vitais\">http:\/\/datasus.saude.gov.br\/informacoes-de-saude\/tabnet<\/a><\/li>\n<\/ul>\n<p style=\"padding-left: 90px;text-align: justify\">O DATASUS\u00a0disponibiliza informa\u00e7\u00f5es quanto aos dados de mortalidade e de sobreviv\u00eancia, informa\u00e7\u00f5es epidemiol\u00f3gicas e de morbidade, incapacidade, acesso a servi\u00e7os, qualidade da aten\u00e7\u00e3o, condi\u00e7\u00f5es de vida e fatores ambientais.\u00a0 Al\u00e9m disso,\u00a0 compilam dado sobre\u00a0 assist\u00eancia \u00e0 sa\u00fade\u00a0da popula\u00e7\u00e3o, a rede assistencial das redes hospitalares e ambulatoriais, al\u00e9m de informa\u00e7\u00f5es sobre\u00a0 recursos financeiros e informa\u00e7\u00f5es demogr\u00e1ficas e socioecon\u00f4micas.<\/p>\n<ul>\n<li><strong>Demographic and Health Surveys<\/strong> &#8211;\u00a0<a href=\"https:\/\/dhsprogram.com\/\">https:\/\/dhsprogram.com\/<\/a><\/li>\n<\/ul>\n<p>&nbsp;<\/p>\n<h2>Outras bases de dados:<\/h2>\n<ul>\n<li><strong>IBGE<\/strong> &#8211;\u00a0<a href=\"https:\/\/www.ibge.gov.br\/estatisticas-novoportal\/sociais\/populacao.html\">https:\/\/www.ibge.gov.br\/estatisticas-novoportal\/sociais\/populacao.html<\/a><\/li>\n<li><strong>Data Sharing for Demographic Research<\/strong> &#8211;\u00a0<a href=\"https:\/\/www.icpsr.umich.edu\/icpsrweb\/content\/DSDR\/index.html\">https:\/\/www.icpsr.umich.edu\/icpsrweb<\/a><\/li>\n<li><strong>IPUMS<\/strong>\u00a0&#8211;\u00a0<a href=\"https:\/\/www.ipums.org\/\">https:\/\/www.ipums.org\/<\/a>\n<ul>\n<li>Tamb\u00e9m:\u00a0<em>IPUMS Global Health<\/em> (<a href=\"https:\/\/www.ipums.org\/globalhealth.shtml\">https:\/\/www.ipums.org\/globalhealth.shtml<\/a>) e\u00a0<em>IPUMS Health Surveys<\/em>\u00a0 (<a href=\"https:\/\/www.ipums.org\/healthsurveys.shtml\">https:\/\/www.ipums.org\/healthsurveys.shtml<\/a>)<\/li>\n<\/ul>\n<\/li>\n<li><strong>Google Public Data<\/strong>\u00a0&#8211;\u00a0<a href=\"https:\/\/www.google.com\/publicdata\/directory?hl=en&amp;dl=en#\">https:\/\/www.google.com\/publicdata<\/a><\/li>\n<li><strong>World Bank Open Data<\/strong> &#8211;\u00a0<a href=\"https:\/\/datacatalog.worldbank.org\">https:\/\/datacatalog.worldbank.org<\/a><\/li>\n<li><strong>United\u00a0Nations\u00a0Population\u00a0Information\u00a0Network<\/strong> &#8211;\u00a0<a href=\"http:\/\/www.un.org\/popin\/\">http:\/\/www.un.org\/popin\/<\/a><\/li>\n<li><strong>NACDA<\/strong> &#8211;\u00a0<a href=\"https:\/\/www.icpsr.umich.edu\/icpsrweb\/NACDA\/\">https:\/\/www.icpsr.umich.edu\/icpsrweb\/NACDA\/<\/a><\/li>\n<li><strong>US Census Bureau<\/strong> &#8211;\u00a0<a href=\"https:\/\/www.census.gov\/data.html\">https:\/\/www.census.gov\/data.html<\/a><\/li>\n<li><strong>Mexican Health and Aging Study<\/strong>\u00a0&#8211;\u00a0<a href=\"http:\/\/www.mhasweb.org\/\">http:\/\/www.mhasweb.org\/<\/a><\/li>\n<li><strong>Health and Retirement Study<\/strong> &#8211;<a href=\"http:\/\/hrsonline.isr.umich.edu\/\">\u00a0http:\/\/hrsonline.isr.umich.edu\/<\/a><\/li>\n<li><strong>DataFirst<\/strong> &#8211;\u00a0<a href=\"https:\/\/www.datafirst.uct.ac.za\/index.php\">https:\/\/www.datafirst.uct.ac.za\/index.php<\/a><\/li>\n<\/ul>\n<p>&nbsp;<\/p>\n<p>&nbsp;<\/p>\n","protected":false},"excerpt":{"rendered":"<p>Bases de Dados de Mortalidade e Sa\u00fade: &nbsp; The Human Mortality Database &#8211;\u00a0http:\/\/www.mortality.org\/ A Human Mortality Database (HMD) foi criada para fornecer dados detalhados de popula\u00e7\u00e3o e mortalidade, contendo os [&hellip;]<\/p>\n","protected":false},"author":22,"featured_media":0,"parent":0,"menu_order":0,"comment_status":"closed","ping_status":"closed","template":"","meta":{"_crdt_document":"","_exactmetrics_skip_tracking":false,"_exactmetrics_sitenote_active":false,"_exactmetrics_sitenote_note":"","_exactmetrics_sitenote_category":0,"footnotes":""},"class_list":["post-84","page","type-page","status-publish","hentry"],"_links":{"self":[{"href":"https:\/\/pesquisas.face.ufmg.br\/gems\/wp-json\/wp\/v2\/pages\/84","targetHints":{"allow":["GET"]}}],"collection":[{"href":"https:\/\/pesquisas.face.ufmg.br\/gems\/wp-json\/wp\/v2\/pages"}],"about":[{"href":"https:\/\/pesquisas.face.ufmg.br\/gems\/wp-json\/wp\/v2\/types\/page"}],"author":[{"embeddable":true,"href":"https:\/\/pesquisas.face.ufmg.br\/gems\/wp-json\/wp\/v2\/users\/22"}],"replies":[{"embeddable":true,"href":"https:\/\/pesquisas.face.ufmg.br\/gems\/wp-json\/wp\/v2\/comments?post=84"}],"version-history":[{"count":8,"href":"https:\/\/pesquisas.face.ufmg.br\/gems\/wp-json\/wp\/v2\/pages\/84\/revisions"}],"predecessor-version":[{"id":102,"href":"https:\/\/pesquisas.face.ufmg.br\/gems\/wp-json\/wp\/v2\/pages\/84\/revisions\/102"}],"wp:attachment":[{"href":"https:\/\/pesquisas.face.ufmg.br\/gems\/wp-json\/wp\/v2\/media?parent=84"}],"curies":[{"name":"wp","href":"https:\/\/api.w.org\/{rel}","templated":true}]}}