{"id":2,"date":"2018-06-11T08:00:59","date_gmt":"2018-06-11T11:00:59","guid":{"rendered":"http:\/\/pesquisas.face.ufmg.br\/gems\/?page_id=2"},"modified":"2018-06-23T21:02:35","modified_gmt":"2018-06-24T00:02:35","slug":"pagina-exemplo","status":"publish","type":"page","link":"https:\/\/pesquisas.face.ufmg.br\/gems\/","title":{"rendered":"Sobre"},"content":{"rendered":"<p style=\"text-align: justify\">Este grupo se dedica a buscar sinergias entre atividades de pesquisa e ensino sobre mortalidade, morbidade e sa\u00fade, realizadas por professores, pesquisadores e alunos de p\u00f3s-gradua\u00e7\u00e3o em diversas institui\u00e7\u00f5es acad\u00eamicas e de pesquisa. Busca promover uma abordagem multidisciplinar no estudo da mortalidade, morbidade e sa\u00fade para entender melhor o passado, o presente e as tend\u00eancias futuras da mortalidade e do estado de sa\u00fade da popula\u00e7\u00e3o em geral e de grupos populacionais espec\u00edficos. Acreditando-se que o perfil dos integrantes constitui um fator essencial para o avan\u00e7o dos estudos em mortalidade, morbidade e sa\u00fade, as \u00e1reas de interesse de pesquisa dos participantes incluem tanto aspectos substantivos como metodol\u00f3gicos do tema.<\/p>\n<p style=\"text-align: justify\">O grupo apresenta cinco objetivos principais:<\/p>\n<ol>\n<li style=\"text-align: justify\">Compartilhar experi\u00eancias de pesquisa entre os seus membros, buscando criar um f\u00f3rum de discuss\u00e3o e cr\u00edtica ao desenvolvimento de trabalhos sobre o tema;<\/li>\n<li style=\"text-align: justify\">Fomentar atividades conjuntas de pesquisa entre os membros do grupo;<\/li>\n<li style=\"text-align: justify\">Buscar o desenvolvimento te\u00f3rico e metodol\u00f3gico nos estudos de mortalidade, morbidade e sa\u00fade;<\/li>\n<li style=\"text-align: justify\">Estimular a participa\u00e7\u00e3o de estudantes de p\u00f3s-gradua\u00e7\u00e3o e gradua\u00e7\u00e3o, tendo em vista a forma\u00e7\u00e3o de recursos humanos no tema;<\/li>\n<li style=\"text-align: justify\">Trocar experi\u00eancias sobre atividades did\u00e1ticas relacionadas ao tema.<\/li>\n<\/ol>\n<p><img loading=\"lazy\" decoding=\"async\" class=\"size-medium wp-image-51 aligncenter\" src=\"http:\/\/pesquisas.face.ufmg.br\/gems\/wp-content\/uploads\/sites\/22\/2018\/06\/Imagem-cedeplar-300x200.jpg\" alt=\"\" width=\"300\" height=\"200\" srcset=\"https:\/\/pesquisas.face.ufmg.br\/gems\/wp-content\/uploads\/sites\/22\/2018\/06\/Imagem-cedeplar-300x200.jpg 300w, https:\/\/pesquisas.face.ufmg.br\/gems\/wp-content\/uploads\/sites\/22\/2018\/06\/Imagem-cedeplar-768x512.jpg 768w, https:\/\/pesquisas.face.ufmg.br\/gems\/wp-content\/uploads\/sites\/22\/2018\/06\/Imagem-cedeplar-1024x683.jpg 1024w, https:\/\/pesquisas.face.ufmg.br\/gems\/wp-content\/uploads\/sites\/22\/2018\/06\/Imagem-cedeplar-500x333.jpg 500w, https:\/\/pesquisas.face.ufmg.br\/gems\/wp-content\/uploads\/sites\/22\/2018\/06\/Imagem-cedeplar-272x182.jpg 272w\" sizes=\"auto, (max-width: 300px) 100vw, 300px\" \/><\/p>\n","protected":false},"excerpt":{"rendered":"<p>Este grupo se dedica a buscar sinergias entre atividades de pesquisa e ensino sobre mortalidade, morbidade e sa\u00fade, realizadas por professores, pesquisadores e alunos de p\u00f3s-gradua\u00e7\u00e3o em diversas institui\u00e7\u00f5es acad\u00eamicas [&hellip;]<\/p>\n","protected":false},"author":21,"featured_media":0,"parent":0,"menu_order":0,"comment_status":"closed","ping_status":"closed","template":"","meta":{"_crdt_document":"","_exactmetrics_skip_tracking":false,"_exactmetrics_sitenote_active":false,"_exactmetrics_sitenote_note":"","_exactmetrics_sitenote_category":0,"footnotes":""},"class_list":["post-2","page","type-page","status-publish","hentry"],"_links":{"self":[{"href":"https:\/\/pesquisas.face.ufmg.br\/gems\/wp-json\/wp\/v2\/pages\/2","targetHints":{"allow":["GET"]}}],"collection":[{"href":"https:\/\/pesquisas.face.ufmg.br\/gems\/wp-json\/wp\/v2\/pages"}],"about":[{"href":"https:\/\/pesquisas.face.ufmg.br\/gems\/wp-json\/wp\/v2\/types\/page"}],"author":[{"embeddable":true,"href":"https:\/\/pesquisas.face.ufmg.br\/gems\/wp-json\/wp\/v2\/users\/21"}],"replies":[{"embeddable":true,"href":"https:\/\/pesquisas.face.ufmg.br\/gems\/wp-json\/wp\/v2\/comments?post=2"}],"version-history":[{"count":12,"href":"https:\/\/pesquisas.face.ufmg.br\/gems\/wp-json\/wp\/v2\/pages\/2\/revisions"}],"predecessor-version":[{"id":101,"href":"https:\/\/pesquisas.face.ufmg.br\/gems\/wp-json\/wp\/v2\/pages\/2\/revisions\/101"}],"wp:attachment":[{"href":"https:\/\/pesquisas.face.ufmg.br\/gems\/wp-json\/wp\/v2\/media?parent=2"}],"curies":[{"name":"wp","href":"https:\/\/api.w.org\/{rel}","templated":true}]}}