{"id":52,"date":"2017-04-23T16:06:21","date_gmt":"2017-04-23T19:06:21","guid":{"rendered":"http:\/\/pesquisas.face.ufmg.br\/facelab\/?page_id=52"},"modified":"2020-09-09T12:27:02","modified_gmt":"2020-09-09T15:27:02","slug":"como-funciona","status":"publish","type":"page","link":"https:\/\/pesquisas.face.ufmg.br\/facelab\/como-funciona\/","title":{"rendered":"Como funciona?"},"content":{"rendered":"<p><a href=\"http:\/\/pesquisas.face.ufmg.br\/facelab\/regimento-interno\/\">Confira aqui nosso Regimento Interno<\/a><\/p>\n<p>&#8212;&#8212;&#8212;&#8212;&#8212;&#8212;&#8212;&#8212;&#8212;&#8212;&#8212;&#8212;&#8212;&#8212;&#8212;&#8211;<\/p>\n<p><span style=\"color: #333333\"><strong>Como funciona o FACE Lab?<\/strong><\/span><\/p>\n<p><span style=\"color: #333333\">O FACE Lab \u00e9 um espa\u00e7o de co-working para os alunos, servidores e professores da UFMG que trabalhem com projetos de inova\u00e7\u00e3o e empreendedorismo.<\/span><\/p>\n<p>Atualmente, o FACE Lab comporta 7 pessoas trabalhando e funciona de segunda a sexta de 12:00 \u00e0s 17:00.<\/p>\n<p>\u00c9 s\u00f3 aparecer por aqui!<\/p>\n<p><span style=\"color: #333333\"><strong>Precisa de um lugar para reunir com sua equipe?<\/strong><\/span><\/p>\n<p><span style=\"color: #333333\">A reserva de hor\u00e1rios \u00e9 feita por email. Entre em contato com a gente face.lab.ufmg@gmail.com<\/span><\/p>\n<p><span style=\"color: #333333\"><strong>Precisa de ajuda com o seu projeto?<\/strong><\/span><\/p>\n<p><span style=\"color: #333333\">Estamos aqui para te conectar com professores, pesquisadores, estudantes e profissionais.<\/span><\/p>\n<p>&#8212;&#8212;&#8212;&#8212;&#8212;&#8212;&#8212;&#8212;&#8212;&#8212;&#8212;&#8212;&#8212;&#8212;&#8212;&#8212;&#8212;&#8212;&#8212;&#8212;&#8212;&#8212;&#8212;&#8212;&#8212;&#8212;&#8212;&#8212;&#8212;&#8212;<\/p>\n<hr \/>\n<p><img loading=\"lazy\" decoding=\"async\" class=\" wp-image-30 alignleft\" src=\"http:\/\/pesquisas.face.ufmg.br\/facelab\/wp-content\/uploads\/sites\/21\/2017\/04\/IconeSite-300x300.png\" alt=\"\" width=\"201\" height=\"201\" srcset=\"https:\/\/pesquisas.face.ufmg.br\/facelab\/wp-content\/uploads\/sites\/21\/2017\/04\/IconeSite-300x300.png 300w, https:\/\/pesquisas.face.ufmg.br\/facelab\/wp-content\/uploads\/sites\/21\/2017\/04\/IconeSite-150x150.png 150w, https:\/\/pesquisas.face.ufmg.br\/facelab\/wp-content\/uploads\/sites\/21\/2017\/04\/IconeSite-500x500.png 500w, https:\/\/pesquisas.face.ufmg.br\/facelab\/wp-content\/uploads\/sites\/21\/2017\/04\/IconeSite.png 512w\" sizes=\"auto, (max-width: 201px) 100vw, 201px\" \/><\/p>\n<p><span style=\"color: #333333\">Nossa miss\u00e3o:<\/span><\/p>\n<p><span style=\"color: #333333\">Promover a cultura de inova\u00e7\u00e3o e empreendedorismo na UFMG.<\/span><\/p>\n<p><span style=\"color: #333333\">Somos um centro de refer\u00eancia vibrante e energ\u00e9tico que conecta pessoas, encontra solu\u00e7\u00f5es e oferece possibilidades. Somos um espa\u00e7o de trabalho conjunto que conecta estudantes, empresas, laborat\u00f3rios, governo e investidores. Capacitamos pessoas, desenvolvemos cursos e palestras e oferecemos todo o apoio necess\u00e1rio para o desenvolvimento de projetos de inova\u00e7\u00e3o e empreendedorismo.<\/span><\/p>\n<p><span style=\"color: #333333\">Valores: Fazer a diferen\u00e7a \/ Autonomia.<\/span><\/p>\n","protected":false},"excerpt":{"rendered":"<p>Confira aqui nosso Regimento Interno &#8212;&#8212;&#8212;&#8212;&#8212;&#8212;&#8212;&#8212;&#8212;&#8212;&#8212;&#8212;&#8212;&#8212;&#8212;&#8211; Como funciona o FACE Lab? O FACE Lab \u00e9 um espa\u00e7o de co-working para os alunos, servidores e professores da UFMG que trabalhem com [&hellip;]<\/p>\n","protected":false},"author":17,"featured_media":0,"parent":0,"menu_order":0,"comment_status":"closed","ping_status":"closed","template":"","meta":{"_crdt_document":"","_exactmetrics_skip_tracking":false,"_exactmetrics_sitenote_active":false,"_exactmetrics_sitenote_note":"","_exactmetrics_sitenote_category":0,"footnotes":""},"class_list":["post-52","page","type-page","status-publish","hentry"],"_links":{"self":[{"href":"https:\/\/pesquisas.face.ufmg.br\/facelab\/wp-json\/wp\/v2\/pages\/52","targetHints":{"allow":["GET"]}}],"collection":[{"href":"https:\/\/pesquisas.face.ufmg.br\/facelab\/wp-json\/wp\/v2\/pages"}],"about":[{"href":"https:\/\/pesquisas.face.ufmg.br\/facelab\/wp-json\/wp\/v2\/types\/page"}],"author":[{"embeddable":true,"href":"https:\/\/pesquisas.face.ufmg.br\/facelab\/wp-json\/wp\/v2\/users\/17"}],"replies":[{"embeddable":true,"href":"https:\/\/pesquisas.face.ufmg.br\/facelab\/wp-json\/wp\/v2\/comments?post=52"}],"version-history":[{"count":8,"href":"https:\/\/pesquisas.face.ufmg.br\/facelab\/wp-json\/wp\/v2\/pages\/52\/revisions"}],"predecessor-version":[{"id":374,"href":"https:\/\/pesquisas.face.ufmg.br\/facelab\/wp-json\/wp\/v2\/pages\/52\/revisions\/374"}],"wp:attachment":[{"href":"https:\/\/pesquisas.face.ufmg.br\/facelab\/wp-json\/wp\/v2\/media?parent=52"}],"curies":[{"name":"wp","href":"https:\/\/api.w.org\/{rel}","templated":true}]}}