{"id":163,"date":"2018-10-31T15:12:38","date_gmt":"2018-10-31T17:12:38","guid":{"rendered":"http:\/\/pesquisas.face.ufmg.br\/facelab\/?page_id=163"},"modified":"2018-10-31T15:46:25","modified_gmt":"2018-10-31T17:46:25","slug":"regimento-interno","status":"publish","type":"page","link":"https:\/\/pesquisas.face.ufmg.br\/facelab\/regimento-interno\/","title":{"rendered":"Regimento Interno"},"content":{"rendered":"\n<h5 class=\"wp-block-heading\">REGIMENTO INTERNO<\/h5>\n\n\n\n<p class=\"wp-block-paragraph\">DA CONSTITUI\u00c7\u00c3O DO LABORAT\u00d3RIO ABERTO FACE LAB<\/p>\n\n\n\n<p class=\"has-text-color has-very-dark-gray-color wp-block-paragraph\">Art. 1\u00ba &#8211; O Laborat\u00f3rio aberto FACE Lab \u00e9 um\nlaborat\u00f3rio multiusu\u00e1rio institucional de pesquisa que tem como miss\u00e3o fomentar\na interdisciplinaridade e a excel\u00eancia na forma\u00e7\u00e3o de estudantes oferecendo uma\ninfraestrutura multiusu\u00e1ria para o desenvolvimento de projetos de inova\u00e7\u00e3o e\nempreendedorismo. O Laborat\u00f3rio aberto FACE Lab tem como objetivos principais:<\/p>\n\n\n\n<ol class=\"wp-block-list\"><li>Funcionar\ncomo espa\u00e7o de <em>co-working<\/em> para todos os membros da comunidade. <\/li><li>Conectar\nalunos, profissionais, funcion\u00e1rios e professores com a rede de laborat\u00f3rios\nparceiros e com o ecossistema empreendedor. <\/li><li>Estreitar\no relacionamento da universidade com o mercado, funcionando como uma ponte\nentre as necessidades das empresas e o conhecimento acad\u00eamico \/ cient\u00edfico.<\/li><li>Desenvolver a apoiar projetos de pesquisa e extens\u00e3o voltados para\na inova\u00e7\u00e3o e o empreendedorismo.<\/li><li>Promover capacita\u00e7\u00f5es por meio de minicursos e workshops que\ndesenvolvam temas e habilidades fundamentais para o ecossistema empreendedor e\ncomplementares ao ensino em sala de aula.<\/li><li>Organizar palestras e paineis com empreendedores de destaque para\ntrocar experi\u00eancias sobre diversas \u00e1reas de atua\u00e7\u00e3o profissional, aproximando a\ncomunidade acad\u00eamica do ecossistema empreendedor.<\/li><\/ol>\n\n\n\n<p class=\"wp-block-paragraph\">Art. 2\u00ba &#8211; O Laborat\u00f3rio aberto FACE Lab visa\natender:<\/p>\n\n\n\n<ol class=\"wp-block-list\"><li>Os\nalunos da Universidade Federal de Minas Gerais, nos n\u00edveis de Gradua\u00e7\u00e3o,\nP\u00f3s-Gradua\u00e7\u00e3o, Pesquisa e Extens\u00e3o;<\/li><li>Docentes\nda Universidade Federal de Minas Gerais;<\/li><li>Funcion\u00e1rios\nda Universidade Federal de Minas Gerais;<\/li><li>Profissionais,\nempreendedores, estudantes, docentes, e demais membros da comunidade externa \u00e0\nUniversidade Federal de Minas Gerais que possuam demonstrado interesse em\nparticipar de projetos de inova\u00e7\u00e3o e empreendedorismo;<\/li><li>Empresas,\ngovernos ou organiza\u00e7\u00f5es sociais que queiram fomentar e\/ou participar de\niniciativas de inova\u00e7\u00e3o e empreendedorismo.<\/li><\/ol>\n\n\n\n<h6 class=\"wp-block-heading\">DA ADMINISTRA\u00c7\u00c3O DO LABORAT\u00d3RIO ABERTO FACE\nLAB<\/h6>\n\n\n\n<p class=\"wp-block-paragraph\">Art. 3\u00ba &#8211; O Laborat\u00f3rio aberto FACE Lab ser\u00e1\nadministrado por um Coordenador e Subcoordenador, assessorados por um Comit\u00ea\nGestor, por uma Comiss\u00e3o de Usu\u00e1rios e por um Corpo T\u00e9cnico. <\/p>\n\n\n\n<p class=\"wp-block-paragraph\">Art. 4\u00ba &#8211; O Coordenador do FACE Lab dever\u00e1\nser um docente proveniente do quadro efetivo permanente da Faculdade de\nCi\u00eancias Econ\u00f4micas, com experi\u00eancia comprovada nas \u00e1reas de inova\u00e7\u00e3o e\nempreendedorismo. <\/p>\n\n\n\n<p class=\"wp-block-paragraph\">\u00a7 1\u00ba &#8211; Compete ao Coordenador do FACE\nLab:<\/p>\n\n\n\n<ol class=\"wp-block-list\"><li>Garantir o funcionamento do Laborat\u00f3rio;<\/li><li>Coordenar as atividades dos funcion\u00e1rios, bolsistas e\/ou\nestagi\u00e1rios do Laborat\u00f3rio;<\/li><li>Fomentar a utiliza\u00e7\u00e3o do Laborat\u00f3rio para o desenvolvimento de\nprojetos de inova\u00e7\u00e3o e empreendedorismo;<\/li><li>Acompanhar as atividades do Laborat\u00f3rio e os projetos nele\ndesenvolvidos;<\/li><li>Captar recursos para a manuten\u00e7\u00e3o do Laborat\u00f3rio;<\/li><li>Representar o Laborat\u00f3rio junto aos \u00f3rg\u00e3os superiores;<\/li><li>Promover a participa\u00e7\u00e3o da comunidade, empresas e membros externos\n\u00e0 universidade nas atividades do Laborat\u00f3rio;<\/li><li>Compor e presidir o Comit\u00ea Gestor do Laborat\u00f3rio.<\/li><\/ol>\n\n\n\n<p class=\"wp-block-paragraph\">Art. 5\u00ba &#8211; O Subcoordenador do FACE Lab dever\u00e1\nser um docente com experi\u00eancia comprovada nas \u00e1reas de inova\u00e7\u00e3o e\nempreendedorismo, proveniente do quadro efetivo permanente de qualquer Unidade\nAcad\u00eamica consorciada, exceto da Faculdade de Ci\u00eancias Econ\u00f4micas.<\/p>\n\n\n\n<p class=\"wp-block-paragraph\">\u00a7 1\u00ba &#8211; Compete ao Subcoordenador\ndo FACE Lab:<\/p>\n\n\n\n<ol class=\"wp-block-list\"><li>Colaborar com o Coordenador na gest\u00e3o do Laborat\u00f3rio;<\/li><li>Substituir o Coordenador em suas faltas ou eventuais impedimentos;<\/li><li>Compor e presidir a Comiss\u00e3o de Usu\u00e1rios do Laborat\u00f3rio.<\/li><\/ol>\n\n\n\n<p class=\"wp-block-paragraph\">Art. 6\u00ba &#8211; O Coordenador e o Subcoordenador do\nFACE Lab ter\u00e3o mandato de dois anos, permitida uma \u00fanica recondu\u00e7\u00e3o.<\/p>\n\n\n\n<p class=\"wp-block-paragraph\">Art. 7\u00ba &#8211; O Coordenador e o Subcoordenador do\nFACE Lab ser\u00e3o indicados pela diretoria da FACE, \u00e0 partir de uma lista tr\u00edplice\nelaborada pelo Comit\u00ea Gestor em exerc\u00edcio.<\/p>\n\n\n\n<p class=\"wp-block-paragraph\">Art. 8\u00ba &#8211; O Comit\u00ea Gestor do FACE Lab \u00e9\nconstitu\u00eddo de pelo menos 5 (cinco) pesquisadores com experi\u00eancia comprovada em\ninova\u00e7\u00e3o e empreendedorismo, sendo um deles o Coordenador do Laborat\u00f3rio e pelo\nmenos 2 (dois) deles provenientes de Unidades Acad\u00eamicas distintas da Faculdade\nde Ci\u00eancias Econ\u00f4micas. \u00c9 permitida a participa\u00e7\u00e3o de membros externos \u00e0 UFMG,\nseja de outras Institui\u00e7\u00f5es de Ci\u00eancia e Tecnologia (ICTs) ou empresas,\nlimitado a 30% da composi\u00e7\u00e3o do Comit\u00ea Gestor. <\/p>\n\n\n\n<p class=\"wp-block-paragraph\">\u00a7 1\u00ba &#8211; Compete ao Comit\u00ea Gestor do FACE Lab:<\/p>\n\n\n\n<ol class=\"wp-block-list\"><li>Estabelecer\na pol\u00edtica de acesso \u00e0 infraestrutura do Laborat\u00f3rio e seu modelo de gest\u00e3o;<\/li><li>Elaborar\num planejamento estrat\u00e9gico para o Laborat\u00f3rio;<\/li><li>Reavaliar\ne definir as diretrizes do planejamento estrat\u00e9gico;<\/li><li>Deliberar\nsobre o uso de recursos financeiros;<\/li><li>Reunir-se\nordinariamente pelo menos uma vez por ano e, extraordinariamente, sempre que\nnecess\u00e1rio.<\/li><\/ol>\n\n\n\n<p class=\"wp-block-paragraph\">\u00a7 2\u00ba &#8211; As reuni\u00f5es do Comit\u00ea\nGestor do FACE Lab ser\u00e3o convocadas pelo Coordenador, por iniciativa pr\u00f3pria,\nou mediante pedido, por escrito de pelo menos 1\/3 (um ter\u00e7o) de seus membros.<\/p>\n\n\n\n<p class=\"wp-block-paragraph\">\u00a7 3\u00ba &#8211; As reuni\u00f5es do\nComit\u00ea Gestor do FACE Lab funcionar\u00e3o com a maioria simples de seus membros e,\na cada reuni\u00e3o ser\u00e1 lavrada uma ata, que ser\u00e1 submetida \u00e0 aprova\u00e7\u00e3o de seus\nmembros.<\/p>\n\n\n\n<p class=\"wp-block-paragraph\">\u00a7 4\u00ba &#8211; O membros do Comit\u00ea\nGestor do FACE Lab ter\u00e3o mandato de dois anos, permitida uma \u00fanica recondu\u00e7\u00e3o.<\/p>\n\n\n\n<p class=\"wp-block-paragraph\">\u00a7 5\u00ba &#8211; O membros do Comit\u00ea\nGestor do Laborat\u00f3rio ser\u00e3o indicados pelo Coordenador e pelo Subcoordenador do\nFACE Lab.<\/p>\n\n\n\n<p class=\"wp-block-paragraph\">Art. 9\u00ba &#8211; A Comiss\u00e3o de Usu\u00e1rios do FACE Lab\n\u00e9 constitu\u00eddo por pelo menos 5 (cinco) usu\u00e1rios do Laborat\u00f3rio, sendo um deles\no Subcoordenador e pelo menos outros 2 (dois) deles docentes provenientes de\nUnidades Acad\u00eamicas distintas da Faculdade de Ci\u00eancias Econ\u00f4micas. \u00c9 vedada a\nparticipa\u00e7\u00e3o de membros do Comit\u00ea Gestor na Comiss\u00e3o de Usu\u00e1rios. \u00c9 permitida a\nparticipa\u00e7\u00e3o de membros externos \u00e0 UFMG, seja de outras Institui\u00e7\u00f5es de Ci\u00eancia\ne Tecnologia (ICTs) ou empresas p\u00fablicas ou privadas. <\/p>\n\n\n\n<p class=\"wp-block-paragraph\">\u00a7 1\u00ba &#8211; Compete a Comiss\u00e3o de Usu\u00e1rios do FACE\nLab:<\/p>\n\n\n\n<ol class=\"wp-block-list\"><li>Acompanhar\ne avaliar o funcionamento do Laborat\u00f3rio;<\/li><li>Acompanhar\ne avaliar a adequa\u00e7\u00e3o dos procedimentos de uso da infraestrutura do Laborat\u00f3rio\ne seu modelo de gest\u00e3o;<\/li><li>Reunir-se\nordinariamente pelo menos uma vez por ano e, extraordinariamente, sempre que\nnecess\u00e1rio.<\/li><\/ol>\n\n\n\n<p class=\"wp-block-paragraph\">\u00a7 2\u00ba &#8211; As reuni\u00f5es da Comiss\u00e3o\nde Usu\u00e1rios do FACE Lab ser\u00e3o convocadas pelo Subcoordenador, por iniciativa\npr\u00f3pria, ou mediante pedido, por escrito de pelo menos 1\/3 (um ter\u00e7o) de seus\nmembros.<\/p>\n\n\n\n<p class=\"wp-block-paragraph\">\u00a7 3\u00ba &#8211; As reuni\u00f5es da\nComiss\u00e3o de Usu\u00e1rios do FACE Lab funcionar\u00e3o com a maioria simples de seus\nmembros e, a cada reuni\u00e3o ser\u00e1 lavrada uma ata, que ser\u00e1 submetida \u00e0 aprova\u00e7\u00e3o\nde seus membros.<\/p>\n\n\n\n<p class=\"wp-block-paragraph\">\u00a7 4\u00ba &#8211; O membros da\nComiss\u00e3o de Usu\u00e1rios do FACE Lab ter\u00e3o mandato de dois anos, permitida uma\n\u00fanica recondu\u00e7\u00e3o.<\/p>\n\n\n\n<p class=\"wp-block-paragraph\">\u00a7 5\u00ba &#8211; O membros da\nComiss\u00e3o de Usu\u00e1rios do Laborat\u00f3rio ser\u00e3o indicados pelo Coordenador e pelo\nSubcoordenador do FACE Lab.<\/p>\n\n\n\n<p class=\"wp-block-paragraph\">Art. 10\u00ba &#8211; O Corpo T\u00e9cnico do FACE Lab \u00e9\nconstitu\u00eddo por profissionais designados pela dire\u00e7\u00e3o da FACE e pela dire\u00e7\u00e3o\ndas Unidades Acad\u00eamicas consorciadas. <\/p>\n\n\n\n<p class=\"wp-block-paragraph\">\u00a7 1\u00ba &#8211; Compete ao Corpo T\u00e9cnico do FACE Lab:<\/p>\n\n\n\n<ol class=\"wp-block-list\"><li>Realizar\nprocedimentos e\/ou acompanhar os usu\u00e1rios credenciados na realiza\u00e7\u00e3o de\nprocedimentos bem como na presta\u00e7\u00e3o de servi\u00e7os;<\/li><li>Manter\no Laborat\u00f3rio em condi\u00e7\u00f5es de utiliza\u00e7\u00e3o;<\/li><li>Administrar\no acesso de usu\u00e1rios ao Laborat\u00f3rio;<\/li><li>Orientar\nbolsistas e\/ou estagi\u00e1rios no desempenho de suas fun\u00e7\u00f5es;<\/li><li>Encaminhar\nos equipamentos para manuten\u00e7\u00e3o ou fazer a manuten\u00e7\u00e3o no local;<\/li><li>Divulgar\nas diretrizes estrat\u00e9gicas e de utiliza\u00e7\u00e3o do Laborat\u00f3rio para seus usu\u00e1rios;<\/li><li>Controlar\no patrim\u00f4nio do Laborat\u00f3rio;<\/li><li>Promover\ne organizar as atividades de capacita\u00e7\u00e3o, workshops, palestras e minicursos;<\/li><li>Aplicar\nas penalidades necess\u00e1rias aos usu\u00e1rios, de acordo com as normas estabelecidas\nneste Regimento.<\/li><\/ol>\n\n\n\n<p class=\"wp-block-paragraph\">Art. 11\u00ba &#8211; Compete aos Bolsistas e\/ou\nestagi\u00e1rios que atuam no FACE Lab: <\/p>\n\n\n\n<ol class=\"wp-block-list\"><li>Auxiliar o Corpo T\u00e9cnico respons\u00e1vel pelo Laborat\u00f3rio em suas\nfun\u00e7\u00f5es;<\/li><li>Controlar e organizar as reservas do uso do Laborat\u00f3rio aos\nusu\u00e1rios;<\/li><li>Administrar as necessidades de material de consumo;<\/li><li>Receber as informa\u00e7\u00f5es de problemas ocorridos, encaminhar ou dar a\nsolu\u00e7\u00e3o pertinente a cada caso;<\/li><li>N\u00e3o permitir a sa\u00edda de qualquer tipo de material ou equipamento\ndo Laborat\u00f3rio sem que haja a permiss\u00e3o do t\u00e9cnico respons\u00e1vel ou do\nCoordenador;<\/li><li>Orientar os usu\u00e1rios na opera\u00e7\u00e3o dos equipamentos;<\/li><li>Controlar o uso dos equipamentos, proibindo a utiliza\u00e7\u00e3o dos para\nfins de entretenimento.<\/li><\/ol>\n\n\n\n<h6 class=\"wp-block-heading\">DA UTILIZA\u00c7\u00c3O DO LABORAT\u00d3RIO ABERTO FACE LAB<\/h6>\n\n\n\n<p class=\"wp-block-paragraph\">Art. 12\u00ba &#8211; O Laborat\u00f3rio aberto FACE Lab\napresenta um espa\u00e7o f\u00edsico de uma sala no pr\u00e9dio da FACE.<\/p>\n\n\n\n<p class=\"wp-block-paragraph\">Art. 13\u00ba &#8211; O Laborat\u00f3rio aberto FACE Lab estar\u00e1\ndispon\u00edvel aos usu\u00e1rios de acordo com hor\u00e1rio fixado na entrada do local ou por\nmeio de agendamento pr\u00e9vio realizado pelo site, <a href=\"http:\/\/pesquisas.face.ufmg.br\/facelab\/\">http:\/\/pesquisas.face.ufmg.br\/facelab\/<\/a>. <\/p>\n\n\n\n<p class=\"wp-block-paragraph\">\u00a7 1\u00ba &#8211; Ser\u00e1 dada prioridade de utiliza\u00e7\u00e3o do\nLaborat\u00f3rio aos usu\u00e1rios que realizaram o agendamento pr\u00e9vio.<\/p>\n\n\n\n<p class=\"wp-block-paragraph\">\u00a7 2\u00ba &#8211; O FACE Lab segue o calend\u00e1rio\nacad\u00eamico da UFMG.<\/p>\n\n\n\n<p class=\"wp-block-paragraph\">\u00a7 3\u00ba &#8211; A equipe do FACE Lab se reserva ao\ndireito de eventualmente fechar o FACE Lab para ocasi\u00f5es especiais (eventos\nexternos, manuten\u00e7\u00e3o, limpeza, treinamentos internos, entre outros).<\/p>\n\n\n\n<p class=\"wp-block-paragraph\">Art. 14\u00ba &#8211; O credenciamento dos usu\u00e1rios do\nFACE Lab \u00e9 realizado mediante preenchimento de formul\u00e1rio espec\u00edfico dispon\u00edvel\nno site do Laborat\u00f3rio, e apresenta\u00e7\u00e3o dos seguintes documentos: &nbsp;<\/p>\n\n\n\n<ol class=\"wp-block-list\"><li>Alunos\nda UFMG devem apresentar a carteira de estudante ou documento recente que\ncomprove estar matriculado na universidade.<\/li><li>Professores\ne funcion\u00e1rios da UFMG devem apresentar a carteira funcional.<\/li><li>Membros\nda comunidade externa \u00e0 UFMG devem apresentar documento de identifica\u00e7\u00e3o com\nfoto e comprovante de endere\u00e7o.<\/li><\/ol>\n\n\n\n<p class=\"wp-block-paragraph\">Art. 15\u00ba &#8211; S\u00e3o deveres e responsabilidades\ndos usu\u00e1rios do FACE Lab:<\/p>\n\n\n\n<ol class=\"wp-block-list\"><li>Manter\nconviv\u00eancia harm\u00f4nica, respeitando os demais usu\u00e1rios do Laborat\u00f3rio.<\/li><li>Ser\nrespons\u00e1vel nas suas a\u00e7\u00f5es, mantendo a postura adequada ao ambiente.<\/li><li>Garantir\na conserva\u00e7\u00e3o das instala\u00e7\u00f5es f\u00edsicas, mobili\u00e1rios, e equipamentos do FACE Lab.<\/li><li>Ser\necon\u00f4mico e cuidadoso ao utilizar materiais e equipamentos no Laborat\u00f3rio.<\/li><li>Zelar\npelo material do Laborat\u00f3rio para que outros tamb\u00e9m possam us\u00e1-lo.<\/li><li>Comunicar\nanormalidades, danos, ou mau funcionamento de equipamentos, ilumina\u00e7\u00e3o,\nventila\u00e7\u00e3o ou qualquer outra condi\u00e7\u00e3o insegura aos respons\u00e1veis pelo FACE Lab.<\/li><\/ol>\n\n\n\n<p class=\"wp-block-paragraph\">Art. 16\u00ba &#8211; Fica proibida a retirada de todo e\nqualquer tipo de material do FACE Lab, sem a devida autoriza\u00e7\u00e3o da coordena\u00e7\u00e3o.<\/p>\n\n\n\n<p class=\"wp-block-paragraph\">Art. 17\u00ba &#8211; Qualquer indisciplina,\ninsubordina\u00e7\u00e3o ou desrespeito \u00e0s normas vigentes ser\u00e3o decididos pelo Corpo\nT\u00e9cnico do Laborat\u00f3rio, pela Comiss\u00e3o de Usu\u00e1rios ou pela Coordena\u00e7\u00e3o do\nLaborat\u00f3rio nos casos mais extremos. <\/p>\n\n\n\n<p class=\"wp-block-paragraph\">\u00a7 1\u00ba &#8211; As seguintes penalidades podem ser aplicadas:<\/p>\n\n\n\n<ol class=\"wp-block-list\"><li>Advert\u00eancia\nverbal ou escrita;<\/li><li>Suspens\u00e3o\npor tempo determinado;<\/li><li>Suspens\u00e3o\npor tempo indeterminado;<\/li><li>Pagamento\nde multas e dos danos causados.<\/li><\/ol>\n\n\n\n<p class=\"wp-block-paragraph\">\u00a7 2\u00ba &#8211; Casos omissos neste regulamento devem\nser analisados e resolvidos pela coordena\u00e7\u00e3o ou juntamente com a diretoria da\nFACE.<\/p>\n\n\n\n<h6 class=\"wp-block-heading\">DISPOSI\u00c7\u00d5ES GERAIS<\/h6>\n\n\n\n<p class=\"wp-block-paragraph\">Art. 18\u00ba &#8211; Este Regimento poder\u00e1 ser alterado\npelo voto de 2\/3 do Comit\u00ea Gestor do FACE Lab e homologado por seus respectivos\nmembros.<\/p>\n\n\n\n<p class=\"wp-block-paragraph\">\u00a7\n\u00fanico: O Regimento Interno do Laborat\u00f3rio aberto FACE Lab passa a vigorar a\npartir da aprova\u00e7\u00e3o pela C\u00e2mara de Pesquisa da Pr\u00f3-Reitoria de Pesquisa da\nUFMG.<\/p>\n\n\n\n<p class=\"wp-block-paragraph\">Art. 19\u00ba &#8211; Os casos omissos neste Regimento\nInterno ser\u00e3o resolvidos pelo Comit\u00ea Gestor do FACE Lab.<\/p>\n\n\n\n<p class=\"wp-block-paragraph\">Art. 20\u00ba &#8211; O patrim\u00f4nio do Laborat\u00f3rio FACE\nLab ser\u00e1 destinado \u00e0 Faculdade de Ci\u00eancias Econ\u00f4micas da UFMG em caso de sua\ndissolu\u00e7\u00e3o.<\/p>\n\n\n\n<p class=\"wp-block-paragraph\"><strong>___________________________________________________________<\/strong><\/p>\n\n\n\n<p class=\"wp-block-paragraph\"><strong>Laborat\u00f3rio\nAberto FACE Lab<\/strong><\/p>\n\n\n\n<p class=\"wp-block-paragraph\">Av. Ant\u00f4nio Carlos, 6627 \u2013 Edif\u00edcio\nFACE, Sala 1042<\/p>\n\n\n\n<p class=\"wp-block-paragraph\">Campus Pampulha \u2013 Belo Horizonte \u2013\nBrasil<\/p>\n\n\n\n<figure class=\"wp-block-embed\"><div class=\"wp-block-embed__wrapper\">\nhttp:\/\/pesquisas.face.ufmg.br\/facelab\/\n<\/div><\/figure>\n\n\n\n<figure class=\"wp-block-embed-facebook wp-block-embed\"><div class=\"wp-block-embed__wrapper\">\nhttps:\/\/www.facebook.com\/facelabufmg\/\n<\/div><\/figure>\n\n\n\n<p class=\"wp-block-paragraph\"><strong>Gest\u00e3o\nAtual do Laborat\u00f3rio aberto FACE Lab<\/strong><\/p>\n\n\n\n<ul class=\"wp-block-list\"><li><strong>Coordenador:\n<\/strong><\/li><li>Profa. Renata Sim\u00f5es Guimar\u00e3es e Borges<\/li><\/ul>\n\n\n\n<p class=\"wp-block-paragraph\">Departamento\nde Ci\u00eancias Administrativas, FACE, UFMG<\/p>\n\n\n\n<ul class=\"wp-block-list\"><li><strong>Subcoordenador:<\/strong><\/li><li>Prof. Eduardo de Campos Valadares<\/li><\/ul>\n\n\n\n<p class=\"wp-block-paragraph\">Departamento\nde F\u00edsica, ICEX, UFMG<\/p>\n\n\n\n<ul class=\"wp-block-list\"><li><strong>Comit\u00ea\nGestor:<\/strong><\/li><li>Profa. Renata Sim\u00f5es Guimar\u00e3es e Borges<\/li><\/ul>\n\n\n\n<p class=\"wp-block-paragraph\">Departamento\nde Ci\u00eancias Administrativas, FACE, UFMG<\/p>\n\n\n\n<ul class=\"wp-block-list\"><li>Prof. Eduardo Romeiro Filho<\/li><\/ul>\n\n\n\n<p class=\"wp-block-paragraph\">Departamento\nde Engenharia de Produ\u00e7\u00e3o, Escola de Engenharia, UFMG<\/p>\n\n\n\n<ul class=\"wp-block-list\"><li>Prof. Hermes Aguiar Magalh\u00e3es<\/li><\/ul>\n\n\n\n<p class=\"wp-block-paragraph\">Departamento\nde Engenharia Eletr\u00f4nica, Escola de Engenharia, UFMG<\/p>\n\n\n\n<ul class=\"wp-block-list\"><li>Profa. Rafaela Salgado Ferreira<\/li><\/ul>\n\n\n\n<p class=\"wp-block-paragraph\">Departamento\nde Bioqu\u00edmica e Imunologia, ICB, UFMG<\/p>\n\n\n\n<ul class=\"wp-block-list\"><li>Prof. Rochel Montero Lago<\/li><\/ul>\n\n\n\n<p class=\"wp-block-paragraph\">Departamento\nde Qu\u00edmica, ICEX, UFMG<\/p>\n\n\n\n<ul class=\"wp-block-list\"><li>M\u00e1rcia Andrade Carmo de Azevedo<\/li><\/ul>\n\n\n\n<p class=\"wp-block-paragraph\">Diretora\ndo Laborat\u00f3rio Aberto do SENAI, FIEMG<\/p>\n\n\n\n<ul class=\"wp-block-list\"><li><strong>Comiss\u00e3o\nde usu\u00e1rios:<\/strong><\/li><li>&nbsp;&nbsp;Prof. Eduardo de Campos Valadares<\/li><\/ul>\n\n\n\n<p class=\"wp-block-paragraph\">Departamento\nde F\u00edsica, ICEX, UFMG<\/p>\n\n\n\n<ul class=\"wp-block-list\"><li>Profa. Marcella Furtado de Magalh\u00e3es Gomes<\/li><\/ul>\n\n\n\n<p class=\"wp-block-paragraph\">Departamento\nde Direito do Trabalho e Introdu\u00e7\u00e3o ao Estudo de Direito, Faculdade de Direito,\nUFMG<\/p>\n\n\n\n<ul class=\"wp-block-list\"><li>Profa. Vanessa Andrade de Barros<\/li><\/ul>\n\n\n\n<p class=\"wp-block-paragraph\">Departamento\nde Psicologia, FAFICH, UFMG<\/p>\n\n\n\n<ul class=\"wp-block-list\"><li>Ramon Azevedo<\/li><\/ul>\n\n\n\n<p class=\"wp-block-paragraph\">Diretor\nda FUNDEPAR, UFMG<\/p>\n\n\n\n<ul class=\"wp-block-list\"><li>Prof. Roberto Novaes<\/li><\/ul>\n\n\n\n<p class=\"wp-block-paragraph\">Curso\nde Direito no IBMEC, Diretor da Silex e Coordenador de Sistemas de Inova\u00e7\u00e3o na\nMarcelo Tostes Advogados<\/p>\n\n\n\n<ul class=\"wp-block-list\"><li>Sandra Isabel dos Reis<\/li><\/ul>\n\n\n\n<p class=\"wp-block-paragraph\">NAPq,\nFACE, UFMG<\/p>\n\n\n\n<ul class=\"wp-block-list\"><li><strong>Corpo\nT\u00e9cnico<\/strong><\/li><li>Sandra Isabel dos Reis<\/li><\/ul>\n\n\n\n<p class=\"wp-block-paragraph\">NAPq,\nFACE, UFMG<strong><\/strong><\/p>\n","protected":false},"excerpt":{"rendered":"<p>REGIMENTO INTERNO DA CONSTITUI\u00c7\u00c3O DO LABORAT\u00d3RIO ABERTO FACE LAB Art. 1\u00ba &#8211; O Laborat\u00f3rio aberto FACE Lab \u00e9 um laborat\u00f3rio multiusu\u00e1rio institucional de pesquisa que tem como miss\u00e3o fomentar a [&hellip;]<\/p>\n","protected":false},"author":16,"featured_media":0,"parent":0,"menu_order":0,"comment_status":"closed","ping_status":"closed","template":"","meta":{"_crdt_document":"","_exactmetrics_skip_tracking":false,"_exactmetrics_sitenote_active":false,"_exactmetrics_sitenote_note":"","_exactmetrics_sitenote_category":0,"footnotes":""},"class_list":["post-163","page","type-page","status-publish","hentry"],"_links":{"self":[{"href":"https:\/\/pesquisas.face.ufmg.br\/facelab\/wp-json\/wp\/v2\/pages\/163","targetHints":{"allow":["GET"]}}],"collection":[{"href":"https:\/\/pesquisas.face.ufmg.br\/facelab\/wp-json\/wp\/v2\/pages"}],"about":[{"href":"https:\/\/pesquisas.face.ufmg.br\/facelab\/wp-json\/wp\/v2\/types\/page"}],"author":[{"embeddable":true,"href":"https:\/\/pesquisas.face.ufmg.br\/facelab\/wp-json\/wp\/v2\/users\/16"}],"replies":[{"embeddable":true,"href":"https:\/\/pesquisas.face.ufmg.br\/facelab\/wp-json\/wp\/v2\/comments?post=163"}],"version-history":[{"count":5,"href":"https:\/\/pesquisas.face.ufmg.br\/facelab\/wp-json\/wp\/v2\/pages\/163\/revisions"}],"predecessor-version":[{"id":182,"href":"https:\/\/pesquisas.face.ufmg.br\/facelab\/wp-json\/wp\/v2\/pages\/163\/revisions\/182"}],"wp:attachment":[{"href":"https:\/\/pesquisas.face.ufmg.br\/facelab\/wp-json\/wp\/v2\/media?parent=163"}],"curies":[{"name":"wp","href":"https:\/\/api.w.org\/{rel}","templated":true}]}}