{"id":388,"date":"2022-10-28T15:07:27","date_gmt":"2022-10-28T18:07:27","guid":{"rendered":"https:\/\/pesquisas.face.ufmg.br\/faceacontecer\/mesmerize\/"},"modified":"2026-02-09T00:51:47","modified_gmt":"2026-02-09T03:51:47","slug":"mesmerize","status":"publish","type":"page","link":"https:\/\/pesquisas.face.ufmg.br\/faceacontecer\/","title":{"rendered":"Front Page"},"content":{"rendered":"<div data-label=\"Overlappable\" data-id=\"overlappable--1\" data-export-id=\"overlappable-4\" data-category=\"overlappable\" class=\"overlappable-4 content-section content-section-spacing\" data-overlap=\"true\" id=\"overlappable-1\"><div class=\"gridContainer\"> <div data-type=\"row\" class=\"row spaced-cols text-center\"><div class=\"col-xs-12 col-sm-4 col-padding\"> <i class=\"fa icon shadow-large-black aligncenter color1 fa-group reverse round large\"><\/i> <div data-type=\"column\" class=\"\"> <h5 class=\"\">SOBRE N\u00d3S<\/h5> <p class=\"\">Somos um projeto de extens\u00e3o com sede na Faculdade de Ci\u00eancias Econ\u00f4micas (FACE) da UFMG.Somos um projeto de extens\u00e3o com sede na Faculdade de Ci\u00eancias Econ\u00f4micas (FACE) da UFMG.<\/p><\/div> <\/div> <div class=\"col-xs-12 col-sm-4 col-padding\"> <i class=\"fa icon shadow-large-black aligncenter color1 fa-clipboard reverse round large\"><\/i> <div data-type=\"column\" class=\"\"><h5 class=\"\">PROJETOS<\/h5> <p class=\"\">Oferecemos consultorias gratuitas para organiza\u00e7\u00f5es e neg\u00f3cios de impacto, conhe\u00e7a nossos projetos!Oferecemos consultorias gratuitas para organiza\u00e7\u00f5es e neg\u00f3cios de impacto, conhe\u00e7a nossos projetos!<\/p><\/div> <\/div> <div class=\"col-xs-12 col-sm-4 col-padding\"> <i class=\"fa icon shadow-large-black aligncenter color1 fa-envelope reverse round large\"><\/i> <div data-type=\"column\" class=\"\"><h5 class=\"\">NOT\u00cdCIAS<\/h5> <p class=\"\">Saiba dos eventos mais recentes do nosso projeto de extens\u00e3o!Saiba dos eventos mais recentes do nosso projeto de extens\u00e3o!<\/p><\/div> <\/div><\/div> <\/div><\/div><div data-label=\"About\" data-id=\"about--1\" data-export-id=\"about-4\" data-category=\"about\" class=\"about-4 content-section content-section-spacing\" id=\"about-1\" style=\"background-image: none\"><div class=\"gridContainer\"> <div class=\"row middle-sm text-center\"><div class=\"col-sm-5 space-bottom-xs\" data-type=\"column\">  <h2 class=\"\"><span>Ajudando pessoas que&nbsp;<\/span><span style=\"font-family: Playfair Display,sans-serif;font-weight: 700;font-style: italic\">ajudam o mundo<\/span><\/h2>  <\/div> <div class=\"col-sm-7 flexbox center-xs middle-xs image-group-2-img\"> <img decoding=\"async\" class=\"img-1 shadow-large\" data-size=\"250x200\" src=\"https:\/\/pesquisas.face.ufmg.br\/faceacontecer\/wp-content\/uploads\/sites\/31\/2026\/02\/cropped-Face-01-1.jpg\" title=\"cropped-Face-01-1.jpg\" alt=\"\"> <img decoding=\"async\" class=\"img-2 shadow-large\" data-size=\"220x170\" src=\"https:\/\/pesquisas.face.ufmg.br\/faceacontecer\/wp-content\/uploads\/sites\/31\/2022\/10\/cropped-cropped-WhatsApp-Image-2022-10-28-at-17.58.48-1.jpeg\" title=\"cropped-cropped-WhatsApp-Image-2022-10-28-at-17.58.48-1.jpeg\" alt=\"\"><\/div> <\/div><\/div> <\/div><div class=\"wp-block-buttons is-layout-flex wp-block-buttons-is-layout-flex\"><\/div><p class=\"wp-block-paragraph\"><\/p>","protected":false},"excerpt":{"rendered":"<p>SOBRE N\u00d3S Somos um projeto de extens\u00e3o com sede na Faculdade de Ci\u00eancias Econ\u00f4micas (FACE) da UFMG.Somos um projeto de extens\u00e3o com sede na Faculdade de Ci\u00eancias Econ\u00f4micas (FACE) da&hellip; <br \/> <a class=\"read-more\" href=\"https:\/\/pesquisas.face.ufmg.br\/faceacontecer\/\">Leia mais<\/a><\/p>\n","protected":false},"author":32,"featured_media":0,"parent":0,"menu_order":0,"comment_status":"closed","ping_status":"closed","template":"page-templates\/homepage.php","meta":{"_crdt_document":"","content-type":"","_exactmetrics_skip_tracking":false,"_exactmetrics_sitenote_active":false,"_exactmetrics_sitenote_note":"","_exactmetrics_sitenote_category":0,"footnotes":""},"class_list":["post-388","page","type-page","status-publish","hentry"],"_links":{"self":[{"href":"https:\/\/pesquisas.face.ufmg.br\/faceacontecer\/wp-json\/wp\/v2\/pages\/388","targetHints":{"allow":["GET"]}}],"collection":[{"href":"https:\/\/pesquisas.face.ufmg.br\/faceacontecer\/wp-json\/wp\/v2\/pages"}],"about":[{"href":"https:\/\/pesquisas.face.ufmg.br\/faceacontecer\/wp-json\/wp\/v2\/types\/page"}],"author":[{"embeddable":true,"href":"https:\/\/pesquisas.face.ufmg.br\/faceacontecer\/wp-json\/wp\/v2\/users\/32"}],"replies":[{"embeddable":true,"href":"https:\/\/pesquisas.face.ufmg.br\/faceacontecer\/wp-json\/wp\/v2\/comments?post=388"}],"version-history":[{"count":28,"href":"https:\/\/pesquisas.face.ufmg.br\/faceacontecer\/wp-json\/wp\/v2\/pages\/388\/revisions"}],"predecessor-version":[{"id":664,"href":"https:\/\/pesquisas.face.ufmg.br\/faceacontecer\/wp-json\/wp\/v2\/pages\/388\/revisions\/664"}],"wp:attachment":[{"href":"https:\/\/pesquisas.face.ufmg.br\/faceacontecer\/wp-json\/wp\/v2\/media?parent=388"}],"curies":[{"name":"wp","href":"https:\/\/api.w.org\/{rel}","templated":true}]}}