{"id":200,"date":"2021-11-26T11:15:38","date_gmt":"2021-11-26T14:15:38","guid":{"rendered":"https:\/\/pesquisas.face.ufmg.br\/faceacontecer\/?page_id=200"},"modified":"2026-02-09T00:27:51","modified_gmt":"2026-02-09T03:27:51","slug":"sobre-nos","status":"publish","type":"page","link":"https:\/\/pesquisas.face.ufmg.br\/faceacontecer\/sobre-nos\/","title":{"rendered":"Sobre N\u00f3s"},"content":{"rendered":"\n<p class=\"has-text-color has-background has-medium-font-size wp-block-paragraph\" style=\"color:#fffdf2;background-color:#4e621b\"><strong>O que fazemos acontecer?<\/strong><\/p>\n\n\n\n<p class=\"has-black-color has-text-color has-link-color wp-elements-c6cd79782af2c615c2cdb86e92ee2827 wp-block-paragraph\">Oferecemos consultorias gratuitas para organiza\u00e7\u00f5es do terceiro setor e para neg\u00f3cios de impacto, solucionando problemas ligados a quest\u00f5es gerenciais, que v\u00e3o desde capta\u00e7\u00e3o de recursos, marketing e at\u00e9 mesmo gest\u00e3o de volunt\u00e1rios.<\/p>\n\n\n\n<p class=\"has-black-color has-text-color has-link-color wp-elements-1ff191d12632765fe0231a91e3d5a0c9 wp-block-paragraph\">Tamb\u00e9m temos como objetivo fomentar e desenvolver o ecossistema social, promovendo uma rede de colabora\u00e7\u00e3o e desenvolvendo a cultura do voluntariado entre os discentes.<\/p>\n\n\n\n<p class=\"wp-block-paragraph\"><\/p>\n\n\n\n<p class=\"has-text-color has-background has-link-color has-medium-font-size wp-elements-6b258ac8909beb67cda07a691e4e7b45 wp-block-paragraph\" style=\"color:#fffdf2;background-color:#dc5740\"><strong>Por que fazemos acontecer?<\/strong><\/p>\n\n\n\n<p class=\"has-black-color has-text-color has-link-color wp-elements-baea0c838e593fa9e81eb8c64dfc3970 wp-block-paragraph\">O projeto nasceu da necessidade de alguns alunos de promover impacto positivo na sociedade por meio dos conhecimentos adquiridos na faculdade, visto a responsabilidade social que possu\u00edmos quanto alunos de uma universidade p\u00fablica.<\/p>\n\n\n\n<p class=\"wp-block-paragraph\"><\/p>\n\n\n\n<p class=\"has-text-color has-background has-medium-font-size wp-block-paragraph\" style=\"color:#fffdf2;background-color:#275d6b\"><strong>Como fazemos acontecer?<\/strong><\/p>\n\n\n\n<p class=\"has-black-color has-text-color has-link-color wp-elements-972e620c114677721f14270bf0fc6108 wp-block-paragraph\">No projeto temos 5 \u00e1reas diferentes, os n\u00facleos de Estrat\u00e9gia, Projetos, Eventos&amp;Marketing, Rela\u00e7\u00f5es Institucionais e Rela\u00e7\u00f5es Humanas.<\/p>\n\n\n\n<p class=\"wp-block-paragraph\"><\/p>\n","protected":false},"excerpt":{"rendered":"<p>O que fazemos acontecer? Oferecemos consultorias gratuitas para organiza\u00e7\u00f5es do terceiro setor e para neg\u00f3cios de impacto, solucionando problemas ligados a quest\u00f5es gerenciais, que v\u00e3o desde capta\u00e7\u00e3o de recursos, marketing&hellip; <br \/> <a class=\"read-more\" href=\"https:\/\/pesquisas.face.ufmg.br\/faceacontecer\/sobre-nos\/\">Leia mais<\/a><\/p>\n","protected":false},"author":32,"featured_media":0,"parent":0,"menu_order":0,"comment_status":"closed","ping_status":"closed","template":"","meta":{"_crdt_document":"","content-type":"","_exactmetrics_skip_tracking":false,"_exactmetrics_sitenote_active":false,"_exactmetrics_sitenote_note":"","_exactmetrics_sitenote_category":0,"footnotes":""},"class_list":["post-200","page","type-page","status-publish","hentry"],"_links":{"self":[{"href":"https:\/\/pesquisas.face.ufmg.br\/faceacontecer\/wp-json\/wp\/v2\/pages\/200","targetHints":{"allow":["GET"]}}],"collection":[{"href":"https:\/\/pesquisas.face.ufmg.br\/faceacontecer\/wp-json\/wp\/v2\/pages"}],"about":[{"href":"https:\/\/pesquisas.face.ufmg.br\/faceacontecer\/wp-json\/wp\/v2\/types\/page"}],"author":[{"embeddable":true,"href":"https:\/\/pesquisas.face.ufmg.br\/faceacontecer\/wp-json\/wp\/v2\/users\/32"}],"replies":[{"embeddable":true,"href":"https:\/\/pesquisas.face.ufmg.br\/faceacontecer\/wp-json\/wp\/v2\/comments?post=200"}],"version-history":[{"count":24,"href":"https:\/\/pesquisas.face.ufmg.br\/faceacontecer\/wp-json\/wp\/v2\/pages\/200\/revisions"}],"predecessor-version":[{"id":654,"href":"https:\/\/pesquisas.face.ufmg.br\/faceacontecer\/wp-json\/wp\/v2\/pages\/200\/revisions\/654"}],"wp:attachment":[{"href":"https:\/\/pesquisas.face.ufmg.br\/faceacontecer\/wp-json\/wp\/v2\/media?parent=200"}],"curies":[{"name":"wp","href":"https:\/\/api.w.org\/{rel}","templated":true}]}}