{"id":732,"date":"2022-06-07T12:42:32","date_gmt":"2022-06-07T15:42:32","guid":{"rendered":"https:\/\/pesquisas.face.ufmg.br\/ecult\/?page_id=732"},"modified":"2022-06-15T14:22:52","modified_gmt":"2022-06-15T17:22:52","slug":"sugestoes-de-restaurantes","status":"publish","type":"page","link":"https:\/\/pesquisas.face.ufmg.br\/ecult\/siec2022\/sugestoes-de-restaurantes\/","title":{"rendered":"Sugest\u00f5es de Restaurantes"},"content":{"rendered":"<div class=\"wp-block-image\">\n<figure class=\"aligncenter size-medium\"><img loading=\"lazy\" decoding=\"async\" width=\"300\" height=\"186\" src=\"https:\/\/pesquisas.face.ufmg.br\/ecult\/wp-content\/uploads\/sites\/32\/2022\/06\/marca-completa-final-1_siec-2022_colorida-300x186.png\" alt=\"logo_siec_oficial\" class=\"wp-image-798\" srcset=\"https:\/\/pesquisas.face.ufmg.br\/ecult\/wp-content\/uploads\/sites\/32\/2022\/06\/marca-completa-final-1_siec-2022_colorida-300x186.png 300w, https:\/\/pesquisas.face.ufmg.br\/ecult\/wp-content\/uploads\/sites\/32\/2022\/06\/marca-completa-final-1_siec-2022_colorida-1024x636.png 1024w, https:\/\/pesquisas.face.ufmg.br\/ecult\/wp-content\/uploads\/sites\/32\/2022\/06\/marca-completa-final-1_siec-2022_colorida-768x477.png 768w, https:\/\/pesquisas.face.ufmg.br\/ecult\/wp-content\/uploads\/sites\/32\/2022\/06\/marca-completa-final-1_siec-2022_colorida-1536x954.png 1536w, https:\/\/pesquisas.face.ufmg.br\/ecult\/wp-content\/uploads\/sites\/32\/2022\/06\/marca-completa-final-1_siec-2022_colorida-2048x1273.png 2048w\" sizes=\"auto, (max-width: 300px) 100vw, 300px\" \/><\/figure>\n<\/div>\n\n\n<figure class=\"wp-block-image size-large\"><img loading=\"lazy\" decoding=\"async\" width=\"1024\" height=\"130\" src=\"https:\/\/pesquisas.face.ufmg.br\/ecult\/wp-content\/uploads\/sites\/32\/2022\/06\/barra-de-logos_SIEC22_PNG-1024x130.png\" alt=\"\" class=\"wp-image-796\" srcset=\"https:\/\/pesquisas.face.ufmg.br\/ecult\/wp-content\/uploads\/sites\/32\/2022\/06\/barra-de-logos_SIEC22_PNG-1024x130.png 1024w, https:\/\/pesquisas.face.ufmg.br\/ecult\/wp-content\/uploads\/sites\/32\/2022\/06\/barra-de-logos_SIEC22_PNG-300x38.png 300w, https:\/\/pesquisas.face.ufmg.br\/ecult\/wp-content\/uploads\/sites\/32\/2022\/06\/barra-de-logos_SIEC22_PNG-768x97.png 768w, https:\/\/pesquisas.face.ufmg.br\/ecult\/wp-content\/uploads\/sites\/32\/2022\/06\/barra-de-logos_SIEC22_PNG-1536x194.png 1536w, https:\/\/pesquisas.face.ufmg.br\/ecult\/wp-content\/uploads\/sites\/32\/2022\/06\/barra-de-logos_SIEC22_PNG.png 1754w\" sizes=\"auto, (max-width: 1024px) 100vw, 1024px\" \/><\/figure>\n\n\n<p><\/p>\n<ul>\n<li><strong>Dentro do Campus UFMG Pampulha<\/strong>\n<ul>\n<li><em>Restaurante da Pra\u00e7a de Servi\u00e7os da UFMG (<a href=\"https:\/\/goo.gl\/maps\/eoaFErcWGLHv7crK9\">Veja no mapa<\/a>)<\/em><br \/>Oferece refei\u00e7\u00f5es self-service, de segunda a sexta-feira. Funciona no hor\u00e1rio de 11h00h \u00e0s 14:30h, no t\u00e9rreo e no segundo piso da Pra\u00e7a. A Lanchonete comercializa salgados, sandu\u00edches, e lanches r\u00e1pidos, de segunda a sexta-feira de 7:30h \u00e0s 19h.<br \/>Telefone: (31) 3495-9660<\/li>\n<li><em>Restaurante Universit\u00e1rio Setorial I (campus Pampulha<a href=\"https:\/\/www.google.com.br\/maps\/place\/Restaurante+Universit%C3%A1rio+Setorial+1\/@-19.8674732,-43.9665009,1234m\/data=!3m1!1e3!4m6!1m3!3m2!1s0x0000000000000000:0x134cf5a4b9456787!2sRestaurante+Setorial+I!3m1!1s0x0000000000000000:0xa88930e44716513b!6m1!1e1\"> &#8211; Veja no mapa)<\/a><\/em>\n<ul>\n<li>Hor\u00e1rio de funcionamento: De segunda a sexta-feira (exceto feriados)<\/li>\n<li>Almo\u00e7o: 11h \u00e0s 14h | Jantar: 17h30 \u00e0s 19h<\/li>\n<li>S\u00e1bados (exceto feriados), almo\u00e7o das 11h30 \u00e0s 13 horas<\/li>\n<\/ul>\n<\/li>\n<li><em>Restaurante Universit\u00e1rio Setorial II (campus Pampulha &#8211;\u00a0<a href=\"https:\/\/goo.gl\/maps\/v2h16a5K2CzzKwmq6\">Veja no mapa)<\/a><\/em>\n<ul>\n<li>Hor\u00e1rio de funcionamento: De segunda a sexta-feira (exceto feriados)<\/li>\n<li>Almo\u00e7o: 11h \u00e0s 14h<\/li>\n<\/ul>\n<\/li>\n<\/ul>\n<\/li>\n<\/ul>\n<ul>\n<li><strong>Fora do Campus UFMG Pampulha, mas pr\u00f3ximo<\/strong>\n<ul>\n<li><em>Restaurante La Palma (<a href=\"https:\/\/g.page\/restaurantelapalma?share\">Veja no mapa<\/a>)<\/em>\n<ul>\n<li>Rua Professor Jerson Martins, 146 &#8211; Aeroporto, Belo Horizonte &#8211; MG, 31270-380<\/li>\n<\/ul>\n<\/li>\n<li><em>Dal Grano Restaurante e Pizzaria (<a href=\"https:\/\/goo.gl\/maps\/HiE6f4k2pak3fcgB7\">Veja no mapa<\/a>)<\/em>\n<ul>\n<li>Av. Pres. Ant\u00f4nio Carlos, 7456 &#8211; Pampulha, Belo Horizonte &#8211; MG, 31270-672<\/li>\n<\/ul>\n<\/li>\n<li><em>Churrascaria Farroupilha Grill (<a href=\"https:\/\/goo.gl\/maps\/K5PyLj7akJ8fBHU97\">Veja no mapa<\/a>)<\/em>\n<ul>\n<li>Av. Ant\u00f4nio Abrah\u00e3o Caram, 960 &#8211; S\u00e3o Jos\u00e9, Belo Horizonte &#8211; MG, 31275-000<\/li>\n<\/ul>\n<\/li>\n<\/ul>\n<\/li>\n<\/ul>","protected":false},"excerpt":{"rendered":"<p>Dentro do Campus UFMG Pampulha Restaurante da Pra\u00e7a de Servi\u00e7os da UFMG (Veja no mapa)Oferece refei\u00e7\u00f5es self-service, de segunda a sexta-feira. Funciona no hor\u00e1rio de 11h00h \u00e0s 14:30h, no t\u00e9rreo e no segundo piso da Pra\u00e7a. A Lanchonete comercializa salgados, sandu\u00edches, e lanches r\u00e1pidos, de segunda a sexta-feira de 7:30h [&hellip;]<\/p>\n","protected":false},"author":33,"featured_media":0,"parent":41,"menu_order":0,"comment_status":"closed","ping_status":"closed","template":"","meta":{"_crdt_document":"","content-type":"","_exactmetrics_skip_tracking":false,"_exactmetrics_sitenote_active":false,"_exactmetrics_sitenote_note":"","_exactmetrics_sitenote_category":0,"footnotes":""},"class_list":["post-732","page","type-page","status-publish","hentry"],"_links":{"self":[{"href":"https:\/\/pesquisas.face.ufmg.br\/ecult\/wp-json\/wp\/v2\/pages\/732","targetHints":{"allow":["GET"]}}],"collection":[{"href":"https:\/\/pesquisas.face.ufmg.br\/ecult\/wp-json\/wp\/v2\/pages"}],"about":[{"href":"https:\/\/pesquisas.face.ufmg.br\/ecult\/wp-json\/wp\/v2\/types\/page"}],"author":[{"embeddable":true,"href":"https:\/\/pesquisas.face.ufmg.br\/ecult\/wp-json\/wp\/v2\/users\/33"}],"replies":[{"embeddable":true,"href":"https:\/\/pesquisas.face.ufmg.br\/ecult\/wp-json\/wp\/v2\/comments?post=732"}],"version-history":[{"count":2,"href":"https:\/\/pesquisas.face.ufmg.br\/ecult\/wp-json\/wp\/v2\/pages\/732\/revisions"}],"predecessor-version":[{"id":872,"href":"https:\/\/pesquisas.face.ufmg.br\/ecult\/wp-json\/wp\/v2\/pages\/732\/revisions\/872"}],"up":[{"embeddable":true,"href":"https:\/\/pesquisas.face.ufmg.br\/ecult\/wp-json\/wp\/v2\/pages\/41"}],"wp:attachment":[{"href":"https:\/\/pesquisas.face.ufmg.br\/ecult\/wp-json\/wp\/v2\/media?parent=732"}],"curies":[{"name":"wp","href":"https:\/\/api.w.org\/{rel}","templated":true}]}}