{"id":691,"date":"2022-04-23T12:10:04","date_gmt":"2022-04-23T15:10:04","guid":{"rendered":"https:\/\/pesquisas.face.ufmg.br\/ecult\/?page_id=691"},"modified":"2022-04-23T14:36:28","modified_gmt":"2022-04-23T17:36:28","slug":"accommodation","status":"publish","type":"page","link":"https:\/\/pesquisas.face.ufmg.br\/ecult\/en\/siec-2022\/accommodation\/","title":{"rendered":"Accommodation Suggestions"},"content":{"rendered":"<p><img loading=\"lazy\" decoding=\"async\" src=\"https:\/\/pesquisas.face.ufmg.br\/ecult\/wp-content\/uploads\/sites\/32\/2021\/11\/logo_siec_2022_bh_cut-1-300x207.png\" alt=\"\" width=\"300\" height=\"207\" class=\"size-medium wp-image-292 aligncenter\" srcset=\"https:\/\/pesquisas.face.ufmg.br\/ecult\/wp-content\/uploads\/sites\/32\/2021\/11\/logo_siec_2022_bh_cut-1-300x207.png 300w, https:\/\/pesquisas.face.ufmg.br\/ecult\/wp-content\/uploads\/sites\/32\/2021\/11\/logo_siec_2022_bh_cut-1.png 500w\" sizes=\"auto, (max-width: 300px) 100vw, 300px\" \/><\/p>\n<ul>\n<li><strong>Nobile Inn Pampulha<\/strong>\n<ul>\n<li><em>Av. Professor Magalh\u00e3es Penido, 378 \u2013 S\u00e3o Luiz, Belo Horizonte<\/em><\/li>\n<li><a rel=\"noreferrer noopener\" href=\"https:\/\/www.nobilehoteis.com.br\/minas-gerais\/belo-horizonte\/nobile-inn-pampulha\/\" target=\"_blank\">https:\/\/www.nobilehoteis.com.br\/minas-gerais\/belo-horizonte\/nobile-inn-pampulha\/<\/a><\/li>\n<\/ul>\n<\/li>\n<li><strong>Pampulha Design Hotel<\/strong>\n<ul>\n<li><em>Av. Otac\u00edlio Negr\u00e3o de Lima, 16410 \u2013 Pampulha, Belo Horizonte<\/em><\/li>\n<li><a href=\"http:\/\/www.chahoteis.com.br\/hoteis\/pampulha-design-hotel\" target=\"_blank\" rel=\"noreferrer noopener\">http:\/\/www.chahoteis.com.br\/hoteis\/pampulha-design-hotel<\/a><\/li>\n<\/ul>\n<\/li>\n<li><strong>Quality Hotel Pampulha<\/strong>\n<ul>\n<li><em>Av. Pres. Ant\u00f4nio Carlos, 7456 \u2013 S\u00e3o Luiz, Belo Horizonte<\/em><\/li>\n<li><a rel=\"noreferrer noopener\" href=\"https:\/\/www.reserveatlantica.com.br\/hotel\/quality-hotel-pampulha-convention-center\" target=\"_blank\">https:\/\/www.reserveatlantica.com.br\/hotel\/quality-hotel-pampulha-convention-center<\/a><\/li>\n<\/ul>\n<\/li>\n<li><strong>San Diego Su\u00edtes Pampulha<\/strong>\n<ul>\n<li><em>Av. Otac\u00edlio Negr\u00e3o de Lima, 1624 \u2013 S\u00e3o Luiz, Belo Horizonte<\/em><\/li>\n<li><a rel=\"noreferrer noopener\" href=\"https:\/\/www.nobilehoteis.com.br\/minas-gerais\/belo-horizonte\/san-diego-suites-pampulha\/\" target=\"_blank\">https:\/\/www.nobilehoteis.com.br\/minas-gerais\/belo-horizonte\/san-diego-suites-pampulha\/<\/a><\/li>\n<\/ul>\n<\/li>\n<\/ul>\n","protected":false},"excerpt":{"rendered":"<p>Nobile Inn Pampulha Av. Professor Magalh\u00e3es Penido, 378 \u2013 S\u00e3o Luiz, Belo Horizonte https:\/\/www.nobilehoteis.com.br\/minas-gerais\/belo-horizonte\/nobile-inn-pampulha\/ Pampulha Design Hotel Av. Otac\u00edlio Negr\u00e3o de Lima, 16410 \u2013 Pampulha, Belo Horizonte http:\/\/www.chahoteis.com.br\/hoteis\/pampulha-design-hotel Quality Hotel Pampulha Av. Pres. Ant\u00f4nio Carlos, 7456 \u2013 S\u00e3o Luiz, Belo Horizonte https:\/\/www.reserveatlantica.com.br\/hotel\/quality-hotel-pampulha-convention-center San Diego Su\u00edtes Pampulha Av. Otac\u00edlio Negr\u00e3o de [&hellip;]<\/p>\n","protected":false},"author":33,"featured_media":0,"parent":318,"menu_order":0,"comment_status":"closed","ping_status":"closed","template":"","meta":{"_crdt_document":"","content-type":"","_exactmetrics_skip_tracking":false,"_exactmetrics_sitenote_active":false,"_exactmetrics_sitenote_note":"","_exactmetrics_sitenote_category":0,"footnotes":""},"class_list":["post-691","page","type-page","status-publish","hentry"],"_links":{"self":[{"href":"https:\/\/pesquisas.face.ufmg.br\/ecult\/wp-json\/wp\/v2\/pages\/691","targetHints":{"allow":["GET"]}}],"collection":[{"href":"https:\/\/pesquisas.face.ufmg.br\/ecult\/wp-json\/wp\/v2\/pages"}],"about":[{"href":"https:\/\/pesquisas.face.ufmg.br\/ecult\/wp-json\/wp\/v2\/types\/page"}],"author":[{"embeddable":true,"href":"https:\/\/pesquisas.face.ufmg.br\/ecult\/wp-json\/wp\/v2\/users\/33"}],"replies":[{"embeddable":true,"href":"https:\/\/pesquisas.face.ufmg.br\/ecult\/wp-json\/wp\/v2\/comments?post=691"}],"version-history":[{"count":2,"href":"https:\/\/pesquisas.face.ufmg.br\/ecult\/wp-json\/wp\/v2\/pages\/691\/revisions"}],"predecessor-version":[{"id":693,"href":"https:\/\/pesquisas.face.ufmg.br\/ecult\/wp-json\/wp\/v2\/pages\/691\/revisions\/693"}],"up":[{"embeddable":true,"href":"https:\/\/pesquisas.face.ufmg.br\/ecult\/wp-json\/wp\/v2\/pages\/318"}],"wp:attachment":[{"href":"https:\/\/pesquisas.face.ufmg.br\/ecult\/wp-json\/wp\/v2\/media?parent=691"}],"curies":[{"name":"wp","href":"https:\/\/api.w.org\/{rel}","templated":true}]}}