{"id":679,"date":"2022-04-23T12:10:04","date_gmt":"2022-04-23T15:10:04","guid":{"rendered":"https:\/\/pesquisas.face.ufmg.br\/ecult\/?page_id=679"},"modified":"2022-06-15T14:21:48","modified_gmt":"2022-06-15T17:21:48","slug":"hospedagem","status":"publish","type":"page","link":"https:\/\/pesquisas.face.ufmg.br\/ecult\/siec2022\/hospedagem\/","title":{"rendered":"Sugest\u00f5es de Hospedagens"},"content":{"rendered":"<div class=\"wp-block-image\">\n<figure class=\"aligncenter size-medium\"><img loading=\"lazy\" decoding=\"async\" width=\"300\" height=\"186\" src=\"https:\/\/pesquisas.face.ufmg.br\/ecult\/wp-content\/uploads\/sites\/32\/2022\/06\/marca-completa-final-1_siec-2022_colorida-300x186.png\" alt=\"logo_siec_oficial\" class=\"wp-image-798\" srcset=\"https:\/\/pesquisas.face.ufmg.br\/ecult\/wp-content\/uploads\/sites\/32\/2022\/06\/marca-completa-final-1_siec-2022_colorida-300x186.png 300w, https:\/\/pesquisas.face.ufmg.br\/ecult\/wp-content\/uploads\/sites\/32\/2022\/06\/marca-completa-final-1_siec-2022_colorida-1024x636.png 1024w, https:\/\/pesquisas.face.ufmg.br\/ecult\/wp-content\/uploads\/sites\/32\/2022\/06\/marca-completa-final-1_siec-2022_colorida-768x477.png 768w, https:\/\/pesquisas.face.ufmg.br\/ecult\/wp-content\/uploads\/sites\/32\/2022\/06\/marca-completa-final-1_siec-2022_colorida-1536x954.png 1536w, https:\/\/pesquisas.face.ufmg.br\/ecult\/wp-content\/uploads\/sites\/32\/2022\/06\/marca-completa-final-1_siec-2022_colorida-2048x1273.png 2048w\" sizes=\"auto, (max-width: 300px) 100vw, 300px\" \/><\/figure>\n<\/div>\n\n\n<figure class=\"wp-block-image size-large\"><img loading=\"lazy\" decoding=\"async\" width=\"1024\" height=\"130\" src=\"https:\/\/pesquisas.face.ufmg.br\/ecult\/wp-content\/uploads\/sites\/32\/2022\/06\/barra-de-logos_SIEC22_PNG-1024x130.png\" alt=\"\" class=\"wp-image-796\" srcset=\"https:\/\/pesquisas.face.ufmg.br\/ecult\/wp-content\/uploads\/sites\/32\/2022\/06\/barra-de-logos_SIEC22_PNG-1024x130.png 1024w, https:\/\/pesquisas.face.ufmg.br\/ecult\/wp-content\/uploads\/sites\/32\/2022\/06\/barra-de-logos_SIEC22_PNG-300x38.png 300w, https:\/\/pesquisas.face.ufmg.br\/ecult\/wp-content\/uploads\/sites\/32\/2022\/06\/barra-de-logos_SIEC22_PNG-768x97.png 768w, https:\/\/pesquisas.face.ufmg.br\/ecult\/wp-content\/uploads\/sites\/32\/2022\/06\/barra-de-logos_SIEC22_PNG-1536x194.png 1536w, https:\/\/pesquisas.face.ufmg.br\/ecult\/wp-content\/uploads\/sites\/32\/2022\/06\/barra-de-logos_SIEC22_PNG.png 1754w\" sizes=\"auto, (max-width: 1024px) 100vw, 1024px\" \/><\/figure>\n\n\n\n<ul class=\"wp-block-list\"><li><strong>Nobile Inn Pampulha<\/strong><ul><li><em>Av. Professor Magalh\u00e3es Penido, 378 &#8211; S\u00e3o Luiz, Belo Horizonte<\/em><\/li><li><a rel=\"noreferrer noopener\" href=\"https:\/\/www.nobilehoteis.com.br\/minas-gerais\/belo-horizonte\/nobile-inn-pampulha\/\" target=\"_blank\">https:\/\/www.nobilehoteis.com.br\/minas-gerais\/belo-horizonte\/nobile-inn-pampulha\/<\/a><\/li><\/ul><\/li><li><strong>Pampulha Design Hotel<\/strong><ul><li><em>Av. Otac\u00edlio Negr\u00e3o de Lima, 16410 &#8211; Pampulha, Belo Horizonte<\/em><\/li><li><a href=\"http:\/\/www.chahoteis.com.br\/hoteis\/pampulha-design-hotel\" target=\"_blank\" rel=\"noreferrer noopener\">http:\/\/www.chahoteis.com.br\/hoteis\/pampulha-design-hotel<\/a><\/li><\/ul><\/li><li><strong>Quality Hotel Pampulha<\/strong><ul><li><em>Av. Pres. Ant\u00f4nio Carlos, 7456 &#8211; S\u00e3o Luiz, Belo Horizonte<\/em><\/li><li><a rel=\"noreferrer noopener\" href=\"https:\/\/www.reserveatlantica.com.br\/hotel\/quality-hotel-pampulha-convention-center\" target=\"_blank\">https:\/\/www.reserveatlantica.com.br\/hotel\/quality-hotel-pampulha-convention-center<\/a><\/li><\/ul><\/li><li><strong>San Diego Su\u00edtes Pampulha<\/strong><ul><li><em>Av. Otac\u00edlio Negr\u00e3o de Lima, 1624 &#8211; S\u00e3o Luiz, Belo Horizonte<\/em><\/li><li><a rel=\"noreferrer noopener\" href=\"https:\/\/www.nobilehoteis.com.br\/minas-gerais\/belo-horizonte\/san-diego-suites-pampulha\/\" target=\"_blank\">https:\/\/www.nobilehoteis.com.br\/minas-gerais\/belo-horizonte\/san-diego-suites-pampulha\/<\/a><\/li><\/ul><\/li><\/ul>\n","protected":false},"excerpt":{"rendered":"<p>Nobile Inn Pampulha Av. Professor Magalh\u00e3es Penido, 378 &#8211; S\u00e3o Luiz, Belo Horizonte https:\/\/www.nobilehoteis.com.br\/minas-gerais\/belo-horizonte\/nobile-inn-pampulha\/ Pampulha Design Hotel Av. Otac\u00edlio Negr\u00e3o de Lima, 16410 &#8211; Pampulha, Belo Horizonte http:\/\/www.chahoteis.com.br\/hoteis\/pampulha-design-hotel Quality Hotel Pampulha Av. Pres. Ant\u00f4nio Carlos, 7456 &#8211; S\u00e3o Luiz, Belo Horizonte https:\/\/www.reserveatlantica.com.br\/hotel\/quality-hotel-pampulha-convention-center San Diego Su\u00edtes Pampulha Av. Otac\u00edlio Negr\u00e3o de [&hellip;]<\/p>\n","protected":false},"author":33,"featured_media":0,"parent":41,"menu_order":0,"comment_status":"closed","ping_status":"closed","template":"","meta":{"_crdt_document":"","content-type":"","_exactmetrics_skip_tracking":false,"_exactmetrics_sitenote_active":false,"_exactmetrics_sitenote_note":"","_exactmetrics_sitenote_category":0,"footnotes":""},"class_list":["post-679","page","type-page","status-publish","hentry"],"_links":{"self":[{"href":"https:\/\/pesquisas.face.ufmg.br\/ecult\/wp-json\/wp\/v2\/pages\/679","targetHints":{"allow":["GET"]}}],"collection":[{"href":"https:\/\/pesquisas.face.ufmg.br\/ecult\/wp-json\/wp\/v2\/pages"}],"about":[{"href":"https:\/\/pesquisas.face.ufmg.br\/ecult\/wp-json\/wp\/v2\/types\/page"}],"author":[{"embeddable":true,"href":"https:\/\/pesquisas.face.ufmg.br\/ecult\/wp-json\/wp\/v2\/users\/33"}],"replies":[{"embeddable":true,"href":"https:\/\/pesquisas.face.ufmg.br\/ecult\/wp-json\/wp\/v2\/comments?post=679"}],"version-history":[{"count":4,"href":"https:\/\/pesquisas.face.ufmg.br\/ecult\/wp-json\/wp\/v2\/pages\/679\/revisions"}],"predecessor-version":[{"id":871,"href":"https:\/\/pesquisas.face.ufmg.br\/ecult\/wp-json\/wp\/v2\/pages\/679\/revisions\/871"}],"up":[{"embeddable":true,"href":"https:\/\/pesquisas.face.ufmg.br\/ecult\/wp-json\/wp\/v2\/pages\/41"}],"wp:attachment":[{"href":"https:\/\/pesquisas.face.ufmg.br\/ecult\/wp-json\/wp\/v2\/media?parent=679"}],"curies":[{"name":"wp","href":"https:\/\/api.w.org\/{rel}","templated":true}]}}