{"id":673,"date":"2022-04-23T11:55:12","date_gmt":"2022-04-23T14:55:12","guid":{"rendered":"https:\/\/pesquisas.face.ufmg.br\/ecult\/?page_id=673"},"modified":"2022-06-15T14:20:28","modified_gmt":"2022-06-15T17:20:28","slug":"envio-trabalhos","status":"publish","type":"page","link":"https:\/\/pesquisas.face.ufmg.br\/ecult\/siec2022\/envio-trabalhos\/","title":{"rendered":"Envio de Trabalhos"},"content":{"rendered":"<div class=\"wp-block-image\">\n<figure class=\"aligncenter size-medium\"><img loading=\"lazy\" decoding=\"async\" width=\"300\" height=\"186\" src=\"https:\/\/pesquisas.face.ufmg.br\/ecult\/wp-content\/uploads\/sites\/32\/2022\/06\/marca-completa-final-1_siec-2022_colorida-300x186.png\" alt=\"logo_siec_oficial\" class=\"wp-image-798\" srcset=\"https:\/\/pesquisas.face.ufmg.br\/ecult\/wp-content\/uploads\/sites\/32\/2022\/06\/marca-completa-final-1_siec-2022_colorida-300x186.png 300w, https:\/\/pesquisas.face.ufmg.br\/ecult\/wp-content\/uploads\/sites\/32\/2022\/06\/marca-completa-final-1_siec-2022_colorida-1024x636.png 1024w, https:\/\/pesquisas.face.ufmg.br\/ecult\/wp-content\/uploads\/sites\/32\/2022\/06\/marca-completa-final-1_siec-2022_colorida-768x477.png 768w, https:\/\/pesquisas.face.ufmg.br\/ecult\/wp-content\/uploads\/sites\/32\/2022\/06\/marca-completa-final-1_siec-2022_colorida-1536x954.png 1536w, https:\/\/pesquisas.face.ufmg.br\/ecult\/wp-content\/uploads\/sites\/32\/2022\/06\/marca-completa-final-1_siec-2022_colorida-2048x1273.png 2048w\" sizes=\"auto, (max-width: 300px) 100vw, 300px\" \/><\/figure>\n<\/div>\n\n\n<figure class=\"wp-block-image size-large\"><img loading=\"lazy\" decoding=\"async\" width=\"1024\" height=\"130\" src=\"https:\/\/pesquisas.face.ufmg.br\/ecult\/wp-content\/uploads\/sites\/32\/2022\/06\/barra-de-logos_SIEC22_PNG-1024x130.png\" alt=\"\" class=\"wp-image-796\" srcset=\"https:\/\/pesquisas.face.ufmg.br\/ecult\/wp-content\/uploads\/sites\/32\/2022\/06\/barra-de-logos_SIEC22_PNG-1024x130.png 1024w, https:\/\/pesquisas.face.ufmg.br\/ecult\/wp-content\/uploads\/sites\/32\/2022\/06\/barra-de-logos_SIEC22_PNG-300x38.png 300w, https:\/\/pesquisas.face.ufmg.br\/ecult\/wp-content\/uploads\/sites\/32\/2022\/06\/barra-de-logos_SIEC22_PNG-768x97.png 768w, https:\/\/pesquisas.face.ufmg.br\/ecult\/wp-content\/uploads\/sites\/32\/2022\/06\/barra-de-logos_SIEC22_PNG-1536x194.png 1536w, https:\/\/pesquisas.face.ufmg.br\/ecult\/wp-content\/uploads\/sites\/32\/2022\/06\/barra-de-logos_SIEC22_PNG.png 1754w\" sizes=\"auto, (max-width: 1024px) 100vw, 1024px\" \/><\/figure>\n\n\n\n<p class=\"wp-block-paragraph\">Trabalhos aceitos devem ser enviados at\u00e9\u00a0<strong>31 de maio de 2022<\/strong>\u00a0para o e-mail:\u00a0<strong>siec2022@cedeplar.ufmg.br<\/strong>.<\/p>\n\n\n\n<p class=\"wp-block-paragraph\">Regras de formata\u00e7\u00e3o: m\u00e1ximo de 25 p\u00e1ginas; fonte Times New Roman tamanho 12 pt; espa\u00e7amento de 1,5 cm. Baixe o modelo&nbsp;<a href=\"https:\/\/pesquisas.face.ufmg.br\/ecult\/wp-content\/uploads\/sites\/32\/2022\/05\/template_siec_2022.docx\">aqui<\/a>.<\/p>\n\n\n\n<p class=\"wp-block-paragraph\">As inscri\u00e7\u00f5es para o evento podem ser feitas atrav\u00e9s do link:&nbsp;<a href=\"https:\/\/pesquisas.face.ufmg.br\/ecult\/siec2022\/inscricoes\/\">https:\/\/pesquisas.face.ufmg.br\/ecult\/siec2022\/inscricoes\/<\/a>.<\/p>\n","protected":false},"excerpt":{"rendered":"<p>Trabalhos aceitos devem ser enviados at\u00e9\u00a031 de maio de 2022\u00a0para o e-mail:\u00a0siec2022@cedeplar.ufmg.br. Regras de formata\u00e7\u00e3o: m\u00e1ximo de 25 p\u00e1ginas; fonte Times New Roman tamanho 12 pt; espa\u00e7amento de 1,5 cm. Baixe o modelo&nbsp;aqui. As inscri\u00e7\u00f5es para o evento podem ser feitas atrav\u00e9s do link:&nbsp;https:\/\/pesquisas.face.ufmg.br\/ecult\/siec2022\/inscricoes\/.<\/p>\n","protected":false},"author":33,"featured_media":0,"parent":41,"menu_order":0,"comment_status":"closed","ping_status":"closed","template":"","meta":{"_crdt_document":"","content-type":"","_exactmetrics_skip_tracking":false,"_exactmetrics_sitenote_active":false,"_exactmetrics_sitenote_note":"","_exactmetrics_sitenote_category":0,"footnotes":""},"class_list":["post-673","page","type-page","status-publish","hentry"],"_links":{"self":[{"href":"https:\/\/pesquisas.face.ufmg.br\/ecult\/wp-json\/wp\/v2\/pages\/673","targetHints":{"allow":["GET"]}}],"collection":[{"href":"https:\/\/pesquisas.face.ufmg.br\/ecult\/wp-json\/wp\/v2\/pages"}],"about":[{"href":"https:\/\/pesquisas.face.ufmg.br\/ecult\/wp-json\/wp\/v2\/types\/page"}],"author":[{"embeddable":true,"href":"https:\/\/pesquisas.face.ufmg.br\/ecult\/wp-json\/wp\/v2\/users\/33"}],"replies":[{"embeddable":true,"href":"https:\/\/pesquisas.face.ufmg.br\/ecult\/wp-json\/wp\/v2\/comments?post=673"}],"version-history":[{"count":7,"href":"https:\/\/pesquisas.face.ufmg.br\/ecult\/wp-json\/wp\/v2\/pages\/673\/revisions"}],"predecessor-version":[{"id":870,"href":"https:\/\/pesquisas.face.ufmg.br\/ecult\/wp-json\/wp\/v2\/pages\/673\/revisions\/870"}],"up":[{"embeddable":true,"href":"https:\/\/pesquisas.face.ufmg.br\/ecult\/wp-json\/wp\/v2\/pages\/41"}],"wp:attachment":[{"href":"https:\/\/pesquisas.face.ufmg.br\/ecult\/wp-json\/wp\/v2\/media?parent=673"}],"curies":[{"name":"wp","href":"https:\/\/api.w.org\/{rel}","templated":true}]}}