{"id":658,"date":"2022-03-29T18:14:27","date_gmt":"2022-03-29T21:14:27","guid":{"rendered":"https:\/\/pesquisas.face.ufmg.br\/ecult\/?page_id=658"},"modified":"2022-04-01T11:36:13","modified_gmt":"2022-04-01T14:36:13","slug":"accepted-papers","status":"publish","type":"page","link":"https:\/\/pesquisas.face.ufmg.br\/ecult\/en\/siec-2022\/accepted-papers\/","title":{"rendered":""},"content":{"rendered":"<div class=\"wp-block-image\">\n<figure class=\"aligncenter size-full is-resized\"><img loading=\"lazy\" decoding=\"async\" src=\"https:\/\/pesquisas.face.ufmg.br\/ecult\/wp-content\/uploads\/sites\/32\/2021\/11\/logo_siec_2022_bh_cut-1.png\" alt=\"\" class=\"wp-image-292\" width=\"249\" height=\"172\" srcset=\"https:\/\/pesquisas.face.ufmg.br\/ecult\/wp-content\/uploads\/sites\/32\/2021\/11\/logo_siec_2022_bh_cut-1.png 500w, https:\/\/pesquisas.face.ufmg.br\/ecult\/wp-content\/uploads\/sites\/32\/2021\/11\/logo_siec_2022_bh_cut-1-300x207.png 300w\" sizes=\"auto, (max-width: 249px) 100vw, 249px\" \/><\/figure>\n<\/div>\n\n\n<p class=\"wp-block-paragraph\">Check below the list of <strong>papers approved<\/strong> for the SIEC 2022 that will take place, in person, on <strong>June 27 and 28 in Belo Horizonte, Minas Gerais, Brazil<\/strong>. You can also download the list <a href=\"https:\/\/pesquisas.face.ufmg.br\/ecult\/wp-content\/uploads\/sites\/32\/2022\/03\/selecao_trabalhos_aprovados_siec2022.pdf\">here<\/a>.<\/p>\n\n\n\n<p class=\"wp-block-paragraph\">The full paper must be submitted by <strong>May 31, 2022<\/strong> to: siec2022@cedeplar.ufmg.br. Registration to the event can be made starting <strong>April 1, 2022<\/strong> at the link: <a href=\"https:\/\/pesquisas.face.ufmg.br\/ecult\/en\/siec-2022\/\">https:\/\/pesquisas.face.ufmg.br\/ecult\/en\/siec-2022\/<\/a>.<\/p>\n\n\n\n<p class=\"has-text-align-center wp-block-paragraph\"><strong>ACCEPTED PAPERS<\/strong><\/p>\n\n\n\n<p class=\"wp-block-paragraph\">1. Crowdfunding patterns by living visual artists<br>Elisabetta Lazzaro<\/p>\n\n\n\n<p class=\"wp-block-paragraph\">2. Quando a periferia se torna o centro<br>Jos\u00e9 Carlos Aronchi<\/p>\n\n\n\n<p class=\"wp-block-paragraph\">3. El fortalecimiento de Capital institucional de una Ciudad Creativa: Caso Ibagu\u00e9 Ciudad Creativa de la M\u00fasica y Capital Americana de la Cultura 2022.<br>Greis Cifuentes Tarquino<br>Franklin Emir Torres<\/p>\n\n\n\n<p class=\"wp-block-paragraph\">4. Processo De Institucionaliza\u00e7\u00e3o Do Mercado No Cerrado Piauiense<br>Francisco Eduardo de Oliveira Cunha<br>Luiz Gonzaga Feij\u00e3o da Silva<br>Harley Silva<\/p>\n\n\n\n<p class=\"wp-block-paragraph\">5. Novas rela\u00e7\u00f5es no consumo: o f\u00e3 como investidor.<br>Maria Carolina G\u00f6pfert Palhano Leal<br>Veranise Jacubowski Correia Dubeux<\/p>\n\n\n\n<p class=\"wp-block-paragraph\">6. O Fomento \u00c0 Cultura Pelos Estados Na Pandemia<br>Priscila Aparecida Nicacio de Souza<br>Jane Aparecida Marques<\/p>\n\n\n\n<p class=\"wp-block-paragraph\">7. Propuesta y estimaci\u00f3n de un \u00edndice de desempe\u00f1o multidimensional de pa\u00edses usando el enfoque benefit of the doubt (BOD), con aplicaci\u00f3n para Am\u00e9rica Latina<br>Leydi Higidio Henao<\/p>\n\n\n\n<p class=\"wp-block-paragraph\">8. A contribui\u00e7\u00e3o econ\u00f4mica do setor cultural no Brasil: uma abordagem de insumoproduto por grupos distintos de renda<br>Fernanda Souza Pereira<br>Marcus Vin\u00edcius Amaral e Silva<br>Danyella Juliana Martins de Brito<\/p>\n\n\n\n<p class=\"wp-block-paragraph\">9. Segmentaci\u00f3n del mercado de trabajo argentino del arte y la cultura 2016-2019: un an\u00e1lisis estad\u00edstico-descriptivo a partir de la Encuesta Permanente de Hogares (EPH)<br>Tortul, Marina<br>Leonardi, Viviana<\/p>\n\n\n\n<p class=\"wp-block-paragraph\">10. Audiovisual Baiano: Uma An\u00e1lise De Redes Sociais<br>Carmen L\u00facia Castro Lima<br>Daniele Canedo<br>Leonardo Costa<br>Bruna Gasbarre<br>Luiz Gustavo Campos<br>Nayanna Mattos<br>Sofia Federico<br>Tatti Carvalho<\/p>\n\n\n\n<p class=\"wp-block-paragraph\">11. Metodolog\u00eda para el registro del inventario de recursos culturales intangibles<br>Alonso Vives Martha Aracelia<\/p>\n\n\n\n<p class=\"wp-block-paragraph\">12. C\u00f3mo se crean las competencias gerenciales del l\u00edder de las Industrias Creativas. Revisi\u00f3n Literaria y modelos propuestos. Estudio Bibliom\u00e9trico<br>Nathalia Munoz Rozo<\/p>\n\n\n\n<p class=\"wp-block-paragraph\">13. Procesos gerenciales en las Industrias Creativas: ideas del sector de Artes y Patrimonio<br>Nathalia Munoz Rozo<\/p>\n\n\n\n<p class=\"wp-block-paragraph\">14. Consumo Cultural Nas Capitais: A exclus\u00e3o na terceira idade<br>Jo\u00e3o Leiva<\/p>\n\n\n\n<p class=\"wp-block-paragraph\">15. Explorando as potencialidades do mapeamento cultural: O caso Crajubar, Brasil<br>Beatriz Gondim-Matos<br>L\u00e9nia Marques<br>Mariana Bueno de Andrade Matos<\/p>\n\n\n\n<p class=\"wp-block-paragraph\">16. Una perspectiva socio-t\u00e9cnica de la cultura y la innovaci\u00f3n: m\u00e1s all\u00e1 de la innovaci\u00f3n blanda y escondida en la econom\u00eda creativa.<br>\u00d3scar Miguel Blanco Sierra<\/p>\n\n\n\n<p class=\"wp-block-paragraph\">17. Lineamientos para la formulaci\u00f3n de una Pol\u00edtica P\u00fablica de Turismo Cultural en la ciudad de Pasto, Colombia &#8211; Sector Patrimonio Arquitect\u00f3nico-.<br>Carlos Andr\u00e9s Ben\u00edtez Gonz\u00e1lez<br>Carlos Manuel C\u00f3rdoba Segovia<\/p>\n\n\n\n<p class=\"wp-block-paragraph\">18. La pandemia como impulsor de la innovaci\u00f3n en el sector cultural. Transformaciones en la gesti\u00f3n del patrimonio cultural inmaterial del Carnaval de Barranquilla<br>Rodr\u00edguez Guti\u00e9rrez, Ingrith Dayana<\/p>\n\n\n\n<p class=\"wp-block-paragraph\">19. A import\u00e2ncia do empres\u00e1rio na gest\u00e3o de carreiras art\u00edsticas musicais<br>Anita Vasconcelos Carvalho<br>Jo\u00e3o Luiz de Figueiredo<\/p>\n\n\n\n<p class=\"wp-block-paragraph\">20. Hist\u00f3ria, Mem\u00f3ria e Patrim\u00f4nio como Recursos Criativos<br>Isabella Perrotta<br>Andr\u00e9 Luis Ferreira Beltr\u00e3o<br>Lucia Santa-Cruz<\/p>\n\n\n\n<p class=\"wp-block-paragraph\">21. Como Cultura, Tecnologia E Felicidade Se Interrelacionam No Territ\u00f3rio Criativo: O Caso De Santa Rita Do Sapuca\u00ed, Mg\/Brasil<br>F\u00e1bio A. Sabetta-Morales<\/p>\n\n\n\n<p class=\"wp-block-paragraph\">22. Impacto de Pessoas F\u00edsicas como Incentivadores Culturais<br>Laura Dias Porto<br>Kelly Rui Liu<br>Jane A. Marques<\/p>\n\n\n\n<p class=\"wp-block-paragraph\">23. Economia criativa e estado-rede: uma reflex\u00e3o sobre a formula\u00e7\u00e3o de pol\u00edticas p\u00fablicas para o fortalecimento da economia criativa no Brasil<br>Luciana Lima Guilherme<\/p>\n\n\n\n<p class=\"wp-block-paragraph\">24. A import\u00e2ncia e os desafios de gest\u00e3o dos palcos de pequeno e m\u00e9dio porte na cidade do Rio de Janeiro<br>Maria Lu\u00edsa Zarur Guarisa<br>Jo\u00e3o Luiz de Figueiredo<\/p>\n\n\n\n<p class=\"wp-block-paragraph\">25. Feiras Culturais Cariocas: um estudo sobre a din\u00e2mica das Feiras Culturais Guilherme Louren\u00e7o Barbedo<br>Veranise Jacubowski Correia Dubeux<\/p>\n\n\n\n<p class=\"wp-block-paragraph\">26. Assumindo a multidimensionalidade da cria\u00e7\u00e3o de valor nas atividades culturais: autoavalia\u00e7\u00e3o de impactos atrav\u00e9s da ferramenta CULTURE.IMPACTS.DIY<br>Pedro Costa<br>Elisabete Tomaz<br>Margarida Perestrelo<br>Ricardo V. Lopes<\/p>\n\n\n\n<p class=\"wp-block-paragraph\">27. Da resist\u00eancia \u00e0 hiperconcentra\u00e7\u00e3o, entre o local e o global: os desafios na distribui\u00e7\u00e3o e exibi\u00e7\u00e3o de cinema e audiovisual em Portugal<br>Pedro Costa<br>Ricardo V. Lopes<br>Elisabete Tomaz<br>Rodrigo Almeida<\/p>\n\n\n\n<p class=\"wp-block-paragraph\">28. Participa\u00e7\u00e3o Feminina Na Ind\u00fastria Da M\u00fasica: Uma Avalia\u00e7\u00e3o Do Programa Asa &#8211; Arte S\u00f4nica Amplificada<br>Luciana Ad\u00e3o De Paula Andrade Richard<\/p>\n\n\n\n<p class=\"wp-block-paragraph\">29. Descentraliza\u00e7\u00e3o regional de recursos em editais de fomento \u00e0 cultura<br>Rafael Cramer Balle<\/p>\n\n\n\n<p class=\"wp-block-paragraph\">30. O impacto da Pandemia no circuito de rodas de samba na Feira da Gl\u00f3ria, Rio de Janeiro<br>Carolina Marques Henriques Ficheira<br>S\u00edlvia Borges Corr\u00eaa<\/p>\n\n\n\n<p class=\"wp-block-paragraph\">31. Pol\u00edticas P\u00fablicas De Preserva\u00e7\u00e3o Do Patrim\u00f4nio Hist\u00f3rico E Seus Efeitos No Turismo: Uma An\u00e1lise Do Pac Cidades Hist\u00f3ricas<br>Glenda Nunes Gomes Cristiana Trist\u00e3o Rodrigues<\/p>\n\n\n\n<p class=\"wp-block-paragraph\">32. Impacto econ\u00f3mico y social de las manifestaciones culturales en Choc\u00f3: el caso de las Fiestas de San Francisco de As\u00eds en Quibd\u00f3, patrimonio cultural inmaterial de la humanidad.<br>Daniel Zapata<br>Nora Elena Espinal Monsalve<\/p>\n\n\n\n<p class=\"wp-block-paragraph\">33. Turismo naranja en el sudoeste bonaerense (Argentina): proyectos \u201cPehuen C\u00f3 cuna de Megaterios\u201d e \u201cIsla Invisible\u201d<br>Gambarota, Daniela<br>Matamala, Romina<br>Leonardi, Viviana<\/p>\n\n\n\n<p class=\"wp-block-paragraph\">34. Pol\u00edticas p\u00fablicas &amp; acesso \u00e0 cultura: inser\u00e7\u00e3o de sujeitos oriundos de periferias no mercado de trabalho no setor cultural<br>Adriana Almeida do Carmo<br>Armindo dos Santos de Sousa Teod\u00f3sio<\/p>\n\n\n\n<p class=\"wp-block-paragraph\">35. Com\u00e9rcio Internacional de Bens e Servi\u00e7os Culturais: O Mercado de Shows Internacionais no Brasil<br>Raphael Oliveira<\/p>\n\n\n\n<p class=\"wp-block-paragraph\">36. O papel dos vieses cognitivos no gerenciamento de projetos art\u00edsticos<br>Ra\u00edssa Pena de Figueiredo<\/p>\n\n\n\n<p class=\"wp-block-paragraph\">37. Art And Economy: The Constraints And Opportunities Created By Cultural Policy In Addressing Artists<br>Valentina Brevi, B.Arch<\/p>\n\n\n\n<p class=\"wp-block-paragraph\">38. Oferta cultural en tiempos de pandemia: Estudio de caso de la Universidad de Antioquia<br>Diana Elisa Arango Tob\u00f3n<\/p>\n\n\n\n<p class=\"wp-block-paragraph\">39. Construcci\u00f3n de una plataforma digital que permita el uso de tokens no fungibles para la promoci\u00f3n de productos digitales de agentes culturales que promocionan la protecci\u00f3n medioambiental.<br>Henry Daniel Vera Ram\u00edrez<br>Ivan Mayorga<\/p>\n\n\n\n<p class=\"wp-block-paragraph\">40. Trabalho E Atividades Associadas Aos Setores Criativos: Um Fen\u00f4meno Econ\u00f4mic<br>Crisley Tatiana Dias Mota<\/p>\n\n\n\n<p class=\"wp-block-paragraph\">41. Cidades criativas brasileiras da gastronomia: hist\u00f3rico e viv\u00eancia na pandemia da COVID-19<br>Ana Fl\u00e1via Machado<br>Alice Demattos Guimar\u00e3es<br>Gabriel Vaz de Melo<br>Lorena Ferrari Auarek<\/p>\n\n\n\n<p class=\"wp-block-paragraph\">42. A Zona Cultural da Pra\u00e7a da Esta\u00e7\u00e3o: um estudo sobre seu processo de transforma\u00e7\u00e3o sob a \u00f3tica da Economia Criativa<br>Daniel de Miranda Carvalho<br>S\u00edlvia Borges Corr\u00eaa<\/p>\n\n\n\n<p class=\"wp-block-paragraph\">43. Reflex\u00f5es sobre os festivais gastron\u00f4micos que ocorrem no Tocantins: Foco no desenvolvimento do Turismo Cultural local<br>Alana Cristina Moreira de Santana<\/p>\n\n\n\n<p class=\"wp-block-paragraph\">44. La Transformaci\u00f3n De Guadalajara Como Ciudad Creativa: El Caso Del Paseo Fray Antonio Alcalde<br>Katia Magdalena Lozano Uvario<br>Pedro M\u00e9ndez Guardado<br>Luc\u00eda Gonz\u00e1lez Torrero<\/p>\n\n\n\n<p class=\"wp-block-paragraph\">45. Situaci\u00f3n del trabajo de los agentes culturales, art\u00edsticos y patrimoniales en Chile<br>Daniela Jara, Paula P\u00e9rez<\/p>\n\n\n\n<p class=\"wp-block-paragraph\">46. Construcci\u00f3n metodol\u00f3gica para establecer la contribuci\u00f3n econ\u00f3mica del Patrimonio Cultural Inmaterial en M\u00e9xico<br>Cristina Amescua Ch\u00e1vez<br>Carolina Buenrostro P\u00e9rez<br>Juan Carlos Dom\u00ednguez Domingo<br>Edith P\u00e9rez Flores<\/p>\n\n\n\n<p class=\"wp-block-paragraph\">47. Concentra\u00e7\u00e3o Espacial e Uso do Territ\u00f3rio: An\u00e1lise sobre a Lei Municipal de Incentivo a Cultura de Belo Horizonte\/MG<br>Raphael Luiz Coelho Ferreira Oliveira<\/p>\n\n\n\n<p class=\"wp-block-paragraph\">48. \u201cUm mercado n\u00e3o t\u00e3o diverso: An\u00e1lise da disparidade de g\u00eanero no mercado de arte NFT\u201d<br>Mayra de Souza Pimenta<br>Renan Gadoni Canaan<\/p>\n\n\n\n<p class=\"wp-block-paragraph\">49. Amplia\u00e7\u00e3o Do Consumo Cultural No Ambiente Digital: V\u00eddeo Sob Demanda, Diversidade Cultural E Acesso \u00c0 Cultura<br>Luiz Gustavo Campos<br>Daniele Canedo<\/p>\n\n\n\n<p class=\"wp-block-paragraph\">50. Economia criativa no Brasil: uma an\u00e1lise dos trabalhadores entre 2012 e 2021<br>Silvia Barbosa Ribeiro<br>Mariangela Furlan Antigo<br>Carolina Guinesi Mattos Borge<\/p>\n\n\n\n<p class=\"wp-block-paragraph\">51. Feiras Como Manifesta\u00e7\u00f5es Culturais: Um Estudo Sobre Tema Em Minas Gerais (Brasil)<br>D\u00e9bora Regina Schneider Locatelli<br>Magnus Luiz Emmendoerfer<\/p>\n\n\n\n<p class=\"wp-block-paragraph\">52. Pandemia e industrias culturales y creativas en la Ciudad de M\u00e9xico<br>Luis Quintana Romero<br>Marcia Leite<br>Carlos Salas P\u00e1ez<\/p>\n\n\n\n<p class=\"wp-block-paragraph\">53. A Economia Da Cultura E Criativa Presente Nos Terreiros Que Integram A Festa Do Bemb\u00e9 Do Mercado, No Rec\u00f4ncavo Da Bahia<br>Murillo Pereira de Jesus<br>Daniele Canedo<br>Paulo Cesar Miguez Oliveira<\/p>\n\n\n\n<p class=\"wp-block-paragraph\">54. O Financiamento Federal Ao Teatro Brasileiro (2009-2019)<br>Gabriel Barradas<br>Manoel Silvestre Friques<br>Sheyndel Ribeiro<\/p>\n\n\n\n<p class=\"wp-block-paragraph\">55. Evaluaci\u00f3n del desempe\u00f1o en las bibliotecas p\u00fablicas del Per\u00fa mediante un modelo SBM dynamic-network-DEA<br>Angela Milagros Reyes Gutierrez<br>Mar\u00eda Jos\u00e9 Del Barrio Tellado<br>Luis C\u00e9sar Herrero Prieto<\/p>\n\n\n\n<p class=\"wp-block-paragraph\">56. An\u00e1lisis factorial exploratorio y ecuaciones estructurales de la motivaci\u00f3n, contribuci\u00f3n, fidelizaci\u00f3n y satisfacci\u00f3n de los visitantes al Museo de Antioquia<br>Nora Elena Espinal Monsalve<br>Andrey David Ramos Valencia<br>Valentina Sarmiento Dom\u00ednguez<br>Raquel Sof\u00eda Zapata Valencia<\/p>\n\n\n\n<p class=\"wp-block-paragraph\">57. Turismo en la ciudad de Guatap\u00e9: An\u00e1lisis factorial exploratorio de la motivaci\u00f3n y experiencia de los visitantes a la zona tur\u00edstica de Guatap\u00e9 Nora Elena Espinal Monsalve<br>Paola Andrea Mendoza<br>Valentina Sarmiento Dom\u00ednguez<br>Isabel Cristina Balb\u00edn<br>Raquel Sof\u00eda Zapata Valencia<br>Linda Nataly Corredor Mart\u00ednez<\/p>\n\n\n\n<p class=\"wp-block-paragraph\">58. Un An\u00e1lisis Estructural De Los Asistentes A La Fiesta Del Libro Y La Cultura De Medell\u00edn: \u00bfC\u00f3mo Se Relaciona La Motivaci\u00f3n, Experiencia, Satisfaci\u00f3n, Contribuci\u00f3n Y Fidelidad?<br>Nora Elena Espinal Monsalve<br>Andrey David Ramos Valencia<br>Claudia Marcela Ramos-Ram\u00edrez<\/p>\n\n\n\n<p class=\"wp-block-paragraph\">59. Estudio Bibliom\u00e9trico De La Econom\u00eda De La Cultura En Colombia: 1990 \u2013 2020.<br>Nora Elena Espinal Monsalve<\/p>\n\n\n\n<p class=\"wp-block-paragraph\">60. Un An\u00e1lisis De La Productividad Y El Cambio T\u00e9cnico En Museos Mediante Un Enfoque Dynamic-Network-Dea<br>Mar\u00eda Jos\u00e9 del Barrio-Tellado<br>Luis C\u00e9sar Herrero-Prieto<\/p>\n\n\n\n<p class=\"wp-block-paragraph\">61. Using choice experiments to value cultural heritage in Australia<br>Bartosz Jusypenko<br>Miko\u0142aj Czajkowski<br>Ben White<\/p>\n\n\n\n<p class=\"wp-block-paragraph\">62. Benefit transfer for performing arts using stated choice models: Evidence for validity and reliability<br>Ewa Zawojsk<br>Bartosz Jusypenko<br>Aleksandra Wi\u015bniewska<\/p>\n\n\n\n<p class=\"wp-block-paragraph\">63. The effect of the scope of information provision on the stated-preference based valuation of neglected cultural heritage<br>Bartosz Jusypenko<br>Aleksandra Wi\u015bniewska<\/p>\n\n\n\n<p class=\"wp-block-paragraph\">64. O papel dos NFTs nas Ind\u00fastrias Criativas<br>Carolina Vila\u00e7a<\/p>\n\n\n\n<p class=\"wp-block-paragraph\">65. Pandemia Y Confinamientos: Balance Del Empleo Cultural Y Su Recuperaci\u00f3n En Colombia<br>Aaron Espinosa-Espinosa<br>Gabriel Rodr\u00edguez-Puell<br>Luis F. Aguado<br>Luis Palma-Martos<\/p>\n\n\n\n<p class=\"wp-block-paragraph\">66. Perspectiva para o turismo criativo no p\u00f3s-pandemia: Um olhar sobre o Bloco da Ovelha, Caxias do Sul\/RS (Brasil)<br>KUKUL, Vanessa<br>GASTAL, Susana de Ara\u00fajo<\/p>\n\n\n\n<p class=\"wp-block-paragraph\">67. Desaf\u00edos para el turismo cultural en la Regi\u00f3n de Los R\u00edos, Chile<br>Laura Rodr\u00edguez<br>Andrea B\u00e1ez<\/p>\n\n\n\n<p class=\"wp-block-paragraph\">68. An\u00e1lise Espacial Das Ocupa\u00e7\u00f5es Criativas No Estado No Rio Grande Do Sul<br>Marieli Vieira<\/p>\n\n\n\n<p class=\"wp-block-paragraph\">69. Mapeamento Cultural da UFMG \u2014 processo e primeiras impress\u00f5es<br>M\u00f4nica Medeiros Ribeiro<br>Ana Flavia Machado<br>Fernando Antonio Mencarelli<br>Thobila Gabriela de Lima Costa Sousa<br>Jonas Henrique<\/p>\n\n\n\n<p class=\"wp-block-paragraph\">70. Vtubers: Estudo Sobre Massifica\u00e7\u00e3o Do Consumo De Uma Cultura De Nicho Durante A Pandemia De Covid-19<br>Gabriela Rodrigues Diniz<br>J\u00falio C\u00e9sar Valente Ferreira<br>Paula Gon\u00e7alves<br>Rafael Dirques David Regis<br>Vitor Pedro da Silva Castelo Tavares<\/p>\n\n\n\n<p class=\"wp-block-paragraph\">71. La Mecanica De La Naranja<br>Lyda Yuhayna Caceres Dukon<\/p>\n\n\n\n<p class=\"wp-block-paragraph\">72. Horas, ingresos y desigualdad en mercados de trabajo en el arte y fuera del arte<br>Carlos Casacuberta<\/p>\n\n\n\n<p class=\"wp-block-paragraph\">73. R\u00edos de festivales. Elementos para la construcci\u00f3n de estrategias de turismo cultural basado en festivales, fiestas y actividades culturales en la Regi\u00f3n de Los R\u00edos Olivares Concha, Guillermo<\/p>\n\n\n\n<p class=\"wp-block-paragraph\">74. Diferenciais de rendimentos e desigualdades intragrupo: uma an\u00e1lise para os m\u00fasicos de Belo Horizonte<br>Jonas da Silva Henrique<br>Mariangela Furlan Antigo<br>Ana Fl\u00e1via Machado<\/p>\n\n\n\n<p class=\"wp-block-paragraph\">75. O trabalho dos m\u00fasicos no Brasil: uma an\u00e1lise das desigualdades entre 2012 e 2021<br>Jonas da Silva Henrique<br>Mariangela Furlan Antigo<br>Ana Fl\u00e1via Machado<\/p>\n\n\n\n<p class=\"wp-block-paragraph\">76. Actores creativos y agentes culturales en las culturas y artes de Oaxaca, M\u00e9xico<br>Desire\u00e9 Gonz\u00e1lez Otero<\/p>\n\n\n\n<p class=\"wp-block-paragraph\">77. Industrias Creativas e Inversi\u00f3n de Intangibles en la Econom\u00eda Mexicana Marcos Valdivia<br>Rafael Borrayo<\/p>\n\n\n\n<p class=\"wp-block-paragraph\">78. Express\u00f5es de Cocria\u00e7\u00e3o de um Prato T\u00edpico enquanto Patrimonio Cultural Imaterial para o Desenvolvimento Tur\u00edstico de uma Slow City<br>Magnus Emmendoerfer<\/p>\n\n\n\n<p class=\"wp-block-paragraph\">79. Why Being Politically Engaged Matters<br>Ann Markunsen<\/p>\n\n\n\n<p class=\"wp-block-paragraph\">80. Interdisciplinary Arts and Cultural Innovation: Merging Journalism with Visual Art Presentation<br>Ann Markunsen<\/p>\n\n\n\n<p class=\"wp-block-paragraph\">81. Cultura e Arte no aeroporto de Salvador: inova\u00e7\u00e3o atrav\u00e9s dos setores criativos<br>Crisley Tatiana Dias Mota<\/p>\n\n\n\n<p class=\"wp-block-paragraph\">82. Os Impactos da Pandemia nas Culturas de Belo Horizonte<br>Ana Fl\u00e1via Machado<br>Cinthia Santos<br>Fernando Carielo<br>Julia Papini Bittencourt<br>Jo\u00e3o Pontes<br>B\u00e1rbara Paglioto<br>Diogo Pozzato<br>Maria Clara Maia<br>Thobila Costa<\/p>\n\n\n\n<p class=\"wp-block-paragraph\">83. Medell\u00edn Brilla en Navidad: estudio de la motivaci\u00f3n, experiencia, satisfacci\u00f3n y fidelizaci\u00f3n de los participantes a esta fiesta. Y su contribuci\u00f3n a la construcci\u00f3n de la identidad urbana<br>Andrea Paola D\u00edaz Mendoza<br>Nora Elena Espinal Monsalve<\/p>\n\n\n\n<p class=\"wp-block-paragraph\">84. An\u00e1lise da din\u00e2mica e especializa\u00e7\u00e3o das atividades criativas nas capitais brasileiras e cidades criativas.<br>Jonas da Silva Henrique<br>Maria Thereza Saez Acha Magalh\u00e3es<br>Jos\u00e9 Geraldo Dolabela<\/p>\n\n\n\n<p class=\"wp-block-paragraph\">85. La Influencia Del Capital Cultural Y Creativo En La Competitividad Tur\u00edstica: Un An\u00e1lisis Regional En El Contexto Europeo<br>Mafalda G\u00f3mez Vega<br>Iv\u00e1n Boal San Miguel<br>Pablo Alonso Villa<\/p>\n\n\n\n<p class=\"wp-block-paragraph\">86. La participaci\u00f3n en actividades de ocio en Barranquilla<br>Gabriel Rodr\u00edguez-Puello<\/p>\n\n\n\n<p class=\"wp-block-paragraph\">87. La Participaci\u00f3n En Una Fiesta Cultural De Car\u00e1cter Local Y Popular. El Caso Del Carnaval De Barranquilla (Colombia)<br>Aaron Espinosa-Espinosa<br>Luis Palma-Martos<br>Luis F. Aguado<\/p>\n\n\n\n<p class=\"wp-block-paragraph\">88. Evaluaci\u00f3n Del Turismo Cultural En Espa\u00f1a: Dimensi\u00f3n, Competitividad Regional Y Perspectivas Post-Covid<br>Luis C\u00e9sar Herrero Prieto<br>Mafalda G\u00f3mez Vega<\/p>\n\n\n\n<p class=\"wp-block-paragraph\">89. Efecto De La Formaci\u00f3n Del Capital Cultural En El Consumo Cultural De Los Participantes Activos En Los Grupos Art\u00edsticos: El Caso De La Universidad Nacional De Colombia, Sede Medell\u00edn<br>Balb\u00edn Espina<br>Isabel Cristina<br>Nora Elena Espinal Monsalve<\/p>\n\n\n\n<p class=\"wp-block-paragraph\">90. El retorno social de los bienes del patrimonio cultural: caso del Sistema de Bibliotecas P\u00fablicas de Medell\u00edn, Colombia<br>Jonathan Daniel G\u00f3mez Zapata<br>Mar\u00eda Alejandra Herrera Moreno<br>Mar\u00eda Jos\u00e9 del Barrio Tellado<\/p>\n\n\n\n<p class=\"wp-block-paragraph\">91. Valoraci\u00f3n de bienes p\u00fablicos culturales en tiempos de pandemia: aplicaci\u00f3n al Sistema de Bibliotecas de Medell\u00edn<br>Jonathan Daniel G\u00f3mez Zapata<br>Mar\u00eda Alejandra Herrera Moreno<br>Luis Cesar Herrero<\/p>\n\n\n\n<p class=\"wp-block-paragraph\">92. Sambadeiras do Rec\u00f4ncavo da Bahia: Um projeto de difus\u00e3o do samba de roda<br>Cl\u00e9cia Maria Aquino de Queiroz<\/p>\n\n\n\n<p class=\"wp-block-paragraph\">93. \u00bfImpugnaci\u00f3n o alineaci\u00f3n?: El productor artista en la l\u00f3gica del investigador emprendedor<br>Daniel Cort\u00e1zar Triana<\/p>\n\n\n\n<p class=\"wp-block-paragraph\">94. Agencia en el trabajo de las artesanas textiles de Los Altos de Chiapas: Un acercamiento desde sus narrativas<br>Julio Montero del Puerto<\/p>\n\n\n\n<p class=\"wp-block-paragraph\">95. As organiza\u00e7\u00f5es internacionais e a pol\u00edtica cultural das cidades: impacto dos programas da UNESCO e da UE no munic\u00edpio de Guimar\u00e3es<br>Tiago Mendes<\/p>\n\n\n\n<p class=\"wp-block-paragraph\">96. Produ\u00e7\u00e3o, Circula\u00e7\u00e3o E Consumo De Obras Contempor\u00e2neas Em Meio Ao Capitalismo Artista<br>C\u00e1ssia P\u00e9rez da Silva<\/p>\n\n\n\n<p class=\"wp-block-paragraph\">97. Gesti\u00f3n de rutas patrimoniales: desde la investigaci\u00f3n a la dise\u00f1o<br>Sijia Huo<\/p>\n\n\n\n<p class=\"wp-block-paragraph\">98. El consumo de cine en Colombia: un an\u00e1lisis microeconom\u00e9trico de sus determinantes<br>Doris Lilia Andrade Agudelo<br>V\u00edctor Danilo Pacheco Meri\u00f1o<br>Danny Alexander Popay\u00e1n Lenis<\/p>\n\n\n\n<p class=\"wp-block-paragraph\">99. El Consumo Cultural En Colombia: Entre La Teor\u00eda Y Los Hechos.<br>Mario Eduardo Hidalgo Villota<\/p>\n\n\n\n<p class=\"wp-block-paragraph\">100. A estrutura\u00e7\u00e3o e a valora\u00e7\u00e3o da fotografia publicit\u00e1ria em Porto Alegre<br>Luiz Lentz Junior<\/p>\n\n\n\n<p class=\"wp-block-paragraph\">101. El Festival y Mundial de Tango como parte de la pol\u00edtica de megaeventos en la ciudad de Buenos Aires. Una aproximaci\u00f3n al valor econ\u00f3mico de la Edici\u00f3n 2019.<br>Viviana Leonardi<br>Marina Tortul<br>Silvina Elias<\/p>\n","protected":false},"excerpt":{"rendered":"<p>Check below the list of papers approved for the SIEC 2022 that will take place, in person, on June 27 and 28 in Belo Horizonte, Minas Gerais, Brazil. You can also download the list here. The full paper must be submitted by May 31, 2022 to: siec2022@cedeplar.ufmg.br. Registration to the [&hellip;]<\/p>\n","protected":false},"author":33,"featured_media":0,"parent":318,"menu_order":0,"comment_status":"closed","ping_status":"closed","template":"","meta":{"_crdt_document":"","content-type":"","_exactmetrics_skip_tracking":false,"_exactmetrics_sitenote_active":false,"_exactmetrics_sitenote_note":"","_exactmetrics_sitenote_category":0,"footnotes":""},"class_list":["post-658","page","type-page","status-publish","hentry"],"_links":{"self":[{"href":"https:\/\/pesquisas.face.ufmg.br\/ecult\/wp-json\/wp\/v2\/pages\/658","targetHints":{"allow":["GET"]}}],"collection":[{"href":"https:\/\/pesquisas.face.ufmg.br\/ecult\/wp-json\/wp\/v2\/pages"}],"about":[{"href":"https:\/\/pesquisas.face.ufmg.br\/ecult\/wp-json\/wp\/v2\/types\/page"}],"author":[{"embeddable":true,"href":"https:\/\/pesquisas.face.ufmg.br\/ecult\/wp-json\/wp\/v2\/users\/33"}],"replies":[{"embeddable":true,"href":"https:\/\/pesquisas.face.ufmg.br\/ecult\/wp-json\/wp\/v2\/comments?post=658"}],"version-history":[{"count":3,"href":"https:\/\/pesquisas.face.ufmg.br\/ecult\/wp-json\/wp\/v2\/pages\/658\/revisions"}],"predecessor-version":[{"id":662,"href":"https:\/\/pesquisas.face.ufmg.br\/ecult\/wp-json\/wp\/v2\/pages\/658\/revisions\/662"}],"up":[{"embeddable":true,"href":"https:\/\/pesquisas.face.ufmg.br\/ecult\/wp-json\/wp\/v2\/pages\/318"}],"wp:attachment":[{"href":"https:\/\/pesquisas.face.ufmg.br\/ecult\/wp-json\/wp\/v2\/media?parent=658"}],"curies":[{"name":"wp","href":"https:\/\/api.w.org\/{rel}","templated":true}]}}