{"id":34,"date":"2021-11-17T23:20:07","date_gmt":"2021-11-18T02:20:07","guid":{"rendered":"https:\/\/pesquisas.face.ufmg.br\/ecult\/?page_id=34"},"modified":"2022-03-28T16:57:27","modified_gmt":"2022-03-28T19:57:27","slug":"chamada-de-trabalhos","status":"publish","type":"page","link":"https:\/\/pesquisas.face.ufmg.br\/ecult\/siec2022\/chamada-de-trabalhos\/","title":{"rendered":"Chamada de Trabalhos"},"content":{"rendered":"<p><strong><img loading=\"lazy\" decoding=\"async\" src=\"https:\/\/pesquisas.face.ufmg.br\/ecult\/wp-content\/uploads\/sites\/32\/2021\/11\/logo_siec_2022_bh_cut-300x207.png\" alt=\"\" width=\"300\" height=\"207\" class=\"aligncenter wp-image-35 size-medium\" srcset=\"https:\/\/pesquisas.face.ufmg.br\/ecult\/wp-content\/uploads\/sites\/32\/2021\/11\/logo_siec_2022_bh_cut-300x207.png 300w, https:\/\/pesquisas.face.ufmg.br\/ecult\/wp-content\/uploads\/sites\/32\/2021\/11\/logo_siec_2022_bh_cut.png 500w\" sizes=\"auto, (max-width: 300px) 100vw, 300px\" \/><\/strong><\/p>\n<h2 style=\"text-align: center\"><strong>CALL FOR PAPERS<\/strong><br \/><strong>(PORTUGU\u00caS)<\/strong><\/h2>\n<p style=\"text-align: center\"><em><strong>III Semin\u00e1rio Iberoamericano de Economia da Cultura<\/strong><\/em><\/p>\n<p>A Rede Iberoamericana de Economia da Cultura (RIEC) e a Association for Cultural Economics International (ACEI) organizam conjuntamente o III Seminario Iberoamericano de Economia da Cultura, que ocorrer\u00e1 nos dias 27 e 28 de junho de 2022, na Universidade Federal de Minas Gerais (UFMG), Faculdade de Ci\u00eancias Econ\u00f4micas, Campus Pampulha, Belo Horizonte, Brasil.<\/p>\n<p>A atividade busca gerar um espa\u00e7o de encontro entre professores, pesquisadores e profissionais, com objetivo de difundir a pesquisa cient\u00edfica e aplicada sobre a economia da cultura e sobre as iniciativas locais que contribuem para o desenvolvimento do setor, al\u00e9m de trocas de informa\u00e7\u00f5es e de a\u00e7\u00f5es mitigadoras sobre o setor cultural durante a pandemia da COVID-19.<\/p>\n<p style=\"text-align: center\"><strong>Envio de resumos<\/strong><\/p>\n<p style=\"text-align: left\">Os autores devem enviar o resumo expandido de seus trabalhos pelo e-mail <strong>siec2022@cedeplar.ufmg.br<\/strong>, em formato Word ou PDF, at\u00e9 o dia <strong>28 de fevereiro de 2022<\/strong>.<\/p>\n<p style=\"text-align: left\">O resumo deve conter, no m\u00e1ximo, 1000 palavras, trazendo objetivo, metodologia e principais resultados esperados ou obtidos. Al\u00e9m disso, o resumo expandido deve informar t\u00edtulo do trabalho, nome dos autores, filia\u00e7\u00e3o institucional, endere\u00e7o completo, e-mail e a \u00e1rea tem\u00e1tica.<\/p>\n<p>Os trabalhos podem ser apresentados em portugu\u00eas, espanhol ou ingl\u00eas. At\u00e9 o dia 31 de mar\u00e7o de 2022, os autores com resumos selecionados ser\u00e3o comunicados.<\/p>\n<p style=\"text-align: center\"><strong>\u00c1reas Tem\u00e1ticas<\/strong><\/p>\n<ul>\n<li>Cultura, desenvolvimento econ\u00f4mico e disparidades regionais<\/li>\n<li>Artes e cultura em tempos de pandemia<\/li>\n<li>Estudos de impacto de pol\u00edticas culturales<\/li>\n<li>Economia Criativa<\/li>\n<li>Artes, cultura e inova\u00e7\u00e3o<\/li>\n<li>Servi\u00e7os culturais: o efeito do streaming<\/li>\n<li>Hist\u00f3ria econ\u00f4mica da cultura e do pensamento econ\u00f4mico sobre a cultura<\/li>\n<li>Mercado de trabalho no setor cultural<\/li>\n<li>Cidades criativas<\/li>\n<li>Patrimonio cultural material e imaterial<\/li>\n<li>Consumo cultural<\/li>\n<li>Mecanismos de financiamiento para o setor cultural<\/li>\n<li>Sistemas de Indicadores culturais<\/li>\n<li>Com\u00e9rcio internacional de bens e servi\u00e7os culturais<\/li>\n<li>Economia do turismo cultural<\/li>\n<\/ul>\n<p style=\"text-align: center\"><strong>Datas importantes<\/strong><\/p>\n<ul>\n<li>Envio de resumos expandidos: at\u00e9 28 de fevereiro de 2022<\/li>\n<li>Notifica\u00e7\u00e3o de trabalhos aceitos: at\u00e9 31 de mar\u00e7o de 2022<\/li>\n<li>Envio de trabalhos completos: at\u00e9 31 de maio de 2022\u00a0<\/li>\n<li>Calend\u00e1rio de inscri\u00e7\u00f5es: abril de 2022<\/li>\n<li>Data do Semin\u00e1rio: 27 e 28 de junho de 2022<\/li>\n<\/ul>\n<p>Para d\u00favidas e\/ou consultas, entrar em contato pelo-mail siec2022@cedeplar.ufmg.br.<\/p>\n<p style=\"text-align: center\"><strong>Comiss\u00e3o cient\u00edfica<\/strong><\/p>\n<p style=\"text-align: center\">Ana Fl\u00e1via Machado (Brasil)<br \/>Luis C\u00e9sar Herrero (Espanha)<br \/>Nora Espinal Monsalve (Col\u00f4mbia)<br \/>Andrea Baez (Chile)<br \/>Luis Fernando Aguado (Col\u00f4mbia)<br \/>Marcos Valdivia (M\u00e9xico)<br \/>Pedro Costa (Portugal)<\/p>\n<p style=\"text-align: center\"><strong>Comit\u00ea Organizador Local (CEDEPLAR\/UFMG)<\/strong><\/p>\n<p style=\"text-align: center\">Ana Fl\u00e1via Machado<br \/>Alice Demattos Guimar\u00e3es<br \/>Gabriel Vaz de Melo<br \/>Rodrigo Cavalcante Michel<\/p>\n<p><\/p>\n\n\n<\/p>\n<div class=\"wp-block-stackable-divider stk-block-divider stk-block stk-a5cad75\" data-block-id=\"a5cad75\"><hr class=\"stk-block-divider__hr\" \/>\n\n\n<h2 style=\"text-align: center\"><strong>CALL FOR PAPERS<\/strong><br><strong>(ESPA\u00d1OL)<\/strong><\/h2>\n<p style=\"text-align: center\"><em><strong>III Seminario Iberoamericano de Econom\u00eda de la Cultura<\/strong><\/em><\/p>\n<p>En el marco de la Red Iberoamericana de Econom\u00eda de la Cultura (RIEC) y la Association for Cultural Economics International (ACEI), se realizar\u00e1 el III Seminario Iberoamericano de econom\u00eda de la cultura, que se celebrar\u00e1 en los d\u00edas 27 y 28 de junio de 2022, en el Campus Pampulha de la Facultad de Ciencias Econ\u00f3micas, de la Universidad Federal de Minas Gerais (UFMG), Belo<br>Horizonte, Brasil.<\/p>\n<p>La actividad busca generar un espacio de encuentro entre docentes, investigadores y profesionales, con el objetivo de difundir la investigaci\u00f3n cient\u00edfica y aplicada sobre la econom\u00eda de la cultura y sobre las iniciativas locales que contribuyen al desarrollo del sector, as\u00ed como intercambiar informaci\u00f3n y acciones de mitigaci\u00f3n sobre el sector cultural durante la pandemia del COVID-19.<\/p>\n<p style=\"text-align: center\"><strong>Env\u00edo de res\u00famenes<\/strong><\/p>\n<p style=\"text-align: left\">Los autores deber\u00e1n enviar el resumen extendido de sus trabajos al correo electr\u00f3nico <strong>siec2022@cedeplar.ufmg.br<\/strong>, en formato PDF o Word, hasta el <strong>28 de febrero de 2022<\/strong>.<\/p>\n<p style=\"text-align: left\">El resumen extendido, con un m\u00e1ximo de 1000 palabras, debe incorporar un objetivo claro, metodolog\u00eda y principales resultados obtenidos o esperados del estudio que se presente. As\u00ed mismo, debe indicar el t\u00edtulo del trabajo, apellido(s) y nombre(s) del autor(es), filiaci\u00f3n (Universidad, Instituto, Centro de investigaci\u00f3n, organismo p\u00fablico o privado, etc.), direcci\u00f3n, ciudad, pa\u00eds, correo electr\u00f3nico y la tem\u00e1tica en el que se encaja el trabajo.<\/p>\n<p style=\"text-align: left\">Los res\u00famenes y trabajos pueden presentarse en portugu\u00e9s, espa\u00f1ol o ingl\u00e9s. Se notificar\u00e1 la aceptaci\u00f3n de trabajos a los autores antes del 31 de marzo de 2022.<\/p>\n<p style=\"text-align: center\"><strong>Temas<\/strong><\/p>\n<ul>\n<li>Cultura, desarrollo econ\u00f3mico y disparidades territoriales<\/li>\n<li>Arte y cultura en tiempos de pandemia<\/li>\n<li>Estudios de impacto econ\u00f3mico y social de pol\u00edticas culturales<\/li>\n<li>Econom\u00eda Creativa<\/li>\n<li>Innovaci\u00f3n en el mercado art\u00edstico<\/li>\n<li>Servicios culturales: el efecto del streaming<\/li>\n<li>Historia econ\u00f3mica de la cultura y del pensamiento econ\u00f3mico sobre la cultura<\/li>\n<li>Mercado laboral en el sector cultural<\/li>\n<li>Ciudades creativas<\/li>\n<li>Patrimonio cultural material e inmaterial<\/li>\n<li>Consumo cultural<\/li>\n<li>Mecanismos de financiamiento para el sector cultural<\/li>\n<li>Sistemas de indicadores culturales<\/li>\n<li>Comercio internacional de bienes y servicios culturales<\/li>\n<li>Econom\u00eda del turismo cultural<\/li>\n<\/ul>\n<p style=\"text-align: center\"><strong>Fechas importantes<\/strong><\/p>\n<ul>\n<li>Env\u00edo res\u00famenes extendidos: hasta el 31 de febrero de 2022<\/li>\n<li>Notificaci\u00f3n de trabajos aceptados: hasta el 31 de marzo de 2022<\/li>\n<li>Env\u00edo de trabajos completos: hasta el 31 mayo de 2022<\/li>\n<li>Per\u00edodo de inscripciones: abril de 2022<\/li>\n<li>Celebraci\u00f3n del Seminario: 27 y 28 de Junio de 2022<\/li>\n<\/ul>\n<p>Para dudas y\/o consultas comunicarse al correo electr\u00f3nico siec2022@cedeplar.ufmg.br.<\/p>\n<p style=\"text-align: center\"><strong>Comit\u00e9 cient\u00edfico<\/strong><\/p>\n<p style=\"text-align: center\">Ana Fl\u00e1via Machado (Brasil)<br>Luis C\u00e9sar Herrero (Espa\u00f1a)<br>Nora Espinal Monsalve (Colombia)<br>Andrea Baez (Chile)<br>Luis Fernando Aguado (Colombia)<br>Marcos Valdivia (Mexico)<br>Pedro Costa (Portugal)<\/p>\n<p style=\"text-align: center\"><strong>Comit\u00e9 Organizador Local (CEDEPLAR\/UFMG)<\/strong><\/p>\n<p style=\"text-align: center\">Ana Fl\u00e1via Machado<br>Alice Demattos Guimar\u00e3es<br>Gabriel Vaz de Melo<br>Rodrigo Cavalcante Michel<\/p>\n\n\n<p class=\"wp-block-paragraph\"><\/p>\n","protected":false},"excerpt":{"rendered":"<p>CALL FOR PAPERS(PORTUGU\u00caS) III Semin\u00e1rio Iberoamericano de Economia da Cultura A Rede Iberoamericana de Economia da Cultura (RIEC) e a Association for Cultural Economics International (ACEI) organizam conjuntamente o III Seminario Iberoamericano de Economia da Cultura, que ocorrer\u00e1 nos dias 27 e 28 de junho de 2022, na Universidade Federal [&hellip;]<\/p>\n","protected":false},"author":33,"featured_media":0,"parent":41,"menu_order":1,"comment_status":"closed","ping_status":"closed","template":"page-templates\/template-page-sidebar.php","meta":{"_crdt_document":"","content-type":"","_exactmetrics_skip_tracking":false,"_exactmetrics_sitenote_active":false,"_exactmetrics_sitenote_note":"","_exactmetrics_sitenote_category":0,"footnotes":""},"class_list":["post-34","page","type-page","status-publish","hentry"],"_links":{"self":[{"href":"https:\/\/pesquisas.face.ufmg.br\/ecult\/wp-json\/wp\/v2\/pages\/34","targetHints":{"allow":["GET"]}}],"collection":[{"href":"https:\/\/pesquisas.face.ufmg.br\/ecult\/wp-json\/wp\/v2\/pages"}],"about":[{"href":"https:\/\/pesquisas.face.ufmg.br\/ecult\/wp-json\/wp\/v2\/types\/page"}],"author":[{"embeddable":true,"href":"https:\/\/pesquisas.face.ufmg.br\/ecult\/wp-json\/wp\/v2\/users\/33"}],"replies":[{"embeddable":true,"href":"https:\/\/pesquisas.face.ufmg.br\/ecult\/wp-json\/wp\/v2\/comments?post=34"}],"version-history":[{"count":10,"href":"https:\/\/pesquisas.face.ufmg.br\/ecult\/wp-json\/wp\/v2\/pages\/34\/revisions"}],"predecessor-version":[{"id":590,"href":"https:\/\/pesquisas.face.ufmg.br\/ecult\/wp-json\/wp\/v2\/pages\/34\/revisions\/590"}],"up":[{"embeddable":true,"href":"https:\/\/pesquisas.face.ufmg.br\/ecult\/wp-json\/wp\/v2\/pages\/41"}],"wp:attachment":[{"href":"https:\/\/pesquisas.face.ufmg.br\/ecult\/wp-json\/wp\/v2\/media?parent=34"}],"curies":[{"name":"wp","href":"https:\/\/api.w.org\/{rel}","templated":true}]}}