{"id":303,"date":"2021-11-17T23:07:50","date_gmt":"2021-11-18T02:07:50","guid":{"rendered":"https:\/\/pesquisas.face.ufmg.br\/ecult\/?page_id=303"},"modified":"2021-11-23T11:55:19","modified_gmt":"2021-11-23T14:55:19","slug":"publications","status":"publish","type":"page","link":"https:\/\/pesquisas.face.ufmg.br\/ecult\/en\/publications\/","title":{"rendered":"Publications"},"content":{"rendered":"\n<h2 class=\"has-medium-font-size wp-block-heading\" style=\"font-weight:700\">Journal Articles<\/h2>\n\n\n\n<h2 class=\"has-normal-font-size wp-block-heading\">2020<\/h2>\n\n\n\n<ul class=\"wp-block-list\"><li><a href=\"https:\/\/periodicos.uff.br\/pragmatizes\/article\/view\/40565\" data-type=\"URL\" data-id=\"https:\/\/periodicos.uff.br\/pragmatizes\/article\/view\/40565\">MELO, G. V. ;&nbsp;MACHADO, A. F.&nbsp;; CARVALHO, L.R. Music consumption in Brazil: an analysis of streaming reproductions. PRAGMATIZES- REVISTA LATINO AMERICANA DE ESTUDOS EM CULTURA, v. 10, p. 141-169, 2020.<\/a><\/li><li><a href=\"https:\/\/www.tandfonline.com\/doi\/abs\/10.1080\/17510694.2020.1796461\" data-type=\"URL\" data-id=\"https:\/\/www.tandfonline.com\/doi\/abs\/10.1080\/17510694.2020.1796461\">GUIMARAES, A. D. ; Ribeiro, S.B ;&nbsp;MACHADO, A. F. Repercussion of the label in a comparative analysis of indicators. Creative Industries Journal, v. 14, p. 1-17, 2020.<\/a><\/li><li><a href=\"https:\/\/periodicos.ufmg.br\/index.php\/revistadaufmg\/article\/view\/20966\/28598\" data-type=\"URL\" data-id=\"https:\/\/periodicos.ufmg.br\/index.php\/revistadaufmg\/article\/view\/20966\/28598\">DINIZ, S. C.;&nbsp;MACHADO, A. F.; DIAS, J. M. N.; HENRIQUE, J. S.; FARIA, N. F.; HOSKEN, V. M. S. Estimating losses in cultural assets and cultural activities following the Fund\u00e3o Dam rupture in Mariana, Minas Gerais, Brazil. Revista da Universidade Federal de Minas Gerais, v. 27, p. 207-225, 2020.<\/a><\/li><\/ul>\n\n\n\n<h2 class=\"has-normal-font-size wp-block-heading\">2019<\/h2>\n\n\n\n<ul class=\"wp-block-list\"><li><a href=\"https:\/\/www.scirp.org\/pdf\/TEL_2019061415184696.pdf\" data-type=\"URL\" data-id=\"https:\/\/www.scirp.org\/pdf\/TEL_2019061415184696.pdf\">SOUZA, G. F.;&nbsp;MACHADO, A. F.; Domingues, E. Economic Impacts of the Vale-Cultura (Culture Voucher): A Computable General Equilibrium Model. THEORETICAL ECONOMICS LETTERS, v. 09, p. 1411-1433, 2019.<\/a><\/li><li><a href=\"https:\/\/www.scielo.br\/j\/neco\/a\/SwVfcHKGGdvQhLV7PgYhFHB\/?format=pdf&amp;lang=pt\" data-type=\"URL\" data-id=\"https:\/\/www.scielo.br\/j\/neco\/a\/SwVfcHKGGdvQhLV7PgYhFHB\/?format=pdf&amp;lang=pt\">MICHEL, R. C.;&nbsp;MACHADO, A. F.; SATYRO, N. M\u00daSICA, REDES E TECNOLOGIA NA PERIFERIA: UM ESTUDO ACERCA DOS IMPACTOS TECNOL\u00d3GICOS NA PRODU\u00c7\u00c3O DE RAP NA ZONA SUL DE S\u00c3O PAULO. NOVA ECONOMIA (UFMG. IMPRESSO), v. 29, p. 1277-1303, 2019.<\/a><\/li><li><a href=\"https:\/\/revistas.face.ufmg.br\/index.php\/novaeconomia\/article\/view\/5889\" data-type=\"URL\" data-id=\"https:\/\/revistas.face.ufmg.br\/index.php\/novaeconomia\/article\/view\/5889\">DIAS, C.;&nbsp;MACHADO, A. F.; HOSKEN, V. M. S. O espa\u00e7o da cultura em Minas Gerais: aglomera\u00e7\u00f5es territoriais, desenvolvimento socioecon\u00f4mico e concentra\u00e7\u00e3o regional entre 1920 e 2010. NOVA ECONOMIA (UFMG. IMPRESSO), v. 29, p. 1195-1220, 2019.<\/a><\/li><\/ul>\n\n\n\n<h2 class=\"has-normal-font-size wp-block-heading\">2018<\/h2>\n\n\n\n<ul class=\"wp-block-list\"><li><a href=\"https:\/\/www.scirp.org\/journal\/paperinformation.aspx?paperid=84715\" data-type=\"URL\" data-id=\"https:\/\/www.scirp.org\/journal\/paperinformation.aspx?paperid=84715\">MACHADO, A. F.; CARVALHO, T. B.; PAGLIOTO, B. F. Creative Industries in Brazil: Analysis of Specifics Cases for a Country in Development. Theoretical Economics Letters, v. 08, p. 1348-1367, 2018.<\/a><\/li><\/ul>\n\n\n\n<h2 class=\"has-normal-font-size wp-block-heading\">2017<\/h2>\n\n\n\n<ul class=\"wp-block-list\"><li><a href=\"https:\/\/revistas.face.ufmg.br\/index.php\/novaeconomia\/article\/view\/3115\" data-type=\"URL\" data-id=\"https:\/\/revistas.face.ufmg.br\/index.php\/novaeconomia\/article\/view\/3115\">MACHADO, A. F.;&nbsp;GOLGHER, Andr\u00e9;&nbsp;Diniz, S. C.;&nbsp;GAMA, L. D.&nbsp;Consumption of cultural goods and services and time allocation in Brazil. NOVA ECONOMIA (UFMG. IMPRESSO), v. 27, p. 35-63, 2017.<\/a><\/li><li><a href=\"https:\/\/www.bnb.gov.br\/revista\/index.php\/ren\/article\/view\/436\" data-type=\"URL\" data-id=\"https:\/\/www.bnb.gov.br\/revista\/index.php\/ren\/article\/view\/436\">ESPERIDIAO, F.; MATOS, D.;&nbsp;MACHADO, A. F.&nbsp;&#8216;MUSEU DA GENTE SERGIPANA: UM EXER\u00cdCIO DE VALORA\u00c7\u00c3O ECON\u00d4MICA&#8217;. REVISTA ECON\u00d4MICA DO NORDESTE, v. 48, p. 147-156, 2017.<\/a><\/li><\/ul>\n\n\n\n<h2 class=\"has-normal-font-size wp-block-heading\">2016<\/h2>\n\n\n\n<ul class=\"wp-block-list\"><li><a href=\"https:\/\/periodicos.uff.br\/pragmatizes\/article\/view\/10423\" data-type=\"URL\" data-id=\"https:\/\/periodicos.uff.br\/pragmatizes\/article\/view\/10423\">MACHADO, A. F.; SOUZA, N.; MACHADO, L. MUSEUS NO BRASIL: AN\u00c1LISE SOCIOECON\u00d4MICA DE PERFIS. PragMATIZES Revista Latino-Americana de Estudos em Cultura, v. 10, p. 38-53, 2016.<\/a><\/li><li><a href=\"http:\/\/www.iepha.mg.gov.br\/index.php\/publicacoes\/revista-oculo\/Publication\/13-Revista-Oculo---N01---2016\" data-type=\"URL\" data-id=\"http:\/\/www.iepha.mg.gov.br\/index.php\/publicacoes\/revista-oculo\/Publication\/13-Revista-Oculo---N01---2016\">FARIA, D.&nbsp;;&nbsp;MACHADO, A. F.&nbsp;; PAGLIOTO, B. F.; DUTRA, L. F. Turismo, Patrim\u00f4nio e Revitaliza\u00e7\u00e3o &#8211; o territ\u00f3rio do Circuito Cultural Pra\u00e7a da Liberdade. \u00d3culo &#8211; Revista do Patrim\u00f4nio Cultural, v. 1, p. 81-103, 2016.<\/a><\/li><li><a href=\"https:\/\/www.redalyc.org\/articulo.oa?id=399362311015\" data-type=\"URL\" data-id=\"https:\/\/www.redalyc.org\/articulo.oa?id=399362311015\">MACHADO, A. F.;&nbsp;Paglioto, B&nbsp;; CUNHA, M. H. O ACESSO DE ALUNOS DE ESCOLAS P\u00daBLICAS AO CIRCUITO LIBERDADE: AN\u00c1LISE DE UM PROJETO PILOTO. Educa\u00e7\u00e3o em Revista (UFMG), v. 32, p. 317-347, 2016.<\/a><\/li><\/ul>\n\n\n\n<h2 class=\"has-normal-font-size wp-block-heading\">2015<\/h2>\n\n\n\n<ul class=\"wp-block-list\"><li><a href=\"https:\/\/www.researchgate.net\/publication\/271963771_FACTORS_ASSOCIATED_TO_ART_MUSEUM_VISITATION_The_Inhotim_Case\" data-type=\"URL\" data-id=\"https:\/\/www.researchgate.net\/publication\/271963771_FACTORS_ASSOCIATED_TO_ART_MUSEUM_VISITATION_The_Inhotim_Case\">FARIA, D.;&nbsp;MACHADO, A. F. FACTORS ASSOCIATED TO ART MUSEUM VISITATION: THE INHOTIM CASE. Business Management Review (BMR), v. 5, p. 196-207, 2015.<\/a><\/li><\/ul>\n\n\n\n<h2 class=\"has-normal-font-size wp-block-heading\">2013<\/h2>\n\n\n\n<ul class=\"wp-block-list\"><li><a href=\"https:\/\/www.scirp.org\/journal\/paperinformation.aspx?paperid=40655\" data-type=\"URL\" data-id=\"https:\/\/www.scirp.org\/journal\/paperinformation.aspx?paperid=40655\">MACHADO, A. F.;&nbsp;DINIZ, S. C.;&nbsp;SIMOES, R. F. Urban amenities and the development of creative clusters: the case of Brazil. Current Urban Studies, v. 1, p. 92-101, 2013.<\/a><\/li><li><a href=\"https:\/\/link.springer.com\/article\/10.1007\/s10824-013-9210-1\" data-type=\"URL\" data-id=\"https:\/\/link.springer.com\/article\/10.1007\/s10824-013-9210-1\">MACHADO, A. F.; RABELO, A.;&nbsp;MOREIRA, A. G. Specificities of the artistic cultural labor market in Brazilian metropolitan regions between 2002 and 2010. Journal of Cultural Economics, v. 38, p. 237-251, 2013.<\/a><\/li><\/ul>\n\n\n\n<h2 class=\"has-normal-font-size wp-block-heading\">2012<\/h2>\n\n\n\n<ul class=\"wp-block-list\"><li><a href=\"https:\/\/www.revistas.usp.br\/ee\/article\/view\/47016\" data-type=\"URL\" data-id=\"https:\/\/www.revistas.usp.br\/ee\/article\/view\/47016\">MACHADO, A. F.;&nbsp;PAGLIOTO, B. Perfil dos frequentadores de atividades culturais: o caso nas metr\u00f3poles brasileiras. Estudos Econ\u00f4micos (S\u00e3o Paulo. Impresso), v. 42, p. 701-730, 2012.<\/a><\/li><\/ul>\n\n\n\n<h2 class=\"has-normal-font-size wp-block-heading\">2011<\/h2>\n\n\n\n<ul class=\"wp-block-list\"><li><a href=\"https:\/\/link.springer.com\/article\/10.1007\/s10824-010-9129-8\" data-type=\"URL\" data-id=\"https:\/\/link.springer.com\/article\/10.1007\/s10824-010-9129-8\">DINIZ, S. C.;&nbsp;MACHADO, A. F.&nbsp;Analysis of the Consumption of Artistic-Cultural Goods and Services in Brazil. Journal of Cultural Economics, v. 35, p. 1-18, 2011.<\/a><\/li><\/ul>\n\n\n\n<h2 class=\"has-medium-font-size wp-block-heading\" style=\"font-weight:700\">Book Chapters<\/h2>\n\n\n\n<h2 class=\"has-normal-font-size wp-block-heading\">2020<\/h2>\n\n\n\n<ul class=\"wp-block-list\"><li>PARIS, D. ; MELO, A.M ;&nbsp;MACHADO, A. F.&nbsp;; CAVALCANTE, A. ; PAGLIOTO, B. F. Nouvelle \u00e9conomie, cr\u00e9ation de valeur dans la villeet partage de la richesse \u00e0 Lille et Belo Horizonte. In: Pauline Bosredon, Fr\u00e9d\u00e9ric Dumont, Alexandre Magno Alves Diniz, Ana Maria Melo. (Org.). Richesses en partage au Br\u00e9sil et en France Approches socio-spatiales crois\u00e9es dans le Minas Gerais et le Nord-Pas de Calais. 1ed.Lille: Presses Universitaires du Septentrion, 2020, v. 1, p. 30-50.<\/li><\/ul>\n\n\n\n<h2 class=\"has-normal-font-size wp-block-heading\">2018<\/h2>\n\n\n\n<ul class=\"wp-block-list\"><li>MACHADO, A. F.; MICHEL, R. C. A rela\u00e7\u00e3o entre cultura e inova\u00e7\u00e3o: perspectiva te\u00f3rica e m\u00e9trica alternativa. In: M\u00f4nica Viegas Andrade e Eduardo da Motta e Albuquerque. (Org.). Alternativas para uma crise de m\u00faltiplas dimens\u00f5es. 1ed.: , 2018, v. 1, p. 345-357.<\/li><\/ul>\n\n\n\n<h2 class=\"has-normal-font-size wp-block-heading\">2017<\/h2>\n\n\n\n<ul class=\"wp-block-list\"><li>MACHADO, A. F. A cultura e a din\u00e2mica do capital. In: Eduardo da Mota e Albuquerque. (Org.). Metamorfoses do Capitalismo e Processos de Catch-up. 1ed.Belo Horizonte: Editora UFMG, 2017, v. 1, p. 109-120.<\/li><li>MACHADO, A. F.;&nbsp;FARIA, D.;&nbsp;DINIZ, S. C.; PAGLIOTO, B. F.; MICHEL, R. C.; MELO, G. V. The evaluation of public goods: Systems Thinking in the case of Circuito Liberdade. In: Yuha Jung; Rowson Love. (Org.). Systems thinking in museums: theory and practice. 1ed.: Rowman &amp; Littefield, 2017, v. 1, p. 131-145.<\/li><li>MACHADO, A. F.; VASCONCELOS, G.; PAGLIOTO, B. F. As atividades da economia criativa em Belo Horizonte e RMBH sob a perspectiva do empreendimento e emprego. In: Jo\u00e3o Luiz de Figueiredo e Diego Santos Vieira de Jesus. (Org.). Cidades criativas: Aspectos setoriais e territoriais. 1ed.Rio de Janeiro: Editora E-papers, 2017, v. 1, p. 13-48.<\/li><li>MACHADO, A. F.; MICHEL, R. C. Economia criativa e economia colaborativa sob a \u00e9gide da digitaliza\u00e7\u00e3o. In: Ros\u00e2ngela M\u00edriam Lemos Oliveira Mendon\u00e7a ; Maria Fl\u00e1via Vanucci de Moraes ; Marco T\u00falio Ferreira Monteiro. (Org.). Economia criativa: inova\u00e7\u00e3o e desenvolvimento: Publica\u00e7\u00e3o do Programa Institucional de Extens\u00e3o em Cultura e Desenvolvimento. 1ed.Belo Horizonte: EdUEMG, 2017, v. 1, p. 46-61.<\/li><\/ul>\n\n\n\n<h2 class=\"has-normal-font-size wp-block-heading\">2016<\/h2>\n\n\n\n<ul class=\"wp-block-list\"><li>MACHADO, A. F. Economia da Cultura e Economia Criativa:consensos e dissensos. In: Cl\u00e1udia Leit\u00e3o; Ana Fl\u00e1via Machado. (Org.). Por um Brasil Criativo: Significados, Desafios e Perspectivas da Economia Criativa Brasileira. 1ed.Belo Horizonte: C\u00f3digo Editora, 2016, v. 1, p. 53-62.<\/li><li>MACHADO, A. F.;&nbsp;DINIZ, S. C.&nbsp;;&nbsp;NASCIMENTO, J.&nbsp;;&nbsp;MAIA, R.&nbsp;. Desenvolvimento urbano, Economia Criativa e produ\u00e7\u00e3o solid\u00e1ria em uma metr\u00f3pole brasileira. In: Claudia Leit\u00e3o; Ana Fl\u00e1via Machado. (Org.). Por um Brasil Criativo: Significados, Desafios e Perspectivas da Economia Criativa Brasileira. 1ed.Belo Horizonte: C\u00f3digo, 2016, v. 1, p. 239-268.<\/li><\/ul>\n\n\n\n<h2 class=\"has-medium-font-size wp-block-heading\" style=\"font-weight:700\">Discussion Papers<\/h2>\n\n\n\n<ul class=\"wp-block-list\"><li><a href=\"http:\/\/www.cedeplar.ufmg.br\/pesquisas\/td\/TD%20634.pdf\" data-type=\"URL\" data-id=\"http:\/\/www.cedeplar.ufmg.br\/pesquisas\/td\/TD%20634.pdf\">MACHADO, A. F.; MICHEL, R. C.; GUIMARAES, A. D.; MELO, G. V. Economia Criativa Brasileira no S\u00e9culo XXI e os Efeitos da Pandemia: an\u00e1lise cr\u00edtica de uma trajet\u00f3ria. Belo Horizonte: CEDEPLAR, 2021 (Texto para Discuss\u00e3o 634).<\/a><\/li><li><a href=\"https:\/\/www.cedeplar.ufmg.br\/noticias\/1235-nota-tecnica-efeitos-da-covid-19-na-economia-da-cultura-no-brasil#:~:text=Em%20termos%20monet%C3%A1rios%2C%20o%20impacto,6%20a%20menos%20na%20economia.\" data-type=\"URL\" data-id=\"https:\/\/www.cedeplar.ufmg.br\/noticias\/1235-nota-tecnica-efeitos-da-covid-19-na-economia-da-cultura-no-brasil#:~:text=Em%20termos%20monet%C3%A1rios%2C%20o%20impacto,6%20a%20menos%20na%20economia.\">MACHADO, A. F.; FREIRE, D.; MICHEL, R. C.; MELO, G. V.; GUIMARAES, A. D. Efeitos da Covid-19 na Economia da Cultura no Brasil 2020 (Nota T\u00e9cnica).<\/a><\/li><\/ul>\n\n\n\n<h2 class=\"has-medium-font-size wp-block-heading\" style=\"font-weight:700\"><strong>Book Organization<\/strong><\/h2>\n\n\n\n<ul class=\"wp-block-list\"><li><a href=\"https:\/\/www.ufmg.br\/espacodoconhecimento\/a-margem-agua-cultura-e-territorio\/\" data-type=\"URL\" data-id=\"https:\/\/www.ufmg.br\/espacodoconhecimento\/a-margem-agua-cultura-e-territorio\/\">CARVALHO, T. B. (Org.); LIMA, D. (Org.); FERREIRA, J. (Org.);&nbsp;MACHADO, A. F.&nbsp;(Org.). \u00c0 Margem: \u00e1gua, cultura e territ\u00f3rio. 1. ed. Rio de Janeiro: MC&amp;Design, 2017. v. 1000. 130p.<\/a><\/li><li><a href=\"https:\/\/bdmgcultural.mg.gov.br\/biblioteca\/por-um-brasil-criativo-significados-desafios-e-perspectivas-da-economia-criativa-brasileira\/\" data-type=\"URL\" data-id=\"https:\/\/bdmgcultural.mg.gov.br\/biblioteca\/por-um-brasil-criativo-significados-desafios-e-perspectivas-da-economia-criativa-brasileira\/\">LEITAO, C. (Org.);&nbsp;MACHADO, A. F.&nbsp;(Org.). Por um Brasil Criativo: significados, desafios e perspectivas da Economia Criativa brasileira. 1. ed. Belo Horizonte: C\u00f3digo Editora, 2016. v. 1. 384p.<\/a><\/li><\/ul>\n","protected":false},"excerpt":{"rendered":"<p>Journal Articles 2020 MELO, G. V. ;&nbsp;MACHADO, A. F.&nbsp;; CARVALHO, L.R. Music consumption in Brazil: an analysis of streaming reproductions. PRAGMATIZES- REVISTA LATINO AMERICANA DE ESTUDOS EM CULTURA, v. 10, p. 141-169, 2020. GUIMARAES, A. D. ; Ribeiro, S.B ;&nbsp;MACHADO, A. F. Repercussion of the label in a comparative analysis [&hellip;]<\/p>\n","protected":false},"author":33,"featured_media":0,"parent":0,"menu_order":0,"comment_status":"closed","ping_status":"closed","template":"","meta":{"_crdt_document":"","content-type":"","_exactmetrics_skip_tracking":false,"_exactmetrics_sitenote_active":false,"_exactmetrics_sitenote_note":"","_exactmetrics_sitenote_category":0,"footnotes":""},"class_list":["post-303","page","type-page","status-publish","hentry"],"_links":{"self":[{"href":"https:\/\/pesquisas.face.ufmg.br\/ecult\/wp-json\/wp\/v2\/pages\/303","targetHints":{"allow":["GET"]}}],"collection":[{"href":"https:\/\/pesquisas.face.ufmg.br\/ecult\/wp-json\/wp\/v2\/pages"}],"about":[{"href":"https:\/\/pesquisas.face.ufmg.br\/ecult\/wp-json\/wp\/v2\/types\/page"}],"author":[{"embeddable":true,"href":"https:\/\/pesquisas.face.ufmg.br\/ecult\/wp-json\/wp\/v2\/users\/33"}],"replies":[{"embeddable":true,"href":"https:\/\/pesquisas.face.ufmg.br\/ecult\/wp-json\/wp\/v2\/comments?post=303"}],"version-history":[{"count":4,"href":"https:\/\/pesquisas.face.ufmg.br\/ecult\/wp-json\/wp\/v2\/pages\/303\/revisions"}],"predecessor-version":[{"id":309,"href":"https:\/\/pesquisas.face.ufmg.br\/ecult\/wp-json\/wp\/v2\/pages\/303\/revisions\/309"}],"wp:attachment":[{"href":"https:\/\/pesquisas.face.ufmg.br\/ecult\/wp-json\/wp\/v2\/media?parent=303"}],"curies":[{"name":"wp","href":"https:\/\/api.w.org\/{rel}","templated":true}]}}