{"id":28,"date":"2021-11-17T23:07:50","date_gmt":"2021-11-18T02:07:50","guid":{"rendered":"https:\/\/pesquisas.face.ufmg.br\/ecult\/?page_id=28"},"modified":"2026-04-08T09:38:19","modified_gmt":"2026-04-08T12:38:19","slug":"publicacoes","status":"publish","type":"page","link":"https:\/\/pesquisas.face.ufmg.br\/ecult\/publicacoes\/","title":{"rendered":"Publica\u00e7\u00f5es"},"content":{"rendered":"\n<h2 class=\"wp-block-heading has-medium-font-size\" style=\"font-style:normal;font-weight:700\">Artigos em Peri\u00f3dicos<\/h2>\n\n\n\n<h2 class=\"wp-block-heading\"><strong>202<\/strong>6<\/h2>\n\n\n\n<p class=\"wp-block-paragraph\"><a href=\"https:\/\/revistas.unal.edu.co\/index.php\/ceconomia\">Machado, A. F., Antigo, M. F., Guimar\u00e3es, A. D., Ribeiro, S., Guimar\u00e3es, M. E., Carielo, F., &amp; Sulurico, J. Survival in the arts occupations: the case of Brazil.<\/a><\/p>\n\n\n\n<h2 class=\"wp-block-heading\"><strong>202<\/strong>5<\/h2>\n\n\n\n<p class=\"wp-block-paragraph\"><a href=\"https:\/\/www.tandfonline.com\/doi\/abs\/10.1080\/09548963.2025.2604800\" data-type=\"link\" data-id=\"https:\/\/www.tandfonline.com\/doi\/abs\/10.1080\/09548963.2025.2604800\">Cultural workers during the COVID-19 pandemic: an analysis of mobility in the workplace. &#8211; Lucas Ribas e Ana Fl\u00e1via Machado. Cultural Trends, p. 1-21, 2025.<\/a><\/p>\n\n\n\n<p class=\"wp-block-paragraph\"><a href=\"https:\/\/econpapers.repec.org\/scripts\/redir.pf?u=https%3A%2F%2Fwww.cedeplar.ufmg.br%2Fpesquisas%2Ftd%2FTD%2520686.pdf;h=repec:cdp:texdis:td686\" data-type=\"link\" data-id=\"https:\/\/econpapers.repec.org\/scripts\/redir.pf?u=https%3A%2F%2Fwww.cedeplar.ufmg.br%2Fpesquisas%2Ftd%2FTD%2520686.pdf;h=repec:cdp:texdis:td686\">ARTISTS IN LOVE WITH WORK? AN ANALYSIS OF THE BRAZILIAN URBAN AREAS &#8211; Ana Machado, Mariangela Antigo, Izabel Oliveira, Lucas Ribas, Lorena Auareck, Cinthia Silva and Glenda Gomes. Texto para Discuss\u00e3o Cedeplar n\u00ba 20.686<\/a><a href=\"https:\/\/www.tandfonline.com\/doi\/abs\/10.1080\/09654313.2025.2580385\" data-type=\"link\" data-id=\"https:\/\/periodicos.ufba.br\/index.php\/pculturais\/article\/view\/64420\"><\/a><\/p>\n\n\n\n<p class=\"wp-block-paragraph\"><a href=\"https:\/\/revistas.unal.edu.co\/index.php\/ceconomia\/issue\/view\/6452\/2221\" data-type=\"link\" data-id=\"https:\/\/revistas.unal.edu.co\/index.php\/ceconomia\/issue\/view\/6452\/2221\">CULTURAL ECONOMICS IN IBERO-AMERICA \u2013 Editores: Luiz F. Aguado e Ana Fl\u00e1via Machado<\/a><\/p>\n\n\n\n<p class=\"wp-block-paragraph\"><a href=\"https:\/\/www.tandfonline.com\/doi\/abs\/10.1080\/09654313.2025.2580385\" data-type=\"link\" data-id=\"https:\/\/periodicos.ufba.br\/index.php\/pculturais\/article\/view\/64420\"><\/a>DESIGUALDADES NO SETOR ART\u00cdSTICO, CULTURAL E CRIATIVO BRASILEIRO: UMA AN\u00c1LISE A PARTIR DOS C\u00cdRCULOS CONC\u00caNTRICOS DE THROSBY\u2013 Ana Fl\u00e1via Machado; Mariangela Furlan Antigo;Jo\u00e3o Luiz de Figueiredo \u2013 Emprego, renda e desigualdades: o mercado de trabalho na economia cultural brasileira. 1. ed, Cap\u00edtulo 1. 2025. (Publica\u00e7\u00e3o exclusiva em formato f\u00edsico) <\/p>\n\n\n\n<p class=\"wp-block-paragraph\"><a href=\"https:\/\/www.tandfonline.com\/doi\/abs\/10.1080\/09654313.2025.2580385\" data-type=\"link\" data-id=\"https:\/\/periodicos.ufba.br\/index.php\/pculturais\/article\/view\/64420\"><\/a><a href=\"https:\/\/www.tandfonline.com\/doi\/abs\/10.1080\/09654313.2025.2580385\" data-type=\"link\" data-id=\"https:\/\/www.tandfonline.com\/doi\/abs\/10.1080\/09654313.2025.2580385\">Evidence of creative clusters in Portugal \u2013 Ana Fl\u00e1via Machado; C\u00edntia Santos Silva; Leonardo Riberiro; Pedro Costa \u2013 European Planning Studies, p. 1-24, 2025.<\/a><\/p>\n\n\n\n<p class=\"wp-block-paragraph\"><a href=\"https:\/\/periodicos.ufba.br\/index.php\/pculturais\/article\/view\/64420\" data-type=\"link\" data-id=\"https:\/\/periodicos.ufba.br\/index.php\/pculturais\/article\/view\/64420\">Pol\u00edticas p\u00fablicas para o cinema brasileiro entre 2008 e 2019: uma an\u00e1lise da efic\u00e1cia da Lei do Audiovisual e do Fundo Setorial do Audiovisual \u2013 Maria Eduarda Guimar\u00e3es e Sousa; Ana Fl\u00e1via Machado \u2013 Pol\u00edticas Culturais em Revista, v. 18, n. 1 \u2013 2025.<\/a><\/p>\n\n\n\n<p class=\"wp-block-paragraph\"><a href=\"https:\/\/dialogo.espm.br\/revistadcec-rj\/article\/view\/556\/506\" data-type=\"link\" data-id=\"https:\/\/dialogo.espm.br\/revistadcec-rj\/article\/view\/556\/506\">How to make a hit: factors associated with music consumption on Spotify \u2013 Gabriel Henrique Galv\u00e3o; Ana Fl\u00e1via Machado; Lucas Resende de Carvalho \u2013 Di\u00e1logo com a Economia Criativa, v. 10, n. 28 \u2013 2025. https:\/\/doi.org\/10.22398\/2525-2828.1028112-134<\/a><\/p>\n\n\n\n<h2 class=\"wp-block-heading\"><strong>2024<\/strong><\/h2>\n\n\n\n<p class=\"wp-block-paragraph\"><a href=\"https:\/\/ppe.ipea.gov.br\/index.php\/ppe\/article\/view\/2371\" data-type=\"link\" data-id=\"https:\/\/ppe.ipea.gov.br\/index.php\/ppe\/article\/view\/2371\">O Trabalho dos m\u00fasicos no Brasil: uma an\u00e1lise das desigualdades entre 2012 e 2021 \u2013 Mariangela Furlan Antigo; Ana Fl\u00e1via Machado; Jonas da Silva Henrique \u2013 IPEA \u2013 2024.<\/a><\/p>\n\n\n\n<p class=\"wp-block-paragraph\"><a href=\"https:\/\/ciencia.iscte-iul.pt\/publications\/artists-territories-and-cultural-policy-recent-dynamics-in-three-portuguese-cities\/107591\">Artists, territories and cultural policy: recent dynamics in three Portuguese cities \u2013 Ana Fl\u00e1via Machado; Pedro Costa \u2013 Journal of Tourism and Cultural Change, p. 1\u201323 \u2013 2024.<\/a><\/p>\n\n\n\n<p class=\"wp-block-paragraph\"><a href=\"https:\/\/journals.openedition.org\/cidades\/8932\" data-type=\"link\" data-id=\"https:\/\/journals.openedition.org\/cidades\/8932\">Creative dynamics in districts of large Brazilian metropolises: Botafogo (RJ) and Santa Tereza (BH) \u2013 J. L. F.; Ana Fl\u00e1via Machado; Mariangela Antigo; S. B. Correa; V. J. C. Dubeux \u2013 Cidades, Comunidades e Territ\u00f3rios, v. 48, p. 96\u2013114 <\/a><a href=\"https:\/\/journals.openedition.org\/cidades\/8932\">\u2013 2024<\/a>.<a href=\"https:\/\/journals.openedition.org\/cidades\/8932\">https:\/\/journals.openedition.org\/cidades\/8932<\/a><\/p>\n\n\n\n<h2 class=\"wp-block-heading\"><strong>2023<\/strong><\/h2>\n\n\n\n<p class=\"wp-block-paragraph\"><a href=\"https:\/\/www.tandfonline.com\/doi\/full\/10.1080\/09548963.2023.2193874\">The show must go on: proposals to measure the economic value of Grassroots Music Venues \u2013 Maria Lu\u00edsa Zarur Guarisa; Jo\u00e3o Luiz de Figueiredo; Ana Fl\u00e1via Machado \u2013 Cultural Trends, p. 1\u201318 \u2013 2023.<\/a><\/p>\n\n\n\n<h2 class=\"wp-block-heading has-normal-font-size\">2022<\/h2>\n\n\n\n<p class=\"wp-block-paragraph\"><a href=\"https:\/\/dialogo.espm.br\/revistadcec-rj\/article\/view\/401\" data-type=\"URL\" data-id=\"https:\/\/dialogo.espm.br\/revistadcec-rj\/article\/view\/401\">The experience of UNESCO Creative Cities in the context of COVID-19: a case study of Brazilian cities \u2013 Ana Fl\u00e1via Machado; A. D. Guimar\u00e3es; R. C. Michel; G. V. Melo; J. P. Bittencourt \u2013 Di\u00e1logo com a Economia Criativa, v. 7, p. 118\u2013136 \u2013 2022.<\/a><\/p>\n\n\n\n<p class=\"wp-block-paragraph\"><a href=\"https:\/\/periodicos.uff.br\/pragmatizes\/article\/view\/54844\">Cidades criativas brasileiras da gastronomia: hist\u00f3rico e viv\u00eancia na pandemia da COVID-19 \u2013 Ana Fl\u00e1via Machado; A. D. Guimar\u00e3es; G. V. Melo; L. F. Auarek \u2013 PragMATIZES \u2013 Revista Latino-Americana de Estudos em Cultura, v. 12, p. 277\u2013293 \u2013 2022.<\/a><\/p>\n\n\n\n<p class=\"wp-block-paragraph\"><a href=\"https:\/\/www.bnb.gov.br\/revista\/index.php\/ren\/article\/view\/1324\">Efeitos da Covid-19 na Economia da Cultura no Brasil \u2013 Ana Fl\u00e1via Machado; D. Freire; R. C. Michel; G. V. Melo; A. D. Guimar\u00e3es \u2013 Revista Econ\u00f4mica do Nordeste, v. 53, p. 124\u2013136 \u2013 2022.<\/a><\/p>\n\n\n\n<p class=\"wp-block-paragraph\"><a href=\"https:\/\/link.springer.com\/article\/10.1007\/s10824-022-09467-2\">Work satisfaction and job permanence in artistic careers: the case of musicians in Belo Horizonte, Brazil \u2013 Jonas da Silva Henrique; Ana Fl\u00e1via Machado; Mariangela Furlan Antigo \u2013 Journal of Cultural Economics, p. 1\u201326 \u2013 2022.<\/a><\/p>\n\n\n\n<h2 class=\"wp-block-heading has-normal-font-size\">2020<\/h2>\n\n\n\n<p class=\"wp-block-paragraph\"><a href=\"https:\/\/periodicos.uff.br\/pragmatizes\/article\/view\/40565\" data-type=\"URL\" data-id=\"https:\/\/periodicos.uff.br\/pragmatizes\/article\/view\/40565\">Music consumption in Brazil: an analysis of streaming reproductions \u2013 G. V. Melo; Ana Fl\u00e1via Machado; L. R. Carvalho \u2013 PragMATIZES \u2013 Revista Latino-Americana de Estudos em Cultura, v. 10, p. 141\u2013169 \u2013 2020.<\/a><\/p>\n\n\n\n<p class=\"wp-block-paragraph\"><a href=\"https:\/\/www.tandfonline.com\/doi\/abs\/10.1080\/17510694.2020.1796461\" data-type=\"URL\" data-id=\"https:\/\/www.tandfonline.com\/doi\/abs\/10.1080\/17510694.2020.1796461\">Repercussion of the label in a comparative analysis of indicators \u2013 A. D. Guimar\u00e3es; S. B. Ribeiro; Ana Fl\u00e1via Machado \u2013 Creative Industries Journal, v. 14, p. 1\u201317 \u2013 2020.<\/a><\/p>\n\n\n\n<p class=\"wp-block-paragraph\"><a href=\"https:\/\/periodicos.ufmg.br\/index.php\/revistadaufmg\/article\/view\/20966\/28598\" data-type=\"URL\" data-id=\"https:\/\/periodicos.ufmg.br\/index.php\/revistadaufmg\/article\/view\/20966\/28598\">Estimating losses in cultural assets and cultural activities following the Fund\u00e3o Dam rupture in Mariana, Minas Gerais, Brazil \u2013 S. C. Diniz; Ana Fl\u00e1via Machado; J. M. N. Dias; J. S. Henrique; N. F. Faria; V. M. S. Hosken \u2013 Revista da Universidade Federal de Minas Gerais, v. 27, p. 207\u2013225 \u2013 2020.<\/a><\/p>\n\n\n\n<h2 class=\"wp-block-heading has-normal-font-size\">2019<\/h2>\n\n\n\n<p class=\"wp-block-paragraph\"><a href=\"https:\/\/www.scirp.org\/pdf\/TEL_2019061415184696.pdf\" data-type=\"URL\" data-id=\"https:\/\/www.scirp.org\/pdf\/TEL_2019061415184696.pdf\">Economic Impacts of the Vale-Cultura (Culture Voucher): A Computable General Equilibrium Model \u2013 G. F. Souza; Ana Fl\u00e1via Machado; E. Domingues \u2013 Theoretical Economics Letters, v. 9, p. 1411\u20131433 \u2013 2019.<\/a><\/p>\n\n\n\n<p class=\"wp-block-paragraph\"><a href=\"https:\/\/www.scielo.br\/j\/neco\/a\/SwVfcHKGGdvQhLV7PgYhFHB\/?format=pdf&amp;lang=pt\" data-type=\"URL\" data-id=\"https:\/\/www.scielo.br\/j\/neco\/a\/SwVfcHKGGdvQhLV7PgYhFHB\/?format=pdf&amp;lang=pt\">M\u00fasica, redes e tecnologia na periferia: um estudo acerca dos impactos tecnol\u00f3gicos na produ\u00e7\u00e3o de rap na Zona Sul de S\u00e3o Paulo \u2013 R. C. Michel; Ana Fl\u00e1via Machado; N. Satyro \u2013 Nova Economia (UFMG. Impresso), v. 29, p. 1277\u20131303 \u2013 2019.<\/a><\/p>\n\n\n\n<p class=\"wp-block-paragraph\"><a href=\"https:\/\/revistas.face.ufmg.br\/index.php\/novaeconomia\/article\/view\/5889\" data-type=\"URL\" data-id=\"https:\/\/revistas.face.ufmg.br\/index.php\/novaeconomia\/article\/view\/5889\">O espa\u00e7o da cultura em Minas Gerais: aglomera\u00e7\u00f5es territoriais, desenvolvimento socioecon\u00f4mico e concentra\u00e7\u00e3o regional entre 1920 e 2010 \u2013 C. Dias; Ana Fl\u00e1via Machado; V. M. S. Hosken \u2013 Nova Economia (UFMG. Impresso), v. 29, p. 1195\u20131220 \u2013 2019.<\/a><\/p>\n\n\n\n<h2 class=\"wp-block-heading has-normal-font-size\">2018<\/h2>\n\n\n\n<p class=\"wp-block-paragraph\"><a href=\"https:\/\/www.scirp.org\/journal\/paperinformation.aspx?paperid=84715\" data-type=\"URL\" data-id=\"https:\/\/www.scirp.org\/journal\/paperinformation.aspx?paperid=84715\">Creative Industries in Brazil: Analysis of Specifics Cases for a Country in Development \u2013 Ana Fl\u00e1via Machado; T. B. Carvalho; B. F. Paglioto \u2013 Theoretical Economics Letters, v. 8, p. 1348\u20131367 \u2013 2018.<\/a><\/p>\n\n\n\n<h2 class=\"wp-block-heading has-normal-font-size\">2017<\/h2>\n\n\n\n<p class=\"wp-block-paragraph\"><a href=\"https:\/\/revistas.face.ufmg.br\/index.php\/novaeconomia\/article\/view\/3115\" data-type=\"URL\" data-id=\"https:\/\/revistas.face.ufmg.br\/index.php\/novaeconomia\/article\/view\/3115\">Consumption of cultural goods and services and time allocation in Brazil \u2013 Ana Fl\u00e1via Machado; Andr\u00e9 Golgher; S. C. Diniz; L. D. Gama \u2013 Nova Economia (UFMG. Impresso), v. 27, p. 35\u201363 \u2013 2017.<\/a><\/p>\n\n\n\n<p class=\"wp-block-paragraph\"><a href=\"https:\/\/www.bnb.gov.br\/revista\/index.php\/ren\/article\/view\/436\" data-type=\"URL\" data-id=\"https:\/\/www.bnb.gov.br\/revista\/index.php\/ren\/article\/view\/436\">Museu da Gente Sergipana: um exerc\u00edcio de valora\u00e7\u00e3o econ\u00f4mica \u2013 F. Esperidi\u00e3o; D. Matos; Ana Fl\u00e1via Machado \u2013 Revista Econ\u00f4mica do Nordeste, v. 48, p. 147\u2013156 \u2013 2017.<\/a><\/p>\n\n\n\n<h2 class=\"wp-block-heading has-normal-font-size\">2016<\/h2>\n\n\n\n<p class=\"wp-block-paragraph\"><a href=\"https:\/\/periodicos.uff.br\/pragmatizes\/article\/view\/10423\" data-type=\"URL\" data-id=\"https:\/\/periodicos.uff.br\/pragmatizes\/article\/view\/10423\">Museus no Brasil: an\u00e1lise socioecon\u00f4mica de perfis \u2013 Ana Fl\u00e1via Machado; N. Souza; L. Machado \u2013 PragMATIZES \u2013 Revista Latino-Americana de Estudos em Cultura, v. 10, p. 38\u201353 \u2013 2016.<\/a><\/p>\n\n\n\n<p class=\"wp-block-paragraph\"><a href=\"http:\/\/www.iepha.mg.gov.br\/index.php\/publicacoes\/revista-oculo\/Publication\/13-Revista-Oculo---N01---2016\" data-type=\"URL\" data-id=\"http:\/\/www.iepha.mg.gov.br\/index.php\/publicacoes\/revista-oculo\/Publication\/13-Revista-Oculo---N01---2016\">Turismo, Patrim\u00f4nio e Revitaliza\u00e7\u00e3o \u2013 o territ\u00f3rio do Circuito Cultural Pra\u00e7a da Liberdade \u2013 D. Faria; Ana Fl\u00e1via Machado; B. F. Paglioto; L. F. Dutra \u2013 \u00d3culo \u2013 Revista do Patrim\u00f4nio Cultural, v. 1, p. 81\u2013103 \u2013 2016.<\/a><\/p>\n\n\n\n<p class=\"wp-block-paragraph\"><a href=\"https:\/\/www.redalyc.org\/articulo.oa?id=399362311015\" data-type=\"URL\" data-id=\"https:\/\/www.redalyc.org\/articulo.oa?id=399362311015\">O acesso de alunos de escolas p\u00fablicas ao Circuito Liberdade: an\u00e1lise de um projeto piloto \u2013 Ana Fl\u00e1via Machado; B. Paglioto; M. H. Cunha \u2013 Educa\u00e7\u00e3o em Revista (UFMG), v. 32, p. 317\u2013347 \u2013 2016.<\/a><\/p>\n\n\n\n<h2 class=\"wp-block-heading has-normal-font-size\">2015<\/h2>\n\n\n\n<p class=\"wp-block-paragraph\"><a href=\"https:\/\/www.researchgate.net\/publication\/271963771_FACTORS_ASSOCIATED_TO_ART_MUSEUM_VISITATION_The_Inhotim_Case\" data-type=\"URL\" data-id=\"https:\/\/www.researchgate.net\/publication\/271963771_FACTORS_ASSOCIATED_TO_ART_MUSEUM_VISITATION_The_Inhotim_Case\">Factors associated to art museum visitation: the Inhotim case \u2013 D. Faria; Ana Fl\u00e1via Machado \u2013 Business Management Review (BMR), v. 5, p. 196\u2013207 \u2013 2015.<\/a><\/p>\n\n\n\n<h2 class=\"wp-block-heading has-normal-font-size\">2013<\/h2>\n\n\n\n<p class=\"wp-block-paragraph\"><a href=\"https:\/\/www.scirp.org\/journal\/paperinformation.aspx?paperid=40655\" data-type=\"URL\" data-id=\"https:\/\/www.scirp.org\/journal\/paperinformation.aspx?paperid=40655\">Urban amenities and the development of creative clusters: the case of Brazil \u2013 Ana Fl\u00e1via Machado; S. C. Diniz; R. F. Sim\u00f5es \u2013 Current Urban Studies, v. 1, p. 92\u2013101 \u2013 2013.<\/a><\/p>\n\n\n\n<p class=\"wp-block-paragraph\"><a href=\"https:\/\/link.springer.com\/article\/10.1007\/s10824-013-9210-1\" data-type=\"URL\" data-id=\"https:\/\/link.springer.com\/article\/10.1007\/s10824-013-9210-1\">Specificities of the artistic cultural labor market in Brazilian metropolitan regions between 2002 and 2010 \u2013 Ana Fl\u00e1via Machado; A. Rabelo; A. G. Moreira \u2013 Journal of Cultural Economics, v. 38, p. 237\u2013251 \u2013 2013.<\/a><\/p>\n\n\n\n<h2 class=\"wp-block-heading has-normal-font-size\">2012<\/h2>\n\n\n\n<p class=\"wp-block-paragraph\"><a href=\"https:\/\/www.revistas.usp.br\/ee\/article\/view\/47016\" data-type=\"URL\" data-id=\"https:\/\/www.revistas.usp.br\/ee\/article\/view\/47016\">Perfil dos frequentadores de atividades culturais: o caso nas metr\u00f3poles brasileiras \u2013 Ana Fl\u00e1via Machado; B. Paglioto \u2013 Estudos Econ\u00f4micos (S\u00e3o Paulo. Impresso), v. 42, p. 701\u2013730 \u2013 2012.<\/a><\/p>\n\n\n\n<h2 class=\"wp-block-heading has-normal-font-size\">2011<\/h2>\n\n\n\n<p class=\"wp-block-paragraph\"><a href=\"https:\/\/link.springer.com\/article\/10.1007\/s10824-010-9129-8\" data-type=\"URL\" data-id=\"https:\/\/link.springer.com\/article\/10.1007\/s10824-010-9129-8\">Analysis of the Consumption of Artistic-Cultural Goods and Services in Brazil \u2013 S. C. Diniz; Ana Fl\u00e1via Machado \u2013 Journal of Cultural Economics, v. 35, p. 1\u201318 \u2013 2011.<\/a><\/p>\n\n\n\n<h2 class=\"wp-block-heading has-medium-font-size\" style=\"font-weight:700\">Cap\u00edtulos de Livros<\/h2>\n\n\n\n<h2 class=\"wp-block-heading has-normal-font-size\">2022<\/h2>\n\n\n\n<p class=\"wp-block-paragraph\">Grupos de teatro e o trabalho em rede: uma an\u00e1lise da produ\u00e7\u00e3o para a Regi\u00e3o Metropolitana de Belo Horizonte \u2013 R. C. Michel; G. V. Melo; Nayara Fran\u00e7a Carvalho; Ana Fl\u00e1via Machado \u2013 In: Manoel Silvestre Friques (Org.). Teatro brasileiro: engenharias, pol\u00edticas, economias e gest\u00f5es, 1\u00aa ed., Rio de Janeiro: Numa, v. 1, p. 239\u2013269 \u2013 2022.<\/p>\n\n\n\n<h2 class=\"wp-block-heading has-normal-font-size\">2020<\/h2>\n\n\n\n<p class=\"wp-block-paragraph\">Nouvelle \u00e9conomie, cr\u00e9ation de valeur dans la ville et partage de la richesse \u00e0 Lille et Belo Horizonte \u2013 D. Paris; A. M. Melo; Ana Fl\u00e1via Machado; A. Cavalcante; B. F. Paglioto \u2013 In: Pauline Bosredon; Fr\u00e9d\u00e9ric Dumont; Alexandre Magno Alves Diniz; Ana Maria Melo (Orgs.). Richesses en partage au Br\u00e9sil et en France: approches socio-spatiales crois\u00e9es dans le Minas Gerais et le Nord-Pas de Calais, 1\u00aa ed., Lille: Presses Universitaires du Septentrion, v. 1, p. 30\u201350 \u2013 2020.<\/p>\n\n\n\n<h2 class=\"wp-block-heading has-normal-font-size\">2018<\/h2>\n\n\n\n<p class=\"wp-block-paragraph\">A rela\u00e7\u00e3o entre cultura e inova\u00e7\u00e3o: perspectiva te\u00f3rica e m\u00e9trica alternativa \u2013 Ana Fl\u00e1via Machado; R. C. Michel \u2013 In: M\u00f4nica Viegas Andrade; Eduardo da Motta e Albuquerque (Orgs.). Alternativas para uma crise de m\u00faltiplas dimens\u00f5es, 1\u00aa ed., v. 1, p. 345\u2013357 \u2013 2018.<\/p>\n\n\n\n<h2 class=\"wp-block-heading has-normal-font-size\">2017<\/h2>\n\n\n\n<p class=\"wp-block-paragraph\">A cultura e a din\u00e2mica do capital \u2013 Ana Fl\u00e1via Machado \u2013 In: Eduardo da Motta e Albuquerque (Org.). Metamorfoses do Capitalismo e Processos de Catch-up, 1\u00aa ed., Belo Horizonte: Editora UFMG, v. 1, p. 109\u2013120 \u2013 2017.<\/p>\n\n\n\n<p class=\"wp-block-paragraph\">The evaluation of public goods: Systems Thinking in the case of Circuito Liberdade \u2013 Ana Fl\u00e1via Machado; D. Faria; S. C. Diniz; B. F. Paglioto; R. C. Michel; G. V. Melo \u2013 In: Yuha Jung; Rowson Love (Orgs.). Systems Thinking in Museums: Theory and Practice, 1\u00aa ed., Rowman &amp; Littlefield, v. 1, p. 131\u2013145 \u2013 2017.<\/p>\n\n\n\n<p class=\"wp-block-paragraph\">As atividades da economia criativa em Belo Horizonte e RMBH sob a perspectiva do empreendimento e emprego \u2013 Ana Fl\u00e1via Machado; G. Vasconcelos; B. F. Paglioto \u2013 In: Jo\u00e3o Luiz de Figueiredo; Diego Santos Vieira de Jesus (Orgs.). Cidades criativas: Aspectos setoriais e territoriais, 1\u00aa ed., Rio de Janeiro: Editora E-papers, v. 1, p. 13\u201348 \u2013 2017.<\/p>\n\n\n\n<p class=\"wp-block-paragraph\">Economia criativa e economia colaborativa sob a \u00e9gide da digitaliza\u00e7\u00e3o \u2013 Ana Fl\u00e1via Machado; R. C. Michel \u2013 In: Ros\u00e2ngela M\u00edriam Lemos Oliveira Mendon\u00e7a; Maria Fl\u00e1via Vanucci de Moraes; Marco T\u00falio Ferreira Monteiro (Orgs.). Economia criativa: inova\u00e7\u00e3o e desenvolvimento \u2013 Publica\u00e7\u00e3o do Programa Institucional de Extens\u00e3o em Cultura e Desenvolvimento, 1\u00aa ed., Belo Horizonte: EdUEMG, v. 1, p. 46\u201361 \u2013 2017.<\/p>\n\n\n\n<h2 class=\"wp-block-heading has-normal-font-size\">2016<\/h2>\n\n\n\n<p class=\"wp-block-paragraph\">Economia da Cultura e Economia Criativa: consensos e dissensos \u2013 Ana Fl\u00e1via Machado \u2013 In: Cl\u00e1udia Leit\u00e3o; Ana Fl\u00e1via Machado (Orgs.). Por um Brasil Criativo: Significados, Desafios e Perspectivas da Economia Criativa Brasileira, 1\u00aa ed., Belo Horizonte: C\u00f3digo Editora, v. 1, p. 53\u201362 \u2013 2016.<\/p>\n\n\n\n<p class=\"wp-block-paragraph\">Desenvolvimento urbano, Economia Criativa e produ\u00e7\u00e3o solid\u00e1ria em uma metr\u00f3pole brasileira \u2013 Ana Fl\u00e1via Machado; S. C. Diniz; J. Nascimento; R. Maia \u2013 In: Cl\u00e1udia Leit\u00e3o; Ana Fl\u00e1via Machado (Orgs.). Por um Brasil Criativo: Significados, Desafios e Perspectivas da Economia Criativa Brasileira, 1\u00aa ed., Belo Horizonte: C\u00f3digo Editora, v. 1, p. 239\u2013268 \u2013 2016.<\/p>\n\n\n\n<h2 class=\"wp-block-heading has-medium-font-size\" style=\"font-weight:700\">Textos para Discuss\u00e3o<\/h2>\n\n\n\n<p class=\"wp-block-paragraph\"><a href=\"http:\/\/www.cedeplar.ufmg.br\/pesquisas\/td\/TD%20634.pdf\" data-type=\"URL\" data-id=\"http:\/\/www.cedeplar.ufmg.br\/pesquisas\/td\/TD%20634.pdf\">Economia Criativa Brasileira no S\u00e9culo XXI e os Efeitos da Pandemia: an\u00e1lise cr\u00edtica de uma trajet\u00f3ria \u2013 Ana Fl\u00e1via Machado; R. C. Michel; A. D. Guimar\u00e3es; G. V. Melo \u2013 Belo Horizonte: CEDEPLAR, Texto para Discuss\u00e3o n\u00ba 634 \u2013 2021.<\/a><\/p>\n\n\n\n<p class=\"wp-block-paragraph\"><a href=\"https:\/\/www.cedeplar.ufmg.br\/noticias\/1235-nota-tecnica-efeitos-da-covid-19-na-economia-da-cultura-no-brasil#:~:text=Em%20termos%20monet%C3%A1rios%2C%20o%20impacto,6%20a%20menos%20na%20economia.\" data-type=\"URL\" data-id=\"https:\/\/www.cedeplar.ufmg.br\/noticias\/1235-nota-tecnica-efeitos-da-covid-19-na-economia-da-cultura-no-brasil#:~:text=Em%20termos%20monet%C3%A1rios%2C%20o%20impacto,6%20a%20menos%20na%20economia.\">Efeitos da Covid-19 na Economia da Cultura no Brasil \u2013 Ana Fl\u00e1via Machado; D. Freire; R. C. Michel; G. V. Melo; A. D. Guimar\u00e3es \u2013 Nota T\u00e9cnica \u2013 2020.<\/a><\/p>\n\n\n\n<h2 class=\"wp-block-heading has-medium-font-size\" style=\"font-weight:700\"><strong>Organiza\u00e7\u00e3o de Livro<\/strong>s<\/h2>\n\n\n\n<p class=\"wp-block-paragraph\"><a href=\"https:\/\/www.ufmg.br\/espacodoconhecimento\/a-margem-agua-cultura-e-territorio\/\" data-type=\"URL\" data-id=\"https:\/\/www.ufmg.br\/espacodoconhecimento\/a-margem-agua-cultura-e-territorio\/\">\u00c0 Margem: \u00e1gua, cultura e territ\u00f3rio \u2013 T. B. Carvalho (Org.); D. Lima (Org.); J. Ferreira (Org.); Ana Fl\u00e1via Machado (Org.) \u2013 1\u00aa ed., Rio de Janeiro: MC&amp;Design, v. 1000, 130 p. \u2013 2017.<\/a><\/p>\n\n\n\n<p class=\"wp-block-paragraph\"><a href=\"https:\/\/bdmgcultural.mg.gov.br\/biblioteca\/por-um-brasil-criativo-significados-desafios-e-perspectivas-da-economia-criativa-brasileira\/\" data-type=\"URL\" data-id=\"https:\/\/bdmgcultural.mg.gov.br\/biblioteca\/por-um-brasil-criativo-significados-desafios-e-perspectivas-da-economia-criativa-brasileira\/\">Por um Brasil Criativo: significados, desafios e perspectivas da Economia Criativa brasileira \u2013 C. Leit\u00e3o (Org.); Ana Fl\u00e1via Machado (Org.) \u2013 1\u00aa ed., Belo Horizonte: C\u00f3digo Editora, v. 1, 384 p. \u2013 2016.<\/a><\/p>\n","protected":false},"excerpt":{"rendered":"<p>Artigos em Peri\u00f3dicos 2026 Machado, A. F., Antigo, M. F., Guimar\u00e3es, A. D., Ribeiro, S., Guimar\u00e3es, M. E., Carielo, F., &amp; Sulurico, J. Survival in the arts occupations: the case of Brazil. 2025 Cultural workers during the COVID-19 pandemic: an analysis of mobility in the workplace. &#8211; Lucas Ribas e [&hellip;]<\/p>\n","protected":false},"author":33,"featured_media":0,"parent":0,"menu_order":0,"comment_status":"closed","ping_status":"closed","template":"","meta":{"_crdt_document":"","content-type":"","_exactmetrics_skip_tracking":false,"_exactmetrics_sitenote_active":false,"_exactmetrics_sitenote_note":"","_exactmetrics_sitenote_category":0,"footnotes":""},"class_list":["post-28","page","type-page","status-publish","hentry"],"_links":{"self":[{"href":"https:\/\/pesquisas.face.ufmg.br\/ecult\/wp-json\/wp\/v2\/pages\/28","targetHints":{"allow":["GET"]}}],"collection":[{"href":"https:\/\/pesquisas.face.ufmg.br\/ecult\/wp-json\/wp\/v2\/pages"}],"about":[{"href":"https:\/\/pesquisas.face.ufmg.br\/ecult\/wp-json\/wp\/v2\/types\/page"}],"author":[{"embeddable":true,"href":"https:\/\/pesquisas.face.ufmg.br\/ecult\/wp-json\/wp\/v2\/users\/33"}],"replies":[{"embeddable":true,"href":"https:\/\/pesquisas.face.ufmg.br\/ecult\/wp-json\/wp\/v2\/comments?post=28"}],"version-history":[{"count":46,"href":"https:\/\/pesquisas.face.ufmg.br\/ecult\/wp-json\/wp\/v2\/pages\/28\/revisions"}],"predecessor-version":[{"id":1147,"href":"https:\/\/pesquisas.face.ufmg.br\/ecult\/wp-json\/wp\/v2\/pages\/28\/revisions\/1147"}],"wp:attachment":[{"href":"https:\/\/pesquisas.face.ufmg.br\/ecult\/wp-json\/wp\/v2\/media?parent=28"}],"curies":[{"name":"wp","href":"https:\/\/api.w.org\/{rel}","templated":true}]}}