{"id":67,"date":"2018-08-07T23:09:44","date_gmt":"2018-08-08T02:09:44","guid":{"rendered":"http:\/\/pesquisas.face.ufmg.br\/economiasemlimites\/?page_id=67"},"modified":"2019-05-14T14:44:08","modified_gmt":"2019-05-14T17:44:08","slug":"sobre-o-projeto","status":"publish","type":"page","link":"https:\/\/pesquisas.face.ufmg.br\/economiasemlimites\/sobre-o-projeto\/","title":{"rendered":"Sobre o Projeto"},"content":{"rendered":"\n<p style=\"font-size:18px\" class=\"has-text-color has-very-dark-gray-color wp-block-paragraph\">Se voc\u00ea se interessou pelo projeto, saiba que ficaremos muito felizes em apresent\u00e1-lo para voc\u00eas, al\u00e9m de esclarecer como o constru\u00edmos e como voc\u00ea pode fazer parte dele.<\/p>\n\n\n\n<ul class=\"wp-block-list\"><li><strong><em><a href=\"https:\/\/pesquisas.face.ufmg.br\/economiasemlimites\/sobre-o-projeto\/o-projeto\/\">Para conhecer o Economia Sem Limites<\/a><\/em><\/strong><\/li><\/ul>\n\n\n\n<ul class=\"wp-block-list\"><li><strong><em><a href=\"https:\/\/pesquisas.face.ufmg.br\/economiasemlimites\/sobre-o-projeto\/como-fazemos-o-esl\/\">Para entender como tocamos o projeto<\/a><\/em><\/strong><\/li><\/ul>\n\n\n\n<ul class=\"wp-block-list\"><li><strong><em><a href=\"https:\/\/pesquisas.face.ufmg.br\/economiasemlimites\/sobre-o-projeto\/como-participar\/\">Para saber como participar<\/a><\/em><\/strong><\/li><\/ul>\n","protected":false},"excerpt":{"rendered":"<p>Se voc\u00ea se interessou pelo projeto, saiba que ficaremos muito felizes em apresent\u00e1-lo para voc\u00eas, al\u00e9m de esclarecer como o constru\u00edmos e como voc\u00ea pode fazer parte dele. Para conhecer&hellip; <br \/> <a class=\"read-more\" href=\"https:\/\/pesquisas.face.ufmg.br\/economiasemlimites\/sobre-o-projeto\/\">Leia mais<\/a><\/p>\n","protected":false},"author":24,"featured_media":0,"parent":0,"menu_order":0,"comment_status":"closed","ping_status":"closed","template":"","meta":{"_crdt_document":"","_exactmetrics_skip_tracking":false,"_exactmetrics_sitenote_active":false,"_exactmetrics_sitenote_note":"","_exactmetrics_sitenote_category":0,"footnotes":""},"class_list":["post-67","page","type-page","status-publish","hentry"],"_links":{"self":[{"href":"https:\/\/pesquisas.face.ufmg.br\/economiasemlimites\/wp-json\/wp\/v2\/pages\/67","targetHints":{"allow":["GET"]}}],"collection":[{"href":"https:\/\/pesquisas.face.ufmg.br\/economiasemlimites\/wp-json\/wp\/v2\/pages"}],"about":[{"href":"https:\/\/pesquisas.face.ufmg.br\/economiasemlimites\/wp-json\/wp\/v2\/types\/page"}],"author":[{"embeddable":true,"href":"https:\/\/pesquisas.face.ufmg.br\/economiasemlimites\/wp-json\/wp\/v2\/users\/24"}],"replies":[{"embeddable":true,"href":"https:\/\/pesquisas.face.ufmg.br\/economiasemlimites\/wp-json\/wp\/v2\/comments?post=67"}],"version-history":[{"count":11,"href":"https:\/\/pesquisas.face.ufmg.br\/economiasemlimites\/wp-json\/wp\/v2\/pages\/67\/revisions"}],"predecessor-version":[{"id":141,"href":"https:\/\/pesquisas.face.ufmg.br\/economiasemlimites\/wp-json\/wp\/v2\/pages\/67\/revisions\/141"}],"wp:attachment":[{"href":"https:\/\/pesquisas.face.ufmg.br\/economiasemlimites\/wp-json\/wp\/v2\/media?parent=67"}],"curies":[{"name":"wp","href":"https:\/\/api.w.org\/{rel}","templated":true}]}}