{"id":27,"date":"2018-07-13T18:37:34","date_gmt":"2018-07-13T21:37:34","guid":{"rendered":"http:\/\/pesquisas.face.ufmg.br\/economiasemlimites\/?page_id=27"},"modified":"2019-09-06T09:54:58","modified_gmt":"2019-09-06T12:54:58","slug":"como-participar","status":"publish","type":"page","link":"https:\/\/pesquisas.face.ufmg.br\/economiasemlimites\/sobre-o-projeto\/como-participar\/","title":{"rendered":"Como participar?"},"content":{"rendered":"<p><span style=\"color: #000000\">Gostou do projeto e quer ser um participante?<\/span><\/p>\n<p><span style=\"color: #000000\">O Economia sem Limites realiza processo seletivo para novos membros a cada in\u00edcio de semestre. Al\u00e9m disso, alunos interessados em participar podem entrar em contato via e-mail<\/span>. <span style=\"color: #000000\">Entraremos em contato caso seja poss\u00edvel incorporar novos membros ao longo do ano.<\/span><\/p>\n<p><span style=\"color: #000000\">Al\u00e9m disso, voc\u00ea pode mandar sugest\u00f5es de temas para as nossas aulas. Basta nos mandar um e-mail no ecnsemlimites@gmail.com com o assunto &#8220;Sugest\u00e3o de tema&#8221;. Ficaremos muito felizes de receber sua sugest\u00e3o.<\/span><\/p>\n<p><span style=\"color: #000000\">Voc\u00ea tamb\u00e9m pode acompanhar o projeto pelo<\/span> <em><strong><a href=\"https:\/\/www.facebook.com\/economia.semlimites\/\" target=\"_blank\" rel=\"noopener noreferrer\">Facebook<\/a><\/strong><\/em> <span style=\"color: #000000\">e pelo<\/span> <em><strong><a href=\"https:\/\/www.instagram.com\/economiasemlimites\/\" target=\"_blank\" rel=\"noopener noreferrer\">Instagram<\/a><\/strong><\/em>. <span style=\"color: #000000\">Sua contribui\u00e7\u00e3o tamb\u00e9m \u00e9 muito bem-vinda nas redes sociais.<\/span><\/p>\n<p><span style=\"color: #000000\">Lembrando que o Economia sem Limites n\u00e3o se restringe a alunos da FACE ou da UFMG. Colaboradores de outras institui\u00e7\u00f5es \u00a0de ensino superior s\u00e3o bem vindos. Basta ter disposi\u00e7\u00e3o e compromisso com o que nos propomos a fazer!<\/span><\/p>\n<p><span style=\"color: #000000\">Qualquer d\u00favida, basta nos mandar um e-mail no ecnsemlimites@gmail.com.<\/span><\/p>\n","protected":false},"excerpt":{"rendered":"<p>Gostou do projeto e quer ser um participante? O Economia sem Limites realiza processo seletivo para novos membros a cada in\u00edcio de semestre. Al\u00e9m disso, alunos interessados em participar podem&hellip; <br \/> <a class=\"read-more\" href=\"https:\/\/pesquisas.face.ufmg.br\/economiasemlimites\/sobre-o-projeto\/como-participar\/\">Leia mais<\/a><\/p>\n","protected":false},"author":24,"featured_media":0,"parent":67,"menu_order":0,"comment_status":"closed","ping_status":"closed","template":"","meta":{"_crdt_document":"","_exactmetrics_skip_tracking":false,"_exactmetrics_sitenote_active":false,"_exactmetrics_sitenote_note":"","_exactmetrics_sitenote_category":0,"footnotes":""},"class_list":["post-27","page","type-page","status-publish","hentry"],"_links":{"self":[{"href":"https:\/\/pesquisas.face.ufmg.br\/economiasemlimites\/wp-json\/wp\/v2\/pages\/27","targetHints":{"allow":["GET"]}}],"collection":[{"href":"https:\/\/pesquisas.face.ufmg.br\/economiasemlimites\/wp-json\/wp\/v2\/pages"}],"about":[{"href":"https:\/\/pesquisas.face.ufmg.br\/economiasemlimites\/wp-json\/wp\/v2\/types\/page"}],"author":[{"embeddable":true,"href":"https:\/\/pesquisas.face.ufmg.br\/economiasemlimites\/wp-json\/wp\/v2\/users\/24"}],"replies":[{"embeddable":true,"href":"https:\/\/pesquisas.face.ufmg.br\/economiasemlimites\/wp-json\/wp\/v2\/comments?post=27"}],"version-history":[{"count":10,"href":"https:\/\/pesquisas.face.ufmg.br\/economiasemlimites\/wp-json\/wp\/v2\/pages\/27\/revisions"}],"predecessor-version":[{"id":269,"href":"https:\/\/pesquisas.face.ufmg.br\/economiasemlimites\/wp-json\/wp\/v2\/pages\/27\/revisions\/269"}],"up":[{"embeddable":true,"href":"https:\/\/pesquisas.face.ufmg.br\/economiasemlimites\/wp-json\/wp\/v2\/pages\/67"}],"wp:attachment":[{"href":"https:\/\/pesquisas.face.ufmg.br\/economiasemlimites\/wp-json\/wp\/v2\/media?parent=27"}],"curies":[{"name":"wp","href":"https:\/\/api.w.org\/{rel}","templated":true}]}}